{"id":84742,"date":"2023-07-21T13:47:49","date_gmt":"2023-07-21T10:47:49","guid":{"rendered":"https:\/\/www.outdoors.ee\/?post_type=product&#038;p=84742"},"modified":"2024-11-29T18:23:52","modified_gmt":"2024-11-29T16:23:52","slug":"austria-armee-carinthia-talvejope-arctic-thermal-jacket-olive","status":"publish","type":"product","link":"https:\/\/www.outdoors.ee\/et\/toode\/austria-armee-carinthia-talvejope-arctic-thermal-jacket-olive\/","title":{"rendered":"Austria Armee CARINTHIA talvejope Arctic Thermal Jacket Olive"},"content":{"rendered":"<p>Disainitud ning toodetud Carinthia\u00ae poolt Austria s\u00f5jav\u00e4e tellimusel.<\/p>\n<p>Jope pakub kaitset temperatuuridel kuni -30\u00b0C. Gore Windstopper\u00ae v\u00e4lismaterjal, kolmes suunas reguleeritav kapuuts ja lumeseelik pakuvad kandjale t\u00e4ieliku s\u00f5ltumatuse ilmastikuoludest. Anatoomiline l\u00f5ige tagab selle mitmek\u00fclgse talvejope mugavuse ja liikumisvabaduse.<\/p>\n<p><strong>Omadused:<\/strong><\/p>\n<ul>\n<li>Austria s\u00f5jav\u00e4e originaal, kiri sildil: Thermojacke Arctic<\/li>\n<li>vooderdatud, t\u00f5mbluku abil eemaldatav, kolmes suunas reguleeritav kapuuts<\/li>\n<li>termofliisiga vooderdatud kaelus, stopperiga pingutusn\u00f6\u00f6r<\/li>\n<li>2-suunaline t\u00f5mblukk ees, trukkidel tormklapi ning l\u00f5uakaitsmega<\/li>\n<li>2 klapiga kaetud t\u00f5mblukuga suletavat v\u00e4limist taskut<\/li>\n<li>t\u00f5mblukuga suletav sisemine tasku<\/li>\n<li>tormklapi all asetsev vertikaalse t\u00f5mblukuga nn Napoleoni tasku<\/li>\n<li>2 \u00f5lavarre taskut niiskuskindlate t\u00f5mblukkudega<\/li>\n<li>2 takjapaela paneeli \u00f5lavartel, 1 kummalgi pool<\/li>\n<li>takjapaela riba nimesildile rinnal<\/li>\n<li>paguni alus rinnal takjapaela kinnitusega<\/li>\n<li>reguleeritav, veniv, stopperitega pingutusn\u00f6\u00f6r alumises \u00e4\u00e4res<\/li>\n<li>trukkidega suletav, veniva alumise \u00e4\u00e4rega &#8220;lumeseelik&#8221;, t\u00f5mbluku abil eemaldatav<\/li>\n<li>venivad trikotaa\u017ematerjalist mansetid, p\u00f6idlaavaga<\/li>\n<li>YKK\u00ae t\u00f5mblukud tekstiilist tiladega<\/li>\n<li>kompressioonkott komplektis<\/li>\n<li>komfort temp. kuni -30\u00b0C<\/li>\n<li>soojustus: G-LOFT\u00ae 220g\/m2, 100% pol\u00fcester<\/li>\n<li>v\u00e4lismaterjal: Gore Windstopper\u00ae, 100% pol\u00fcamiid, tuulekindel<\/li>\n<li>sisevooder: 100% pol\u00fcamiid<\/li>\n<li>m\u00f5\u00f5tmed pakituna (cm): 35 x 20<\/li>\n<li>kaal (g): 1500 (suurus L)<\/li>\n<\/ul>\n<p><strong>Seisukord:<\/strong><\/p>\n<ul>\n<li>uus (ilma j\u00e4em\u00fc\u00fcgipakendita, v\u00f5ib sisaldada ladustamise j\u00e4lgi)<\/li>\n<li>uuev\u00e4\u00e4rne (sisaldab minimaalseid kulumisj\u00e4lgi)<\/li>\n<\/ul>\n","protected":false},"excerpt":{"rendered":"<p>Extreme Cold Insulation Garment<\/p>\n","protected":false},"featured_media":90472,"template":"","meta":[],"product_brand":[],"product_cat":[101],"product_tag":[],"class_list":{"0":"post-84742","1":"product","2":"type-product","3":"status-publish","4":"has-post-thumbnail","6":"product_cat-joped-parkad","7":"pa_brand-austrian-military-surplus","8":"pa_brand-carinthia-2","9":"pa_condition-uuevaarne","10":"pa_condition-uus","11":"pa_size-l-2","12":"pa_size-m-2","14":"first","15":"outofstock","16":"taxable","17":"shipping-taxable","18":"product-type-variable"},"yoast_head":"<!-- This site is optimized with the Yoast SEO plugin v27.2 - https:\/\/yoast.com\/product\/yoast-seo-wordpress\/ -->\n<title>Austria Armee CARINTHIA talvejope Arctic Thermal Jacket Olive - Outdoors<\/title>\n<meta name=\"robots\" content=\"index, follow, max-snippet:-1, max-image-preview:large, max-video-preview:-1\" \/>\n<link rel=\"canonical\" href=\"https:\/\/www.outdoors.ee\/et\/toode\/austria-armee-carinthia-talvejope-arctic-thermal-jacket-olive\/\" \/>\n<meta property=\"og:locale\" content=\"et_EE\" \/>\n<meta property=\"og:type\" content=\"article\" \/>\n<meta property=\"og:title\" content=\"Austria Armee CARINTHIA talvejope Arctic Thermal Jacket Olive - Outdoors\" \/>\n<meta property=\"og:description\" content=\"Extreme Cold Insulation Garment\" \/>\n<meta property=\"og:url\" content=\"https:\/\/www.outdoors.ee\/et\/toode\/austria-armee-carinthia-talvejope-arctic-thermal-jacket-olive\/\" \/>\n<meta property=\"og:site_name\" content=\"Outdoors\" \/>\n<meta property=\"article:modified_time\" content=\"2024-11-29T16:23:52+00:00\" \/>\n<meta property=\"og:image\" content=\"https:\/\/www.outdoors.ee\/wp-content\/uploads\/2023\/07\/1417-Austrian-Army-Carinthia-Arctic-Jacket-Olive-1-PhotoRoom.png-PhotoRoom.png\" \/>\n\t<meta property=\"og:image:width\" content=\"1000\" \/>\n\t<meta property=\"og:image:height\" content=\"1280\" \/>\n\t<meta property=\"og:image:type\" content=\"image\/png\" \/>\n<meta name=\"twitter:card\" content=\"summary_large_image\" \/>\n<meta name=\"twitter:label1\" content=\"Est. reading time\" \/>\n\t<meta name=\"twitter:data1\" content=\"1 minut\" \/>\n<script type=\"application\/ld+json\" class=\"yoast-schema-graph\">{\"@context\":\"https:\/\/schema.org\",\"@graph\":[{\"@type\":\"WebPage\",\"@id\":\"https:\/\/www.outdoors.ee\/et\/toode\/austria-armee-carinthia-talvejope-arctic-thermal-jacket-olive\/\",\"url\":\"https:\/\/www.outdoors.ee\/et\/toode\/austria-armee-carinthia-talvejope-arctic-thermal-jacket-olive\/\",\"name\":\"Austria Armee CARINTHIA talvejope Arctic Thermal Jacket Olive - Outdoors\",\"isPartOf\":{\"@id\":\"https:\/\/www.outdoors.ee\/#website\"},\"primaryImageOfPage\":{\"@id\":\"https:\/\/www.outdoors.ee\/et\/toode\/austria-armee-carinthia-talvejope-arctic-thermal-jacket-olive\/#primaryimage\"},\"image\":{\"@id\":\"https:\/\/www.outdoors.ee\/et\/toode\/austria-armee-carinthia-talvejope-arctic-thermal-jacket-olive\/#primaryimage\"},\"thumbnailUrl\":\"https:\/\/www.outdoors.ee\/wp-content\/uploads\/2023\/07\/1417-Austrian-Army-Carinthia-Arctic-Jacket-Olive-1-PhotoRoom.png-PhotoRoom.png\",\"datePublished\":\"2023-07-21T10:47:49+00:00\",\"dateModified\":\"2024-11-29T16:23:52+00:00\",\"breadcrumb\":{\"@id\":\"https:\/\/www.outdoors.ee\/et\/toode\/austria-armee-carinthia-talvejope-arctic-thermal-jacket-olive\/#breadcrumb\"},\"inLanguage\":\"et\",\"potentialAction\":[{\"@type\":\"ReadAction\",\"target\":[\"https:\/\/www.outdoors.ee\/et\/toode\/austria-armee-carinthia-talvejope-arctic-thermal-jacket-olive\/\"]}]},{\"@type\":\"ImageObject\",\"inLanguage\":\"et\",\"@id\":\"https:\/\/www.outdoors.ee\/et\/toode\/austria-armee-carinthia-talvejope-arctic-thermal-jacket-olive\/#primaryimage\",\"url\":\"https:\/\/www.outdoors.ee\/wp-content\/uploads\/2023\/07\/1417-Austrian-Army-Carinthia-Arctic-Jacket-Olive-1-PhotoRoom.png-PhotoRoom.png\",\"contentUrl\":\"https:\/\/www.outdoors.ee\/wp-content\/uploads\/2023\/07\/1417-Austrian-Army-Carinthia-Arctic-Jacket-Olive-1-PhotoRoom.png-PhotoRoom.png\",\"width\":1000,\"height\":1280},{\"@type\":\"BreadcrumbList\",\"@id\":\"https:\/\/www.outdoors.ee\/et\/toode\/austria-armee-carinthia-talvejope-arctic-thermal-jacket-olive\/#breadcrumb\",\"itemListElement\":[{\"@type\":\"ListItem\",\"position\":1,\"name\":\"Home\",\"item\":\"https:\/\/www.outdoors.ee\/et\/\"},{\"@type\":\"ListItem\",\"position\":2,\"name\":\"Tooted\",\"item\":\"https:\/\/www.outdoors.ee\/products\/\"},{\"@type\":\"ListItem\",\"position\":3,\"name\":\"Austria Armee CARINTHIA talvejope Arctic Thermal Jacket Olive\"}]},{\"@type\":\"WebSite\",\"@id\":\"https:\/\/www.outdoors.ee\/#website\",\"url\":\"https:\/\/www.outdoors.ee\/\",\"name\":\"Outdoors\",\"description\":\"Genuine military surplus and not only!\",\"potentialAction\":[{\"@type\":\"SearchAction\",\"target\":{\"@type\":\"EntryPoint\",\"urlTemplate\":\"https:\/\/www.outdoors.ee\/?s={search_term_string}\"},\"query-input\":{\"@type\":\"PropertyValueSpecification\",\"valueRequired\":true,\"valueName\":\"search_term_string\"}}],\"inLanguage\":\"et\"}]}<\/script>\n<!-- \/ Yoast SEO plugin. -->","yoast_head_json":{"title":"Austria Armee CARINTHIA talvejope Arctic Thermal Jacket Olive - Outdoors","robots":{"index":"index","follow":"follow","max-snippet":"max-snippet:-1","max-image-preview":"max-image-preview:large","max-video-preview":"max-video-preview:-1"},"canonical":"https:\/\/www.outdoors.ee\/et\/toode\/austria-armee-carinthia-talvejope-arctic-thermal-jacket-olive\/","og_locale":"et_EE","og_type":"article","og_title":"Austria Armee CARINTHIA talvejope Arctic Thermal Jacket Olive - Outdoors","og_description":"Extreme Cold Insulation Garment","og_url":"https:\/\/www.outdoors.ee\/et\/toode\/austria-armee-carinthia-talvejope-arctic-thermal-jacket-olive\/","og_site_name":"Outdoors","article_modified_time":"2024-11-29T16:23:52+00:00","og_image":[{"width":1000,"height":1280,"url":"https:\/\/www.outdoors.ee\/wp-content\/uploads\/2023\/07\/1417-Austrian-Army-Carinthia-Arctic-Jacket-Olive-1-PhotoRoom.png-PhotoRoom.png","type":"image\/png"}],"twitter_card":"summary_large_image","twitter_misc":{"Est. reading time":"1 minut"},"schema":{"@context":"https:\/\/schema.org","@graph":[{"@type":"WebPage","@id":"https:\/\/www.outdoors.ee\/et\/toode\/austria-armee-carinthia-talvejope-arctic-thermal-jacket-olive\/","url":"https:\/\/www.outdoors.ee\/et\/toode\/austria-armee-carinthia-talvejope-arctic-thermal-jacket-olive\/","name":"Austria Armee CARINTHIA talvejope Arctic Thermal Jacket Olive - Outdoors","isPartOf":{"@id":"https:\/\/www.outdoors.ee\/#website"},"primaryImageOfPage":{"@id":"https:\/\/www.outdoors.ee\/et\/toode\/austria-armee-carinthia-talvejope-arctic-thermal-jacket-olive\/#primaryimage"},"image":{"@id":"https:\/\/www.outdoors.ee\/et\/toode\/austria-armee-carinthia-talvejope-arctic-thermal-jacket-olive\/#primaryimage"},"thumbnailUrl":"https:\/\/www.outdoors.ee\/wp-content\/uploads\/2023\/07\/1417-Austrian-Army-Carinthia-Arctic-Jacket-Olive-1-PhotoRoom.png-PhotoRoom.png","datePublished":"2023-07-21T10:47:49+00:00","dateModified":"2024-11-29T16:23:52+00:00","breadcrumb":{"@id":"https:\/\/www.outdoors.ee\/et\/toode\/austria-armee-carinthia-talvejope-arctic-thermal-jacket-olive\/#breadcrumb"},"inLanguage":"et","potentialAction":[{"@type":"ReadAction","target":["https:\/\/www.outdoors.ee\/et\/toode\/austria-armee-carinthia-talvejope-arctic-thermal-jacket-olive\/"]}]},{"@type":"ImageObject","inLanguage":"et","@id":"https:\/\/www.outdoors.ee\/et\/toode\/austria-armee-carinthia-talvejope-arctic-thermal-jacket-olive\/#primaryimage","url":"https:\/\/www.outdoors.ee\/wp-content\/uploads\/2023\/07\/1417-Austrian-Army-Carinthia-Arctic-Jacket-Olive-1-PhotoRoom.png-PhotoRoom.png","contentUrl":"https:\/\/www.outdoors.ee\/wp-content\/uploads\/2023\/07\/1417-Austrian-Army-Carinthia-Arctic-Jacket-Olive-1-PhotoRoom.png-PhotoRoom.png","width":1000,"height":1280},{"@type":"BreadcrumbList","@id":"https:\/\/www.outdoors.ee\/et\/toode\/austria-armee-carinthia-talvejope-arctic-thermal-jacket-olive\/#breadcrumb","itemListElement":[{"@type":"ListItem","position":1,"name":"Home","item":"https:\/\/www.outdoors.ee\/et\/"},{"@type":"ListItem","position":2,"name":"Tooted","item":"https:\/\/www.outdoors.ee\/products\/"},{"@type":"ListItem","position":3,"name":"Austria Armee CARINTHIA talvejope Arctic Thermal Jacket Olive"}]},{"@type":"WebSite","@id":"https:\/\/www.outdoors.ee\/#website","url":"https:\/\/www.outdoors.ee\/","name":"Outdoors","description":"Genuine military surplus and not only!","potentialAction":[{"@type":"SearchAction","target":{"@type":"EntryPoint","urlTemplate":"https:\/\/www.outdoors.ee\/?s={search_term_string}"},"query-input":{"@type":"PropertyValueSpecification","valueRequired":true,"valueName":"search_term_string"}}],"inLanguage":"et"}]}},"_links":{"self":[{"href":"https:\/\/www.outdoors.ee\/et\/wp-json\/wp\/v2\/product\/84742","targetHints":{"allow":["GET"]}}],"collection":[{"href":"https:\/\/www.outdoors.ee\/et\/wp-json\/wp\/v2\/product"}],"about":[{"href":"https:\/\/www.outdoors.ee\/et\/wp-json\/wp\/v2\/types\/product"}],"wp:featuredmedia":[{"embeddable":true,"href":"https:\/\/www.outdoors.ee\/et\/wp-json\/wp\/v2\/media\/90472"}],"wp:attachment":[{"href":"https:\/\/www.outdoors.ee\/et\/wp-json\/wp\/v2\/media?parent=84742"}],"wp:term":[{"taxonomy":"product_brand","embeddable":true,"href":"https:\/\/www.outdoors.ee\/et\/wp-json\/wp\/v2\/product_brand?post=84742"},{"taxonomy":"product_cat","embeddable":true,"href":"https:\/\/www.outdoors.ee\/et\/wp-json\/wp\/v2\/product_cat?post=84742"},{"taxonomy":"product_tag","embeddable":true,"href":"https:\/\/www.outdoors.ee\/et\/wp-json\/wp\/v2\/product_tag?post=84742"}],"curies":[{"name":"wp","href":"https:\/\/api.w.org\/{rel}","templated":true}]}}