{"id":84701,"date":"2023-07-19T14:39:52","date_gmt":"2023-07-19T11:39:52","guid":{"rendered":"https:\/\/www.outdoors.ee\/?post_type=product&#038;p=84701"},"modified":"2025-08-19T15:16:18","modified_gmt":"2025-08-19T12:16:18","slug":"camelbak-max-grip-nt-flame-retardant-gloves","status":"publish","type":"product","link":"https:\/\/www.outdoors.ee\/et\/toode\/camelbak-max-grip-nt-flame-retardant-gloves\/","title":{"rendered":"CamelBak\u00ae kindad Max Grip\u2122 NT Flame Retardant Gloves"},"content":{"rendered":"<p><strong>Omadused:<\/strong><\/p>\n<ul>\n<li>Austria s\u00f5jav\u00e4e originaal<\/li>\n<li>loodud militaar- ning korrakaitse \u00fcksuste \u00fclesannete t\u00e4itmiseks<\/li>\n<li>vastupidav nahast peopesa, n\u00e4pud ning nukkide piirkond<\/li>\n<li>veniv, takjapaela ribaga suletav mansett<\/li>\n<li>riputusaasad<\/li>\n<li>tekstureeritud nahk parima v\u00f5imaliku haarde tagamiseks erinevates tingimustes<\/li>\n<li><span class=\"a-list-item\">Approved for Aviation and Combat Vehicle Crewmen (CVC) &#8211; lennu- ja lahingumasina meeskonnaliikmele kasutamiseks heaks kiidetud<\/span><\/li>\n<li>Kevlar\u00ae \u00f5mblused, Mil-Spec Nomex\u00ae pealne ning &#8220;varrukas&#8221;<\/li>\n<li>\u00dcletab FRP2 Flyers Glove n\u00f5udeid 4 kuni 6 korda militaaralases kasutuses<\/li>\n<li>CTA 50-900 sertifitseeritud<\/li>\n<li>v\u00e4rv: Desert Tan<\/li>\n<li>toodetud USA-s<\/li>\n<\/ul>\n<p><strong>Seisukord:<\/strong> uus<\/p>\n","protected":false},"excerpt":{"rendered":"<p>kuumakindlad taktikalised kindad<\/p>\n","protected":false},"featured_media":84700,"template":"","meta":[],"product_brand":[],"product_cat":[98],"product_tag":[],"class_list":{"0":"post-84701","1":"product","2":"type-product","3":"status-publish","4":"has-post-thumbnail","6":"product_cat-kindad","7":"pa_brand-austrian-military-surplus","8":"pa_brand-camelbak-2","9":"pa_size-l-2","10":"pa_size-m-2","11":"pa_size-s-2","12":"pa_size-xl-2","13":"pa_size-xxl-2","15":"first","16":"instock","17":"taxable","18":"shipping-taxable","19":"purchasable","20":"product-type-variable"},"yoast_head":"<!-- This site is optimized with the Yoast SEO plugin v27.2 - https:\/\/yoast.com\/product\/yoast-seo-wordpress\/ -->\n<title>CamelBak\u00ae kindad Max Grip\u2122 NT Flame Retardant Gloves - Outdoors<\/title>\n<meta name=\"robots\" content=\"index, follow, max-snippet:-1, max-image-preview:large, max-video-preview:-1\" \/>\n<link rel=\"canonical\" href=\"https:\/\/www.outdoors.ee\/et\/toode\/camelbak-max-grip-nt-flame-retardant-gloves\/\" \/>\n<meta property=\"og:locale\" content=\"et_EE\" \/>\n<meta property=\"og:type\" content=\"article\" \/>\n<meta property=\"og:title\" content=\"CamelBak\u00ae kindad Max Grip\u2122 NT Flame Retardant Gloves - Outdoors\" \/>\n<meta property=\"og:description\" content=\"kuumakindlad taktikalised kindad\" \/>\n<meta property=\"og:url\" content=\"https:\/\/www.outdoors.ee\/et\/toode\/camelbak-max-grip-nt-flame-retardant-gloves\/\" \/>\n<meta property=\"og:site_name\" content=\"Outdoors\" \/>\n<meta property=\"article:modified_time\" content=\"2025-08-19T12:16:18+00:00\" \/>\n<meta property=\"og:image\" content=\"https:\/\/www.outdoors.ee\/wp-content\/uploads\/2023\/07\/0460-CamelBak\u00ae-Max-Grip\u2122-NT-Flame-Retardant-Gloves-1.png\" \/>\n\t<meta property=\"og:image:width\" content=\"1000\" \/>\n\t<meta property=\"og:image:height\" content=\"1000\" \/>\n\t<meta property=\"og:image:type\" content=\"image\/png\" \/>\n<meta name=\"twitter:card\" content=\"summary_large_image\" \/>\n<meta name=\"twitter:label1\" content=\"Est. reading time\" \/>\n\t<meta name=\"twitter:data1\" content=\"1 minut\" \/>\n<script type=\"application\/ld+json\" class=\"yoast-schema-graph\">{\"@context\":\"https:\/\/schema.org\",\"@graph\":[{\"@type\":\"WebPage\",\"@id\":\"https:\/\/www.outdoors.ee\/et\/toode\/camelbak-max-grip-nt-flame-retardant-gloves\/\",\"url\":\"https:\/\/www.outdoors.ee\/et\/toode\/camelbak-max-grip-nt-flame-retardant-gloves\/\",\"name\":\"CamelBak\u00ae kindad Max Grip\u2122 NT Flame Retardant Gloves - Outdoors\",\"isPartOf\":{\"@id\":\"https:\/\/www.outdoors.ee\/#website\"},\"primaryImageOfPage\":{\"@id\":\"https:\/\/www.outdoors.ee\/et\/toode\/camelbak-max-grip-nt-flame-retardant-gloves\/#primaryimage\"},\"image\":{\"@id\":\"https:\/\/www.outdoors.ee\/et\/toode\/camelbak-max-grip-nt-flame-retardant-gloves\/#primaryimage\"},\"thumbnailUrl\":\"https:\/\/www.outdoors.ee\/wp-content\/uploads\/2023\/07\/0460-CamelBak\u00ae-Max-Grip\u2122-NT-Flame-Retardant-Gloves-1.png\",\"datePublished\":\"2023-07-19T11:39:52+00:00\",\"dateModified\":\"2025-08-19T12:16:18+00:00\",\"breadcrumb\":{\"@id\":\"https:\/\/www.outdoors.ee\/et\/toode\/camelbak-max-grip-nt-flame-retardant-gloves\/#breadcrumb\"},\"inLanguage\":\"et\",\"potentialAction\":[{\"@type\":\"ReadAction\",\"target\":[\"https:\/\/www.outdoors.ee\/et\/toode\/camelbak-max-grip-nt-flame-retardant-gloves\/\"]}]},{\"@type\":\"ImageObject\",\"inLanguage\":\"et\",\"@id\":\"https:\/\/www.outdoors.ee\/et\/toode\/camelbak-max-grip-nt-flame-retardant-gloves\/#primaryimage\",\"url\":\"https:\/\/www.outdoors.ee\/wp-content\/uploads\/2023\/07\/0460-CamelBak\u00ae-Max-Grip\u2122-NT-Flame-Retardant-Gloves-1.png\",\"contentUrl\":\"https:\/\/www.outdoors.ee\/wp-content\/uploads\/2023\/07\/0460-CamelBak\u00ae-Max-Grip\u2122-NT-Flame-Retardant-Gloves-1.png\",\"width\":1000,\"height\":1000},{\"@type\":\"BreadcrumbList\",\"@id\":\"https:\/\/www.outdoors.ee\/et\/toode\/camelbak-max-grip-nt-flame-retardant-gloves\/#breadcrumb\",\"itemListElement\":[{\"@type\":\"ListItem\",\"position\":1,\"name\":\"Home\",\"item\":\"https:\/\/www.outdoors.ee\/et\/\"},{\"@type\":\"ListItem\",\"position\":2,\"name\":\"Tooted\",\"item\":\"https:\/\/www.outdoors.ee\/products\/\"},{\"@type\":\"ListItem\",\"position\":3,\"name\":\"CamelBak\u00ae kindad Max Grip\u2122 NT Flame Retardant Gloves\"}]},{\"@type\":\"WebSite\",\"@id\":\"https:\/\/www.outdoors.ee\/#website\",\"url\":\"https:\/\/www.outdoors.ee\/\",\"name\":\"Outdoors\",\"description\":\"Genuine military surplus and not only!\",\"potentialAction\":[{\"@type\":\"SearchAction\",\"target\":{\"@type\":\"EntryPoint\",\"urlTemplate\":\"https:\/\/www.outdoors.ee\/?s={search_term_string}\"},\"query-input\":{\"@type\":\"PropertyValueSpecification\",\"valueRequired\":true,\"valueName\":\"search_term_string\"}}],\"inLanguage\":\"et\"}]}<\/script>\n<!-- \/ Yoast SEO plugin. -->","yoast_head_json":{"title":"CamelBak\u00ae kindad Max Grip\u2122 NT Flame Retardant Gloves - Outdoors","robots":{"index":"index","follow":"follow","max-snippet":"max-snippet:-1","max-image-preview":"max-image-preview:large","max-video-preview":"max-video-preview:-1"},"canonical":"https:\/\/www.outdoors.ee\/et\/toode\/camelbak-max-grip-nt-flame-retardant-gloves\/","og_locale":"et_EE","og_type":"article","og_title":"CamelBak\u00ae kindad Max Grip\u2122 NT Flame Retardant Gloves - Outdoors","og_description":"kuumakindlad taktikalised kindad","og_url":"https:\/\/www.outdoors.ee\/et\/toode\/camelbak-max-grip-nt-flame-retardant-gloves\/","og_site_name":"Outdoors","article_modified_time":"2025-08-19T12:16:18+00:00","og_image":[{"width":1000,"height":1000,"url":"https:\/\/www.outdoors.ee\/wp-content\/uploads\/2023\/07\/0460-CamelBak\u00ae-Max-Grip\u2122-NT-Flame-Retardant-Gloves-1.png","type":"image\/png"}],"twitter_card":"summary_large_image","twitter_misc":{"Est. reading time":"1 minut"},"schema":{"@context":"https:\/\/schema.org","@graph":[{"@type":"WebPage","@id":"https:\/\/www.outdoors.ee\/et\/toode\/camelbak-max-grip-nt-flame-retardant-gloves\/","url":"https:\/\/www.outdoors.ee\/et\/toode\/camelbak-max-grip-nt-flame-retardant-gloves\/","name":"CamelBak\u00ae kindad Max Grip\u2122 NT Flame Retardant Gloves - Outdoors","isPartOf":{"@id":"https:\/\/www.outdoors.ee\/#website"},"primaryImageOfPage":{"@id":"https:\/\/www.outdoors.ee\/et\/toode\/camelbak-max-grip-nt-flame-retardant-gloves\/#primaryimage"},"image":{"@id":"https:\/\/www.outdoors.ee\/et\/toode\/camelbak-max-grip-nt-flame-retardant-gloves\/#primaryimage"},"thumbnailUrl":"https:\/\/www.outdoors.ee\/wp-content\/uploads\/2023\/07\/0460-CamelBak\u00ae-Max-Grip\u2122-NT-Flame-Retardant-Gloves-1.png","datePublished":"2023-07-19T11:39:52+00:00","dateModified":"2025-08-19T12:16:18+00:00","breadcrumb":{"@id":"https:\/\/www.outdoors.ee\/et\/toode\/camelbak-max-grip-nt-flame-retardant-gloves\/#breadcrumb"},"inLanguage":"et","potentialAction":[{"@type":"ReadAction","target":["https:\/\/www.outdoors.ee\/et\/toode\/camelbak-max-grip-nt-flame-retardant-gloves\/"]}]},{"@type":"ImageObject","inLanguage":"et","@id":"https:\/\/www.outdoors.ee\/et\/toode\/camelbak-max-grip-nt-flame-retardant-gloves\/#primaryimage","url":"https:\/\/www.outdoors.ee\/wp-content\/uploads\/2023\/07\/0460-CamelBak\u00ae-Max-Grip\u2122-NT-Flame-Retardant-Gloves-1.png","contentUrl":"https:\/\/www.outdoors.ee\/wp-content\/uploads\/2023\/07\/0460-CamelBak\u00ae-Max-Grip\u2122-NT-Flame-Retardant-Gloves-1.png","width":1000,"height":1000},{"@type":"BreadcrumbList","@id":"https:\/\/www.outdoors.ee\/et\/toode\/camelbak-max-grip-nt-flame-retardant-gloves\/#breadcrumb","itemListElement":[{"@type":"ListItem","position":1,"name":"Home","item":"https:\/\/www.outdoors.ee\/et\/"},{"@type":"ListItem","position":2,"name":"Tooted","item":"https:\/\/www.outdoors.ee\/products\/"},{"@type":"ListItem","position":3,"name":"CamelBak\u00ae kindad Max Grip\u2122 NT Flame Retardant Gloves"}]},{"@type":"WebSite","@id":"https:\/\/www.outdoors.ee\/#website","url":"https:\/\/www.outdoors.ee\/","name":"Outdoors","description":"Genuine military surplus and not only!","potentialAction":[{"@type":"SearchAction","target":{"@type":"EntryPoint","urlTemplate":"https:\/\/www.outdoors.ee\/?s={search_term_string}"},"query-input":{"@type":"PropertyValueSpecification","valueRequired":true,"valueName":"search_term_string"}}],"inLanguage":"et"}]}},"_links":{"self":[{"href":"https:\/\/www.outdoors.ee\/et\/wp-json\/wp\/v2\/product\/84701","targetHints":{"allow":["GET"]}}],"collection":[{"href":"https:\/\/www.outdoors.ee\/et\/wp-json\/wp\/v2\/product"}],"about":[{"href":"https:\/\/www.outdoors.ee\/et\/wp-json\/wp\/v2\/types\/product"}],"wp:featuredmedia":[{"embeddable":true,"href":"https:\/\/www.outdoors.ee\/et\/wp-json\/wp\/v2\/media\/84700"}],"wp:attachment":[{"href":"https:\/\/www.outdoors.ee\/et\/wp-json\/wp\/v2\/media?parent=84701"}],"wp:term":[{"taxonomy":"product_brand","embeddable":true,"href":"https:\/\/www.outdoors.ee\/et\/wp-json\/wp\/v2\/product_brand?post=84701"},{"taxonomy":"product_cat","embeddable":true,"href":"https:\/\/www.outdoors.ee\/et\/wp-json\/wp\/v2\/product_cat?post=84701"},{"taxonomy":"product_tag","embeddable":true,"href":"https:\/\/www.outdoors.ee\/et\/wp-json\/wp\/v2\/product_tag?post=84701"}],"curies":[{"name":"wp","href":"https:\/\/api.w.org\/{rel}","templated":true}]}}