{"id":84517,"date":"2023-08-02T18:55:42","date_gmt":"2023-08-02T15:55:42","guid":{"rendered":"https:\/\/www.outdoors.ee\/?post_type=product&#038;p=84517"},"modified":"2026-04-18T17:06:20","modified_gmt":"2026-04-18T14:06:20","slug":"swagman-roll-poncho","status":"publish","type":"product","link":"https:\/\/www.outdoors.ee\/et\/toode\/swagman-roll-poncho\/","title":{"rendered":"Helikon-Tex\u00ae Swagman Roll Poncho &#8211; Windpack\u00ae"},"content":{"rendered":"<p>Valmistatud \u00f5hukesest nailonkangast, t\u00e4idetud kvaliteetse soojusisolatsioonimaterjaliga &#8211; Climashield\u00ae Apex\u2122. Swagman Roll\u00ae pole tavaline tekk. See on pigem multifunktsionaalne riideese, mida saab kasutada igal pool, kus on vaja sooja katet. Seda saab kasutada vihmamantli voodrina, h\u00e4daolukorra magamiskotina, tavalise magamiskoti t\u00e4iustamiseks, teki sarnaselt \u00fcmber m\u00e4ssimiseks, v\u00f5rkkiige vooderdamiseks v\u00f5i lihtsalt iseseisva pikka ja sooja mantlina kandmiseks.<\/p>\n<p><strong>Omadused: <\/strong><\/p>\n<ul>\n<li>polsterdatud kapuuts<\/li>\n<li>ideaalne BOB seljakoti jaoks<\/li>\n<li>YKK\u00ae t\u00f5mblukud<\/li>\n<li>disainitud koost\u00f6\u00f6s Survivaltech.pl-iga<\/li>\n<li>integreeritud transporditasku<\/li>\n<li>t\u00f5mlukuga esilukuga<\/li>\n<li>sobib USGI pont\u0161oga kasutamiseks<\/li>\n<li>v\u00f5ib kasutada h\u00e4daolukorra jakina, magamiskotina v\u00f5i magamiskotivoodrina, tekkina, v\u00f5rkiige voodrina jne<\/li>\n<li>kergekaaluline, niiskust mitteimav, mugav kaasas kanda<\/li>\n<li>kaal 786g<\/li>\n<li>m\u00f5\u00f5tmed: 145 x 200 cm \/ 57 x 78,7 in<\/li>\n<li>materjal: 100% nailon<\/li>\n<\/ul>\n<p><strong>Seisukord:<\/strong> Uus<\/p>\n","protected":false},"excerpt":{"rendered":"<p>Valmistatud \u00f5hukesest nailonkangast, t\u00e4idetud kvaliteetse soojusisolatsioonimaterjaliga &#8211; Climashield\u00ae Apex\u2122. Swagman Roll\u00ae pole tavaline tekk. See on pigem multifunktsionaalne riideese, mida<\/p>\n","protected":false},"featured_media":102282,"template":"","meta":[],"product_brand":[],"product_cat":[2709],"product_tag":[],"class_list":{"0":"post-84517","1":"product","2":"type-product","3":"status-publish","4":"has-post-thumbnail","6":"product_cat-kombinesoonid","7":"pa_brand-helikon-tex","8":"pa_color-alpha-green-3","9":"pa_color-black-2","10":"pa_color-coyote-2","11":"pa_color-grass-green","12":"pa_color-orange-2","13":"pa_color-shadow-grey-2","14":"pa_color-taiga-green-2","15":"pa_color-us-woodland-2","17":"first","18":"instock","19":"taxable","20":"shipping-taxable","21":"purchasable","22":"product-type-variable"},"yoast_head":"<!-- This site is optimized with the Yoast SEO plugin v27.2 - https:\/\/yoast.com\/product\/yoast-seo-wordpress\/ -->\n<title>Helikon-Tex\u00ae Swagman Roll Poncho - Windpack\u00ae - Outdoors<\/title>\n<meta name=\"robots\" content=\"index, follow, max-snippet:-1, max-image-preview:large, max-video-preview:-1\" \/>\n<link rel=\"canonical\" href=\"https:\/\/www.outdoors.ee\/et\/toode\/swagman-roll-poncho\/\" \/>\n<meta property=\"og:locale\" content=\"et_EE\" \/>\n<meta property=\"og:type\" content=\"article\" \/>\n<meta property=\"og:title\" content=\"Helikon-Tex\u00ae Swagman Roll Poncho - Windpack\u00ae - Outdoors\" \/>\n<meta property=\"og:description\" content=\"Valmistatud \u00f5hukesest nailonkangast, t\u00e4idetud kvaliteetse soojusisolatsioonimaterjaliga &#8211; Climashield\u00ae Apex\u2122. Swagman Roll\u00ae pole tavaline tekk. See on pigem multifunktsionaalne riideese, mida\" \/>\n<meta property=\"og:url\" content=\"https:\/\/www.outdoors.ee\/et\/toode\/swagman-roll-poncho\/\" \/>\n<meta property=\"og:site_name\" content=\"Outdoors\" \/>\n<meta property=\"article:modified_time\" content=\"2026-04-18T14:06:20+00:00\" \/>\n<meta property=\"og:image\" content=\"https:\/\/www.outdoors.ee\/wp-content\/uploads\/2023\/08\/Swagman-Roll-Poncho-Windpack\u00ae-Taiga-Green-1.jpg\" \/>\n\t<meta property=\"og:image:width\" content=\"1500\" \/>\n\t<meta property=\"og:image:height\" content=\"1500\" \/>\n\t<meta property=\"og:image:type\" content=\"image\/jpeg\" \/>\n<meta name=\"twitter:card\" content=\"summary_large_image\" \/>\n<meta name=\"twitter:label1\" content=\"Est. reading time\" \/>\n\t<meta name=\"twitter:data1\" content=\"1 minut\" \/>\n<script type=\"application\/ld+json\" class=\"yoast-schema-graph\">{\"@context\":\"https:\/\/schema.org\",\"@graph\":[{\"@type\":\"WebPage\",\"@id\":\"https:\/\/www.outdoors.ee\/et\/toode\/swagman-roll-poncho\/\",\"url\":\"https:\/\/www.outdoors.ee\/et\/toode\/swagman-roll-poncho\/\",\"name\":\"Helikon-Tex\u00ae Swagman Roll Poncho - Windpack\u00ae - Outdoors\",\"isPartOf\":{\"@id\":\"https:\/\/www.outdoors.ee\/#website\"},\"primaryImageOfPage\":{\"@id\":\"https:\/\/www.outdoors.ee\/et\/toode\/swagman-roll-poncho\/#primaryimage\"},\"image\":{\"@id\":\"https:\/\/www.outdoors.ee\/et\/toode\/swagman-roll-poncho\/#primaryimage\"},\"thumbnailUrl\":\"https:\/\/www.outdoors.ee\/wp-content\/uploads\/2023\/08\/Swagman-Roll-Poncho-Windpack\u00ae-Taiga-Green-1.jpg\",\"datePublished\":\"2023-08-02T15:55:42+00:00\",\"dateModified\":\"2026-04-18T14:06:20+00:00\",\"breadcrumb\":{\"@id\":\"https:\/\/www.outdoors.ee\/et\/toode\/swagman-roll-poncho\/#breadcrumb\"},\"inLanguage\":\"et\",\"potentialAction\":[{\"@type\":\"ReadAction\",\"target\":[\"https:\/\/www.outdoors.ee\/et\/toode\/swagman-roll-poncho\/\"]}]},{\"@type\":\"ImageObject\",\"inLanguage\":\"et\",\"@id\":\"https:\/\/www.outdoors.ee\/et\/toode\/swagman-roll-poncho\/#primaryimage\",\"url\":\"https:\/\/www.outdoors.ee\/wp-content\/uploads\/2023\/08\/Swagman-Roll-Poncho-Windpack\u00ae-Taiga-Green-1.jpg\",\"contentUrl\":\"https:\/\/www.outdoors.ee\/wp-content\/uploads\/2023\/08\/Swagman-Roll-Poncho-Windpack\u00ae-Taiga-Green-1.jpg\",\"width\":1500,\"height\":1500},{\"@type\":\"BreadcrumbList\",\"@id\":\"https:\/\/www.outdoors.ee\/et\/toode\/swagman-roll-poncho\/#breadcrumb\",\"itemListElement\":[{\"@type\":\"ListItem\",\"position\":1,\"name\":\"Home\",\"item\":\"https:\/\/www.outdoors.ee\/et\/\"},{\"@type\":\"ListItem\",\"position\":2,\"name\":\"Tooted\",\"item\":\"https:\/\/www.outdoors.ee\/products\/\"},{\"@type\":\"ListItem\",\"position\":3,\"name\":\"Helikon-Tex\u00ae Swagman Roll Poncho &#8211; Windpack\u00ae\"}]},{\"@type\":\"WebSite\",\"@id\":\"https:\/\/www.outdoors.ee\/#website\",\"url\":\"https:\/\/www.outdoors.ee\/\",\"name\":\"Outdoors\",\"description\":\"Genuine military surplus and not only!\",\"potentialAction\":[{\"@type\":\"SearchAction\",\"target\":{\"@type\":\"EntryPoint\",\"urlTemplate\":\"https:\/\/www.outdoors.ee\/?s={search_term_string}\"},\"query-input\":{\"@type\":\"PropertyValueSpecification\",\"valueRequired\":true,\"valueName\":\"search_term_string\"}}],\"inLanguage\":\"et\"}]}<\/script>\n<!-- \/ Yoast SEO plugin. -->","yoast_head_json":{"title":"Helikon-Tex\u00ae Swagman Roll Poncho - Windpack\u00ae - Outdoors","robots":{"index":"index","follow":"follow","max-snippet":"max-snippet:-1","max-image-preview":"max-image-preview:large","max-video-preview":"max-video-preview:-1"},"canonical":"https:\/\/www.outdoors.ee\/et\/toode\/swagman-roll-poncho\/","og_locale":"et_EE","og_type":"article","og_title":"Helikon-Tex\u00ae Swagman Roll Poncho - Windpack\u00ae - Outdoors","og_description":"Valmistatud \u00f5hukesest nailonkangast, t\u00e4idetud kvaliteetse soojusisolatsioonimaterjaliga &#8211; Climashield\u00ae Apex\u2122. Swagman Roll\u00ae pole tavaline tekk. See on pigem multifunktsionaalne riideese, mida","og_url":"https:\/\/www.outdoors.ee\/et\/toode\/swagman-roll-poncho\/","og_site_name":"Outdoors","article_modified_time":"2026-04-18T14:06:20+00:00","og_image":[{"width":1500,"height":1500,"url":"https:\/\/www.outdoors.ee\/wp-content\/uploads\/2023\/08\/Swagman-Roll-Poncho-Windpack\u00ae-Taiga-Green-1.jpg","type":"image\/jpeg"}],"twitter_card":"summary_large_image","twitter_misc":{"Est. reading time":"1 minut"},"schema":{"@context":"https:\/\/schema.org","@graph":[{"@type":"WebPage","@id":"https:\/\/www.outdoors.ee\/et\/toode\/swagman-roll-poncho\/","url":"https:\/\/www.outdoors.ee\/et\/toode\/swagman-roll-poncho\/","name":"Helikon-Tex\u00ae Swagman Roll Poncho - Windpack\u00ae - Outdoors","isPartOf":{"@id":"https:\/\/www.outdoors.ee\/#website"},"primaryImageOfPage":{"@id":"https:\/\/www.outdoors.ee\/et\/toode\/swagman-roll-poncho\/#primaryimage"},"image":{"@id":"https:\/\/www.outdoors.ee\/et\/toode\/swagman-roll-poncho\/#primaryimage"},"thumbnailUrl":"https:\/\/www.outdoors.ee\/wp-content\/uploads\/2023\/08\/Swagman-Roll-Poncho-Windpack\u00ae-Taiga-Green-1.jpg","datePublished":"2023-08-02T15:55:42+00:00","dateModified":"2026-04-18T14:06:20+00:00","breadcrumb":{"@id":"https:\/\/www.outdoors.ee\/et\/toode\/swagman-roll-poncho\/#breadcrumb"},"inLanguage":"et","potentialAction":[{"@type":"ReadAction","target":["https:\/\/www.outdoors.ee\/et\/toode\/swagman-roll-poncho\/"]}]},{"@type":"ImageObject","inLanguage":"et","@id":"https:\/\/www.outdoors.ee\/et\/toode\/swagman-roll-poncho\/#primaryimage","url":"https:\/\/www.outdoors.ee\/wp-content\/uploads\/2023\/08\/Swagman-Roll-Poncho-Windpack\u00ae-Taiga-Green-1.jpg","contentUrl":"https:\/\/www.outdoors.ee\/wp-content\/uploads\/2023\/08\/Swagman-Roll-Poncho-Windpack\u00ae-Taiga-Green-1.jpg","width":1500,"height":1500},{"@type":"BreadcrumbList","@id":"https:\/\/www.outdoors.ee\/et\/toode\/swagman-roll-poncho\/#breadcrumb","itemListElement":[{"@type":"ListItem","position":1,"name":"Home","item":"https:\/\/www.outdoors.ee\/et\/"},{"@type":"ListItem","position":2,"name":"Tooted","item":"https:\/\/www.outdoors.ee\/products\/"},{"@type":"ListItem","position":3,"name":"Helikon-Tex\u00ae Swagman Roll Poncho &#8211; Windpack\u00ae"}]},{"@type":"WebSite","@id":"https:\/\/www.outdoors.ee\/#website","url":"https:\/\/www.outdoors.ee\/","name":"Outdoors","description":"Genuine military surplus and not only!","potentialAction":[{"@type":"SearchAction","target":{"@type":"EntryPoint","urlTemplate":"https:\/\/www.outdoors.ee\/?s={search_term_string}"},"query-input":{"@type":"PropertyValueSpecification","valueRequired":true,"valueName":"search_term_string"}}],"inLanguage":"et"}]}},"_links":{"self":[{"href":"https:\/\/www.outdoors.ee\/et\/wp-json\/wp\/v2\/product\/84517","targetHints":{"allow":["GET"]}}],"collection":[{"href":"https:\/\/www.outdoors.ee\/et\/wp-json\/wp\/v2\/product"}],"about":[{"href":"https:\/\/www.outdoors.ee\/et\/wp-json\/wp\/v2\/types\/product"}],"wp:featuredmedia":[{"embeddable":true,"href":"https:\/\/www.outdoors.ee\/et\/wp-json\/wp\/v2\/media\/102282"}],"wp:attachment":[{"href":"https:\/\/www.outdoors.ee\/et\/wp-json\/wp\/v2\/media?parent=84517"}],"wp:term":[{"taxonomy":"product_brand","embeddable":true,"href":"https:\/\/www.outdoors.ee\/et\/wp-json\/wp\/v2\/product_brand?post=84517"},{"taxonomy":"product_cat","embeddable":true,"href":"https:\/\/www.outdoors.ee\/et\/wp-json\/wp\/v2\/product_cat?post=84517"},{"taxonomy":"product_tag","embeddable":true,"href":"https:\/\/www.outdoors.ee\/et\/wp-json\/wp\/v2\/product_tag?post=84517"}],"curies":[{"name":"wp","href":"https:\/\/api.w.org\/{rel}","templated":true}]}}