{"id":84244,"date":"2023-06-19T14:23:17","date_gmt":"2023-06-19T11:23:17","guid":{"rendered":"https:\/\/www.outdoors.ee\/?post_type=product&#038;p=84244"},"modified":"2026-04-18T21:52:01","modified_gmt":"2026-04-18T18:52:01","slug":"haix-black-eagle-safety-50-mid","status":"publish","type":"product","link":"https:\/\/www.outdoors.ee\/et\/toode\/haix-black-eagle-safety-50-mid\/","title":{"rendered":"Haix\u00ae Black Eagle Safety 50 Mid"},"content":{"rendered":"<div class=\"content--title\"><strong>Omadused:<\/strong><\/div>\n<ul>\n<li class=\"content--title\">Bundeswehr\u00b4i p\u00e4ritoluga Haix\u00ae originaal turvajalatsid<\/li>\n<li class=\"content--title\">Pealne. 1,8 &#8211; 2,0 mm paksune veekindel, h\u00fcdrofoobne ja hingav nahk<\/li>\n<li class=\"content--title\">Sisevooder. Veekindel ja hingav Gore-Tex\u00ae Extended Comfort laminaat. Optimeeritud kliimamugavusega kulumiskindel vooder k\u00f5rgema aktiivsustaseme ning sise- ja v\u00e4listingimustes kasutamiseks<\/li>\n<li class=\"content--title\">Sisetald. Mugav, h\u00e4sti pehmendatud, antibakteriaalne. Parema pehmenduse ja sobivuse tagamiseks on eraldi kannaosa. \u201eAirflow\u201d kanalid aitavad hoida jala jahedana<\/li>\n<li class=\"content--title\">Torkekindel vahetald. Paindlik, kerge ja t\u00e4iesti metallivaba torkekindel vahetald<\/li>\n<li class=\"content--title\">Tald. Libisemisvastane t\u00e4nu suurep\u00e4rasele haakuvusel erinevatel maastikutel. Optimeeritud muster ja spetsiaalne kummisegu. Kerge ja sportlik tallakonstruktsioon, millel on k\u00f5rge libisemis- ja kulumiskindlus, pakkudes parimat kontrolli jalge \u00fcle k\u00f5igis ilmastikutingimustes. Kerge PU pehmendatud tald tagab optimaalse mugavuse ja suurep\u00e4rase soojusisolatsiooni. Mittem\u00e4\u00e4riv kummist v\u00e4listald on vastupidav ka kuumusele, \u00f5lile ja bensiinile<\/li>\n<li class=\"content--title\">ESD. Elektrostaatiliselt juhtivad jalatsid testitud vastavalt standardile DIN EN 61340-4-3: 2002<\/li>\n<li class=\"content--title\">Haix\u00ae komposiit varbakaitse. Anatoomiliselt vormitud ja eriti kerge kaitsev varbakate, mis on valmistatud kiududega tugevdatud plastikust, vastab ka k\u00f5ige karmimatele ohutusn\u00f5uetele<\/li>\n<li class=\"content--title\">Haix\u00ae kliimas\u00fcsteem. Micro-Dry voodriga HAIX Climate s\u00fcsteem vabastab jalatsi \u00fclaosas asuvatest ventilatsiooniavadest kuuma \u00f5hu, hoides jala k\u00f5igis tingimustes kuivana<\/li>\n<li class=\"content--title\">Haix\u00ae 2-tsooniline paelas\u00fcsteem. Kahe tsooniga n\u00f6\u00f6rimiss\u00fcsteem v\u00f5imaldab kasutajal kinnitada \u00fclemise ja\u00a0 alumise osa eraldi<\/li>\n<li class=\"content--title\">P\u00e4ikese peegeldus. Hahast pealse kuumenemise v\u00e4hendamine otsese p\u00e4ikesevalguse k\u00e4es<\/li>\n<li class=\"content--title\">Haix\u00ae Smart Lacing<\/li>\n<\/ul>\n<p><strong>Seisukord:<\/strong><\/p>\n<ul>\n<li>uus (ilma originaalkarbita, v\u00f5ivad sisaldada hulgiladustamise j\u00e4lgi)<\/li>\n<li>uuev\u00e4\u00e4rne (sisaldavad kergeid kulumisj\u00e4lgi)<\/li>\n<li>kasutatud, Grade 1 (sisaldavad m\u00f5\u00f5dukaid kulumisj\u00e4lgi, v\u00f5ivad sisaldada v\u00e4iksemaid vigastusi, sisetallad v\u00f5ivad olla eemaldatud)<\/li>\n<\/ul>\n","protected":false},"excerpt":{"rendered":"<p>Saksa Armee turvajalatsid, must<\/p>\n","protected":false},"featured_media":84262,"template":"","meta":[],"product_brand":[],"product_cat":[70,92],"product_tag":[],"class_list":{"0":"post-84244","1":"product","2":"type-product","3":"status-publish","4":"has-post-thumbnail","6":"product_cat-jalanoud","7":"product_cat-turvajalatsid","8":"pa_brand-german-military-surplus","9":"pa_brand-haix-2","10":"pa_condition-kasutatud-grade-1","11":"pa_condition-uuevaarne","12":"pa_condition-uus","13":"pa_size-uk105-us115-eu45-2","14":"pa_size-uk10-us11-eu45-2-2","15":"pa_size-uk115-us125-eu47-2","16":"pa_size-uk11-us12-eu46-2","17":"pa_size-uk125-us135-eu48-2","18":"pa_size-uk12-us13-eu47-3","19":"pa_size-uk135-us145-eu49-2","20":"pa_size-uk13-us14-eu48-3","21":"pa_size-uk3-us4-eu35-2","22":"pa_size-uk45-us55-eu37-2","23":"pa_size-uk5-us6-eu38-2","24":"pa_size-uk65-us75-eu40-2-2","25":"pa_size-uk6-us7-eu39-2","26":"pa_size-uk75-us85-eu41-3","27":"pa_size-uk7-us8-eu41-2","28":"pa_size-uk85-us95-eu43-2","29":"pa_size-uk8-us9-eu42-3","30":"pa_size-uk95-us105-eu44-2","31":"pa_size-uk9-us10-eu43-2","33":"first","34":"instock","35":"taxable","36":"shipping-taxable","37":"purchasable","38":"product-type-variable"},"yoast_head":"<!-- This site is optimized with the Yoast SEO plugin v27.2 - https:\/\/yoast.com\/product\/yoast-seo-wordpress\/ -->\n<title>Haix\u00ae Black Eagle Safety 50 Mid - Outdoors<\/title>\n<meta name=\"robots\" content=\"index, follow, max-snippet:-1, max-image-preview:large, max-video-preview:-1\" \/>\n<link rel=\"canonical\" href=\"https:\/\/www.outdoors.ee\/et\/toode\/haix-black-eagle-safety-50-mid\/\" \/>\n<meta property=\"og:locale\" content=\"et_EE\" \/>\n<meta property=\"og:type\" content=\"article\" \/>\n<meta property=\"og:title\" content=\"Haix\u00ae Black Eagle Safety 50 Mid - Outdoors\" \/>\n<meta property=\"og:description\" content=\"Saksa Armee turvajalatsid, must\" \/>\n<meta property=\"og:url\" content=\"https:\/\/www.outdoors.ee\/et\/toode\/haix-black-eagle-safety-50-mid\/\" \/>\n<meta property=\"og:site_name\" content=\"Outdoors\" \/>\n<meta property=\"article:modified_time\" content=\"2026-04-18T18:52:01+00:00\" \/>\n<meta property=\"og:image\" content=\"https:\/\/www.outdoors.ee\/wp-content\/uploads\/2023\/06\/0366-HAIX-Black-Eagle-Safety-50-Mid-1.jpg\" \/>\n\t<meta property=\"og:image:width\" content=\"999\" \/>\n\t<meta property=\"og:image:height\" content=\"950\" \/>\n\t<meta property=\"og:image:type\" content=\"image\/jpeg\" \/>\n<meta name=\"twitter:card\" content=\"summary_large_image\" \/>\n<meta name=\"twitter:label1\" content=\"Est. reading time\" \/>\n\t<meta name=\"twitter:data1\" content=\"2 minutit\" \/>\n<script type=\"application\/ld+json\" class=\"yoast-schema-graph\">{\"@context\":\"https:\/\/schema.org\",\"@graph\":[{\"@type\":\"WebPage\",\"@id\":\"https:\/\/www.outdoors.ee\/et\/toode\/haix-black-eagle-safety-50-mid\/\",\"url\":\"https:\/\/www.outdoors.ee\/et\/toode\/haix-black-eagle-safety-50-mid\/\",\"name\":\"Haix\u00ae Black Eagle Safety 50 Mid - Outdoors\",\"isPartOf\":{\"@id\":\"https:\/\/www.outdoors.ee\/#website\"},\"primaryImageOfPage\":{\"@id\":\"https:\/\/www.outdoors.ee\/et\/toode\/haix-black-eagle-safety-50-mid\/#primaryimage\"},\"image\":{\"@id\":\"https:\/\/www.outdoors.ee\/et\/toode\/haix-black-eagle-safety-50-mid\/#primaryimage\"},\"thumbnailUrl\":\"https:\/\/www.outdoors.ee\/wp-content\/uploads\/2023\/06\/0366-HAIX-Black-Eagle-Safety-50-Mid-1.jpg\",\"datePublished\":\"2023-06-19T11:23:17+00:00\",\"dateModified\":\"2026-04-18T18:52:01+00:00\",\"breadcrumb\":{\"@id\":\"https:\/\/www.outdoors.ee\/et\/toode\/haix-black-eagle-safety-50-mid\/#breadcrumb\"},\"inLanguage\":\"et\",\"potentialAction\":[{\"@type\":\"ReadAction\",\"target\":[\"https:\/\/www.outdoors.ee\/et\/toode\/haix-black-eagle-safety-50-mid\/\"]}]},{\"@type\":\"ImageObject\",\"inLanguage\":\"et\",\"@id\":\"https:\/\/www.outdoors.ee\/et\/toode\/haix-black-eagle-safety-50-mid\/#primaryimage\",\"url\":\"https:\/\/www.outdoors.ee\/wp-content\/uploads\/2023\/06\/0366-HAIX-Black-Eagle-Safety-50-Mid-1.jpg\",\"contentUrl\":\"https:\/\/www.outdoors.ee\/wp-content\/uploads\/2023\/06\/0366-HAIX-Black-Eagle-Safety-50-Mid-1.jpg\",\"width\":999,\"height\":950},{\"@type\":\"BreadcrumbList\",\"@id\":\"https:\/\/www.outdoors.ee\/et\/toode\/haix-black-eagle-safety-50-mid\/#breadcrumb\",\"itemListElement\":[{\"@type\":\"ListItem\",\"position\":1,\"name\":\"Home\",\"item\":\"https:\/\/www.outdoors.ee\/et\/\"},{\"@type\":\"ListItem\",\"position\":2,\"name\":\"Tooted\",\"item\":\"https:\/\/www.outdoors.ee\/products\/\"},{\"@type\":\"ListItem\",\"position\":3,\"name\":\"Haix\u00ae Black Eagle Safety 50 Mid\"}]},{\"@type\":\"WebSite\",\"@id\":\"https:\/\/www.outdoors.ee\/#website\",\"url\":\"https:\/\/www.outdoors.ee\/\",\"name\":\"Outdoors\",\"description\":\"Genuine military surplus and not only!\",\"potentialAction\":[{\"@type\":\"SearchAction\",\"target\":{\"@type\":\"EntryPoint\",\"urlTemplate\":\"https:\/\/www.outdoors.ee\/?s={search_term_string}\"},\"query-input\":{\"@type\":\"PropertyValueSpecification\",\"valueRequired\":true,\"valueName\":\"search_term_string\"}}],\"inLanguage\":\"et\"}]}<\/script>\n<!-- \/ Yoast SEO plugin. -->","yoast_head_json":{"title":"Haix\u00ae Black Eagle Safety 50 Mid - Outdoors","robots":{"index":"index","follow":"follow","max-snippet":"max-snippet:-1","max-image-preview":"max-image-preview:large","max-video-preview":"max-video-preview:-1"},"canonical":"https:\/\/www.outdoors.ee\/et\/toode\/haix-black-eagle-safety-50-mid\/","og_locale":"et_EE","og_type":"article","og_title":"Haix\u00ae Black Eagle Safety 50 Mid - Outdoors","og_description":"Saksa Armee turvajalatsid, must","og_url":"https:\/\/www.outdoors.ee\/et\/toode\/haix-black-eagle-safety-50-mid\/","og_site_name":"Outdoors","article_modified_time":"2026-04-18T18:52:01+00:00","og_image":[{"width":999,"height":950,"url":"https:\/\/www.outdoors.ee\/wp-content\/uploads\/2023\/06\/0366-HAIX-Black-Eagle-Safety-50-Mid-1.jpg","type":"image\/jpeg"}],"twitter_card":"summary_large_image","twitter_misc":{"Est. reading time":"2 minutit"},"schema":{"@context":"https:\/\/schema.org","@graph":[{"@type":"WebPage","@id":"https:\/\/www.outdoors.ee\/et\/toode\/haix-black-eagle-safety-50-mid\/","url":"https:\/\/www.outdoors.ee\/et\/toode\/haix-black-eagle-safety-50-mid\/","name":"Haix\u00ae Black Eagle Safety 50 Mid - Outdoors","isPartOf":{"@id":"https:\/\/www.outdoors.ee\/#website"},"primaryImageOfPage":{"@id":"https:\/\/www.outdoors.ee\/et\/toode\/haix-black-eagle-safety-50-mid\/#primaryimage"},"image":{"@id":"https:\/\/www.outdoors.ee\/et\/toode\/haix-black-eagle-safety-50-mid\/#primaryimage"},"thumbnailUrl":"https:\/\/www.outdoors.ee\/wp-content\/uploads\/2023\/06\/0366-HAIX-Black-Eagle-Safety-50-Mid-1.jpg","datePublished":"2023-06-19T11:23:17+00:00","dateModified":"2026-04-18T18:52:01+00:00","breadcrumb":{"@id":"https:\/\/www.outdoors.ee\/et\/toode\/haix-black-eagle-safety-50-mid\/#breadcrumb"},"inLanguage":"et","potentialAction":[{"@type":"ReadAction","target":["https:\/\/www.outdoors.ee\/et\/toode\/haix-black-eagle-safety-50-mid\/"]}]},{"@type":"ImageObject","inLanguage":"et","@id":"https:\/\/www.outdoors.ee\/et\/toode\/haix-black-eagle-safety-50-mid\/#primaryimage","url":"https:\/\/www.outdoors.ee\/wp-content\/uploads\/2023\/06\/0366-HAIX-Black-Eagle-Safety-50-Mid-1.jpg","contentUrl":"https:\/\/www.outdoors.ee\/wp-content\/uploads\/2023\/06\/0366-HAIX-Black-Eagle-Safety-50-Mid-1.jpg","width":999,"height":950},{"@type":"BreadcrumbList","@id":"https:\/\/www.outdoors.ee\/et\/toode\/haix-black-eagle-safety-50-mid\/#breadcrumb","itemListElement":[{"@type":"ListItem","position":1,"name":"Home","item":"https:\/\/www.outdoors.ee\/et\/"},{"@type":"ListItem","position":2,"name":"Tooted","item":"https:\/\/www.outdoors.ee\/products\/"},{"@type":"ListItem","position":3,"name":"Haix\u00ae Black Eagle Safety 50 Mid"}]},{"@type":"WebSite","@id":"https:\/\/www.outdoors.ee\/#website","url":"https:\/\/www.outdoors.ee\/","name":"Outdoors","description":"Genuine military surplus and not only!","potentialAction":[{"@type":"SearchAction","target":{"@type":"EntryPoint","urlTemplate":"https:\/\/www.outdoors.ee\/?s={search_term_string}"},"query-input":{"@type":"PropertyValueSpecification","valueRequired":true,"valueName":"search_term_string"}}],"inLanguage":"et"}]}},"_links":{"self":[{"href":"https:\/\/www.outdoors.ee\/et\/wp-json\/wp\/v2\/product\/84244","targetHints":{"allow":["GET"]}}],"collection":[{"href":"https:\/\/www.outdoors.ee\/et\/wp-json\/wp\/v2\/product"}],"about":[{"href":"https:\/\/www.outdoors.ee\/et\/wp-json\/wp\/v2\/types\/product"}],"wp:featuredmedia":[{"embeddable":true,"href":"https:\/\/www.outdoors.ee\/et\/wp-json\/wp\/v2\/media\/84262"}],"wp:attachment":[{"href":"https:\/\/www.outdoors.ee\/et\/wp-json\/wp\/v2\/media?parent=84244"}],"wp:term":[{"taxonomy":"product_brand","embeddable":true,"href":"https:\/\/www.outdoors.ee\/et\/wp-json\/wp\/v2\/product_brand?post=84244"},{"taxonomy":"product_cat","embeddable":true,"href":"https:\/\/www.outdoors.ee\/et\/wp-json\/wp\/v2\/product_cat?post=84244"},{"taxonomy":"product_tag","embeddable":true,"href":"https:\/\/www.outdoors.ee\/et\/wp-json\/wp\/v2\/product_tag?post=84244"}],"curies":[{"name":"wp","href":"https:\/\/api.w.org\/{rel}","templated":true}]}}