{"id":83724,"date":"2023-06-07T09:32:33","date_gmt":"2023-06-07T06:32:49","guid":{"rendered":"https:\/\/www.outdoors.ee\/?post_type=product&#038;p=83724"},"modified":"2025-02-14T10:50:50","modified_gmt":"2025-02-14T08:50:50","slug":"hollandi-armee-tuhja-salve-tasku-drop-pouch-coyote","status":"publish","type":"product","link":"https:\/\/www.outdoors.ee\/et\/toode\/hollandi-armee-tuhja-salve-tasku-drop-pouch-coyote\/","title":{"rendered":"Hollandi Armee t\u00fchja salve tasku Drop Pouch Coyote"},"content":{"rendered":"<p><strong>Omadused:<\/strong><\/p>\n<ul>\n<li>Hollandi s\u00f5jav\u00e4e originaal<\/li>\n<li>takjapaelapaneeliga pealt suletav<\/li>\n<li>kahesuunalise t\u00f5mblukuga<\/li>\n<li>v\u00f6\u00f6rihma k\u00fclge kinnitatav<\/li>\n<li>2 veniva rihmaga reie k\u00fclge kinnitatav<\/li>\n<li>m\u00f5\u00f5dud ca 26 x 20cm<\/li>\n<li>kaal 450g<\/li>\n<\/ul>\n<p><strong>Seisukord:<\/strong><\/p>\n<ul>\n<li>Uus (ilma originaalpakendita, v\u00f5ib sisaldada hulgiladustamise j\u00e4lgi)<\/li>\n<li>Uuev\u00e4\u00e4rne (sisaldab kergeid kulumisj\u00e4lgi)<\/li>\n<\/ul>\n","protected":false},"excerpt":{"rendered":"<p>Omadused: Hollandi s\u00f5jav\u00e4e originaal takjapaelapaneeliga pealt suletav kahesuunalise t\u00f5mblukuga v\u00f6\u00f6rihma k\u00fclge kinnitatav 2 veniva rihmaga reie k\u00fclge kinnitatav m\u00f5\u00f5dud ca<\/p>\n","protected":false},"featured_media":83727,"template":"","meta":[],"product_brand":[],"product_cat":[149],"product_tag":[],"class_list":{"0":"post-83724","1":"product","2":"type-product","3":"status-publish","4":"has-post-thumbnail","6":"product_cat-taktikaline-varustus","7":"pa_brand-dutch-military-surplus","8":"pa_condition-uuevaarne","9":"pa_condition-uus","11":"first","12":"instock","13":"taxable","14":"shipping-taxable","15":"purchasable","16":"product-type-variable"},"yoast_head":"<!-- This site is optimized with the Yoast SEO plugin v27.2 - https:\/\/yoast.com\/product\/yoast-seo-wordpress\/ -->\n<title>Hollandi Armee t\u00fchja salve tasku Drop Pouch Coyote - Outdoors<\/title>\n<meta name=\"robots\" content=\"index, follow, max-snippet:-1, max-image-preview:large, max-video-preview:-1\" \/>\n<link rel=\"canonical\" href=\"https:\/\/www.outdoors.ee\/et\/toode\/hollandi-armee-tuhja-salve-tasku-drop-pouch-coyote\/\" \/>\n<meta property=\"og:locale\" content=\"et_EE\" \/>\n<meta property=\"og:type\" content=\"article\" \/>\n<meta property=\"og:title\" content=\"Hollandi Armee t\u00fchja salve tasku Drop Pouch Coyote - Outdoors\" \/>\n<meta property=\"og:description\" content=\"Omadused: Hollandi s\u00f5jav\u00e4e originaal takjapaelapaneeliga pealt suletav kahesuunalise t\u00f5mblukuga v\u00f6\u00f6rihma k\u00fclge kinnitatav 2 veniva rihmaga reie k\u00fclge kinnitatav m\u00f5\u00f5dud ca\" \/>\n<meta property=\"og:url\" content=\"https:\/\/www.outdoors.ee\/et\/toode\/hollandi-armee-tuhja-salve-tasku-drop-pouch-coyote\/\" \/>\n<meta property=\"og:site_name\" content=\"Outdoors\" \/>\n<meta property=\"article:modified_time\" content=\"2025-02-14T08:50:50+00:00\" \/>\n<meta property=\"og:image\" content=\"https:\/\/www.outdoors.ee\/wp-content\/uploads\/2023\/06\/1501-Dutch-Army-Drop-Pouch-Coyote-1.jpg\" \/>\n\t<meta property=\"og:image:width\" content=\"1200\" \/>\n\t<meta property=\"og:image:height\" content=\"1600\" \/>\n\t<meta property=\"og:image:type\" content=\"image\/jpeg\" \/>\n<meta name=\"twitter:card\" content=\"summary_large_image\" \/>\n<meta name=\"twitter:label1\" content=\"Est. reading time\" \/>\n\t<meta name=\"twitter:data1\" content=\"1 minut\" \/>\n<script type=\"application\/ld+json\" class=\"yoast-schema-graph\">{\"@context\":\"https:\/\/schema.org\",\"@graph\":[{\"@type\":\"WebPage\",\"@id\":\"https:\/\/www.outdoors.ee\/et\/toode\/hollandi-armee-tuhja-salve-tasku-drop-pouch-coyote\/\",\"url\":\"https:\/\/www.outdoors.ee\/et\/toode\/hollandi-armee-tuhja-salve-tasku-drop-pouch-coyote\/\",\"name\":\"Hollandi Armee t\u00fchja salve tasku Drop Pouch Coyote - Outdoors\",\"isPartOf\":{\"@id\":\"https:\/\/www.outdoors.ee\/#website\"},\"primaryImageOfPage\":{\"@id\":\"https:\/\/www.outdoors.ee\/et\/toode\/hollandi-armee-tuhja-salve-tasku-drop-pouch-coyote\/#primaryimage\"},\"image\":{\"@id\":\"https:\/\/www.outdoors.ee\/et\/toode\/hollandi-armee-tuhja-salve-tasku-drop-pouch-coyote\/#primaryimage\"},\"thumbnailUrl\":\"https:\/\/www.outdoors.ee\/wp-content\/uploads\/2023\/06\/1501-Dutch-Army-Drop-Pouch-Coyote-1.jpg\",\"datePublished\":\"2023-06-07T06:32:49+00:00\",\"dateModified\":\"2025-02-14T08:50:50+00:00\",\"breadcrumb\":{\"@id\":\"https:\/\/www.outdoors.ee\/et\/toode\/hollandi-armee-tuhja-salve-tasku-drop-pouch-coyote\/#breadcrumb\"},\"inLanguage\":\"et\",\"potentialAction\":[{\"@type\":\"ReadAction\",\"target\":[\"https:\/\/www.outdoors.ee\/et\/toode\/hollandi-armee-tuhja-salve-tasku-drop-pouch-coyote\/\"]}]},{\"@type\":\"ImageObject\",\"inLanguage\":\"et\",\"@id\":\"https:\/\/www.outdoors.ee\/et\/toode\/hollandi-armee-tuhja-salve-tasku-drop-pouch-coyote\/#primaryimage\",\"url\":\"https:\/\/www.outdoors.ee\/wp-content\/uploads\/2023\/06\/1501-Dutch-Army-Drop-Pouch-Coyote-1.jpg\",\"contentUrl\":\"https:\/\/www.outdoors.ee\/wp-content\/uploads\/2023\/06\/1501-Dutch-Army-Drop-Pouch-Coyote-1.jpg\",\"width\":1200,\"height\":1600},{\"@type\":\"BreadcrumbList\",\"@id\":\"https:\/\/www.outdoors.ee\/et\/toode\/hollandi-armee-tuhja-salve-tasku-drop-pouch-coyote\/#breadcrumb\",\"itemListElement\":[{\"@type\":\"ListItem\",\"position\":1,\"name\":\"Home\",\"item\":\"https:\/\/www.outdoors.ee\/et\/\"},{\"@type\":\"ListItem\",\"position\":2,\"name\":\"Tooted\",\"item\":\"https:\/\/www.outdoors.ee\/products\/\"},{\"@type\":\"ListItem\",\"position\":3,\"name\":\"Hollandi Armee t\u00fchja salve tasku Drop Pouch Coyote\"}]},{\"@type\":\"WebSite\",\"@id\":\"https:\/\/www.outdoors.ee\/#website\",\"url\":\"https:\/\/www.outdoors.ee\/\",\"name\":\"Outdoors\",\"description\":\"Genuine military surplus and not only!\",\"potentialAction\":[{\"@type\":\"SearchAction\",\"target\":{\"@type\":\"EntryPoint\",\"urlTemplate\":\"https:\/\/www.outdoors.ee\/?s={search_term_string}\"},\"query-input\":{\"@type\":\"PropertyValueSpecification\",\"valueRequired\":true,\"valueName\":\"search_term_string\"}}],\"inLanguage\":\"et\"}]}<\/script>\n<!-- \/ Yoast SEO plugin. -->","yoast_head_json":{"title":"Hollandi Armee t\u00fchja salve tasku Drop Pouch Coyote - Outdoors","robots":{"index":"index","follow":"follow","max-snippet":"max-snippet:-1","max-image-preview":"max-image-preview:large","max-video-preview":"max-video-preview:-1"},"canonical":"https:\/\/www.outdoors.ee\/et\/toode\/hollandi-armee-tuhja-salve-tasku-drop-pouch-coyote\/","og_locale":"et_EE","og_type":"article","og_title":"Hollandi Armee t\u00fchja salve tasku Drop Pouch Coyote - Outdoors","og_description":"Omadused: Hollandi s\u00f5jav\u00e4e originaal takjapaelapaneeliga pealt suletav kahesuunalise t\u00f5mblukuga v\u00f6\u00f6rihma k\u00fclge kinnitatav 2 veniva rihmaga reie k\u00fclge kinnitatav m\u00f5\u00f5dud ca","og_url":"https:\/\/www.outdoors.ee\/et\/toode\/hollandi-armee-tuhja-salve-tasku-drop-pouch-coyote\/","og_site_name":"Outdoors","article_modified_time":"2025-02-14T08:50:50+00:00","og_image":[{"width":1200,"height":1600,"url":"https:\/\/www.outdoors.ee\/wp-content\/uploads\/2023\/06\/1501-Dutch-Army-Drop-Pouch-Coyote-1.jpg","type":"image\/jpeg"}],"twitter_card":"summary_large_image","twitter_misc":{"Est. reading time":"1 minut"},"schema":{"@context":"https:\/\/schema.org","@graph":[{"@type":"WebPage","@id":"https:\/\/www.outdoors.ee\/et\/toode\/hollandi-armee-tuhja-salve-tasku-drop-pouch-coyote\/","url":"https:\/\/www.outdoors.ee\/et\/toode\/hollandi-armee-tuhja-salve-tasku-drop-pouch-coyote\/","name":"Hollandi Armee t\u00fchja salve tasku Drop Pouch Coyote - Outdoors","isPartOf":{"@id":"https:\/\/www.outdoors.ee\/#website"},"primaryImageOfPage":{"@id":"https:\/\/www.outdoors.ee\/et\/toode\/hollandi-armee-tuhja-salve-tasku-drop-pouch-coyote\/#primaryimage"},"image":{"@id":"https:\/\/www.outdoors.ee\/et\/toode\/hollandi-armee-tuhja-salve-tasku-drop-pouch-coyote\/#primaryimage"},"thumbnailUrl":"https:\/\/www.outdoors.ee\/wp-content\/uploads\/2023\/06\/1501-Dutch-Army-Drop-Pouch-Coyote-1.jpg","datePublished":"2023-06-07T06:32:49+00:00","dateModified":"2025-02-14T08:50:50+00:00","breadcrumb":{"@id":"https:\/\/www.outdoors.ee\/et\/toode\/hollandi-armee-tuhja-salve-tasku-drop-pouch-coyote\/#breadcrumb"},"inLanguage":"et","potentialAction":[{"@type":"ReadAction","target":["https:\/\/www.outdoors.ee\/et\/toode\/hollandi-armee-tuhja-salve-tasku-drop-pouch-coyote\/"]}]},{"@type":"ImageObject","inLanguage":"et","@id":"https:\/\/www.outdoors.ee\/et\/toode\/hollandi-armee-tuhja-salve-tasku-drop-pouch-coyote\/#primaryimage","url":"https:\/\/www.outdoors.ee\/wp-content\/uploads\/2023\/06\/1501-Dutch-Army-Drop-Pouch-Coyote-1.jpg","contentUrl":"https:\/\/www.outdoors.ee\/wp-content\/uploads\/2023\/06\/1501-Dutch-Army-Drop-Pouch-Coyote-1.jpg","width":1200,"height":1600},{"@type":"BreadcrumbList","@id":"https:\/\/www.outdoors.ee\/et\/toode\/hollandi-armee-tuhja-salve-tasku-drop-pouch-coyote\/#breadcrumb","itemListElement":[{"@type":"ListItem","position":1,"name":"Home","item":"https:\/\/www.outdoors.ee\/et\/"},{"@type":"ListItem","position":2,"name":"Tooted","item":"https:\/\/www.outdoors.ee\/products\/"},{"@type":"ListItem","position":3,"name":"Hollandi Armee t\u00fchja salve tasku Drop Pouch Coyote"}]},{"@type":"WebSite","@id":"https:\/\/www.outdoors.ee\/#website","url":"https:\/\/www.outdoors.ee\/","name":"Outdoors","description":"Genuine military surplus and not only!","potentialAction":[{"@type":"SearchAction","target":{"@type":"EntryPoint","urlTemplate":"https:\/\/www.outdoors.ee\/?s={search_term_string}"},"query-input":{"@type":"PropertyValueSpecification","valueRequired":true,"valueName":"search_term_string"}}],"inLanguage":"et"}]}},"_links":{"self":[{"href":"https:\/\/www.outdoors.ee\/et\/wp-json\/wp\/v2\/product\/83724","targetHints":{"allow":["GET"]}}],"collection":[{"href":"https:\/\/www.outdoors.ee\/et\/wp-json\/wp\/v2\/product"}],"about":[{"href":"https:\/\/www.outdoors.ee\/et\/wp-json\/wp\/v2\/types\/product"}],"wp:featuredmedia":[{"embeddable":true,"href":"https:\/\/www.outdoors.ee\/et\/wp-json\/wp\/v2\/media\/83727"}],"wp:attachment":[{"href":"https:\/\/www.outdoors.ee\/et\/wp-json\/wp\/v2\/media?parent=83724"}],"wp:term":[{"taxonomy":"product_brand","embeddable":true,"href":"https:\/\/www.outdoors.ee\/et\/wp-json\/wp\/v2\/product_brand?post=83724"},{"taxonomy":"product_cat","embeddable":true,"href":"https:\/\/www.outdoors.ee\/et\/wp-json\/wp\/v2\/product_cat?post=83724"},{"taxonomy":"product_tag","embeddable":true,"href":"https:\/\/www.outdoors.ee\/et\/wp-json\/wp\/v2\/product_tag?post=83724"}],"curies":[{"name":"wp","href":"https:\/\/api.w.org\/{rel}","templated":true}]}}