{"id":83575,"date":"2023-05-30T21:04:37","date_gmt":"2023-05-30T18:04:37","guid":{"rendered":"https:\/\/www.outdoors.ee\/?post_type=product&#038;p=83575"},"modified":"2025-12-16T23:47:16","modified_gmt":"2025-12-16T21:47:16","slug":"saksa-armee-valipuksid-moleskin-trousers-grey","status":"publish","type":"product","link":"https:\/\/www.outdoors.ee\/et\/toode\/saksa-armee-valipuksid-moleskin-trousers-grey\/","title":{"rendered":"Saksa Armee v\u00e4lip\u00fcksid Moleskin Trousers Grey"},"content":{"rendered":"<p><strong>Omadused<\/strong>:<\/p>\n<ul>\n<li>Bundeswehr\u00b4i originaal<\/li>\n<li>materjal 100% puuvill<\/li>\n<li>varjatud n\u00f6\u00f6pidega eest suletavad<\/li>\n<li>2 k\u00e4etaskut<\/li>\n<li>2 n\u00f6\u00f6pidega suletavat reietaskut<\/li>\n<li>n\u00f6\u00f6biga suletav tagatasku<\/li>\n<li>n\u00f6\u00f6bid traksidele<\/li>\n<li>alumise \u00e4\u00e4re pingutusn\u00f6\u00f6rid<\/li>\n<li>kaal ca. 850 g<\/li>\n<li>v\u00e4rvitoon v\u00f5ib veidi varjeeruda<\/li>\n<\/ul>\n<p><strong>Suurus 58<\/strong>: 1\/2 V\u00dc- 58cm, s\u00e4\u00e4resisepikkus- 82cm. <strong>Suurus 60<\/strong>: 1\/2 V\u00dc- 60cm, s\u00e4\u00e4resisepikkus &#8211; 83cm. <strong>Suurus 62<\/strong>: 1\/2 V\u00dc- 62cm, s\u00e4\u00e4resisepikkus &#8211; 84cm. <strong>Suurus 64<\/strong>: 1\/2 V\u00dc- 63cm, s\u00e4\u00e4resisepikkus &#8211; 84cm<\/p>\n<p><strong>Seisukord<\/strong>: uuev\u00e4\u00e4rne (sisaldavad minimaalseid kulumisj\u00e4lgi, pigem pikaajalisest ladustamisest, kui kandmisest)<\/p>\n","protected":false},"excerpt":{"rendered":"<p>Omadused: Bundeswehr\u00b4i originaal materjal 100% puuvill varjatud n\u00f6\u00f6pidega eest suletavad 2 k\u00e4etaskut 2 n\u00f6\u00f6pidega suletavat reietaskut n\u00f6\u00f6biga suletav tagatasku n\u00f6\u00f6bid<\/p>\n","protected":false},"featured_media":83591,"template":"","meta":[],"product_brand":[],"product_cat":[111],"product_tag":[],"class_list":{"0":"post-83575","1":"product","2":"type-product","3":"status-publish","4":"has-post-thumbnail","6":"product_cat-puksid","7":"pa_brand-german-military-surplus","8":"pa_size-58-2","9":"pa_size-60-3","10":"pa_size-62-2","11":"pa_size-64-2","13":"first","14":"instock","15":"taxable","16":"shipping-taxable","17":"purchasable","18":"product-type-variable"},"yoast_head":"<!-- This site is optimized with the Yoast SEO plugin v27.2 - https:\/\/yoast.com\/product\/yoast-seo-wordpress\/ -->\n<title>Saksa Armee v\u00e4lip\u00fcksid Moleskin Trousers Grey - Outdoors<\/title>\n<meta name=\"robots\" content=\"index, follow, max-snippet:-1, max-image-preview:large, max-video-preview:-1\" \/>\n<link rel=\"canonical\" href=\"https:\/\/www.outdoors.ee\/et\/toode\/saksa-armee-valipuksid-moleskin-trousers-grey\/\" \/>\n<meta property=\"og:locale\" content=\"et_EE\" \/>\n<meta property=\"og:type\" content=\"article\" \/>\n<meta property=\"og:title\" content=\"Saksa Armee v\u00e4lip\u00fcksid Moleskin Trousers Grey - Outdoors\" \/>\n<meta property=\"og:description\" content=\"Omadused: Bundeswehr\u00b4i originaal materjal 100% puuvill varjatud n\u00f6\u00f6pidega eest suletavad 2 k\u00e4etaskut 2 n\u00f6\u00f6pidega suletavat reietaskut n\u00f6\u00f6biga suletav tagatasku n\u00f6\u00f6bid\" \/>\n<meta property=\"og:url\" content=\"https:\/\/www.outdoors.ee\/et\/toode\/saksa-armee-valipuksid-moleskin-trousers-grey\/\" \/>\n<meta property=\"og:site_name\" content=\"Outdoors\" \/>\n<meta property=\"article:modified_time\" content=\"2025-12-16T21:47:16+00:00\" \/>\n<meta property=\"og:image\" content=\"https:\/\/www.outdoors.ee\/wp-content\/uploads\/2023\/05\/1905-German-Army-Moleskin-Trousers-Grey-1-1.jpg\" \/>\n\t<meta property=\"og:image:width\" content=\"900\" \/>\n\t<meta property=\"og:image:height\" content=\"1000\" \/>\n\t<meta property=\"og:image:type\" content=\"image\/jpeg\" \/>\n<meta name=\"twitter:card\" content=\"summary_large_image\" \/>\n<meta name=\"twitter:label1\" content=\"Est. reading time\" \/>\n\t<meta name=\"twitter:data1\" content=\"1 minut\" \/>\n<script type=\"application\/ld+json\" class=\"yoast-schema-graph\">{\"@context\":\"https:\/\/schema.org\",\"@graph\":[{\"@type\":\"WebPage\",\"@id\":\"https:\/\/www.outdoors.ee\/et\/toode\/saksa-armee-valipuksid-moleskin-trousers-grey\/\",\"url\":\"https:\/\/www.outdoors.ee\/et\/toode\/saksa-armee-valipuksid-moleskin-trousers-grey\/\",\"name\":\"Saksa Armee v\u00e4lip\u00fcksid Moleskin Trousers Grey - Outdoors\",\"isPartOf\":{\"@id\":\"https:\/\/www.outdoors.ee\/#website\"},\"primaryImageOfPage\":{\"@id\":\"https:\/\/www.outdoors.ee\/et\/toode\/saksa-armee-valipuksid-moleskin-trousers-grey\/#primaryimage\"},\"image\":{\"@id\":\"https:\/\/www.outdoors.ee\/et\/toode\/saksa-armee-valipuksid-moleskin-trousers-grey\/#primaryimage\"},\"thumbnailUrl\":\"https:\/\/www.outdoors.ee\/wp-content\/uploads\/2023\/05\/1905-German-Army-Moleskin-Trousers-Grey-1-1.jpg\",\"datePublished\":\"2023-05-30T18:04:37+00:00\",\"dateModified\":\"2025-12-16T21:47:16+00:00\",\"breadcrumb\":{\"@id\":\"https:\/\/www.outdoors.ee\/et\/toode\/saksa-armee-valipuksid-moleskin-trousers-grey\/#breadcrumb\"},\"inLanguage\":\"et\",\"potentialAction\":[{\"@type\":\"ReadAction\",\"target\":[\"https:\/\/www.outdoors.ee\/et\/toode\/saksa-armee-valipuksid-moleskin-trousers-grey\/\"]}]},{\"@type\":\"ImageObject\",\"inLanguage\":\"et\",\"@id\":\"https:\/\/www.outdoors.ee\/et\/toode\/saksa-armee-valipuksid-moleskin-trousers-grey\/#primaryimage\",\"url\":\"https:\/\/www.outdoors.ee\/wp-content\/uploads\/2023\/05\/1905-German-Army-Moleskin-Trousers-Grey-1-1.jpg\",\"contentUrl\":\"https:\/\/www.outdoors.ee\/wp-content\/uploads\/2023\/05\/1905-German-Army-Moleskin-Trousers-Grey-1-1.jpg\",\"width\":900,\"height\":1000},{\"@type\":\"BreadcrumbList\",\"@id\":\"https:\/\/www.outdoors.ee\/et\/toode\/saksa-armee-valipuksid-moleskin-trousers-grey\/#breadcrumb\",\"itemListElement\":[{\"@type\":\"ListItem\",\"position\":1,\"name\":\"Home\",\"item\":\"https:\/\/www.outdoors.ee\/et\/\"},{\"@type\":\"ListItem\",\"position\":2,\"name\":\"Tooted\",\"item\":\"https:\/\/www.outdoors.ee\/products\/\"},{\"@type\":\"ListItem\",\"position\":3,\"name\":\"Saksa Armee v\u00e4lip\u00fcksid Moleskin Trousers Grey\"}]},{\"@type\":\"WebSite\",\"@id\":\"https:\/\/www.outdoors.ee\/#website\",\"url\":\"https:\/\/www.outdoors.ee\/\",\"name\":\"Outdoors\",\"description\":\"Genuine military surplus and not only!\",\"potentialAction\":[{\"@type\":\"SearchAction\",\"target\":{\"@type\":\"EntryPoint\",\"urlTemplate\":\"https:\/\/www.outdoors.ee\/?s={search_term_string}\"},\"query-input\":{\"@type\":\"PropertyValueSpecification\",\"valueRequired\":true,\"valueName\":\"search_term_string\"}}],\"inLanguage\":\"et\"}]}<\/script>\n<!-- \/ Yoast SEO plugin. -->","yoast_head_json":{"title":"Saksa Armee v\u00e4lip\u00fcksid Moleskin Trousers Grey - Outdoors","robots":{"index":"index","follow":"follow","max-snippet":"max-snippet:-1","max-image-preview":"max-image-preview:large","max-video-preview":"max-video-preview:-1"},"canonical":"https:\/\/www.outdoors.ee\/et\/toode\/saksa-armee-valipuksid-moleskin-trousers-grey\/","og_locale":"et_EE","og_type":"article","og_title":"Saksa Armee v\u00e4lip\u00fcksid Moleskin Trousers Grey - Outdoors","og_description":"Omadused: Bundeswehr\u00b4i originaal materjal 100% puuvill varjatud n\u00f6\u00f6pidega eest suletavad 2 k\u00e4etaskut 2 n\u00f6\u00f6pidega suletavat reietaskut n\u00f6\u00f6biga suletav tagatasku n\u00f6\u00f6bid","og_url":"https:\/\/www.outdoors.ee\/et\/toode\/saksa-armee-valipuksid-moleskin-trousers-grey\/","og_site_name":"Outdoors","article_modified_time":"2025-12-16T21:47:16+00:00","og_image":[{"width":900,"height":1000,"url":"https:\/\/www.outdoors.ee\/wp-content\/uploads\/2023\/05\/1905-German-Army-Moleskin-Trousers-Grey-1-1.jpg","type":"image\/jpeg"}],"twitter_card":"summary_large_image","twitter_misc":{"Est. reading time":"1 minut"},"schema":{"@context":"https:\/\/schema.org","@graph":[{"@type":"WebPage","@id":"https:\/\/www.outdoors.ee\/et\/toode\/saksa-armee-valipuksid-moleskin-trousers-grey\/","url":"https:\/\/www.outdoors.ee\/et\/toode\/saksa-armee-valipuksid-moleskin-trousers-grey\/","name":"Saksa Armee v\u00e4lip\u00fcksid Moleskin Trousers Grey - Outdoors","isPartOf":{"@id":"https:\/\/www.outdoors.ee\/#website"},"primaryImageOfPage":{"@id":"https:\/\/www.outdoors.ee\/et\/toode\/saksa-armee-valipuksid-moleskin-trousers-grey\/#primaryimage"},"image":{"@id":"https:\/\/www.outdoors.ee\/et\/toode\/saksa-armee-valipuksid-moleskin-trousers-grey\/#primaryimage"},"thumbnailUrl":"https:\/\/www.outdoors.ee\/wp-content\/uploads\/2023\/05\/1905-German-Army-Moleskin-Trousers-Grey-1-1.jpg","datePublished":"2023-05-30T18:04:37+00:00","dateModified":"2025-12-16T21:47:16+00:00","breadcrumb":{"@id":"https:\/\/www.outdoors.ee\/et\/toode\/saksa-armee-valipuksid-moleskin-trousers-grey\/#breadcrumb"},"inLanguage":"et","potentialAction":[{"@type":"ReadAction","target":["https:\/\/www.outdoors.ee\/et\/toode\/saksa-armee-valipuksid-moleskin-trousers-grey\/"]}]},{"@type":"ImageObject","inLanguage":"et","@id":"https:\/\/www.outdoors.ee\/et\/toode\/saksa-armee-valipuksid-moleskin-trousers-grey\/#primaryimage","url":"https:\/\/www.outdoors.ee\/wp-content\/uploads\/2023\/05\/1905-German-Army-Moleskin-Trousers-Grey-1-1.jpg","contentUrl":"https:\/\/www.outdoors.ee\/wp-content\/uploads\/2023\/05\/1905-German-Army-Moleskin-Trousers-Grey-1-1.jpg","width":900,"height":1000},{"@type":"BreadcrumbList","@id":"https:\/\/www.outdoors.ee\/et\/toode\/saksa-armee-valipuksid-moleskin-trousers-grey\/#breadcrumb","itemListElement":[{"@type":"ListItem","position":1,"name":"Home","item":"https:\/\/www.outdoors.ee\/et\/"},{"@type":"ListItem","position":2,"name":"Tooted","item":"https:\/\/www.outdoors.ee\/products\/"},{"@type":"ListItem","position":3,"name":"Saksa Armee v\u00e4lip\u00fcksid Moleskin Trousers Grey"}]},{"@type":"WebSite","@id":"https:\/\/www.outdoors.ee\/#website","url":"https:\/\/www.outdoors.ee\/","name":"Outdoors","description":"Genuine military surplus and not only!","potentialAction":[{"@type":"SearchAction","target":{"@type":"EntryPoint","urlTemplate":"https:\/\/www.outdoors.ee\/?s={search_term_string}"},"query-input":{"@type":"PropertyValueSpecification","valueRequired":true,"valueName":"search_term_string"}}],"inLanguage":"et"}]}},"_links":{"self":[{"href":"https:\/\/www.outdoors.ee\/et\/wp-json\/wp\/v2\/product\/83575","targetHints":{"allow":["GET"]}}],"collection":[{"href":"https:\/\/www.outdoors.ee\/et\/wp-json\/wp\/v2\/product"}],"about":[{"href":"https:\/\/www.outdoors.ee\/et\/wp-json\/wp\/v2\/types\/product"}],"wp:featuredmedia":[{"embeddable":true,"href":"https:\/\/www.outdoors.ee\/et\/wp-json\/wp\/v2\/media\/83591"}],"wp:attachment":[{"href":"https:\/\/www.outdoors.ee\/et\/wp-json\/wp\/v2\/media?parent=83575"}],"wp:term":[{"taxonomy":"product_brand","embeddable":true,"href":"https:\/\/www.outdoors.ee\/et\/wp-json\/wp\/v2\/product_brand?post=83575"},{"taxonomy":"product_cat","embeddable":true,"href":"https:\/\/www.outdoors.ee\/et\/wp-json\/wp\/v2\/product_cat?post=83575"},{"taxonomy":"product_tag","embeddable":true,"href":"https:\/\/www.outdoors.ee\/et\/wp-json\/wp\/v2\/product_tag?post=83575"}],"curies":[{"name":"wp","href":"https:\/\/api.w.org\/{rel}","templated":true}]}}