{"id":83396,"date":"2023-05-18T11:17:23","date_gmt":"2023-05-18T08:17:23","guid":{"rendered":"https:\/\/www.outdoors.ee\/?post_type=product&#038;p=83396"},"modified":"2025-08-22T11:42:35","modified_gmt":"2025-08-22T08:42:35","slug":"seljakott-recom-88l","status":"publish","type":"product","link":"https:\/\/www.outdoors.ee\/et\/toode\/seljakott-recom-88l\/","title":{"rendered":"Mil-Tec\u00ae RECOM seljakott 88L"},"content":{"rendered":"<p><strong>Omadused:<\/strong><\/p>\n<ul>\n<li>Suur, kahe pingutusn\u00f6\u00f6riga pealt suletav peasahtel<\/li>\n<li>peasahtli jagaja pingutusn\u00f6\u00f6riga<\/li>\n<li>t\u00f5mblukuga ligip\u00e4\u00e4s seljakoti alumisse ossa<\/li>\n<li>alumiiniumraam<\/li>\n<li>3 v\u00e4limist taskut<\/li>\n<li>takjapaela paneel ees<\/li>\n<li>eemaldatav v\u00f6\u00f6piirkonna pehmendus<\/li>\n<li>pehmendatud puusav\u00f6\u00f6 kahe t\u00f5mblukuga suletava taskuga<\/li>\n<li>pehmendatud, reguleeritava pikkusega \u00f5larihmad D-r\u00f5ngastega<\/li>\n<li>reguleeritav rinnarihm<\/li>\n<li>reguleeritava k\u00f5rgusega peamine kaas<\/li>\n<li>integreeritud seljakoti vihmakate<\/li>\n<li>rihmad lisavarustuse kinnitamiseks p\u00f5hjas<\/li>\n<li>vastupidav kandesang<\/li>\n<li>materjal 100% pol\u00fcester, PVC kattega<\/li>\n<li>maht ca. 88L<\/li>\n<li>m\u00f5\u00f5dud ca. 75 x 39 x 21cm<\/li>\n<\/ul>\n<p><strong>Seisukord:<\/strong> uus<\/p>\n","protected":false},"excerpt":{"rendered":"<p>Omadused: Suur, kahe pingutusn\u00f6\u00f6riga pealt suletav peasahtel peasahtli jagaja pingutusn\u00f6\u00f6riga t\u00f5mblukuga ligip\u00e4\u00e4s seljakoti alumisse ossa alumiiniumraam 3 v\u00e4limist taskut takjapaela<\/p>\n","protected":false},"featured_media":83411,"template":"","meta":[],"product_brand":[],"product_cat":[3539],"product_tag":[],"class_list":{"0":"post-83396","1":"product","2":"type-product","3":"status-publish","4":"has-post-thumbnail","6":"product_cat-seljakotid","7":"pa_brand-mil-tec-2","8":"pa_color-black-2","9":"pa_color-coyote-2","10":"pa_color-olive-2","12":"first","13":"instock","14":"taxable","15":"shipping-taxable","16":"purchasable","17":"product-type-variable"},"yoast_head":"<!-- This site is optimized with the Yoast SEO plugin v27.2 - https:\/\/yoast.com\/product\/yoast-seo-wordpress\/ -->\n<title>Mil-Tec\u00ae RECOM seljakott 88L - Outdoors<\/title>\n<meta name=\"robots\" content=\"index, follow, max-snippet:-1, max-image-preview:large, max-video-preview:-1\" \/>\n<link rel=\"canonical\" href=\"https:\/\/www.outdoors.ee\/et\/toode\/seljakott-recom-88l\/\" \/>\n<meta property=\"og:locale\" content=\"et_EE\" \/>\n<meta property=\"og:type\" content=\"article\" \/>\n<meta property=\"og:title\" content=\"Mil-Tec\u00ae RECOM seljakott 88L - Outdoors\" \/>\n<meta property=\"og:description\" content=\"Omadused: Suur, kahe pingutusn\u00f6\u00f6riga pealt suletav peasahtel peasahtli jagaja pingutusn\u00f6\u00f6riga t\u00f5mblukuga ligip\u00e4\u00e4s seljakoti alumisse ossa alumiiniumraam 3 v\u00e4limist taskut takjapaela\" \/>\n<meta property=\"og:url\" content=\"https:\/\/www.outdoors.ee\/et\/toode\/seljakott-recom-88l\/\" \/>\n<meta property=\"og:site_name\" content=\"Outdoors\" \/>\n<meta property=\"article:modified_time\" content=\"2025-08-22T08:42:35+00:00\" \/>\n<meta property=\"og:image\" content=\"https:\/\/www.outdoors.ee\/wp-content\/uploads\/2023\/05\/Mil-Tec\u00ae-Backpack-RECOM-75L-5.jpg\" \/>\n\t<meta property=\"og:image:width\" content=\"799\" \/>\n\t<meta property=\"og:image:height\" content=\"999\" \/>\n\t<meta property=\"og:image:type\" content=\"image\/jpeg\" \/>\n<meta name=\"twitter:card\" content=\"summary_large_image\" \/>\n<meta name=\"twitter:label1\" content=\"Est. reading time\" \/>\n\t<meta name=\"twitter:data1\" content=\"1 minut\" \/>\n<script type=\"application\/ld+json\" class=\"yoast-schema-graph\">{\"@context\":\"https:\/\/schema.org\",\"@graph\":[{\"@type\":\"WebPage\",\"@id\":\"https:\/\/www.outdoors.ee\/et\/toode\/seljakott-recom-88l\/\",\"url\":\"https:\/\/www.outdoors.ee\/et\/toode\/seljakott-recom-88l\/\",\"name\":\"Mil-Tec\u00ae RECOM seljakott 88L - Outdoors\",\"isPartOf\":{\"@id\":\"https:\/\/www.outdoors.ee\/#website\"},\"primaryImageOfPage\":{\"@id\":\"https:\/\/www.outdoors.ee\/et\/toode\/seljakott-recom-88l\/#primaryimage\"},\"image\":{\"@id\":\"https:\/\/www.outdoors.ee\/et\/toode\/seljakott-recom-88l\/#primaryimage\"},\"thumbnailUrl\":\"https:\/\/www.outdoors.ee\/wp-content\/uploads\/2023\/05\/Mil-Tec\u00ae-Backpack-RECOM-75L-5.jpg\",\"datePublished\":\"2023-05-18T08:17:23+00:00\",\"dateModified\":\"2025-08-22T08:42:35+00:00\",\"breadcrumb\":{\"@id\":\"https:\/\/www.outdoors.ee\/et\/toode\/seljakott-recom-88l\/#breadcrumb\"},\"inLanguage\":\"et\",\"potentialAction\":[{\"@type\":\"ReadAction\",\"target\":[\"https:\/\/www.outdoors.ee\/et\/toode\/seljakott-recom-88l\/\"]}]},{\"@type\":\"ImageObject\",\"inLanguage\":\"et\",\"@id\":\"https:\/\/www.outdoors.ee\/et\/toode\/seljakott-recom-88l\/#primaryimage\",\"url\":\"https:\/\/www.outdoors.ee\/wp-content\/uploads\/2023\/05\/Mil-Tec\u00ae-Backpack-RECOM-75L-5.jpg\",\"contentUrl\":\"https:\/\/www.outdoors.ee\/wp-content\/uploads\/2023\/05\/Mil-Tec\u00ae-Backpack-RECOM-75L-5.jpg\",\"width\":799,\"height\":999},{\"@type\":\"BreadcrumbList\",\"@id\":\"https:\/\/www.outdoors.ee\/et\/toode\/seljakott-recom-88l\/#breadcrumb\",\"itemListElement\":[{\"@type\":\"ListItem\",\"position\":1,\"name\":\"Home\",\"item\":\"https:\/\/www.outdoors.ee\/et\/\"},{\"@type\":\"ListItem\",\"position\":2,\"name\":\"Tooted\",\"item\":\"https:\/\/www.outdoors.ee\/products\/\"},{\"@type\":\"ListItem\",\"position\":3,\"name\":\"Mil-Tec\u00ae RECOM seljakott 88L\"}]},{\"@type\":\"WebSite\",\"@id\":\"https:\/\/www.outdoors.ee\/#website\",\"url\":\"https:\/\/www.outdoors.ee\/\",\"name\":\"Outdoors\",\"description\":\"Genuine military surplus and not only!\",\"potentialAction\":[{\"@type\":\"SearchAction\",\"target\":{\"@type\":\"EntryPoint\",\"urlTemplate\":\"https:\/\/www.outdoors.ee\/?s={search_term_string}\"},\"query-input\":{\"@type\":\"PropertyValueSpecification\",\"valueRequired\":true,\"valueName\":\"search_term_string\"}}],\"inLanguage\":\"et\"}]}<\/script>\n<!-- \/ Yoast SEO plugin. -->","yoast_head_json":{"title":"Mil-Tec\u00ae RECOM seljakott 88L - Outdoors","robots":{"index":"index","follow":"follow","max-snippet":"max-snippet:-1","max-image-preview":"max-image-preview:large","max-video-preview":"max-video-preview:-1"},"canonical":"https:\/\/www.outdoors.ee\/et\/toode\/seljakott-recom-88l\/","og_locale":"et_EE","og_type":"article","og_title":"Mil-Tec\u00ae RECOM seljakott 88L - Outdoors","og_description":"Omadused: Suur, kahe pingutusn\u00f6\u00f6riga pealt suletav peasahtel peasahtli jagaja pingutusn\u00f6\u00f6riga t\u00f5mblukuga ligip\u00e4\u00e4s seljakoti alumisse ossa alumiiniumraam 3 v\u00e4limist taskut takjapaela","og_url":"https:\/\/www.outdoors.ee\/et\/toode\/seljakott-recom-88l\/","og_site_name":"Outdoors","article_modified_time":"2025-08-22T08:42:35+00:00","og_image":[{"width":799,"height":999,"url":"https:\/\/www.outdoors.ee\/wp-content\/uploads\/2023\/05\/Mil-Tec\u00ae-Backpack-RECOM-75L-5.jpg","type":"image\/jpeg"}],"twitter_card":"summary_large_image","twitter_misc":{"Est. reading time":"1 minut"},"schema":{"@context":"https:\/\/schema.org","@graph":[{"@type":"WebPage","@id":"https:\/\/www.outdoors.ee\/et\/toode\/seljakott-recom-88l\/","url":"https:\/\/www.outdoors.ee\/et\/toode\/seljakott-recom-88l\/","name":"Mil-Tec\u00ae RECOM seljakott 88L - Outdoors","isPartOf":{"@id":"https:\/\/www.outdoors.ee\/#website"},"primaryImageOfPage":{"@id":"https:\/\/www.outdoors.ee\/et\/toode\/seljakott-recom-88l\/#primaryimage"},"image":{"@id":"https:\/\/www.outdoors.ee\/et\/toode\/seljakott-recom-88l\/#primaryimage"},"thumbnailUrl":"https:\/\/www.outdoors.ee\/wp-content\/uploads\/2023\/05\/Mil-Tec\u00ae-Backpack-RECOM-75L-5.jpg","datePublished":"2023-05-18T08:17:23+00:00","dateModified":"2025-08-22T08:42:35+00:00","breadcrumb":{"@id":"https:\/\/www.outdoors.ee\/et\/toode\/seljakott-recom-88l\/#breadcrumb"},"inLanguage":"et","potentialAction":[{"@type":"ReadAction","target":["https:\/\/www.outdoors.ee\/et\/toode\/seljakott-recom-88l\/"]}]},{"@type":"ImageObject","inLanguage":"et","@id":"https:\/\/www.outdoors.ee\/et\/toode\/seljakott-recom-88l\/#primaryimage","url":"https:\/\/www.outdoors.ee\/wp-content\/uploads\/2023\/05\/Mil-Tec\u00ae-Backpack-RECOM-75L-5.jpg","contentUrl":"https:\/\/www.outdoors.ee\/wp-content\/uploads\/2023\/05\/Mil-Tec\u00ae-Backpack-RECOM-75L-5.jpg","width":799,"height":999},{"@type":"BreadcrumbList","@id":"https:\/\/www.outdoors.ee\/et\/toode\/seljakott-recom-88l\/#breadcrumb","itemListElement":[{"@type":"ListItem","position":1,"name":"Home","item":"https:\/\/www.outdoors.ee\/et\/"},{"@type":"ListItem","position":2,"name":"Tooted","item":"https:\/\/www.outdoors.ee\/products\/"},{"@type":"ListItem","position":3,"name":"Mil-Tec\u00ae RECOM seljakott 88L"}]},{"@type":"WebSite","@id":"https:\/\/www.outdoors.ee\/#website","url":"https:\/\/www.outdoors.ee\/","name":"Outdoors","description":"Genuine military surplus and not only!","potentialAction":[{"@type":"SearchAction","target":{"@type":"EntryPoint","urlTemplate":"https:\/\/www.outdoors.ee\/?s={search_term_string}"},"query-input":{"@type":"PropertyValueSpecification","valueRequired":true,"valueName":"search_term_string"}}],"inLanguage":"et"}]}},"_links":{"self":[{"href":"https:\/\/www.outdoors.ee\/et\/wp-json\/wp\/v2\/product\/83396","targetHints":{"allow":["GET"]}}],"collection":[{"href":"https:\/\/www.outdoors.ee\/et\/wp-json\/wp\/v2\/product"}],"about":[{"href":"https:\/\/www.outdoors.ee\/et\/wp-json\/wp\/v2\/types\/product"}],"wp:featuredmedia":[{"embeddable":true,"href":"https:\/\/www.outdoors.ee\/et\/wp-json\/wp\/v2\/media\/83411"}],"wp:attachment":[{"href":"https:\/\/www.outdoors.ee\/et\/wp-json\/wp\/v2\/media?parent=83396"}],"wp:term":[{"taxonomy":"product_brand","embeddable":true,"href":"https:\/\/www.outdoors.ee\/et\/wp-json\/wp\/v2\/product_brand?post=83396"},{"taxonomy":"product_cat","embeddable":true,"href":"https:\/\/www.outdoors.ee\/et\/wp-json\/wp\/v2\/product_cat?post=83396"},{"taxonomy":"product_tag","embeddable":true,"href":"https:\/\/www.outdoors.ee\/et\/wp-json\/wp\/v2\/product_tag?post=83396"}],"curies":[{"name":"wp","href":"https:\/\/api.w.org\/{rel}","templated":true}]}}