{"id":83390,"date":"2023-05-18T10:20:54","date_gmt":"2023-05-18T07:20:54","guid":{"rendered":"https:\/\/www.outdoors.ee\/?post_type=product&#038;p=83390"},"modified":"2025-08-22T11:42:40","modified_gmt":"2025-08-22T08:42:40","slug":"seljakott-ranger-75l","status":"publish","type":"product","link":"https:\/\/www.outdoors.ee\/et\/toode\/seljakott-ranger-75l\/","title":{"rendered":"Mil-Tec\u00ae RANGER seljakott 75L"},"content":{"rendered":"<p><strong>Omadused:<\/strong><\/p>\n<ul>\n<li>Suur, pingutusn\u00f6\u00f6riga pealt suletav peasahtel<\/li>\n<li>3 v\u00e4limist taskut<\/li>\n<li>takjapaela paneel ees<\/li>\n<li>kerge, reguleeritav raam<\/li>\n<li>pehmendatud puusav\u00f6\u00f6 kahe t\u00f5mblukuga suletava taskuga<\/li>\n<li>pehmendatud, reguleeritava pikkusega \u00f5larihmad D-r\u00f5ngastega<\/li>\n<li>reguleeritav rinnarihm<\/li>\n<li>reguleeritava k\u00f5rgusega peamine kaas, t\u00f5mblukuga tasku peal<\/li>\n<li>integreeritud seljakoti vihmakate<\/li>\n<li>rihmad lisavarustuse kinnitamiseks peal ning p\u00f5hjas<\/li>\n<li>vastupidav kandesang<\/li>\n<li>t\u00f5mblukuga ligip\u00e4\u00e4s seljakoti alumisse ossa<\/li>\n<li>materjal 100% pol\u00fcester, PVC kattega<\/li>\n<li>maht ca. 70L<\/li>\n<li>m\u00f5\u00f5dud ca. 70 x 35 x 20cm<\/li>\n<\/ul>\n<p><strong>Seisukord:<\/strong> uus<\/p>\n","protected":false},"excerpt":{"rendered":"<p>Omadused: Suur, pingutusn\u00f6\u00f6riga pealt suletav peasahtel 3 v\u00e4limist taskut takjapaela paneel ees kerge, reguleeritav raam pehmendatud puusav\u00f6\u00f6 kahe t\u00f5mblukuga suletava<\/p>\n","protected":false},"featured_media":83385,"template":"","meta":[],"product_brand":[],"product_cat":[3539],"product_tag":[],"class_list":{"0":"post-83390","1":"product","2":"type-product","3":"status-publish","4":"has-post-thumbnail","6":"product_cat-seljakotid","7":"pa_brand-mil-tec-2","8":"pa_color-black-2","9":"pa_color-olive-2","11":"first","12":"instock","13":"taxable","14":"shipping-taxable","15":"purchasable","16":"product-type-variable"},"yoast_head":"<!-- This site is optimized with the Yoast SEO plugin v27.2 - https:\/\/yoast.com\/product\/yoast-seo-wordpress\/ -->\n<title>Mil-Tec\u00ae RANGER seljakott 75L - Outdoors<\/title>\n<meta name=\"robots\" content=\"index, follow, max-snippet:-1, max-image-preview:large, max-video-preview:-1\" \/>\n<link rel=\"canonical\" href=\"https:\/\/www.outdoors.ee\/et\/toode\/seljakott-ranger-75l\/\" \/>\n<meta property=\"og:locale\" content=\"et_EE\" \/>\n<meta property=\"og:type\" content=\"article\" \/>\n<meta property=\"og:title\" content=\"Mil-Tec\u00ae RANGER seljakott 75L - Outdoors\" \/>\n<meta property=\"og:description\" content=\"Omadused: Suur, pingutusn\u00f6\u00f6riga pealt suletav peasahtel 3 v\u00e4limist taskut takjapaela paneel ees kerge, reguleeritav raam pehmendatud puusav\u00f6\u00f6 kahe t\u00f5mblukuga suletava\" \/>\n<meta property=\"og:url\" content=\"https:\/\/www.outdoors.ee\/et\/toode\/seljakott-ranger-75l\/\" \/>\n<meta property=\"og:site_name\" content=\"Outdoors\" \/>\n<meta property=\"article:modified_time\" content=\"2025-08-22T08:42:40+00:00\" \/>\n<meta property=\"og:image\" content=\"https:\/\/www.outdoors.ee\/wp-content\/uploads\/2023\/05\/Mil-Tec\u00ae-Backpack-Ranger-75L-2.jpg\" \/>\n\t<meta property=\"og:image:width\" content=\"799\" \/>\n\t<meta property=\"og:image:height\" content=\"999\" \/>\n\t<meta property=\"og:image:type\" content=\"image\/jpeg\" \/>\n<meta name=\"twitter:card\" content=\"summary_large_image\" \/>\n<meta name=\"twitter:label1\" content=\"Est. reading time\" \/>\n\t<meta name=\"twitter:data1\" content=\"1 minut\" \/>\n<script type=\"application\/ld+json\" class=\"yoast-schema-graph\">{\"@context\":\"https:\/\/schema.org\",\"@graph\":[{\"@type\":\"WebPage\",\"@id\":\"https:\/\/www.outdoors.ee\/et\/toode\/seljakott-ranger-75l\/\",\"url\":\"https:\/\/www.outdoors.ee\/et\/toode\/seljakott-ranger-75l\/\",\"name\":\"Mil-Tec\u00ae RANGER seljakott 75L - Outdoors\",\"isPartOf\":{\"@id\":\"https:\/\/www.outdoors.ee\/#website\"},\"primaryImageOfPage\":{\"@id\":\"https:\/\/www.outdoors.ee\/et\/toode\/seljakott-ranger-75l\/#primaryimage\"},\"image\":{\"@id\":\"https:\/\/www.outdoors.ee\/et\/toode\/seljakott-ranger-75l\/#primaryimage\"},\"thumbnailUrl\":\"https:\/\/www.outdoors.ee\/wp-content\/uploads\/2023\/05\/Mil-Tec\u00ae-Backpack-Ranger-75L-2.jpg\",\"datePublished\":\"2023-05-18T07:20:54+00:00\",\"dateModified\":\"2025-08-22T08:42:40+00:00\",\"breadcrumb\":{\"@id\":\"https:\/\/www.outdoors.ee\/et\/toode\/seljakott-ranger-75l\/#breadcrumb\"},\"inLanguage\":\"et\",\"potentialAction\":[{\"@type\":\"ReadAction\",\"target\":[\"https:\/\/www.outdoors.ee\/et\/toode\/seljakott-ranger-75l\/\"]}]},{\"@type\":\"ImageObject\",\"inLanguage\":\"et\",\"@id\":\"https:\/\/www.outdoors.ee\/et\/toode\/seljakott-ranger-75l\/#primaryimage\",\"url\":\"https:\/\/www.outdoors.ee\/wp-content\/uploads\/2023\/05\/Mil-Tec\u00ae-Backpack-Ranger-75L-2.jpg\",\"contentUrl\":\"https:\/\/www.outdoors.ee\/wp-content\/uploads\/2023\/05\/Mil-Tec\u00ae-Backpack-Ranger-75L-2.jpg\",\"width\":799,\"height\":999},{\"@type\":\"BreadcrumbList\",\"@id\":\"https:\/\/www.outdoors.ee\/et\/toode\/seljakott-ranger-75l\/#breadcrumb\",\"itemListElement\":[{\"@type\":\"ListItem\",\"position\":1,\"name\":\"Home\",\"item\":\"https:\/\/www.outdoors.ee\/et\/\"},{\"@type\":\"ListItem\",\"position\":2,\"name\":\"Tooted\",\"item\":\"https:\/\/www.outdoors.ee\/products\/\"},{\"@type\":\"ListItem\",\"position\":3,\"name\":\"Mil-Tec\u00ae RANGER seljakott 75L\"}]},{\"@type\":\"WebSite\",\"@id\":\"https:\/\/www.outdoors.ee\/#website\",\"url\":\"https:\/\/www.outdoors.ee\/\",\"name\":\"Outdoors\",\"description\":\"Genuine military surplus and not only!\",\"potentialAction\":[{\"@type\":\"SearchAction\",\"target\":{\"@type\":\"EntryPoint\",\"urlTemplate\":\"https:\/\/www.outdoors.ee\/?s={search_term_string}\"},\"query-input\":{\"@type\":\"PropertyValueSpecification\",\"valueRequired\":true,\"valueName\":\"search_term_string\"}}],\"inLanguage\":\"et\"}]}<\/script>\n<!-- \/ Yoast SEO plugin. -->","yoast_head_json":{"title":"Mil-Tec\u00ae RANGER seljakott 75L - Outdoors","robots":{"index":"index","follow":"follow","max-snippet":"max-snippet:-1","max-image-preview":"max-image-preview:large","max-video-preview":"max-video-preview:-1"},"canonical":"https:\/\/www.outdoors.ee\/et\/toode\/seljakott-ranger-75l\/","og_locale":"et_EE","og_type":"article","og_title":"Mil-Tec\u00ae RANGER seljakott 75L - Outdoors","og_description":"Omadused: Suur, pingutusn\u00f6\u00f6riga pealt suletav peasahtel 3 v\u00e4limist taskut takjapaela paneel ees kerge, reguleeritav raam pehmendatud puusav\u00f6\u00f6 kahe t\u00f5mblukuga suletava","og_url":"https:\/\/www.outdoors.ee\/et\/toode\/seljakott-ranger-75l\/","og_site_name":"Outdoors","article_modified_time":"2025-08-22T08:42:40+00:00","og_image":[{"width":799,"height":999,"url":"https:\/\/www.outdoors.ee\/wp-content\/uploads\/2023\/05\/Mil-Tec\u00ae-Backpack-Ranger-75L-2.jpg","type":"image\/jpeg"}],"twitter_card":"summary_large_image","twitter_misc":{"Est. reading time":"1 minut"},"schema":{"@context":"https:\/\/schema.org","@graph":[{"@type":"WebPage","@id":"https:\/\/www.outdoors.ee\/et\/toode\/seljakott-ranger-75l\/","url":"https:\/\/www.outdoors.ee\/et\/toode\/seljakott-ranger-75l\/","name":"Mil-Tec\u00ae RANGER seljakott 75L - Outdoors","isPartOf":{"@id":"https:\/\/www.outdoors.ee\/#website"},"primaryImageOfPage":{"@id":"https:\/\/www.outdoors.ee\/et\/toode\/seljakott-ranger-75l\/#primaryimage"},"image":{"@id":"https:\/\/www.outdoors.ee\/et\/toode\/seljakott-ranger-75l\/#primaryimage"},"thumbnailUrl":"https:\/\/www.outdoors.ee\/wp-content\/uploads\/2023\/05\/Mil-Tec\u00ae-Backpack-Ranger-75L-2.jpg","datePublished":"2023-05-18T07:20:54+00:00","dateModified":"2025-08-22T08:42:40+00:00","breadcrumb":{"@id":"https:\/\/www.outdoors.ee\/et\/toode\/seljakott-ranger-75l\/#breadcrumb"},"inLanguage":"et","potentialAction":[{"@type":"ReadAction","target":["https:\/\/www.outdoors.ee\/et\/toode\/seljakott-ranger-75l\/"]}]},{"@type":"ImageObject","inLanguage":"et","@id":"https:\/\/www.outdoors.ee\/et\/toode\/seljakott-ranger-75l\/#primaryimage","url":"https:\/\/www.outdoors.ee\/wp-content\/uploads\/2023\/05\/Mil-Tec\u00ae-Backpack-Ranger-75L-2.jpg","contentUrl":"https:\/\/www.outdoors.ee\/wp-content\/uploads\/2023\/05\/Mil-Tec\u00ae-Backpack-Ranger-75L-2.jpg","width":799,"height":999},{"@type":"BreadcrumbList","@id":"https:\/\/www.outdoors.ee\/et\/toode\/seljakott-ranger-75l\/#breadcrumb","itemListElement":[{"@type":"ListItem","position":1,"name":"Home","item":"https:\/\/www.outdoors.ee\/et\/"},{"@type":"ListItem","position":2,"name":"Tooted","item":"https:\/\/www.outdoors.ee\/products\/"},{"@type":"ListItem","position":3,"name":"Mil-Tec\u00ae RANGER seljakott 75L"}]},{"@type":"WebSite","@id":"https:\/\/www.outdoors.ee\/#website","url":"https:\/\/www.outdoors.ee\/","name":"Outdoors","description":"Genuine military surplus and not only!","potentialAction":[{"@type":"SearchAction","target":{"@type":"EntryPoint","urlTemplate":"https:\/\/www.outdoors.ee\/?s={search_term_string}"},"query-input":{"@type":"PropertyValueSpecification","valueRequired":true,"valueName":"search_term_string"}}],"inLanguage":"et"}]}},"_links":{"self":[{"href":"https:\/\/www.outdoors.ee\/et\/wp-json\/wp\/v2\/product\/83390","targetHints":{"allow":["GET"]}}],"collection":[{"href":"https:\/\/www.outdoors.ee\/et\/wp-json\/wp\/v2\/product"}],"about":[{"href":"https:\/\/www.outdoors.ee\/et\/wp-json\/wp\/v2\/types\/product"}],"wp:featuredmedia":[{"embeddable":true,"href":"https:\/\/www.outdoors.ee\/et\/wp-json\/wp\/v2\/media\/83385"}],"wp:attachment":[{"href":"https:\/\/www.outdoors.ee\/et\/wp-json\/wp\/v2\/media?parent=83390"}],"wp:term":[{"taxonomy":"product_brand","embeddable":true,"href":"https:\/\/www.outdoors.ee\/et\/wp-json\/wp\/v2\/product_brand?post=83390"},{"taxonomy":"product_cat","embeddable":true,"href":"https:\/\/www.outdoors.ee\/et\/wp-json\/wp\/v2\/product_cat?post=83390"},{"taxonomy":"product_tag","embeddable":true,"href":"https:\/\/www.outdoors.ee\/et\/wp-json\/wp\/v2\/product_tag?post=83390"}],"curies":[{"name":"wp","href":"https:\/\/api.w.org\/{rel}","templated":true}]}}