{"id":83306,"date":"2023-05-18T09:05:39","date_gmt":"2023-05-18T06:05:39","guid":{"rendered":"https:\/\/www.outdoors.ee\/?post_type=product&#038;p=83306"},"modified":"2026-03-28T12:04:22","modified_gmt":"2026-03-28T10:04:22","slug":"seljakott-us-assault-pack-lasercut-small","status":"publish","type":"product","link":"https:\/\/www.outdoors.ee\/et\/toode\/seljakott-us-assault-pack-lasercut-small\/","title":{"rendered":"Mil-Tec\u00ae seljakott US Assault Pack LaserCut Small"},"content":{"rendered":"<p><strong>Omadused<\/strong>:<\/p>\n<ul>\n<li>nn laserl\u00f5ike kinnituspaneel<\/li>\n<li>pehmendatud seljaosa<\/li>\n<li>anatoomilise kujuga, reguleeritava pikkusega \u00f5larihmad<\/li>\n<li>reguleeritava pikkusega puusav\u00f6\u00f6 kiirvabastusklambriga<\/li>\n<li>kandesangaga \u00fcleval<\/li>\n<li>palju erineva suurusega sahtleid<\/li>\n<li>intergreeritud joogis\u00fcsteemi tasku<\/li>\n<li>kahesuunalised t\u00f5mblukud<\/li>\n<li>kiirvabastusklambritega kompressioonrihmad k\u00fclgedel<\/li>\n<li>Materjal. Pealne: 100% pol\u00fcester, PVC kattega. Vooder: 100% pol\u00fcester, Pehmendus: EVA vaht.<\/li>\n<li>Maht ca. 20L<\/li>\n<li>M\u00f5\u00f5dud ca. 42 x 20 x 25cm<\/li>\n<li>Kaal ca. 1100g<\/li>\n<\/ul>\n<p><strong>Seisukord:<\/strong> uus<\/p>\n","protected":false},"excerpt":{"rendered":"<p>Omadused: nn laserl\u00f5ike kinnituspaneel pehmendatud seljaosa anatoomilise kujuga, reguleeritava pikkusega \u00f5larihmad reguleeritava pikkusega puusav\u00f6\u00f6 kiirvabastusklambriga kandesangaga \u00fcleval palju erineva suurusega<\/p>\n","protected":false},"featured_media":83318,"template":"","meta":[],"product_brand":[],"product_cat":[3539],"product_tag":[],"class_list":{"0":"post-83306","1":"product","2":"type-product","3":"status-publish","4":"has-post-thumbnail","6":"product_cat-seljakotid","7":"pa_brand-mil-tec-2","8":"pa_color-black-2","9":"pa_color-coyote-2","10":"pa_color-olive-2","12":"first","13":"instock","14":"taxable","15":"shipping-taxable","16":"purchasable","17":"product-type-variable"},"yoast_head":"<!-- This site is optimized with the Yoast SEO plugin v27.2 - https:\/\/yoast.com\/product\/yoast-seo-wordpress\/ -->\n<title>Mil-Tec\u00ae seljakott US Assault Pack LaserCut Small - Outdoors<\/title>\n<meta name=\"robots\" content=\"index, follow, max-snippet:-1, max-image-preview:large, max-video-preview:-1\" \/>\n<link rel=\"canonical\" href=\"https:\/\/www.outdoors.ee\/et\/toode\/seljakott-us-assault-pack-lasercut-small\/\" \/>\n<meta property=\"og:locale\" content=\"et_EE\" \/>\n<meta property=\"og:type\" content=\"article\" \/>\n<meta property=\"og:title\" content=\"Mil-Tec\u00ae seljakott US Assault Pack LaserCut Small - Outdoors\" \/>\n<meta property=\"og:description\" content=\"Omadused: nn laserl\u00f5ike kinnituspaneel pehmendatud seljaosa anatoomilise kujuga, reguleeritava pikkusega \u00f5larihmad reguleeritava pikkusega puusav\u00f6\u00f6 kiirvabastusklambriga kandesangaga \u00fcleval palju erineva suurusega\" \/>\n<meta property=\"og:url\" content=\"https:\/\/www.outdoors.ee\/et\/toode\/seljakott-us-assault-pack-lasercut-small\/\" \/>\n<meta property=\"og:site_name\" content=\"Outdoors\" \/>\n<meta property=\"article:modified_time\" content=\"2026-03-28T10:04:22+00:00\" \/>\n<meta property=\"og:image\" content=\"https:\/\/www.outdoors.ee\/wp-content\/uploads\/2023\/05\/Mil-Tec\u00ae-US-Assault-Pack-LaserCut-Small-1.jpg\" \/>\n\t<meta property=\"og:image:width\" content=\"799\" \/>\n\t<meta property=\"og:image:height\" content=\"999\" \/>\n\t<meta property=\"og:image:type\" content=\"image\/jpeg\" \/>\n<meta name=\"twitter:card\" content=\"summary_large_image\" \/>\n<script type=\"application\/ld+json\" class=\"yoast-schema-graph\">{\"@context\":\"https:\/\/schema.org\",\"@graph\":[{\"@type\":\"WebPage\",\"@id\":\"https:\/\/www.outdoors.ee\/et\/toode\/seljakott-us-assault-pack-lasercut-small\/\",\"url\":\"https:\/\/www.outdoors.ee\/et\/toode\/seljakott-us-assault-pack-lasercut-small\/\",\"name\":\"Mil-Tec\u00ae seljakott US Assault Pack LaserCut Small - Outdoors\",\"isPartOf\":{\"@id\":\"https:\/\/www.outdoors.ee\/#website\"},\"primaryImageOfPage\":{\"@id\":\"https:\/\/www.outdoors.ee\/et\/toode\/seljakott-us-assault-pack-lasercut-small\/#primaryimage\"},\"image\":{\"@id\":\"https:\/\/www.outdoors.ee\/et\/toode\/seljakott-us-assault-pack-lasercut-small\/#primaryimage\"},\"thumbnailUrl\":\"https:\/\/www.outdoors.ee\/wp-content\/uploads\/2023\/05\/Mil-Tec\u00ae-US-Assault-Pack-LaserCut-Small-1.jpg\",\"datePublished\":\"2023-05-18T06:05:39+00:00\",\"dateModified\":\"2026-03-28T10:04:22+00:00\",\"breadcrumb\":{\"@id\":\"https:\/\/www.outdoors.ee\/et\/toode\/seljakott-us-assault-pack-lasercut-small\/#breadcrumb\"},\"inLanguage\":\"et\",\"potentialAction\":[{\"@type\":\"ReadAction\",\"target\":[\"https:\/\/www.outdoors.ee\/et\/toode\/seljakott-us-assault-pack-lasercut-small\/\"]}]},{\"@type\":\"ImageObject\",\"inLanguage\":\"et\",\"@id\":\"https:\/\/www.outdoors.ee\/et\/toode\/seljakott-us-assault-pack-lasercut-small\/#primaryimage\",\"url\":\"https:\/\/www.outdoors.ee\/wp-content\/uploads\/2023\/05\/Mil-Tec\u00ae-US-Assault-Pack-LaserCut-Small-1.jpg\",\"contentUrl\":\"https:\/\/www.outdoors.ee\/wp-content\/uploads\/2023\/05\/Mil-Tec\u00ae-US-Assault-Pack-LaserCut-Small-1.jpg\",\"width\":799,\"height\":999},{\"@type\":\"BreadcrumbList\",\"@id\":\"https:\/\/www.outdoors.ee\/et\/toode\/seljakott-us-assault-pack-lasercut-small\/#breadcrumb\",\"itemListElement\":[{\"@type\":\"ListItem\",\"position\":1,\"name\":\"Home\",\"item\":\"https:\/\/www.outdoors.ee\/et\/\"},{\"@type\":\"ListItem\",\"position\":2,\"name\":\"Tooted\",\"item\":\"https:\/\/www.outdoors.ee\/products\/\"},{\"@type\":\"ListItem\",\"position\":3,\"name\":\"Mil-Tec\u00ae seljakott US Assault Pack LaserCut Small\"}]},{\"@type\":\"WebSite\",\"@id\":\"https:\/\/www.outdoors.ee\/#website\",\"url\":\"https:\/\/www.outdoors.ee\/\",\"name\":\"Outdoors\",\"description\":\"Genuine military surplus and not only!\",\"potentialAction\":[{\"@type\":\"SearchAction\",\"target\":{\"@type\":\"EntryPoint\",\"urlTemplate\":\"https:\/\/www.outdoors.ee\/?s={search_term_string}\"},\"query-input\":{\"@type\":\"PropertyValueSpecification\",\"valueRequired\":true,\"valueName\":\"search_term_string\"}}],\"inLanguage\":\"et\"}]}<\/script>\n<!-- \/ Yoast SEO plugin. -->","yoast_head_json":{"title":"Mil-Tec\u00ae seljakott US Assault Pack LaserCut Small - Outdoors","robots":{"index":"index","follow":"follow","max-snippet":"max-snippet:-1","max-image-preview":"max-image-preview:large","max-video-preview":"max-video-preview:-1"},"canonical":"https:\/\/www.outdoors.ee\/et\/toode\/seljakott-us-assault-pack-lasercut-small\/","og_locale":"et_EE","og_type":"article","og_title":"Mil-Tec\u00ae seljakott US Assault Pack LaserCut Small - Outdoors","og_description":"Omadused: nn laserl\u00f5ike kinnituspaneel pehmendatud seljaosa anatoomilise kujuga, reguleeritava pikkusega \u00f5larihmad reguleeritava pikkusega puusav\u00f6\u00f6 kiirvabastusklambriga kandesangaga \u00fcleval palju erineva suurusega","og_url":"https:\/\/www.outdoors.ee\/et\/toode\/seljakott-us-assault-pack-lasercut-small\/","og_site_name":"Outdoors","article_modified_time":"2026-03-28T10:04:22+00:00","og_image":[{"width":799,"height":999,"url":"https:\/\/www.outdoors.ee\/wp-content\/uploads\/2023\/05\/Mil-Tec\u00ae-US-Assault-Pack-LaserCut-Small-1.jpg","type":"image\/jpeg"}],"twitter_card":"summary_large_image","schema":{"@context":"https:\/\/schema.org","@graph":[{"@type":"WebPage","@id":"https:\/\/www.outdoors.ee\/et\/toode\/seljakott-us-assault-pack-lasercut-small\/","url":"https:\/\/www.outdoors.ee\/et\/toode\/seljakott-us-assault-pack-lasercut-small\/","name":"Mil-Tec\u00ae seljakott US Assault Pack LaserCut Small - Outdoors","isPartOf":{"@id":"https:\/\/www.outdoors.ee\/#website"},"primaryImageOfPage":{"@id":"https:\/\/www.outdoors.ee\/et\/toode\/seljakott-us-assault-pack-lasercut-small\/#primaryimage"},"image":{"@id":"https:\/\/www.outdoors.ee\/et\/toode\/seljakott-us-assault-pack-lasercut-small\/#primaryimage"},"thumbnailUrl":"https:\/\/www.outdoors.ee\/wp-content\/uploads\/2023\/05\/Mil-Tec\u00ae-US-Assault-Pack-LaserCut-Small-1.jpg","datePublished":"2023-05-18T06:05:39+00:00","dateModified":"2026-03-28T10:04:22+00:00","breadcrumb":{"@id":"https:\/\/www.outdoors.ee\/et\/toode\/seljakott-us-assault-pack-lasercut-small\/#breadcrumb"},"inLanguage":"et","potentialAction":[{"@type":"ReadAction","target":["https:\/\/www.outdoors.ee\/et\/toode\/seljakott-us-assault-pack-lasercut-small\/"]}]},{"@type":"ImageObject","inLanguage":"et","@id":"https:\/\/www.outdoors.ee\/et\/toode\/seljakott-us-assault-pack-lasercut-small\/#primaryimage","url":"https:\/\/www.outdoors.ee\/wp-content\/uploads\/2023\/05\/Mil-Tec\u00ae-US-Assault-Pack-LaserCut-Small-1.jpg","contentUrl":"https:\/\/www.outdoors.ee\/wp-content\/uploads\/2023\/05\/Mil-Tec\u00ae-US-Assault-Pack-LaserCut-Small-1.jpg","width":799,"height":999},{"@type":"BreadcrumbList","@id":"https:\/\/www.outdoors.ee\/et\/toode\/seljakott-us-assault-pack-lasercut-small\/#breadcrumb","itemListElement":[{"@type":"ListItem","position":1,"name":"Home","item":"https:\/\/www.outdoors.ee\/et\/"},{"@type":"ListItem","position":2,"name":"Tooted","item":"https:\/\/www.outdoors.ee\/products\/"},{"@type":"ListItem","position":3,"name":"Mil-Tec\u00ae seljakott US Assault Pack LaserCut Small"}]},{"@type":"WebSite","@id":"https:\/\/www.outdoors.ee\/#website","url":"https:\/\/www.outdoors.ee\/","name":"Outdoors","description":"Genuine military surplus and not only!","potentialAction":[{"@type":"SearchAction","target":{"@type":"EntryPoint","urlTemplate":"https:\/\/www.outdoors.ee\/?s={search_term_string}"},"query-input":{"@type":"PropertyValueSpecification","valueRequired":true,"valueName":"search_term_string"}}],"inLanguage":"et"}]}},"_links":{"self":[{"href":"https:\/\/www.outdoors.ee\/et\/wp-json\/wp\/v2\/product\/83306","targetHints":{"allow":["GET"]}}],"collection":[{"href":"https:\/\/www.outdoors.ee\/et\/wp-json\/wp\/v2\/product"}],"about":[{"href":"https:\/\/www.outdoors.ee\/et\/wp-json\/wp\/v2\/types\/product"}],"wp:featuredmedia":[{"embeddable":true,"href":"https:\/\/www.outdoors.ee\/et\/wp-json\/wp\/v2\/media\/83318"}],"wp:attachment":[{"href":"https:\/\/www.outdoors.ee\/et\/wp-json\/wp\/v2\/media?parent=83306"}],"wp:term":[{"taxonomy":"product_brand","embeddable":true,"href":"https:\/\/www.outdoors.ee\/et\/wp-json\/wp\/v2\/product_brand?post=83306"},{"taxonomy":"product_cat","embeddable":true,"href":"https:\/\/www.outdoors.ee\/et\/wp-json\/wp\/v2\/product_cat?post=83306"},{"taxonomy":"product_tag","embeddable":true,"href":"https:\/\/www.outdoors.ee\/et\/wp-json\/wp\/v2\/product_tag?post=83306"}],"curies":[{"name":"wp","href":"https:\/\/api.w.org\/{rel}","templated":true}]}}