{"id":82766,"date":"2023-05-02T15:56:31","date_gmt":"2023-05-02T12:56:31","guid":{"rendered":"https:\/\/www.outdoors.ee\/?post_type=product&#038;p=82766"},"modified":"2026-02-18T22:22:59","modified_gmt":"2026-02-18T20:22:59","slug":"ripstop-vihmamantel-pontso-olive-drab","status":"publish","type":"product","link":"https:\/\/www.outdoors.ee\/et\/toode\/ripstop-vihmamantel-pontso-olive-drab\/","title":{"rendered":"Mil-Tec\u00ae RipStop vihmamantel-pont\u0161o Olive Drab"},"content":{"rendered":"<p><strong>Omadused:<\/strong><\/p>\n<ul>\n<li>Ripstop kangas<\/li>\n<li>metallr\u00f5ngastega servades<\/li>\n<li>pingutusn\u00f6\u00f6riga kapuuts<\/li>\n<li>materjal: 100% pol\u00fcester, PVC kattega<\/li>\n<li>veekindel 5000mm<\/li>\n<li>m\u00f5\u00f5dud 210 x 150cm<\/li>\n<li>kaal 780g<\/li>\n<\/ul>\n<p><strong>Seisukord:<\/strong> uus<\/p>\n","protected":false},"excerpt":{"rendered":"<p>Omadused: Ripstop kangas metallr\u00f5ngastega servades pingutusn\u00f6\u00f6riga kapuuts materjal: 100% pol\u00fcester, PVC kattega veekindel 5000mm m\u00f5\u00f5dud 210 x 150cm kaal 780g<\/p>\n","protected":false},"featured_media":82765,"template":"","meta":[],"product_brand":[],"product_cat":[101],"product_tag":[3143],"class_list":{"0":"post-82766","1":"product","2":"type-product","3":"status-publish","4":"has-post-thumbnail","6":"product_cat-joped-parkad","7":"product_tag-vihmariided","8":"pa_brand-mil-tec-2","10":"first","11":"instock","12":"taxable","13":"shipping-taxable","14":"purchasable","15":"product-type-simple"},"yoast_head":"<!-- This site is optimized with the Yoast SEO plugin v27.2 - https:\/\/yoast.com\/product\/yoast-seo-wordpress\/ -->\n<title>Mil-Tec\u00ae RipStop vihmamantel-pont\u0161o Olive Drab - Outdoors<\/title>\n<meta name=\"robots\" content=\"index, follow, max-snippet:-1, max-image-preview:large, max-video-preview:-1\" \/>\n<link rel=\"canonical\" href=\"https:\/\/www.outdoors.ee\/et\/toode\/ripstop-vihmamantel-pontso-olive-drab\/\" \/>\n<meta property=\"og:locale\" content=\"et_EE\" \/>\n<meta property=\"og:type\" content=\"article\" \/>\n<meta property=\"og:title\" content=\"Mil-Tec\u00ae RipStop vihmamantel-pont\u0161o Olive Drab - Outdoors\" \/>\n<meta property=\"og:description\" content=\"Omadused: Ripstop kangas metallr\u00f5ngastega servades pingutusn\u00f6\u00f6riga kapuuts materjal: 100% pol\u00fcester, PVC kattega veekindel 5000mm m\u00f5\u00f5dud 210 x 150cm kaal 780g\" \/>\n<meta property=\"og:url\" content=\"https:\/\/www.outdoors.ee\/et\/toode\/ripstop-vihmamantel-pontso-olive-drab\/\" \/>\n<meta property=\"og:site_name\" content=\"Outdoors\" \/>\n<meta property=\"article:modified_time\" content=\"2026-02-18T20:22:59+00:00\" \/>\n<meta property=\"og:image\" content=\"https:\/\/www.outdoors.ee\/wp-content\/uploads\/2023\/05\/Mil-Tec\u00ae-RipStop-Poncho-olive-drab.jpg\" \/>\n\t<meta property=\"og:image:width\" content=\"799\" \/>\n\t<meta property=\"og:image:height\" content=\"999\" \/>\n\t<meta property=\"og:image:type\" content=\"image\/jpeg\" \/>\n<meta name=\"twitter:card\" content=\"summary_large_image\" \/>\n<meta name=\"twitter:label1\" content=\"Est. reading time\" \/>\n\t<meta name=\"twitter:data1\" content=\"1 minut\" \/>\n<script type=\"application\/ld+json\" class=\"yoast-schema-graph\">{\"@context\":\"https:\/\/schema.org\",\"@graph\":[{\"@type\":\"WebPage\",\"@id\":\"https:\/\/www.outdoors.ee\/et\/toode\/ripstop-vihmamantel-pontso-olive-drab\/\",\"url\":\"https:\/\/www.outdoors.ee\/et\/toode\/ripstop-vihmamantel-pontso-olive-drab\/\",\"name\":\"Mil-Tec\u00ae RipStop vihmamantel-pont\u0161o Olive Drab - Outdoors\",\"isPartOf\":{\"@id\":\"https:\/\/www.outdoors.ee\/#website\"},\"primaryImageOfPage\":{\"@id\":\"https:\/\/www.outdoors.ee\/et\/toode\/ripstop-vihmamantel-pontso-olive-drab\/#primaryimage\"},\"image\":{\"@id\":\"https:\/\/www.outdoors.ee\/et\/toode\/ripstop-vihmamantel-pontso-olive-drab\/#primaryimage\"},\"thumbnailUrl\":\"https:\/\/www.outdoors.ee\/wp-content\/uploads\/2023\/05\/Mil-Tec\u00ae-RipStop-Poncho-olive-drab.jpg\",\"datePublished\":\"2023-05-02T12:56:31+00:00\",\"dateModified\":\"2026-02-18T20:22:59+00:00\",\"breadcrumb\":{\"@id\":\"https:\/\/www.outdoors.ee\/et\/toode\/ripstop-vihmamantel-pontso-olive-drab\/#breadcrumb\"},\"inLanguage\":\"et\",\"potentialAction\":[{\"@type\":\"ReadAction\",\"target\":[\"https:\/\/www.outdoors.ee\/et\/toode\/ripstop-vihmamantel-pontso-olive-drab\/\"]}]},{\"@type\":\"ImageObject\",\"inLanguage\":\"et\",\"@id\":\"https:\/\/www.outdoors.ee\/et\/toode\/ripstop-vihmamantel-pontso-olive-drab\/#primaryimage\",\"url\":\"https:\/\/www.outdoors.ee\/wp-content\/uploads\/2023\/05\/Mil-Tec\u00ae-RipStop-Poncho-olive-drab.jpg\",\"contentUrl\":\"https:\/\/www.outdoors.ee\/wp-content\/uploads\/2023\/05\/Mil-Tec\u00ae-RipStop-Poncho-olive-drab.jpg\",\"width\":799,\"height\":999},{\"@type\":\"BreadcrumbList\",\"@id\":\"https:\/\/www.outdoors.ee\/et\/toode\/ripstop-vihmamantel-pontso-olive-drab\/#breadcrumb\",\"itemListElement\":[{\"@type\":\"ListItem\",\"position\":1,\"name\":\"Home\",\"item\":\"https:\/\/www.outdoors.ee\/et\/\"},{\"@type\":\"ListItem\",\"position\":2,\"name\":\"Tooted\",\"item\":\"https:\/\/www.outdoors.ee\/products\/\"},{\"@type\":\"ListItem\",\"position\":3,\"name\":\"Mil-Tec\u00ae RipStop vihmamantel-pont\u0161o Olive Drab\"}]},{\"@type\":\"WebSite\",\"@id\":\"https:\/\/www.outdoors.ee\/#website\",\"url\":\"https:\/\/www.outdoors.ee\/\",\"name\":\"Outdoors\",\"description\":\"Genuine military surplus and not only!\",\"potentialAction\":[{\"@type\":\"SearchAction\",\"target\":{\"@type\":\"EntryPoint\",\"urlTemplate\":\"https:\/\/www.outdoors.ee\/?s={search_term_string}\"},\"query-input\":{\"@type\":\"PropertyValueSpecification\",\"valueRequired\":true,\"valueName\":\"search_term_string\"}}],\"inLanguage\":\"et\"}]}<\/script>\n<!-- \/ Yoast SEO plugin. -->","yoast_head_json":{"title":"Mil-Tec\u00ae RipStop vihmamantel-pont\u0161o Olive Drab - Outdoors","robots":{"index":"index","follow":"follow","max-snippet":"max-snippet:-1","max-image-preview":"max-image-preview:large","max-video-preview":"max-video-preview:-1"},"canonical":"https:\/\/www.outdoors.ee\/et\/toode\/ripstop-vihmamantel-pontso-olive-drab\/","og_locale":"et_EE","og_type":"article","og_title":"Mil-Tec\u00ae RipStop vihmamantel-pont\u0161o Olive Drab - Outdoors","og_description":"Omadused: Ripstop kangas metallr\u00f5ngastega servades pingutusn\u00f6\u00f6riga kapuuts materjal: 100% pol\u00fcester, PVC kattega veekindel 5000mm m\u00f5\u00f5dud 210 x 150cm kaal 780g","og_url":"https:\/\/www.outdoors.ee\/et\/toode\/ripstop-vihmamantel-pontso-olive-drab\/","og_site_name":"Outdoors","article_modified_time":"2026-02-18T20:22:59+00:00","og_image":[{"width":799,"height":999,"url":"https:\/\/www.outdoors.ee\/wp-content\/uploads\/2023\/05\/Mil-Tec\u00ae-RipStop-Poncho-olive-drab.jpg","type":"image\/jpeg"}],"twitter_card":"summary_large_image","twitter_misc":{"Est. reading time":"1 minut"},"schema":{"@context":"https:\/\/schema.org","@graph":[{"@type":"WebPage","@id":"https:\/\/www.outdoors.ee\/et\/toode\/ripstop-vihmamantel-pontso-olive-drab\/","url":"https:\/\/www.outdoors.ee\/et\/toode\/ripstop-vihmamantel-pontso-olive-drab\/","name":"Mil-Tec\u00ae RipStop vihmamantel-pont\u0161o Olive Drab - Outdoors","isPartOf":{"@id":"https:\/\/www.outdoors.ee\/#website"},"primaryImageOfPage":{"@id":"https:\/\/www.outdoors.ee\/et\/toode\/ripstop-vihmamantel-pontso-olive-drab\/#primaryimage"},"image":{"@id":"https:\/\/www.outdoors.ee\/et\/toode\/ripstop-vihmamantel-pontso-olive-drab\/#primaryimage"},"thumbnailUrl":"https:\/\/www.outdoors.ee\/wp-content\/uploads\/2023\/05\/Mil-Tec\u00ae-RipStop-Poncho-olive-drab.jpg","datePublished":"2023-05-02T12:56:31+00:00","dateModified":"2026-02-18T20:22:59+00:00","breadcrumb":{"@id":"https:\/\/www.outdoors.ee\/et\/toode\/ripstop-vihmamantel-pontso-olive-drab\/#breadcrumb"},"inLanguage":"et","potentialAction":[{"@type":"ReadAction","target":["https:\/\/www.outdoors.ee\/et\/toode\/ripstop-vihmamantel-pontso-olive-drab\/"]}]},{"@type":"ImageObject","inLanguage":"et","@id":"https:\/\/www.outdoors.ee\/et\/toode\/ripstop-vihmamantel-pontso-olive-drab\/#primaryimage","url":"https:\/\/www.outdoors.ee\/wp-content\/uploads\/2023\/05\/Mil-Tec\u00ae-RipStop-Poncho-olive-drab.jpg","contentUrl":"https:\/\/www.outdoors.ee\/wp-content\/uploads\/2023\/05\/Mil-Tec\u00ae-RipStop-Poncho-olive-drab.jpg","width":799,"height":999},{"@type":"BreadcrumbList","@id":"https:\/\/www.outdoors.ee\/et\/toode\/ripstop-vihmamantel-pontso-olive-drab\/#breadcrumb","itemListElement":[{"@type":"ListItem","position":1,"name":"Home","item":"https:\/\/www.outdoors.ee\/et\/"},{"@type":"ListItem","position":2,"name":"Tooted","item":"https:\/\/www.outdoors.ee\/products\/"},{"@type":"ListItem","position":3,"name":"Mil-Tec\u00ae RipStop vihmamantel-pont\u0161o Olive Drab"}]},{"@type":"WebSite","@id":"https:\/\/www.outdoors.ee\/#website","url":"https:\/\/www.outdoors.ee\/","name":"Outdoors","description":"Genuine military surplus and not only!","potentialAction":[{"@type":"SearchAction","target":{"@type":"EntryPoint","urlTemplate":"https:\/\/www.outdoors.ee\/?s={search_term_string}"},"query-input":{"@type":"PropertyValueSpecification","valueRequired":true,"valueName":"search_term_string"}}],"inLanguage":"et"}]}},"_links":{"self":[{"href":"https:\/\/www.outdoors.ee\/et\/wp-json\/wp\/v2\/product\/82766","targetHints":{"allow":["GET"]}}],"collection":[{"href":"https:\/\/www.outdoors.ee\/et\/wp-json\/wp\/v2\/product"}],"about":[{"href":"https:\/\/www.outdoors.ee\/et\/wp-json\/wp\/v2\/types\/product"}],"wp:featuredmedia":[{"embeddable":true,"href":"https:\/\/www.outdoors.ee\/et\/wp-json\/wp\/v2\/media\/82765"}],"wp:attachment":[{"href":"https:\/\/www.outdoors.ee\/et\/wp-json\/wp\/v2\/media?parent=82766"}],"wp:term":[{"taxonomy":"product_brand","embeddable":true,"href":"https:\/\/www.outdoors.ee\/et\/wp-json\/wp\/v2\/product_brand?post=82766"},{"taxonomy":"product_cat","embeddable":true,"href":"https:\/\/www.outdoors.ee\/et\/wp-json\/wp\/v2\/product_cat?post=82766"},{"taxonomy":"product_tag","embeddable":true,"href":"https:\/\/www.outdoors.ee\/et\/wp-json\/wp\/v2\/product_tag?post=82766"}],"curies":[{"name":"wp","href":"https:\/\/api.w.org\/{rel}","templated":true}]}}