{"id":82556,"date":"2023-04-27T15:20:36","date_gmt":"2023-04-27T12:20:36","guid":{"rendered":"https:\/\/www.outdoors.ee\/?post_type=product&#038;p=82556"},"modified":"2025-11-19T21:13:39","modified_gmt":"2025-11-19T19:13:39","slug":"haix-jungle-bw-saapad","status":"publish","type":"product","link":"https:\/\/www.outdoors.ee\/et\/toode\/haix-jungle-bw-saapad\/","title":{"rendered":"Saksa Armee Haix\u00ae Jungle BW saapad"},"content":{"rendered":"<p style=\"text-align: justify;\"><strong>Omadused:<\/strong><\/p>\n<ul style=\"text-align: justify;\">\n<li>Bundeswehr\u00b4i originaal, militaarv\u00e4ljaanne ilma tootja logota<\/li>\n<li>t\u00e4isnahast ja Cordura t\u00fc\u00fcpi tekstiilist pealne<\/li>\n<li>laiem varbaosa jala mugavuse tagamiseks jala paistetamise korral pikaajalisel k\u00f5ndimisel<\/li>\n<li>kitsam toetav kannaosa<\/li>\n<li>hea soojusisolatsioon<\/li>\n<li>hea hingavus (puudub gore-tex membraaniga vooder)<\/li>\n<li>libisemiskindel, antistaatiline, \u00f5li-, k\u00fctuse- ja torkekindel (teravad kivid jmt), p\u00f5rutustneelava vahekihiga v\u00e4listald<\/li>\n<li>niiskustimav ja kiiresti kuivav, vahetatav ja pestav sisetald<\/li>\n<li>kaal ca. 1640g (UK8\/EU42)<\/li>\n<\/ul>\n<p style=\"text-align: justify;\"><strong>Seisukord:<\/strong><\/p>\n<ul>\n<li style=\"text-align: justify;\">uued (ilma originaalkarbita, v\u00f5ivad sisaldada hulgiladustamise j\u00e4lgi)<\/li>\n<li style=\"text-align: justify;\">uuev\u00e4\u00e4rsed (sisaldavad minimaalseid kulumisj\u00e4lgi)<\/li>\n<li style=\"text-align: justify;\">kasutatud, Grade 1 (sisaldavad m\u00f5\u00f5dukaid kulumisj\u00e4lgi, ei sisalda m\u00e4rkimisv\u00e4\u00e4rseid vigastusi, sisetallad v\u00f5ivad puududa)<\/li>\n<\/ul>\n","protected":false},"excerpt":{"rendered":"<p>Saksa Armee Haix\u00ae d\u017eunglisaapad, must\/oliivroheline<\/p>\n","protected":false},"featured_media":82717,"template":"","meta":[],"product_brand":[],"product_cat":[70],"product_tag":[],"class_list":{"0":"post-82556","1":"product","2":"type-product","3":"status-publish","4":"has-post-thumbnail","6":"product_cat-jalanoud","7":"pa_brand-german-military-surplus","8":"pa_condition-kasutatud-grade-1","9":"pa_condition-uuevaarne","10":"pa_condition-uus","11":"pa_size-uk105-us115-eu45-bw290-2","12":"pa_size-uk115-us125-eu465-bw300-2","13":"pa_size-uk11-us12-eu46-bw295-2-2","14":"pa_size-uk12-us13-eu47-bw305-2","15":"pa_size-uk135-us145-eu49-bw315","16":"pa_size-uk13-us14-eu485-bw310","17":"pa_size-uk35-us45-eu36-bw230-2","18":"pa_size-uk45-us55-eu375-bw240-2","19":"pa_size-uk4-us5-eu37-bw235-2","20":"pa_size-uk55-us65-eu39-bw250-2","21":"pa_size-uk5-us6-eu38-bw245-2","22":"pa_size-uk6-us7-eu40-bw255-2","23":"pa_size-uk75-us85-eu415-bw265","24":"pa_size-uk7-us8-eu41-bw260","25":"pa_size-uk85-us95-eu425-bw275","26":"pa_size-uk8-us9-eu42-bw270-3","27":"pa_size-uk95-us105-eu44-bw285-3","28":"pa_size-uk9-us10-eu43-bw280","30":"first","31":"instock","32":"taxable","33":"shipping-taxable","34":"purchasable","35":"product-type-variable"},"yoast_head":"<!-- This site is optimized with the Yoast SEO plugin v27.2 - https:\/\/yoast.com\/product\/yoast-seo-wordpress\/ -->\n<title>HAIX Airpower P9 Desert Gore-Tex\u00ae saapad - outdoors.ee<\/title>\n<meta name=\"description\" content=\"Originaalsete HAIX Airpower P9 k\u00f5rbesaabaste militaarv\u00e4ljaanne, toodetud spetsiaalselt Bundeswehri tellimusel. Erineb tsiviilverisoonist enamasti vaid selle poolest, et saapalt ei leia tootja logot\u00fc\u00fcpi.\u00a0 Omadused: seemisnahast (paksusega 2-2,2mm) ja tekstiilist pealne (naha toon v\u00f5ib veidi varjeeruda) laiem varbaosa jala mugavuse tagamiseks jala paistetamise korral pikaajalisel k\u00f5ndimisel\u00a0 kitsam toetav kannaosa hea soojusisolatsioon libisemiskindel, antistaatiline, \u00f5li-, k\u00fctuse- ja torkekindel (teravad kivid jmt), p\u00f5rutustneelava vahekihiga v\u00e4listald veekindla ja hingava Gore-Tex membraaniga sisevooder niiskustimav ja kiiresti kuivav, vahetatav ja pestav sisetald kergekaaluline mudel (suurus 295=EU46 kaalub 1950g) Suuruste tabel: palun vaata viimast pilti Seisukord: uued (kasutamata, kuid kuna saapaid on hoitud ning transporditud s\u00f5jav\u00e4e ladudest suurtes kastides ilma eraldi pakendita, v\u00f5ib heledast seemisnahast pealne sisaldada kergeid ladustamise j\u00e4lgi) uuev\u00e4\u00e4rsed (sisaldavad minimaalseid kulumisj\u00e4lgi) kasutatud, Grade 1 (sisaldavad kulumisj\u00e4lgi, kuid on s\u00e4ilitanud kasutusk\u00f5lblikkuse, ei sisalda m\u00e4rkimisv\u00e4\u00e4rseid vigastusi)\" \/>\n<meta name=\"robots\" content=\"index, follow, max-snippet:-1, max-image-preview:large, max-video-preview:-1\" \/>\n<link rel=\"canonical\" href=\"https:\/\/www.outdoors.ee\/et\/toode\/haix-jungle-bw-saapad\/\" \/>\n<meta property=\"og:locale\" content=\"et_EE\" \/>\n<meta property=\"og:type\" content=\"article\" \/>\n<meta property=\"og:title\" content=\"HAIX Airpower P9 Desert Gore-Tex\u00ae saapad\" \/>\n<meta property=\"og:description\" content=\"Originaalsete HAIX Airpower P9 k\u00f5rbesaabaste militaarv\u00e4ljaanne, toodetud spetsiaalselt Bundeswehri tellimusel. Erineb tsiviilverisoonist enamasti vaid selle poolest, et saapalt ei leia tootja logot\u00fc\u00fcpi.\u00a0 Omadused: seemisnahast (paksusega 2-2,2mm) ja tekstiilist pealne (naha toon v\u00f5ib veidi varjeeruda) laiem varbaosa jala mugavuse tagamiseks jala paistetamise korral pikaajalisel k\u00f5ndimisel\u00a0 kitsam toetav kannaosa hea soojusisolatsioon libisemiskindel, antistaatiline, \u00f5li-, k\u00fctuse- ja torkekindel (teravad kivid jmt), p\u00f5rutustneelava vahekihiga v\u00e4listald veekindla ja hingava Gore-Tex membraaniga sisevooder niiskustimav ja kiiresti kuivav, vahetatav ja pestav sisetald kergekaaluline mudel (suurus 295=EU46 kaalub 1950g) Suuruste tabel: palun vaata viimast pilti Seisukord: uued (kasutamata, kuid kuna saapaid on hoitud ning transporditud s\u00f5jav\u00e4e ladudest suurtes kastides ilma eraldi pakendita, v\u00f5ib heledast seemisnahast pealne sisaldada kergeid ladustamise j\u00e4lgi) uuev\u00e4\u00e4rsed (sisaldavad minimaalseid kulumisj\u00e4lgi) kasutatud, Grade 1 (sisaldavad kulumisj\u00e4lgi, kuid on s\u00e4ilitanud kasutusk\u00f5lblikkuse, ei sisalda m\u00e4rkimisv\u00e4\u00e4rseid vigastusi)\" \/>\n<meta property=\"og:url\" content=\"https:\/\/www.outdoors.ee\/et\/toode\/haix-jungle-bw-saapad\/\" \/>\n<meta property=\"og:site_name\" content=\"Outdoors\" \/>\n<meta property=\"article:modified_time\" content=\"2025-11-19T19:13:39+00:00\" \/>\n<meta property=\"og:image\" content=\"https:\/\/www.outdoors.ee\/wp-content\/uploads\/2023\/04\/0982-Bundeswehr-HAIX-Jungle-Boots-5.jpg\" \/>\n\t<meta property=\"og:image:width\" content=\"800\" \/>\n\t<meta property=\"og:image:height\" content=\"900\" \/>\n\t<meta property=\"og:image:type\" content=\"image\/jpeg\" \/>\n<meta name=\"twitter:card\" content=\"summary_large_image\" \/>\n<meta name=\"twitter:title\" content=\"HAIX Airpower P9 Desert Gore-Tex\u00ae saapad\" \/>\n<meta name=\"twitter:label1\" content=\"Est. reading time\" \/>\n\t<meta name=\"twitter:data1\" content=\"1 minut\" \/>\n<script type=\"application\/ld+json\" class=\"yoast-schema-graph\">{\"@context\":\"https:\/\/schema.org\",\"@graph\":[{\"@type\":\"WebPage\",\"@id\":\"https:\/\/www.outdoors.ee\/et\/toode\/haix-jungle-bw-saapad\/\",\"url\":\"https:\/\/www.outdoors.ee\/et\/toode\/haix-jungle-bw-saapad\/\",\"name\":\"HAIX Airpower P9 Desert Gore-Tex\u00ae saapad - outdoors.ee\",\"isPartOf\":{\"@id\":\"https:\/\/www.outdoors.ee\/#website\"},\"primaryImageOfPage\":{\"@id\":\"https:\/\/www.outdoors.ee\/et\/toode\/haix-jungle-bw-saapad\/#primaryimage\"},\"image\":{\"@id\":\"https:\/\/www.outdoors.ee\/et\/toode\/haix-jungle-bw-saapad\/#primaryimage\"},\"thumbnailUrl\":\"https:\/\/www.outdoors.ee\/wp-content\/uploads\/2023\/04\/0982-Bundeswehr-HAIX-Jungle-Boots-5.jpg\",\"datePublished\":\"2023-04-27T12:20:36+00:00\",\"dateModified\":\"2025-11-19T19:13:39+00:00\",\"description\":\"Originaalsete HAIX Airpower P9 k\u00f5rbesaabaste militaarv\u00e4ljaanne, toodetud spetsiaalselt Bundeswehri tellimusel. Erineb tsiviilverisoonist enamasti vaid selle poolest, et saapalt ei leia tootja logot\u00fc\u00fcpi.\u00a0 Omadused: seemisnahast (paksusega 2-2,2mm) ja tekstiilist pealne (naha toon v\u00f5ib veidi varjeeruda) laiem varbaosa jala mugavuse tagamiseks jala paistetamise korral pikaajalisel k\u00f5ndimisel\u00a0 kitsam toetav kannaosa hea soojusisolatsioon libisemiskindel, antistaatiline, \u00f5li-, k\u00fctuse- ja torkekindel (teravad kivid jmt), p\u00f5rutustneelava vahekihiga v\u00e4listald veekindla ja hingava Gore-Tex membraaniga sisevooder niiskustimav ja kiiresti kuivav, vahetatav ja pestav sisetald kergekaaluline mudel (suurus 295=EU46 kaalub 1950g) Suuruste tabel: palun vaata viimast pilti Seisukord: uued (kasutamata, kuid kuna saapaid on hoitud ning transporditud s\u00f5jav\u00e4e ladudest suurtes kastides ilma eraldi pakendita, v\u00f5ib heledast seemisnahast pealne sisaldada kergeid ladustamise j\u00e4lgi) uuev\u00e4\u00e4rsed (sisaldavad minimaalseid kulumisj\u00e4lgi) kasutatud, Grade 1 (sisaldavad kulumisj\u00e4lgi, kuid on s\u00e4ilitanud kasutusk\u00f5lblikkuse, ei sisalda m\u00e4rkimisv\u00e4\u00e4rseid vigastusi)\",\"breadcrumb\":{\"@id\":\"https:\/\/www.outdoors.ee\/et\/toode\/haix-jungle-bw-saapad\/#breadcrumb\"},\"inLanguage\":\"et\",\"potentialAction\":[{\"@type\":\"ReadAction\",\"target\":[\"https:\/\/www.outdoors.ee\/et\/toode\/haix-jungle-bw-saapad\/\"]}]},{\"@type\":\"ImageObject\",\"inLanguage\":\"et\",\"@id\":\"https:\/\/www.outdoors.ee\/et\/toode\/haix-jungle-bw-saapad\/#primaryimage\",\"url\":\"https:\/\/www.outdoors.ee\/wp-content\/uploads\/2023\/04\/0982-Bundeswehr-HAIX-Jungle-Boots-5.jpg\",\"contentUrl\":\"https:\/\/www.outdoors.ee\/wp-content\/uploads\/2023\/04\/0982-Bundeswehr-HAIX-Jungle-Boots-5.jpg\",\"width\":800,\"height\":900},{\"@type\":\"BreadcrumbList\",\"@id\":\"https:\/\/www.outdoors.ee\/et\/toode\/haix-jungle-bw-saapad\/#breadcrumb\",\"itemListElement\":[{\"@type\":\"ListItem\",\"position\":1,\"name\":\"Home\",\"item\":\"https:\/\/www.outdoors.ee\/et\/\"},{\"@type\":\"ListItem\",\"position\":2,\"name\":\"Tooted\",\"item\":\"https:\/\/www.outdoors.ee\/products\/\"},{\"@type\":\"ListItem\",\"position\":3,\"name\":\"Saksa Armee Haix\u00ae Jungle BW saapad\"}]},{\"@type\":\"WebSite\",\"@id\":\"https:\/\/www.outdoors.ee\/#website\",\"url\":\"https:\/\/www.outdoors.ee\/\",\"name\":\"Outdoors\",\"description\":\"Genuine military surplus and not only!\",\"potentialAction\":[{\"@type\":\"SearchAction\",\"target\":{\"@type\":\"EntryPoint\",\"urlTemplate\":\"https:\/\/www.outdoors.ee\/?s={search_term_string}\"},\"query-input\":{\"@type\":\"PropertyValueSpecification\",\"valueRequired\":true,\"valueName\":\"search_term_string\"}}],\"inLanguage\":\"et\"}]}<\/script>\n<!-- \/ Yoast SEO plugin. -->","yoast_head_json":{"title":"HAIX Airpower P9 Desert Gore-Tex\u00ae saapad - outdoors.ee","description":"Originaalsete HAIX Airpower P9 k\u00f5rbesaabaste militaarv\u00e4ljaanne, toodetud spetsiaalselt Bundeswehri tellimusel. Erineb tsiviilverisoonist enamasti vaid selle poolest, et saapalt ei leia tootja logot\u00fc\u00fcpi.\u00a0 Omadused: seemisnahast (paksusega 2-2,2mm) ja tekstiilist pealne (naha toon v\u00f5ib veidi varjeeruda) laiem varbaosa jala mugavuse tagamiseks jala paistetamise korral pikaajalisel k\u00f5ndimisel\u00a0 kitsam toetav kannaosa hea soojusisolatsioon libisemiskindel, antistaatiline, \u00f5li-, k\u00fctuse- ja torkekindel (teravad kivid jmt), p\u00f5rutustneelava vahekihiga v\u00e4listald veekindla ja hingava Gore-Tex membraaniga sisevooder niiskustimav ja kiiresti kuivav, vahetatav ja pestav sisetald kergekaaluline mudel (suurus 295=EU46 kaalub 1950g) Suuruste tabel: palun vaata viimast pilti Seisukord: uued (kasutamata, kuid kuna saapaid on hoitud ning transporditud s\u00f5jav\u00e4e ladudest suurtes kastides ilma eraldi pakendita, v\u00f5ib heledast seemisnahast pealne sisaldada kergeid ladustamise j\u00e4lgi) uuev\u00e4\u00e4rsed (sisaldavad minimaalseid kulumisj\u00e4lgi) kasutatud, Grade 1 (sisaldavad kulumisj\u00e4lgi, kuid on s\u00e4ilitanud kasutusk\u00f5lblikkuse, ei sisalda m\u00e4rkimisv\u00e4\u00e4rseid vigastusi)","robots":{"index":"index","follow":"follow","max-snippet":"max-snippet:-1","max-image-preview":"max-image-preview:large","max-video-preview":"max-video-preview:-1"},"canonical":"https:\/\/www.outdoors.ee\/et\/toode\/haix-jungle-bw-saapad\/","og_locale":"et_EE","og_type":"article","og_title":"HAIX Airpower P9 Desert Gore-Tex\u00ae saapad","og_description":"Originaalsete HAIX Airpower P9 k\u00f5rbesaabaste militaarv\u00e4ljaanne, toodetud spetsiaalselt Bundeswehri tellimusel. Erineb tsiviilverisoonist enamasti vaid selle poolest, et saapalt ei leia tootja logot\u00fc\u00fcpi.\u00a0 Omadused: seemisnahast (paksusega 2-2,2mm) ja tekstiilist pealne (naha toon v\u00f5ib veidi varjeeruda) laiem varbaosa jala mugavuse tagamiseks jala paistetamise korral pikaajalisel k\u00f5ndimisel\u00a0 kitsam toetav kannaosa hea soojusisolatsioon libisemiskindel, antistaatiline, \u00f5li-, k\u00fctuse- ja torkekindel (teravad kivid jmt), p\u00f5rutustneelava vahekihiga v\u00e4listald veekindla ja hingava Gore-Tex membraaniga sisevooder niiskustimav ja kiiresti kuivav, vahetatav ja pestav sisetald kergekaaluline mudel (suurus 295=EU46 kaalub 1950g) Suuruste tabel: palun vaata viimast pilti Seisukord: uued (kasutamata, kuid kuna saapaid on hoitud ning transporditud s\u00f5jav\u00e4e ladudest suurtes kastides ilma eraldi pakendita, v\u00f5ib heledast seemisnahast pealne sisaldada kergeid ladustamise j\u00e4lgi) uuev\u00e4\u00e4rsed (sisaldavad minimaalseid kulumisj\u00e4lgi) kasutatud, Grade 1 (sisaldavad kulumisj\u00e4lgi, kuid on s\u00e4ilitanud kasutusk\u00f5lblikkuse, ei sisalda m\u00e4rkimisv\u00e4\u00e4rseid vigastusi)","og_url":"https:\/\/www.outdoors.ee\/et\/toode\/haix-jungle-bw-saapad\/","og_site_name":"Outdoors","article_modified_time":"2025-11-19T19:13:39+00:00","og_image":[{"width":800,"height":900,"url":"https:\/\/www.outdoors.ee\/wp-content\/uploads\/2023\/04\/0982-Bundeswehr-HAIX-Jungle-Boots-5.jpg","type":"image\/jpeg"}],"twitter_card":"summary_large_image","twitter_title":"HAIX Airpower P9 Desert Gore-Tex\u00ae saapad","twitter_misc":{"Est. reading time":"1 minut"},"schema":{"@context":"https:\/\/schema.org","@graph":[{"@type":"WebPage","@id":"https:\/\/www.outdoors.ee\/et\/toode\/haix-jungle-bw-saapad\/","url":"https:\/\/www.outdoors.ee\/et\/toode\/haix-jungle-bw-saapad\/","name":"HAIX Airpower P9 Desert Gore-Tex\u00ae saapad - outdoors.ee","isPartOf":{"@id":"https:\/\/www.outdoors.ee\/#website"},"primaryImageOfPage":{"@id":"https:\/\/www.outdoors.ee\/et\/toode\/haix-jungle-bw-saapad\/#primaryimage"},"image":{"@id":"https:\/\/www.outdoors.ee\/et\/toode\/haix-jungle-bw-saapad\/#primaryimage"},"thumbnailUrl":"https:\/\/www.outdoors.ee\/wp-content\/uploads\/2023\/04\/0982-Bundeswehr-HAIX-Jungle-Boots-5.jpg","datePublished":"2023-04-27T12:20:36+00:00","dateModified":"2025-11-19T19:13:39+00:00","description":"Originaalsete HAIX Airpower P9 k\u00f5rbesaabaste militaarv\u00e4ljaanne, toodetud spetsiaalselt Bundeswehri tellimusel. Erineb tsiviilverisoonist enamasti vaid selle poolest, et saapalt ei leia tootja logot\u00fc\u00fcpi.\u00a0 Omadused: seemisnahast (paksusega 2-2,2mm) ja tekstiilist pealne (naha toon v\u00f5ib veidi varjeeruda) laiem varbaosa jala mugavuse tagamiseks jala paistetamise korral pikaajalisel k\u00f5ndimisel\u00a0 kitsam toetav kannaosa hea soojusisolatsioon libisemiskindel, antistaatiline, \u00f5li-, k\u00fctuse- ja torkekindel (teravad kivid jmt), p\u00f5rutustneelava vahekihiga v\u00e4listald veekindla ja hingava Gore-Tex membraaniga sisevooder niiskustimav ja kiiresti kuivav, vahetatav ja pestav sisetald kergekaaluline mudel (suurus 295=EU46 kaalub 1950g) Suuruste tabel: palun vaata viimast pilti Seisukord: uued (kasutamata, kuid kuna saapaid on hoitud ning transporditud s\u00f5jav\u00e4e ladudest suurtes kastides ilma eraldi pakendita, v\u00f5ib heledast seemisnahast pealne sisaldada kergeid ladustamise j\u00e4lgi) uuev\u00e4\u00e4rsed (sisaldavad minimaalseid kulumisj\u00e4lgi) kasutatud, Grade 1 (sisaldavad kulumisj\u00e4lgi, kuid on s\u00e4ilitanud kasutusk\u00f5lblikkuse, ei sisalda m\u00e4rkimisv\u00e4\u00e4rseid vigastusi)","breadcrumb":{"@id":"https:\/\/www.outdoors.ee\/et\/toode\/haix-jungle-bw-saapad\/#breadcrumb"},"inLanguage":"et","potentialAction":[{"@type":"ReadAction","target":["https:\/\/www.outdoors.ee\/et\/toode\/haix-jungle-bw-saapad\/"]}]},{"@type":"ImageObject","inLanguage":"et","@id":"https:\/\/www.outdoors.ee\/et\/toode\/haix-jungle-bw-saapad\/#primaryimage","url":"https:\/\/www.outdoors.ee\/wp-content\/uploads\/2023\/04\/0982-Bundeswehr-HAIX-Jungle-Boots-5.jpg","contentUrl":"https:\/\/www.outdoors.ee\/wp-content\/uploads\/2023\/04\/0982-Bundeswehr-HAIX-Jungle-Boots-5.jpg","width":800,"height":900},{"@type":"BreadcrumbList","@id":"https:\/\/www.outdoors.ee\/et\/toode\/haix-jungle-bw-saapad\/#breadcrumb","itemListElement":[{"@type":"ListItem","position":1,"name":"Home","item":"https:\/\/www.outdoors.ee\/et\/"},{"@type":"ListItem","position":2,"name":"Tooted","item":"https:\/\/www.outdoors.ee\/products\/"},{"@type":"ListItem","position":3,"name":"Saksa Armee Haix\u00ae Jungle BW saapad"}]},{"@type":"WebSite","@id":"https:\/\/www.outdoors.ee\/#website","url":"https:\/\/www.outdoors.ee\/","name":"Outdoors","description":"Genuine military surplus and not only!","potentialAction":[{"@type":"SearchAction","target":{"@type":"EntryPoint","urlTemplate":"https:\/\/www.outdoors.ee\/?s={search_term_string}"},"query-input":{"@type":"PropertyValueSpecification","valueRequired":true,"valueName":"search_term_string"}}],"inLanguage":"et"}]}},"_links":{"self":[{"href":"https:\/\/www.outdoors.ee\/et\/wp-json\/wp\/v2\/product\/82556","targetHints":{"allow":["GET"]}}],"collection":[{"href":"https:\/\/www.outdoors.ee\/et\/wp-json\/wp\/v2\/product"}],"about":[{"href":"https:\/\/www.outdoors.ee\/et\/wp-json\/wp\/v2\/types\/product"}],"wp:featuredmedia":[{"embeddable":true,"href":"https:\/\/www.outdoors.ee\/et\/wp-json\/wp\/v2\/media\/82717"}],"wp:attachment":[{"href":"https:\/\/www.outdoors.ee\/et\/wp-json\/wp\/v2\/media?parent=82556"}],"wp:term":[{"taxonomy":"product_brand","embeddable":true,"href":"https:\/\/www.outdoors.ee\/et\/wp-json\/wp\/v2\/product_brand?post=82556"},{"taxonomy":"product_cat","embeddable":true,"href":"https:\/\/www.outdoors.ee\/et\/wp-json\/wp\/v2\/product_cat?post=82556"},{"taxonomy":"product_tag","embeddable":true,"href":"https:\/\/www.outdoors.ee\/et\/wp-json\/wp\/v2\/product_tag?post=82556"}],"curies":[{"name":"wp","href":"https:\/\/api.w.org\/{rel}","templated":true}]}}