{"id":82444,"date":"2023-05-26T19:19:23","date_gmt":"2023-05-26T16:25:08","guid":{"rendered":"https:\/\/www.outdoors.ee\/?post_type=product&#038;p=82444"},"modified":"2025-01-06T10:18:35","modified_gmt":"2025-01-06T08:18:35","slug":"saksa-armee-fliisjakk-olive","status":"publish","type":"product","link":"https:\/\/www.outdoors.ee\/et\/toode\/saksa-armee-fliisjakk-olive\/","title":{"rendered":"Saksa Armee fliisjakk Olive"},"content":{"rendered":"<p><strong>Omadused:<\/strong><\/p>\n<ul>\n<li>Bundeswehr\u00b4i originaal<\/li>\n<li>paks fliismaterjal<\/li>\n<li>t\u00e4ispikkuses kahesuunaline t\u00f5mblukk<\/li>\n<li>k\u00f5rge p\u00fcstkrae<\/li>\n<li>venivad mansetid ning alumine \u00e4\u00e4r<\/li>\n<li>pagunialus rinnal<\/li>\n<li>Saksa lipu embleem, enamasti m\u00f5lemal k\u00e4isel<\/li>\n<li>tugevdused k\u00fc\u00fcnarnukkide piirkonnas<\/li>\n<li>2 t\u00f5mblukkudega taskut<\/li>\n<\/ul>\n<p>Fliisjaki ligikaudne laius m\u00f5\u00f5detuna kaenla alt:<\/p>\n<p><strong>S<\/strong>\u00a0&#8211; 56cm\/22in;\u00a0<strong>M<\/strong>\u00a0&#8211; 59cm\/23,5in,\u00a0<strong>L<\/strong>\u00a0&#8211; 63cm\/25in,\u00a0<strong>XL<\/strong>\u00a0&#8211; 66cm\/26in,\u00a0<strong>XXL<\/strong>\u00a0&#8211; 70cm\/27,5in.<\/p>\n<p><strong>Seisukord: <\/strong>uus (ilma j\u00e4em\u00fc\u00fcgipakendita, v\u00f5ib sisaldada hulgiladustamise j\u00e4lgi)<\/p>\n","protected":false},"excerpt":{"rendered":"<p>Saksa Armee fliisjakk, oliivroheline<\/p>\n","protected":false},"featured_media":82446,"template":"","meta":[],"product_brand":[],"product_cat":[101],"product_tag":[],"class_list":{"0":"post-82444","1":"product","2":"type-product","3":"status-publish","4":"has-post-thumbnail","6":"product_cat-joped-parkad","7":"pa_brand-german-military-surplus","8":"pa_size-l-2","9":"pa_size-m-2","10":"pa_size-s-2","11":"pa_size-xl-2","12":"pa_size-xxl-2","14":"first","15":"instock","16":"taxable","17":"shipping-taxable","18":"purchasable","19":"product-type-variable"},"yoast_head":"<!-- This site is optimized with the Yoast SEO plugin v27.2 - https:\/\/yoast.com\/product\/yoast-seo-wordpress\/ -->\n<title>Saksa Armee fliisjakk Olive - Outdoors<\/title>\n<meta name=\"robots\" content=\"index, follow, max-snippet:-1, max-image-preview:large, max-video-preview:-1\" \/>\n<link rel=\"canonical\" href=\"https:\/\/www.outdoors.ee\/et\/toode\/saksa-armee-fliisjakk-olive\/\" \/>\n<meta property=\"og:locale\" content=\"et_EE\" \/>\n<meta property=\"og:type\" content=\"article\" \/>\n<meta property=\"og:title\" content=\"Saksa Armee fliisjakk Olive - Outdoors\" \/>\n<meta property=\"og:description\" content=\"Saksa Armee fliisjakk, oliivroheline\" \/>\n<meta property=\"og:url\" content=\"https:\/\/www.outdoors.ee\/et\/toode\/saksa-armee-fliisjakk-olive\/\" \/>\n<meta property=\"og:site_name\" content=\"Outdoors\" \/>\n<meta property=\"article:modified_time\" content=\"2025-01-06T08:18:35+00:00\" \/>\n<meta property=\"og:image\" content=\"https:\/\/www.outdoors.ee\/wp-content\/uploads\/2023\/04\/0364-German-Army-Fleece-Jacket-Olive-1.jpeg\" \/>\n\t<meta property=\"og:image:width\" content=\"600\" \/>\n\t<meta property=\"og:image:height\" content=\"600\" \/>\n\t<meta property=\"og:image:type\" content=\"image\/jpeg\" \/>\n<meta name=\"twitter:card\" content=\"summary_large_image\" \/>\n<meta name=\"twitter:label1\" content=\"Est. reading time\" \/>\n\t<meta name=\"twitter:data1\" content=\"1 minut\" \/>\n<script type=\"application\/ld+json\" class=\"yoast-schema-graph\">{\"@context\":\"https:\/\/schema.org\",\"@graph\":[{\"@type\":\"WebPage\",\"@id\":\"https:\/\/www.outdoors.ee\/et\/toode\/saksa-armee-fliisjakk-olive\/\",\"url\":\"https:\/\/www.outdoors.ee\/et\/toode\/saksa-armee-fliisjakk-olive\/\",\"name\":\"Saksa Armee fliisjakk Olive - Outdoors\",\"isPartOf\":{\"@id\":\"https:\/\/www.outdoors.ee\/#website\"},\"primaryImageOfPage\":{\"@id\":\"https:\/\/www.outdoors.ee\/et\/toode\/saksa-armee-fliisjakk-olive\/#primaryimage\"},\"image\":{\"@id\":\"https:\/\/www.outdoors.ee\/et\/toode\/saksa-armee-fliisjakk-olive\/#primaryimage\"},\"thumbnailUrl\":\"https:\/\/www.outdoors.ee\/wp-content\/uploads\/2023\/04\/0364-German-Army-Fleece-Jacket-Olive-1.jpeg\",\"datePublished\":\"2023-05-26T16:25:08+00:00\",\"dateModified\":\"2025-01-06T08:18:35+00:00\",\"breadcrumb\":{\"@id\":\"https:\/\/www.outdoors.ee\/et\/toode\/saksa-armee-fliisjakk-olive\/#breadcrumb\"},\"inLanguage\":\"et\",\"potentialAction\":[{\"@type\":\"ReadAction\",\"target\":[\"https:\/\/www.outdoors.ee\/et\/toode\/saksa-armee-fliisjakk-olive\/\"]}]},{\"@type\":\"ImageObject\",\"inLanguage\":\"et\",\"@id\":\"https:\/\/www.outdoors.ee\/et\/toode\/saksa-armee-fliisjakk-olive\/#primaryimage\",\"url\":\"https:\/\/www.outdoors.ee\/wp-content\/uploads\/2023\/04\/0364-German-Army-Fleece-Jacket-Olive-1.jpeg\",\"contentUrl\":\"https:\/\/www.outdoors.ee\/wp-content\/uploads\/2023\/04\/0364-German-Army-Fleece-Jacket-Olive-1.jpeg\",\"width\":600,\"height\":600},{\"@type\":\"BreadcrumbList\",\"@id\":\"https:\/\/www.outdoors.ee\/et\/toode\/saksa-armee-fliisjakk-olive\/#breadcrumb\",\"itemListElement\":[{\"@type\":\"ListItem\",\"position\":1,\"name\":\"Home\",\"item\":\"https:\/\/www.outdoors.ee\/et\/\"},{\"@type\":\"ListItem\",\"position\":2,\"name\":\"Tooted\",\"item\":\"https:\/\/www.outdoors.ee\/products\/\"},{\"@type\":\"ListItem\",\"position\":3,\"name\":\"Saksa Armee fliisjakk Olive\"}]},{\"@type\":\"WebSite\",\"@id\":\"https:\/\/www.outdoors.ee\/#website\",\"url\":\"https:\/\/www.outdoors.ee\/\",\"name\":\"Outdoors\",\"description\":\"Genuine military surplus and not only!\",\"potentialAction\":[{\"@type\":\"SearchAction\",\"target\":{\"@type\":\"EntryPoint\",\"urlTemplate\":\"https:\/\/www.outdoors.ee\/?s={search_term_string}\"},\"query-input\":{\"@type\":\"PropertyValueSpecification\",\"valueRequired\":true,\"valueName\":\"search_term_string\"}}],\"inLanguage\":\"et\"}]}<\/script>\n<!-- \/ Yoast SEO plugin. -->","yoast_head_json":{"title":"Saksa Armee fliisjakk Olive - Outdoors","robots":{"index":"index","follow":"follow","max-snippet":"max-snippet:-1","max-image-preview":"max-image-preview:large","max-video-preview":"max-video-preview:-1"},"canonical":"https:\/\/www.outdoors.ee\/et\/toode\/saksa-armee-fliisjakk-olive\/","og_locale":"et_EE","og_type":"article","og_title":"Saksa Armee fliisjakk Olive - Outdoors","og_description":"Saksa Armee fliisjakk, oliivroheline","og_url":"https:\/\/www.outdoors.ee\/et\/toode\/saksa-armee-fliisjakk-olive\/","og_site_name":"Outdoors","article_modified_time":"2025-01-06T08:18:35+00:00","og_image":[{"width":600,"height":600,"url":"https:\/\/www.outdoors.ee\/wp-content\/uploads\/2023\/04\/0364-German-Army-Fleece-Jacket-Olive-1.jpeg","type":"image\/jpeg"}],"twitter_card":"summary_large_image","twitter_misc":{"Est. reading time":"1 minut"},"schema":{"@context":"https:\/\/schema.org","@graph":[{"@type":"WebPage","@id":"https:\/\/www.outdoors.ee\/et\/toode\/saksa-armee-fliisjakk-olive\/","url":"https:\/\/www.outdoors.ee\/et\/toode\/saksa-armee-fliisjakk-olive\/","name":"Saksa Armee fliisjakk Olive - Outdoors","isPartOf":{"@id":"https:\/\/www.outdoors.ee\/#website"},"primaryImageOfPage":{"@id":"https:\/\/www.outdoors.ee\/et\/toode\/saksa-armee-fliisjakk-olive\/#primaryimage"},"image":{"@id":"https:\/\/www.outdoors.ee\/et\/toode\/saksa-armee-fliisjakk-olive\/#primaryimage"},"thumbnailUrl":"https:\/\/www.outdoors.ee\/wp-content\/uploads\/2023\/04\/0364-German-Army-Fleece-Jacket-Olive-1.jpeg","datePublished":"2023-05-26T16:25:08+00:00","dateModified":"2025-01-06T08:18:35+00:00","breadcrumb":{"@id":"https:\/\/www.outdoors.ee\/et\/toode\/saksa-armee-fliisjakk-olive\/#breadcrumb"},"inLanguage":"et","potentialAction":[{"@type":"ReadAction","target":["https:\/\/www.outdoors.ee\/et\/toode\/saksa-armee-fliisjakk-olive\/"]}]},{"@type":"ImageObject","inLanguage":"et","@id":"https:\/\/www.outdoors.ee\/et\/toode\/saksa-armee-fliisjakk-olive\/#primaryimage","url":"https:\/\/www.outdoors.ee\/wp-content\/uploads\/2023\/04\/0364-German-Army-Fleece-Jacket-Olive-1.jpeg","contentUrl":"https:\/\/www.outdoors.ee\/wp-content\/uploads\/2023\/04\/0364-German-Army-Fleece-Jacket-Olive-1.jpeg","width":600,"height":600},{"@type":"BreadcrumbList","@id":"https:\/\/www.outdoors.ee\/et\/toode\/saksa-armee-fliisjakk-olive\/#breadcrumb","itemListElement":[{"@type":"ListItem","position":1,"name":"Home","item":"https:\/\/www.outdoors.ee\/et\/"},{"@type":"ListItem","position":2,"name":"Tooted","item":"https:\/\/www.outdoors.ee\/products\/"},{"@type":"ListItem","position":3,"name":"Saksa Armee fliisjakk Olive"}]},{"@type":"WebSite","@id":"https:\/\/www.outdoors.ee\/#website","url":"https:\/\/www.outdoors.ee\/","name":"Outdoors","description":"Genuine military surplus and not only!","potentialAction":[{"@type":"SearchAction","target":{"@type":"EntryPoint","urlTemplate":"https:\/\/www.outdoors.ee\/?s={search_term_string}"},"query-input":{"@type":"PropertyValueSpecification","valueRequired":true,"valueName":"search_term_string"}}],"inLanguage":"et"}]}},"_links":{"self":[{"href":"https:\/\/www.outdoors.ee\/et\/wp-json\/wp\/v2\/product\/82444","targetHints":{"allow":["GET"]}}],"collection":[{"href":"https:\/\/www.outdoors.ee\/et\/wp-json\/wp\/v2\/product"}],"about":[{"href":"https:\/\/www.outdoors.ee\/et\/wp-json\/wp\/v2\/types\/product"}],"wp:featuredmedia":[{"embeddable":true,"href":"https:\/\/www.outdoors.ee\/et\/wp-json\/wp\/v2\/media\/82446"}],"wp:attachment":[{"href":"https:\/\/www.outdoors.ee\/et\/wp-json\/wp\/v2\/media?parent=82444"}],"wp:term":[{"taxonomy":"product_brand","embeddable":true,"href":"https:\/\/www.outdoors.ee\/et\/wp-json\/wp\/v2\/product_brand?post=82444"},{"taxonomy":"product_cat","embeddable":true,"href":"https:\/\/www.outdoors.ee\/et\/wp-json\/wp\/v2\/product_cat?post=82444"},{"taxonomy":"product_tag","embeddable":true,"href":"https:\/\/www.outdoors.ee\/et\/wp-json\/wp\/v2\/product_tag?post=82444"}],"curies":[{"name":"wp","href":"https:\/\/api.w.org\/{rel}","templated":true}]}}