{"id":82055,"date":"2023-04-06T11:10:30","date_gmt":"2023-04-06T08:10:30","guid":{"rendered":"https:\/\/www.outdoors.ee\/?post_type=product&#038;p=82055"},"modified":"2025-08-15T16:45:43","modified_gmt":"2025-08-15T13:45:43","slug":"pusa-einar-hoodie","status":"publish","type":"product","link":"https:\/\/www.outdoors.ee\/et\/toode\/pusa-einar-hoodie\/","title":{"rendered":"Ragnar Raids Pusa EINAR Hoodie"},"content":{"rendered":"<p><strong>Omadused:<\/strong><\/p>\n<ul>\n<li>sportlik ning elegantne disain<\/li>\n<li>toodetud hingavast pol\u00fcestrist elastaani sisaldusega, mis annab kangale mugava venivuse<\/li>\n<li>regleeritav kapuuts<\/li>\n<li>integreeritud torusall<\/li>\n<li>t\u00e4ispikkuses t\u00f5mbluku l\u00f5uakaitsmega<\/li>\n<li>sisemised taskud<\/li>\n<li>tugevdatud \u00f5mblused<\/li>\n<li>pehme ning &#8220;vaikne&#8221; takjapaneel vasakul k\u00e4isel Ragnar Raids logoga<\/li>\n<li>sisemised varrukapikendused k\u00e4ekella avaga<\/li>\n<li>k\u00fcljetaskud t\u00f5mblukkudega<\/li>\n<li>reguleeritav v\u00f6\u00f6koht<\/li>\n<li>materjal. Shell 1: 100% pol\u00fcester; Lining:\u00a0 100% pol\u00fcester. Lining 96% pol\u00fcester, 4% elastaan<\/li>\n<\/ul>\n<p><strong>Seisukord:<\/strong> uus<\/p>\n","protected":false},"excerpt":{"rendered":"<p>Ragnar Raids\u00ae kapuutsiga pusa EINAR Hoodie<\/p>\n","protected":false},"featured_media":82020,"template":"","meta":[],"product_brand":[],"product_cat":[101],"product_tag":[],"class_list":{"0":"post-82055","1":"product","2":"type-product","3":"status-publish","4":"has-post-thumbnail","6":"product_cat-joped-parkad","8":"first","9":"instock","10":"taxable","11":"shipping-taxable","12":"purchasable","13":"product-type-variable"},"yoast_head":"<!-- This site is optimized with the Yoast SEO plugin v27.2 - https:\/\/yoast.com\/product\/yoast-seo-wordpress\/ -->\n<title>Ragnar Raids Pusa EINAR Hoodie - Outdoors<\/title>\n<meta name=\"robots\" content=\"index, follow, max-snippet:-1, max-image-preview:large, max-video-preview:-1\" \/>\n<link rel=\"canonical\" href=\"https:\/\/www.outdoors.ee\/et\/toode\/pusa-einar-hoodie\/\" \/>\n<meta property=\"og:locale\" content=\"et_EE\" \/>\n<meta property=\"og:type\" content=\"article\" \/>\n<meta property=\"og:title\" content=\"Ragnar Raids Pusa EINAR Hoodie - Outdoors\" \/>\n<meta property=\"og:description\" content=\"Ragnar Raids\u00ae kapuutsiga pusa EINAR Hoodie\" \/>\n<meta property=\"og:url\" content=\"https:\/\/www.outdoors.ee\/et\/toode\/pusa-einar-hoodie\/\" \/>\n<meta property=\"og:site_name\" content=\"Outdoors\" \/>\n<meta property=\"article:modified_time\" content=\"2025-08-15T13:45:43+00:00\" \/>\n<meta property=\"og:image\" content=\"https:\/\/www.outdoors.ee\/wp-content\/uploads\/2023\/04\/Ragnar-Raids\u00ae-EINAR-Hoodie-2.png\" \/>\n\t<meta property=\"og:image:width\" content=\"810\" \/>\n\t<meta property=\"og:image:height\" content=\"1200\" \/>\n\t<meta property=\"og:image:type\" content=\"image\/png\" \/>\n<meta name=\"twitter:card\" content=\"summary_large_image\" \/>\n<meta name=\"twitter:label1\" content=\"Est. reading time\" \/>\n\t<meta name=\"twitter:data1\" content=\"1 minut\" \/>\n<script type=\"application\/ld+json\" class=\"yoast-schema-graph\">{\"@context\":\"https:\/\/schema.org\",\"@graph\":[{\"@type\":\"WebPage\",\"@id\":\"https:\/\/www.outdoors.ee\/et\/toode\/pusa-einar-hoodie\/\",\"url\":\"https:\/\/www.outdoors.ee\/et\/toode\/pusa-einar-hoodie\/\",\"name\":\"Ragnar Raids Pusa EINAR Hoodie - Outdoors\",\"isPartOf\":{\"@id\":\"https:\/\/www.outdoors.ee\/#website\"},\"primaryImageOfPage\":{\"@id\":\"https:\/\/www.outdoors.ee\/et\/toode\/pusa-einar-hoodie\/#primaryimage\"},\"image\":{\"@id\":\"https:\/\/www.outdoors.ee\/et\/toode\/pusa-einar-hoodie\/#primaryimage\"},\"thumbnailUrl\":\"https:\/\/www.outdoors.ee\/wp-content\/uploads\/2023\/04\/Ragnar-Raids\u00ae-EINAR-Hoodie-2.png\",\"datePublished\":\"2023-04-06T08:10:30+00:00\",\"dateModified\":\"2025-08-15T13:45:43+00:00\",\"breadcrumb\":{\"@id\":\"https:\/\/www.outdoors.ee\/et\/toode\/pusa-einar-hoodie\/#breadcrumb\"},\"inLanguage\":\"et\",\"potentialAction\":[{\"@type\":\"ReadAction\",\"target\":[\"https:\/\/www.outdoors.ee\/et\/toode\/pusa-einar-hoodie\/\"]}]},{\"@type\":\"ImageObject\",\"inLanguage\":\"et\",\"@id\":\"https:\/\/www.outdoors.ee\/et\/toode\/pusa-einar-hoodie\/#primaryimage\",\"url\":\"https:\/\/www.outdoors.ee\/wp-content\/uploads\/2023\/04\/Ragnar-Raids\u00ae-EINAR-Hoodie-2.png\",\"contentUrl\":\"https:\/\/www.outdoors.ee\/wp-content\/uploads\/2023\/04\/Ragnar-Raids\u00ae-EINAR-Hoodie-2.png\",\"width\":810,\"height\":1200},{\"@type\":\"BreadcrumbList\",\"@id\":\"https:\/\/www.outdoors.ee\/et\/toode\/pusa-einar-hoodie\/#breadcrumb\",\"itemListElement\":[{\"@type\":\"ListItem\",\"position\":1,\"name\":\"Home\",\"item\":\"https:\/\/www.outdoors.ee\/et\/\"},{\"@type\":\"ListItem\",\"position\":2,\"name\":\"Tooted\",\"item\":\"https:\/\/www.outdoors.ee\/products\/\"},{\"@type\":\"ListItem\",\"position\":3,\"name\":\"Ragnar Raids Pusa EINAR Hoodie\"}]},{\"@type\":\"WebSite\",\"@id\":\"https:\/\/www.outdoors.ee\/#website\",\"url\":\"https:\/\/www.outdoors.ee\/\",\"name\":\"Outdoors\",\"description\":\"Genuine military surplus and not only!\",\"potentialAction\":[{\"@type\":\"SearchAction\",\"target\":{\"@type\":\"EntryPoint\",\"urlTemplate\":\"https:\/\/www.outdoors.ee\/?s={search_term_string}\"},\"query-input\":{\"@type\":\"PropertyValueSpecification\",\"valueRequired\":true,\"valueName\":\"search_term_string\"}}],\"inLanguage\":\"et\"}]}<\/script>\n<!-- \/ Yoast SEO plugin. -->","yoast_head_json":{"title":"Ragnar Raids Pusa EINAR Hoodie - Outdoors","robots":{"index":"index","follow":"follow","max-snippet":"max-snippet:-1","max-image-preview":"max-image-preview:large","max-video-preview":"max-video-preview:-1"},"canonical":"https:\/\/www.outdoors.ee\/et\/toode\/pusa-einar-hoodie\/","og_locale":"et_EE","og_type":"article","og_title":"Ragnar Raids Pusa EINAR Hoodie - Outdoors","og_description":"Ragnar Raids\u00ae kapuutsiga pusa EINAR Hoodie","og_url":"https:\/\/www.outdoors.ee\/et\/toode\/pusa-einar-hoodie\/","og_site_name":"Outdoors","article_modified_time":"2025-08-15T13:45:43+00:00","og_image":[{"width":810,"height":1200,"url":"https:\/\/www.outdoors.ee\/wp-content\/uploads\/2023\/04\/Ragnar-Raids\u00ae-EINAR-Hoodie-2.png","type":"image\/png"}],"twitter_card":"summary_large_image","twitter_misc":{"Est. reading time":"1 minut"},"schema":{"@context":"https:\/\/schema.org","@graph":[{"@type":"WebPage","@id":"https:\/\/www.outdoors.ee\/et\/toode\/pusa-einar-hoodie\/","url":"https:\/\/www.outdoors.ee\/et\/toode\/pusa-einar-hoodie\/","name":"Ragnar Raids Pusa EINAR Hoodie - Outdoors","isPartOf":{"@id":"https:\/\/www.outdoors.ee\/#website"},"primaryImageOfPage":{"@id":"https:\/\/www.outdoors.ee\/et\/toode\/pusa-einar-hoodie\/#primaryimage"},"image":{"@id":"https:\/\/www.outdoors.ee\/et\/toode\/pusa-einar-hoodie\/#primaryimage"},"thumbnailUrl":"https:\/\/www.outdoors.ee\/wp-content\/uploads\/2023\/04\/Ragnar-Raids\u00ae-EINAR-Hoodie-2.png","datePublished":"2023-04-06T08:10:30+00:00","dateModified":"2025-08-15T13:45:43+00:00","breadcrumb":{"@id":"https:\/\/www.outdoors.ee\/et\/toode\/pusa-einar-hoodie\/#breadcrumb"},"inLanguage":"et","potentialAction":[{"@type":"ReadAction","target":["https:\/\/www.outdoors.ee\/et\/toode\/pusa-einar-hoodie\/"]}]},{"@type":"ImageObject","inLanguage":"et","@id":"https:\/\/www.outdoors.ee\/et\/toode\/pusa-einar-hoodie\/#primaryimage","url":"https:\/\/www.outdoors.ee\/wp-content\/uploads\/2023\/04\/Ragnar-Raids\u00ae-EINAR-Hoodie-2.png","contentUrl":"https:\/\/www.outdoors.ee\/wp-content\/uploads\/2023\/04\/Ragnar-Raids\u00ae-EINAR-Hoodie-2.png","width":810,"height":1200},{"@type":"BreadcrumbList","@id":"https:\/\/www.outdoors.ee\/et\/toode\/pusa-einar-hoodie\/#breadcrumb","itemListElement":[{"@type":"ListItem","position":1,"name":"Home","item":"https:\/\/www.outdoors.ee\/et\/"},{"@type":"ListItem","position":2,"name":"Tooted","item":"https:\/\/www.outdoors.ee\/products\/"},{"@type":"ListItem","position":3,"name":"Ragnar Raids Pusa EINAR Hoodie"}]},{"@type":"WebSite","@id":"https:\/\/www.outdoors.ee\/#website","url":"https:\/\/www.outdoors.ee\/","name":"Outdoors","description":"Genuine military surplus and not only!","potentialAction":[{"@type":"SearchAction","target":{"@type":"EntryPoint","urlTemplate":"https:\/\/www.outdoors.ee\/?s={search_term_string}"},"query-input":{"@type":"PropertyValueSpecification","valueRequired":true,"valueName":"search_term_string"}}],"inLanguage":"et"}]}},"_links":{"self":[{"href":"https:\/\/www.outdoors.ee\/et\/wp-json\/wp\/v2\/product\/82055","targetHints":{"allow":["GET"]}}],"collection":[{"href":"https:\/\/www.outdoors.ee\/et\/wp-json\/wp\/v2\/product"}],"about":[{"href":"https:\/\/www.outdoors.ee\/et\/wp-json\/wp\/v2\/types\/product"}],"wp:featuredmedia":[{"embeddable":true,"href":"https:\/\/www.outdoors.ee\/et\/wp-json\/wp\/v2\/media\/82020"}],"wp:attachment":[{"href":"https:\/\/www.outdoors.ee\/et\/wp-json\/wp\/v2\/media?parent=82055"}],"wp:term":[{"taxonomy":"product_brand","embeddable":true,"href":"https:\/\/www.outdoors.ee\/et\/wp-json\/wp\/v2\/product_brand?post=82055"},{"taxonomy":"product_cat","embeddable":true,"href":"https:\/\/www.outdoors.ee\/et\/wp-json\/wp\/v2\/product_cat?post=82055"},{"taxonomy":"product_tag","embeddable":true,"href":"https:\/\/www.outdoors.ee\/et\/wp-json\/wp\/v2\/product_tag?post=82055"}],"curies":[{"name":"wp","href":"https:\/\/api.w.org\/{rel}","templated":true}]}}