{"id":81893,"date":"2023-04-03T15:32:46","date_gmt":"2023-04-03T12:32:46","guid":{"rendered":"https:\/\/www.outdoors.ee\/?post_type=product&#038;p=81893"},"modified":"2025-08-15T16:43:42","modified_gmt":"2025-08-15T13:43:42","slug":"taktikalised-puksid-ragnarok-combat-pants","status":"publish","type":"product","link":"https:\/\/www.outdoors.ee\/et\/toode\/taktikalised-puksid-ragnarok-combat-pants\/","title":{"rendered":"Ragnar Raids taktikalised p\u00fcksid RAGNAR\u00d6K Combat Pants"},"content":{"rendered":"<p><strong>Omadused:<\/strong><\/p>\n<ul>\n<li>reguleeritav v\u00f6\u00f6koha laius takjapaela ribade abil m\u00f5lemal k\u00fcljel<\/li>\n<li>t\u00f5mbluku ning takjapaela abil eest suletavad<\/li>\n<li>sametilise materjaliga vooderdatud v\u00f6\u00f6koht<\/li>\n<li>60mm laiad p\u00fcksirihma aasad<\/li>\n<li>YKK\u00ae t\u00f5mblukud<\/li>\n<li>tugevdatud tasku\u00e4\u00e4red<\/li>\n<li>p\u00fckstel kokku 11 taskut, mis on ligip\u00e4\u00e4setavad ka plaadikandjaga seljas<\/li>\n<li>hingav. kiiresti kuivav, vastupidav, rebenemis- ning kulumiskindel materjal (R.T.F &#8211; Reinforced Technical Fabric)<\/li>\n<li>veniv kangas alaselja ning p\u00f5lvede piirkonnas liikumisvabaduse tagamiseks<\/li>\n<li>tugevdused p\u00f5lvede piirkonnas<\/li>\n<li>takjapaela abil suletavad p\u00f5lvekaitsmete taskud<\/li>\n<li>laiuse reguleerimine takjapaela riba abil p\u00f5lve piirkonnas ning alt<\/li>\n<li>metallist haak p\u00fckste kinnitamiseks saapapaelte k\u00fclge<\/li>\n<li>materjal. V\u00e4lismaterjal 1: 60% pol\u00fcester, 40% puuvill. 2: 90% nailon, 10% elastaan. 3: 100% nailon. Vooder: 100% pol\u00fcester<\/li>\n<\/ul>\n<p>NB! Suuruste tabel on lisatud viimase pildina<\/p>\n<p><strong>Seisukord:<\/strong> uus<\/p>\n","protected":false},"excerpt":{"rendered":"<p>Omadused: reguleeritav v\u00f6\u00f6koha laius takjapaela ribade abil m\u00f5lemal k\u00fcljel t\u00f5mbluku ning takjapaela abil eest suletavad sametilise materjaliga vooderdatud v\u00f6\u00f6koht 60mm<\/p>\n","protected":false},"featured_media":81860,"template":"","meta":[],"product_brand":[],"product_cat":[111],"product_tag":[],"class_list":{"0":"post-81893","1":"product","2":"type-product","3":"status-publish","4":"has-post-thumbnail","6":"product_cat-puksid","7":"pa_brand-ragnar-raids-2","8":"pa_color-coyote-2","9":"pa_color-olive-drab-2","10":"pa_size-42-2","11":"pa_size-44-2","12":"pa_size-46-2","13":"pa_size-48-2","15":"first","16":"instock","17":"taxable","18":"shipping-taxable","19":"purchasable","20":"product-type-variable"},"yoast_head":"<!-- This site is optimized with the Yoast SEO plugin v27.2 - https:\/\/yoast.com\/product\/yoast-seo-wordpress\/ -->\n<title>Ragnar Raids taktikalised p\u00fcksid RAGNAR\u00d6K Combat Pants - Outdoors<\/title>\n<meta name=\"robots\" content=\"index, follow, max-snippet:-1, max-image-preview:large, max-video-preview:-1\" \/>\n<link rel=\"canonical\" href=\"https:\/\/www.outdoors.ee\/et\/toode\/taktikalised-puksid-ragnarok-combat-pants\/\" \/>\n<meta property=\"og:locale\" content=\"et_EE\" \/>\n<meta property=\"og:type\" content=\"article\" \/>\n<meta property=\"og:title\" content=\"Ragnar Raids taktikalised p\u00fcksid RAGNAR\u00d6K Combat Pants - Outdoors\" \/>\n<meta property=\"og:description\" content=\"Omadused: reguleeritav v\u00f6\u00f6koha laius takjapaela ribade abil m\u00f5lemal k\u00fcljel t\u00f5mbluku ning takjapaela abil eest suletavad sametilise materjaliga vooderdatud v\u00f6\u00f6koht 60mm\" \/>\n<meta property=\"og:url\" content=\"https:\/\/www.outdoors.ee\/et\/toode\/taktikalised-puksid-ragnarok-combat-pants\/\" \/>\n<meta property=\"og:site_name\" content=\"Outdoors\" \/>\n<meta property=\"article:modified_time\" content=\"2025-08-15T13:43:42+00:00\" \/>\n<meta property=\"og:image\" content=\"https:\/\/www.outdoors.ee\/wp-content\/uploads\/2023\/04\/Ragnar-Raids\u00ae-RAGNAROK-Combat-Pants-2.png\" \/>\n\t<meta property=\"og:image:width\" content=\"579\" \/>\n\t<meta property=\"og:image:height\" content=\"1200\" \/>\n\t<meta property=\"og:image:type\" content=\"image\/png\" \/>\n<meta name=\"twitter:card\" content=\"summary_large_image\" \/>\n<meta name=\"twitter:label1\" content=\"Est. reading time\" \/>\n\t<meta name=\"twitter:data1\" content=\"1 minut\" \/>\n<script type=\"application\/ld+json\" class=\"yoast-schema-graph\">{\"@context\":\"https:\/\/schema.org\",\"@graph\":[{\"@type\":\"WebPage\",\"@id\":\"https:\/\/www.outdoors.ee\/et\/toode\/taktikalised-puksid-ragnarok-combat-pants\/\",\"url\":\"https:\/\/www.outdoors.ee\/et\/toode\/taktikalised-puksid-ragnarok-combat-pants\/\",\"name\":\"Ragnar Raids taktikalised p\u00fcksid RAGNAR\u00d6K Combat Pants - Outdoors\",\"isPartOf\":{\"@id\":\"https:\/\/www.outdoors.ee\/#website\"},\"primaryImageOfPage\":{\"@id\":\"https:\/\/www.outdoors.ee\/et\/toode\/taktikalised-puksid-ragnarok-combat-pants\/#primaryimage\"},\"image\":{\"@id\":\"https:\/\/www.outdoors.ee\/et\/toode\/taktikalised-puksid-ragnarok-combat-pants\/#primaryimage\"},\"thumbnailUrl\":\"https:\/\/www.outdoors.ee\/wp-content\/uploads\/2023\/04\/Ragnar-Raids\u00ae-RAGNAROK-Combat-Pants-2.png\",\"datePublished\":\"2023-04-03T12:32:46+00:00\",\"dateModified\":\"2025-08-15T13:43:42+00:00\",\"breadcrumb\":{\"@id\":\"https:\/\/www.outdoors.ee\/et\/toode\/taktikalised-puksid-ragnarok-combat-pants\/#breadcrumb\"},\"inLanguage\":\"et\",\"potentialAction\":[{\"@type\":\"ReadAction\",\"target\":[\"https:\/\/www.outdoors.ee\/et\/toode\/taktikalised-puksid-ragnarok-combat-pants\/\"]}]},{\"@type\":\"ImageObject\",\"inLanguage\":\"et\",\"@id\":\"https:\/\/www.outdoors.ee\/et\/toode\/taktikalised-puksid-ragnarok-combat-pants\/#primaryimage\",\"url\":\"https:\/\/www.outdoors.ee\/wp-content\/uploads\/2023\/04\/Ragnar-Raids\u00ae-RAGNAROK-Combat-Pants-2.png\",\"contentUrl\":\"https:\/\/www.outdoors.ee\/wp-content\/uploads\/2023\/04\/Ragnar-Raids\u00ae-RAGNAROK-Combat-Pants-2.png\",\"width\":579,\"height\":1200},{\"@type\":\"BreadcrumbList\",\"@id\":\"https:\/\/www.outdoors.ee\/et\/toode\/taktikalised-puksid-ragnarok-combat-pants\/#breadcrumb\",\"itemListElement\":[{\"@type\":\"ListItem\",\"position\":1,\"name\":\"Home\",\"item\":\"https:\/\/www.outdoors.ee\/et\/\"},{\"@type\":\"ListItem\",\"position\":2,\"name\":\"Tooted\",\"item\":\"https:\/\/www.outdoors.ee\/products\/\"},{\"@type\":\"ListItem\",\"position\":3,\"name\":\"Ragnar Raids taktikalised p\u00fcksid RAGNAR\u00d6K Combat Pants\"}]},{\"@type\":\"WebSite\",\"@id\":\"https:\/\/www.outdoors.ee\/#website\",\"url\":\"https:\/\/www.outdoors.ee\/\",\"name\":\"Outdoors\",\"description\":\"Genuine military surplus and not only!\",\"potentialAction\":[{\"@type\":\"SearchAction\",\"target\":{\"@type\":\"EntryPoint\",\"urlTemplate\":\"https:\/\/www.outdoors.ee\/?s={search_term_string}\"},\"query-input\":{\"@type\":\"PropertyValueSpecification\",\"valueRequired\":true,\"valueName\":\"search_term_string\"}}],\"inLanguage\":\"et\"}]}<\/script>\n<!-- \/ Yoast SEO plugin. -->","yoast_head_json":{"title":"Ragnar Raids taktikalised p\u00fcksid RAGNAR\u00d6K Combat Pants - Outdoors","robots":{"index":"index","follow":"follow","max-snippet":"max-snippet:-1","max-image-preview":"max-image-preview:large","max-video-preview":"max-video-preview:-1"},"canonical":"https:\/\/www.outdoors.ee\/et\/toode\/taktikalised-puksid-ragnarok-combat-pants\/","og_locale":"et_EE","og_type":"article","og_title":"Ragnar Raids taktikalised p\u00fcksid RAGNAR\u00d6K Combat Pants - Outdoors","og_description":"Omadused: reguleeritav v\u00f6\u00f6koha laius takjapaela ribade abil m\u00f5lemal k\u00fcljel t\u00f5mbluku ning takjapaela abil eest suletavad sametilise materjaliga vooderdatud v\u00f6\u00f6koht 60mm","og_url":"https:\/\/www.outdoors.ee\/et\/toode\/taktikalised-puksid-ragnarok-combat-pants\/","og_site_name":"Outdoors","article_modified_time":"2025-08-15T13:43:42+00:00","og_image":[{"width":579,"height":1200,"url":"https:\/\/www.outdoors.ee\/wp-content\/uploads\/2023\/04\/Ragnar-Raids\u00ae-RAGNAROK-Combat-Pants-2.png","type":"image\/png"}],"twitter_card":"summary_large_image","twitter_misc":{"Est. reading time":"1 minut"},"schema":{"@context":"https:\/\/schema.org","@graph":[{"@type":"WebPage","@id":"https:\/\/www.outdoors.ee\/et\/toode\/taktikalised-puksid-ragnarok-combat-pants\/","url":"https:\/\/www.outdoors.ee\/et\/toode\/taktikalised-puksid-ragnarok-combat-pants\/","name":"Ragnar Raids taktikalised p\u00fcksid RAGNAR\u00d6K Combat Pants - Outdoors","isPartOf":{"@id":"https:\/\/www.outdoors.ee\/#website"},"primaryImageOfPage":{"@id":"https:\/\/www.outdoors.ee\/et\/toode\/taktikalised-puksid-ragnarok-combat-pants\/#primaryimage"},"image":{"@id":"https:\/\/www.outdoors.ee\/et\/toode\/taktikalised-puksid-ragnarok-combat-pants\/#primaryimage"},"thumbnailUrl":"https:\/\/www.outdoors.ee\/wp-content\/uploads\/2023\/04\/Ragnar-Raids\u00ae-RAGNAROK-Combat-Pants-2.png","datePublished":"2023-04-03T12:32:46+00:00","dateModified":"2025-08-15T13:43:42+00:00","breadcrumb":{"@id":"https:\/\/www.outdoors.ee\/et\/toode\/taktikalised-puksid-ragnarok-combat-pants\/#breadcrumb"},"inLanguage":"et","potentialAction":[{"@type":"ReadAction","target":["https:\/\/www.outdoors.ee\/et\/toode\/taktikalised-puksid-ragnarok-combat-pants\/"]}]},{"@type":"ImageObject","inLanguage":"et","@id":"https:\/\/www.outdoors.ee\/et\/toode\/taktikalised-puksid-ragnarok-combat-pants\/#primaryimage","url":"https:\/\/www.outdoors.ee\/wp-content\/uploads\/2023\/04\/Ragnar-Raids\u00ae-RAGNAROK-Combat-Pants-2.png","contentUrl":"https:\/\/www.outdoors.ee\/wp-content\/uploads\/2023\/04\/Ragnar-Raids\u00ae-RAGNAROK-Combat-Pants-2.png","width":579,"height":1200},{"@type":"BreadcrumbList","@id":"https:\/\/www.outdoors.ee\/et\/toode\/taktikalised-puksid-ragnarok-combat-pants\/#breadcrumb","itemListElement":[{"@type":"ListItem","position":1,"name":"Home","item":"https:\/\/www.outdoors.ee\/et\/"},{"@type":"ListItem","position":2,"name":"Tooted","item":"https:\/\/www.outdoors.ee\/products\/"},{"@type":"ListItem","position":3,"name":"Ragnar Raids taktikalised p\u00fcksid RAGNAR\u00d6K Combat Pants"}]},{"@type":"WebSite","@id":"https:\/\/www.outdoors.ee\/#website","url":"https:\/\/www.outdoors.ee\/","name":"Outdoors","description":"Genuine military surplus and not only!","potentialAction":[{"@type":"SearchAction","target":{"@type":"EntryPoint","urlTemplate":"https:\/\/www.outdoors.ee\/?s={search_term_string}"},"query-input":{"@type":"PropertyValueSpecification","valueRequired":true,"valueName":"search_term_string"}}],"inLanguage":"et"}]}},"_links":{"self":[{"href":"https:\/\/www.outdoors.ee\/et\/wp-json\/wp\/v2\/product\/81893","targetHints":{"allow":["GET"]}}],"collection":[{"href":"https:\/\/www.outdoors.ee\/et\/wp-json\/wp\/v2\/product"}],"about":[{"href":"https:\/\/www.outdoors.ee\/et\/wp-json\/wp\/v2\/types\/product"}],"wp:featuredmedia":[{"embeddable":true,"href":"https:\/\/www.outdoors.ee\/et\/wp-json\/wp\/v2\/media\/81860"}],"wp:attachment":[{"href":"https:\/\/www.outdoors.ee\/et\/wp-json\/wp\/v2\/media?parent=81893"}],"wp:term":[{"taxonomy":"product_brand","embeddable":true,"href":"https:\/\/www.outdoors.ee\/et\/wp-json\/wp\/v2\/product_brand?post=81893"},{"taxonomy":"product_cat","embeddable":true,"href":"https:\/\/www.outdoors.ee\/et\/wp-json\/wp\/v2\/product_cat?post=81893"},{"taxonomy":"product_tag","embeddable":true,"href":"https:\/\/www.outdoors.ee\/et\/wp-json\/wp\/v2\/product_tag?post=81893"}],"curies":[{"name":"wp","href":"https:\/\/api.w.org\/{rel}","templated":true}]}}