{"id":81628,"date":"2023-03-24T10:49:35","date_gmt":"2023-03-24T08:49:35","guid":{"rendered":"https:\/\/www.outdoors.ee\/?post_type=product&#038;p=81628"},"modified":"2026-04-21T10:06:48","modified_gmt":"2026-04-21T07:06:48","slug":"nuga-morakniv-companion-s","status":"publish","type":"product","link":"https:\/\/www.outdoors.ee\/et\/toode\/nuga-morakniv-companion-s\/","title":{"rendered":"Nuga Morakniv\u00ae Companion (S)"},"content":{"rendered":"<p>Vastupidav ja multifunktsionaalne nuga ergonoomilise plastikpol\u00fcmeerist k\u00e4epidemega.<\/p>\n<p><strong>Omadused:<\/strong><\/p>\n<ul>\n<li class=\"attribute-item\">Tera pikkus: 104 mm<\/li>\n<li>Tera paksus: 2,5 mm<\/li>\n<li>Tera materjal: \u00fcmbert\u00f6\u00f6deldud Rootsi roostevaba teras<\/li>\n<li class=\"attribute-item\">K\u00e4epideme materjal: TPE-kumm<\/li>\n<li>Vutlari materjal: plastik<\/li>\n<li class=\"attribute-item\">Noa pikkus: 219 mm<\/li>\n<li>Kogu pikkus: 233 mm<\/li>\n<li class=\"attribute-item\">Kaal 117 g<\/li>\n<\/ul>\n<p><strong>Seisukord:<\/strong> uus<\/p>\n","protected":false},"excerpt":{"rendered":"<p>Vastupidav ja multifunktsionaalne nuga ergonoomilise plastikpol\u00fcmeerist k\u00e4epidemega. Omadused: Tera pikkus: 104 mm Tera paksus: 2,5 mm Tera materjal: \u00fcmbert\u00f6\u00f6deldud Rootsi<\/p>\n","protected":false},"featured_media":81630,"template":"","meta":[],"product_brand":[],"product_cat":[149],"product_tag":[],"class_list":{"0":"post-81628","1":"product","2":"type-product","3":"status-publish","4":"has-post-thumbnail","6":"product_cat-taktikaline-varustus","7":"pa_brand-morakniv-2","8":"pa_color-black-2","9":"pa_color-olive-green-2","11":"first","12":"instock","13":"taxable","14":"shipping-taxable","15":"purchasable","16":"product-type-variable"},"yoast_head":"<!-- This site is optimized with the Yoast SEO plugin v27.2 - https:\/\/yoast.com\/product\/yoast-seo-wordpress\/ -->\n<title>Nuga Morakniv\u00ae Companion (S) - Outdoors<\/title>\n<meta name=\"robots\" content=\"index, follow, max-snippet:-1, max-image-preview:large, max-video-preview:-1\" \/>\n<link rel=\"canonical\" href=\"https:\/\/www.outdoors.ee\/et\/toode\/nuga-morakniv-companion-s\/\" \/>\n<meta property=\"og:locale\" content=\"et_EE\" \/>\n<meta property=\"og:type\" content=\"article\" \/>\n<meta property=\"og:title\" content=\"Nuga Morakniv\u00ae Companion (S) - Outdoors\" \/>\n<meta property=\"og:description\" content=\"Vastupidav ja multifunktsionaalne nuga ergonoomilise plastikpol\u00fcmeerist k\u00e4epidemega. Omadused: Tera pikkus: 104 mm Tera paksus: 2,5 mm Tera materjal: \u00fcmbert\u00f6\u00f6deldud Rootsi\" \/>\n<meta property=\"og:url\" content=\"https:\/\/www.outdoors.ee\/et\/toode\/nuga-morakniv-companion-s\/\" \/>\n<meta property=\"og:site_name\" content=\"Outdoors\" \/>\n<meta property=\"article:modified_time\" content=\"2026-04-21T07:06:48+00:00\" \/>\n<meta property=\"og:image\" content=\"https:\/\/www.outdoors.ee\/wp-content\/uploads\/2023\/03\/Morakniv\u00ae-Companion-S-Black.jpg\" \/>\n\t<meta property=\"og:image:width\" content=\"1500\" \/>\n\t<meta property=\"og:image:height\" content=\"1500\" \/>\n\t<meta property=\"og:image:type\" content=\"image\/jpeg\" \/>\n<meta name=\"twitter:card\" content=\"summary_large_image\" \/>\n<meta name=\"twitter:label1\" content=\"Est. reading time\" \/>\n\t<meta name=\"twitter:data1\" content=\"1 minut\" \/>\n<script type=\"application\/ld+json\" class=\"yoast-schema-graph\">{\"@context\":\"https:\/\/schema.org\",\"@graph\":[{\"@type\":\"WebPage\",\"@id\":\"https:\/\/www.outdoors.ee\/et\/toode\/nuga-morakniv-companion-s\/\",\"url\":\"https:\/\/www.outdoors.ee\/et\/toode\/nuga-morakniv-companion-s\/\",\"name\":\"Nuga Morakniv\u00ae Companion (S) - Outdoors\",\"isPartOf\":{\"@id\":\"https:\/\/www.outdoors.ee\/#website\"},\"primaryImageOfPage\":{\"@id\":\"https:\/\/www.outdoors.ee\/et\/toode\/nuga-morakniv-companion-s\/#primaryimage\"},\"image\":{\"@id\":\"https:\/\/www.outdoors.ee\/et\/toode\/nuga-morakniv-companion-s\/#primaryimage\"},\"thumbnailUrl\":\"https:\/\/www.outdoors.ee\/wp-content\/uploads\/2023\/03\/Morakniv\u00ae-Companion-S-Black.jpg\",\"datePublished\":\"2023-03-24T08:49:35+00:00\",\"dateModified\":\"2026-04-21T07:06:48+00:00\",\"breadcrumb\":{\"@id\":\"https:\/\/www.outdoors.ee\/et\/toode\/nuga-morakniv-companion-s\/#breadcrumb\"},\"inLanguage\":\"et\",\"potentialAction\":[{\"@type\":\"ReadAction\",\"target\":[\"https:\/\/www.outdoors.ee\/et\/toode\/nuga-morakniv-companion-s\/\"]}]},{\"@type\":\"ImageObject\",\"inLanguage\":\"et\",\"@id\":\"https:\/\/www.outdoors.ee\/et\/toode\/nuga-morakniv-companion-s\/#primaryimage\",\"url\":\"https:\/\/www.outdoors.ee\/wp-content\/uploads\/2023\/03\/Morakniv\u00ae-Companion-S-Black.jpg\",\"contentUrl\":\"https:\/\/www.outdoors.ee\/wp-content\/uploads\/2023\/03\/Morakniv\u00ae-Companion-S-Black.jpg\",\"width\":1500,\"height\":1500},{\"@type\":\"BreadcrumbList\",\"@id\":\"https:\/\/www.outdoors.ee\/et\/toode\/nuga-morakniv-companion-s\/#breadcrumb\",\"itemListElement\":[{\"@type\":\"ListItem\",\"position\":1,\"name\":\"Home\",\"item\":\"https:\/\/www.outdoors.ee\/et\/\"},{\"@type\":\"ListItem\",\"position\":2,\"name\":\"Tooted\",\"item\":\"https:\/\/www.outdoors.ee\/products\/\"},{\"@type\":\"ListItem\",\"position\":3,\"name\":\"Nuga Morakniv\u00ae Companion (S)\"}]},{\"@type\":\"WebSite\",\"@id\":\"https:\/\/www.outdoors.ee\/#website\",\"url\":\"https:\/\/www.outdoors.ee\/\",\"name\":\"Outdoors\",\"description\":\"Genuine military surplus and not only!\",\"potentialAction\":[{\"@type\":\"SearchAction\",\"target\":{\"@type\":\"EntryPoint\",\"urlTemplate\":\"https:\/\/www.outdoors.ee\/?s={search_term_string}\"},\"query-input\":{\"@type\":\"PropertyValueSpecification\",\"valueRequired\":true,\"valueName\":\"search_term_string\"}}],\"inLanguage\":\"et\"}]}<\/script>\n<!-- \/ Yoast SEO plugin. -->","yoast_head_json":{"title":"Nuga Morakniv\u00ae Companion (S) - Outdoors","robots":{"index":"index","follow":"follow","max-snippet":"max-snippet:-1","max-image-preview":"max-image-preview:large","max-video-preview":"max-video-preview:-1"},"canonical":"https:\/\/www.outdoors.ee\/et\/toode\/nuga-morakniv-companion-s\/","og_locale":"et_EE","og_type":"article","og_title":"Nuga Morakniv\u00ae Companion (S) - Outdoors","og_description":"Vastupidav ja multifunktsionaalne nuga ergonoomilise plastikpol\u00fcmeerist k\u00e4epidemega. Omadused: Tera pikkus: 104 mm Tera paksus: 2,5 mm Tera materjal: \u00fcmbert\u00f6\u00f6deldud Rootsi","og_url":"https:\/\/www.outdoors.ee\/et\/toode\/nuga-morakniv-companion-s\/","og_site_name":"Outdoors","article_modified_time":"2026-04-21T07:06:48+00:00","og_image":[{"width":1500,"height":1500,"url":"https:\/\/www.outdoors.ee\/wp-content\/uploads\/2023\/03\/Morakniv\u00ae-Companion-S-Black.jpg","type":"image\/jpeg"}],"twitter_card":"summary_large_image","twitter_misc":{"Est. reading time":"1 minut"},"schema":{"@context":"https:\/\/schema.org","@graph":[{"@type":"WebPage","@id":"https:\/\/www.outdoors.ee\/et\/toode\/nuga-morakniv-companion-s\/","url":"https:\/\/www.outdoors.ee\/et\/toode\/nuga-morakniv-companion-s\/","name":"Nuga Morakniv\u00ae Companion (S) - Outdoors","isPartOf":{"@id":"https:\/\/www.outdoors.ee\/#website"},"primaryImageOfPage":{"@id":"https:\/\/www.outdoors.ee\/et\/toode\/nuga-morakniv-companion-s\/#primaryimage"},"image":{"@id":"https:\/\/www.outdoors.ee\/et\/toode\/nuga-morakniv-companion-s\/#primaryimage"},"thumbnailUrl":"https:\/\/www.outdoors.ee\/wp-content\/uploads\/2023\/03\/Morakniv\u00ae-Companion-S-Black.jpg","datePublished":"2023-03-24T08:49:35+00:00","dateModified":"2026-04-21T07:06:48+00:00","breadcrumb":{"@id":"https:\/\/www.outdoors.ee\/et\/toode\/nuga-morakniv-companion-s\/#breadcrumb"},"inLanguage":"et","potentialAction":[{"@type":"ReadAction","target":["https:\/\/www.outdoors.ee\/et\/toode\/nuga-morakniv-companion-s\/"]}]},{"@type":"ImageObject","inLanguage":"et","@id":"https:\/\/www.outdoors.ee\/et\/toode\/nuga-morakniv-companion-s\/#primaryimage","url":"https:\/\/www.outdoors.ee\/wp-content\/uploads\/2023\/03\/Morakniv\u00ae-Companion-S-Black.jpg","contentUrl":"https:\/\/www.outdoors.ee\/wp-content\/uploads\/2023\/03\/Morakniv\u00ae-Companion-S-Black.jpg","width":1500,"height":1500},{"@type":"BreadcrumbList","@id":"https:\/\/www.outdoors.ee\/et\/toode\/nuga-morakniv-companion-s\/#breadcrumb","itemListElement":[{"@type":"ListItem","position":1,"name":"Home","item":"https:\/\/www.outdoors.ee\/et\/"},{"@type":"ListItem","position":2,"name":"Tooted","item":"https:\/\/www.outdoors.ee\/products\/"},{"@type":"ListItem","position":3,"name":"Nuga Morakniv\u00ae Companion (S)"}]},{"@type":"WebSite","@id":"https:\/\/www.outdoors.ee\/#website","url":"https:\/\/www.outdoors.ee\/","name":"Outdoors","description":"Genuine military surplus and not only!","potentialAction":[{"@type":"SearchAction","target":{"@type":"EntryPoint","urlTemplate":"https:\/\/www.outdoors.ee\/?s={search_term_string}"},"query-input":{"@type":"PropertyValueSpecification","valueRequired":true,"valueName":"search_term_string"}}],"inLanguage":"et"}]}},"_links":{"self":[{"href":"https:\/\/www.outdoors.ee\/et\/wp-json\/wp\/v2\/product\/81628","targetHints":{"allow":["GET"]}}],"collection":[{"href":"https:\/\/www.outdoors.ee\/et\/wp-json\/wp\/v2\/product"}],"about":[{"href":"https:\/\/www.outdoors.ee\/et\/wp-json\/wp\/v2\/types\/product"}],"wp:featuredmedia":[{"embeddable":true,"href":"https:\/\/www.outdoors.ee\/et\/wp-json\/wp\/v2\/media\/81630"}],"wp:attachment":[{"href":"https:\/\/www.outdoors.ee\/et\/wp-json\/wp\/v2\/media?parent=81628"}],"wp:term":[{"taxonomy":"product_brand","embeddable":true,"href":"https:\/\/www.outdoors.ee\/et\/wp-json\/wp\/v2\/product_brand?post=81628"},{"taxonomy":"product_cat","embeddable":true,"href":"https:\/\/www.outdoors.ee\/et\/wp-json\/wp\/v2\/product_cat?post=81628"},{"taxonomy":"product_tag","embeddable":true,"href":"https:\/\/www.outdoors.ee\/et\/wp-json\/wp\/v2\/product_tag?post=81628"}],"curies":[{"name":"wp","href":"https:\/\/api.w.org\/{rel}","templated":true}]}}