{"id":81586,"date":"2023-03-23T10:30:29","date_gmt":"2023-03-23T08:30:29","guid":{"rendered":"https:\/\/www.outdoors.ee\/?post_type=product&#038;p=81586"},"modified":"2025-08-16T17:07:27","modified_gmt":"2025-08-16T14:07:27","slug":"rakmed-tempest-chest-rig","status":"publish","type":"product","link":"https:\/\/www.outdoors.ee\/et\/toode\/rakmed-tempest-chest-rig\/","title":{"rendered":"Direct Action\u00ae rakmed TEMPEST Chest Rig"},"content":{"rendered":"<p><strong>Omadused:<\/strong><\/p>\n<ul>\n<li>materjal: laser-cut laminaat, Cordura\u00ae 500D ja softshell<\/li>\n<li>integreeritud salvetaskud, mahutavad: 8 x AR, 4 x AK v\u00f5i 4 x SR t\u00fc\u00fcpi salve<\/li>\n<li>PALS kinnitused salvetaskutel ning k\u00fclgedel<\/li>\n<li>madala profiiliga, reguleeritava suurusega<\/li>\n<li>saab kasutada ka koos plaadikandjaga<\/li>\n<li>integreeritud kande\/t\u00f5mbesangaga taga<\/li>\n<li>lapikud sisemised taskud m\u00f5lemas osas<\/li>\n<li>antennikinnitused<\/li>\n<li>\u00fcks suurus<\/li>\n<li>kaal 530g<\/li>\n<li>m\u00f5\u00f5dud: 15,2 x 45,7 cm \/ 6 x 18 in<\/li>\n<li>toodetud Poolas<\/li>\n<\/ul>\n<p><strong>Seisukord:<\/strong> uus<\/p>\n","protected":false},"excerpt":{"rendered":"<p>Omadused: materjal: laser-cut laminaat, Cordura\u00ae 500D ja softshell integreeritud salvetaskud, mahutavad: 8 x AR, 4 x AK v\u00f5i 4 x<\/p>\n","protected":false},"featured_media":85277,"template":"","meta":[],"product_brand":[],"product_cat":[149],"product_tag":[],"class_list":{"0":"post-81586","1":"product","2":"type-product","3":"status-publish","4":"has-post-thumbnail","6":"product_cat-taktikaline-varustus","7":"pa_brand-direct-action-2","8":"pa_color-adaptive-green-2","9":"pa_color-multicam-2","11":"first","12":"instock","13":"taxable","14":"shipping-taxable","15":"purchasable","16":"product-type-variable"},"yoast_head":"<!-- This site is optimized with the Yoast SEO plugin v27.2 - https:\/\/yoast.com\/product\/yoast-seo-wordpress\/ -->\n<title>Direct Action\u00ae rakmed TEMPEST Chest Rig - Outdoors<\/title>\n<meta name=\"robots\" content=\"index, follow, max-snippet:-1, max-image-preview:large, max-video-preview:-1\" \/>\n<link rel=\"canonical\" href=\"https:\/\/www.outdoors.ee\/et\/toode\/rakmed-tempest-chest-rig\/\" \/>\n<meta property=\"og:locale\" content=\"et_EE\" \/>\n<meta property=\"og:type\" content=\"article\" \/>\n<meta property=\"og:title\" content=\"Direct Action\u00ae rakmed TEMPEST Chest Rig - Outdoors\" \/>\n<meta property=\"og:description\" content=\"Omadused: materjal: laser-cut laminaat, Cordura\u00ae 500D ja softshell integreeritud salvetaskud, mahutavad: 8 x AR, 4 x AK v\u00f5i 4 x\" \/>\n<meta property=\"og:url\" content=\"https:\/\/www.outdoors.ee\/et\/toode\/rakmed-tempest-chest-rig\/\" \/>\n<meta property=\"og:site_name\" content=\"Outdoors\" \/>\n<meta property=\"article:modified_time\" content=\"2025-08-16T14:07:27+00:00\" \/>\n<meta property=\"og:image\" content=\"https:\/\/www.outdoors.ee\/wp-content\/uploads\/2023\/03\/Direct-Action\u00ae-TEMPEST-Chest-Rig-MultiCam.jpg\" \/>\n\t<meta property=\"og:image:width\" content=\"1500\" \/>\n\t<meta property=\"og:image:height\" content=\"1500\" \/>\n\t<meta property=\"og:image:type\" content=\"image\/jpeg\" \/>\n<meta name=\"twitter:card\" content=\"summary_large_image\" \/>\n<meta name=\"twitter:label1\" content=\"Est. reading time\" \/>\n\t<meta name=\"twitter:data1\" content=\"1 minut\" \/>\n<script type=\"application\/ld+json\" class=\"yoast-schema-graph\">{\"@context\":\"https:\/\/schema.org\",\"@graph\":[{\"@type\":\"WebPage\",\"@id\":\"https:\/\/www.outdoors.ee\/et\/toode\/rakmed-tempest-chest-rig\/\",\"url\":\"https:\/\/www.outdoors.ee\/et\/toode\/rakmed-tempest-chest-rig\/\",\"name\":\"Direct Action\u00ae rakmed TEMPEST Chest Rig - Outdoors\",\"isPartOf\":{\"@id\":\"https:\/\/www.outdoors.ee\/#website\"},\"primaryImageOfPage\":{\"@id\":\"https:\/\/www.outdoors.ee\/et\/toode\/rakmed-tempest-chest-rig\/#primaryimage\"},\"image\":{\"@id\":\"https:\/\/www.outdoors.ee\/et\/toode\/rakmed-tempest-chest-rig\/#primaryimage\"},\"thumbnailUrl\":\"https:\/\/www.outdoors.ee\/wp-content\/uploads\/2023\/03\/Direct-Action\u00ae-TEMPEST-Chest-Rig-MultiCam.jpg\",\"datePublished\":\"2023-03-23T08:30:29+00:00\",\"dateModified\":\"2025-08-16T14:07:27+00:00\",\"breadcrumb\":{\"@id\":\"https:\/\/www.outdoors.ee\/et\/toode\/rakmed-tempest-chest-rig\/#breadcrumb\"},\"inLanguage\":\"et\",\"potentialAction\":[{\"@type\":\"ReadAction\",\"target\":[\"https:\/\/www.outdoors.ee\/et\/toode\/rakmed-tempest-chest-rig\/\"]}]},{\"@type\":\"ImageObject\",\"inLanguage\":\"et\",\"@id\":\"https:\/\/www.outdoors.ee\/et\/toode\/rakmed-tempest-chest-rig\/#primaryimage\",\"url\":\"https:\/\/www.outdoors.ee\/wp-content\/uploads\/2023\/03\/Direct-Action\u00ae-TEMPEST-Chest-Rig-MultiCam.jpg\",\"contentUrl\":\"https:\/\/www.outdoors.ee\/wp-content\/uploads\/2023\/03\/Direct-Action\u00ae-TEMPEST-Chest-Rig-MultiCam.jpg\",\"width\":1500,\"height\":1500},{\"@type\":\"BreadcrumbList\",\"@id\":\"https:\/\/www.outdoors.ee\/et\/toode\/rakmed-tempest-chest-rig\/#breadcrumb\",\"itemListElement\":[{\"@type\":\"ListItem\",\"position\":1,\"name\":\"Home\",\"item\":\"https:\/\/www.outdoors.ee\/et\/\"},{\"@type\":\"ListItem\",\"position\":2,\"name\":\"Tooted\",\"item\":\"https:\/\/www.outdoors.ee\/products\/\"},{\"@type\":\"ListItem\",\"position\":3,\"name\":\"Direct Action\u00ae rakmed TEMPEST Chest Rig\"}]},{\"@type\":\"WebSite\",\"@id\":\"https:\/\/www.outdoors.ee\/#website\",\"url\":\"https:\/\/www.outdoors.ee\/\",\"name\":\"Outdoors\",\"description\":\"Genuine military surplus and not only!\",\"potentialAction\":[{\"@type\":\"SearchAction\",\"target\":{\"@type\":\"EntryPoint\",\"urlTemplate\":\"https:\/\/www.outdoors.ee\/?s={search_term_string}\"},\"query-input\":{\"@type\":\"PropertyValueSpecification\",\"valueRequired\":true,\"valueName\":\"search_term_string\"}}],\"inLanguage\":\"et\"}]}<\/script>\n<!-- \/ Yoast SEO plugin. -->","yoast_head_json":{"title":"Direct Action\u00ae rakmed TEMPEST Chest Rig - Outdoors","robots":{"index":"index","follow":"follow","max-snippet":"max-snippet:-1","max-image-preview":"max-image-preview:large","max-video-preview":"max-video-preview:-1"},"canonical":"https:\/\/www.outdoors.ee\/et\/toode\/rakmed-tempest-chest-rig\/","og_locale":"et_EE","og_type":"article","og_title":"Direct Action\u00ae rakmed TEMPEST Chest Rig - Outdoors","og_description":"Omadused: materjal: laser-cut laminaat, Cordura\u00ae 500D ja softshell integreeritud salvetaskud, mahutavad: 8 x AR, 4 x AK v\u00f5i 4 x","og_url":"https:\/\/www.outdoors.ee\/et\/toode\/rakmed-tempest-chest-rig\/","og_site_name":"Outdoors","article_modified_time":"2025-08-16T14:07:27+00:00","og_image":[{"width":1500,"height":1500,"url":"https:\/\/www.outdoors.ee\/wp-content\/uploads\/2023\/03\/Direct-Action\u00ae-TEMPEST-Chest-Rig-MultiCam.jpg","type":"image\/jpeg"}],"twitter_card":"summary_large_image","twitter_misc":{"Est. reading time":"1 minut"},"schema":{"@context":"https:\/\/schema.org","@graph":[{"@type":"WebPage","@id":"https:\/\/www.outdoors.ee\/et\/toode\/rakmed-tempest-chest-rig\/","url":"https:\/\/www.outdoors.ee\/et\/toode\/rakmed-tempest-chest-rig\/","name":"Direct Action\u00ae rakmed TEMPEST Chest Rig - Outdoors","isPartOf":{"@id":"https:\/\/www.outdoors.ee\/#website"},"primaryImageOfPage":{"@id":"https:\/\/www.outdoors.ee\/et\/toode\/rakmed-tempest-chest-rig\/#primaryimage"},"image":{"@id":"https:\/\/www.outdoors.ee\/et\/toode\/rakmed-tempest-chest-rig\/#primaryimage"},"thumbnailUrl":"https:\/\/www.outdoors.ee\/wp-content\/uploads\/2023\/03\/Direct-Action\u00ae-TEMPEST-Chest-Rig-MultiCam.jpg","datePublished":"2023-03-23T08:30:29+00:00","dateModified":"2025-08-16T14:07:27+00:00","breadcrumb":{"@id":"https:\/\/www.outdoors.ee\/et\/toode\/rakmed-tempest-chest-rig\/#breadcrumb"},"inLanguage":"et","potentialAction":[{"@type":"ReadAction","target":["https:\/\/www.outdoors.ee\/et\/toode\/rakmed-tempest-chest-rig\/"]}]},{"@type":"ImageObject","inLanguage":"et","@id":"https:\/\/www.outdoors.ee\/et\/toode\/rakmed-tempest-chest-rig\/#primaryimage","url":"https:\/\/www.outdoors.ee\/wp-content\/uploads\/2023\/03\/Direct-Action\u00ae-TEMPEST-Chest-Rig-MultiCam.jpg","contentUrl":"https:\/\/www.outdoors.ee\/wp-content\/uploads\/2023\/03\/Direct-Action\u00ae-TEMPEST-Chest-Rig-MultiCam.jpg","width":1500,"height":1500},{"@type":"BreadcrumbList","@id":"https:\/\/www.outdoors.ee\/et\/toode\/rakmed-tempest-chest-rig\/#breadcrumb","itemListElement":[{"@type":"ListItem","position":1,"name":"Home","item":"https:\/\/www.outdoors.ee\/et\/"},{"@type":"ListItem","position":2,"name":"Tooted","item":"https:\/\/www.outdoors.ee\/products\/"},{"@type":"ListItem","position":3,"name":"Direct Action\u00ae rakmed TEMPEST Chest Rig"}]},{"@type":"WebSite","@id":"https:\/\/www.outdoors.ee\/#website","url":"https:\/\/www.outdoors.ee\/","name":"Outdoors","description":"Genuine military surplus and not only!","potentialAction":[{"@type":"SearchAction","target":{"@type":"EntryPoint","urlTemplate":"https:\/\/www.outdoors.ee\/?s={search_term_string}"},"query-input":{"@type":"PropertyValueSpecification","valueRequired":true,"valueName":"search_term_string"}}],"inLanguage":"et"}]}},"_links":{"self":[{"href":"https:\/\/www.outdoors.ee\/et\/wp-json\/wp\/v2\/product\/81586","targetHints":{"allow":["GET"]}}],"collection":[{"href":"https:\/\/www.outdoors.ee\/et\/wp-json\/wp\/v2\/product"}],"about":[{"href":"https:\/\/www.outdoors.ee\/et\/wp-json\/wp\/v2\/types\/product"}],"wp:featuredmedia":[{"embeddable":true,"href":"https:\/\/www.outdoors.ee\/et\/wp-json\/wp\/v2\/media\/85277"}],"wp:attachment":[{"href":"https:\/\/www.outdoors.ee\/et\/wp-json\/wp\/v2\/media?parent=81586"}],"wp:term":[{"taxonomy":"product_brand","embeddable":true,"href":"https:\/\/www.outdoors.ee\/et\/wp-json\/wp\/v2\/product_brand?post=81586"},{"taxonomy":"product_cat","embeddable":true,"href":"https:\/\/www.outdoors.ee\/et\/wp-json\/wp\/v2\/product_cat?post=81586"},{"taxonomy":"product_tag","embeddable":true,"href":"https:\/\/www.outdoors.ee\/et\/wp-json\/wp\/v2\/product_tag?post=81586"}],"curies":[{"name":"wp","href":"https:\/\/api.w.org\/{rel}","templated":true}]}}