{"id":81559,"date":"2023-03-23T09:12:51","date_gmt":"2023-03-23T07:12:51","guid":{"rendered":"https:\/\/www.outdoors.ee\/?post_type=product&#038;p=81559"},"modified":"2026-04-07T19:29:30","modified_gmt":"2026-04-07T16:29:30","slug":"varustuse-kott-deployment-bag-medium","status":"publish","type":"product","link":"https:\/\/www.outdoors.ee\/et\/toode\/varustuse-kott-deployment-bag-medium\/","title":{"rendered":"Direct Action\u00ae varustuse kott Deployment Bag &#8211; Medium"},"content":{"rendered":"<p><strong>Omadused:<\/strong><\/p>\n<ul>\n<li>maht ca 80L<\/li>\n<li>pehme kangastruktuuriga, v\u00f5imaldab kompaktset kokkupakkimist<\/li>\n<li>toodetud Cordura\u00ae 500D, kannatab suurt koormust<\/li>\n<li>reguleeritava pikkusega \u00f5larihm<\/li>\n<li>2 t\u00e4ispikkuses koti k\u00fclge \u00f5mmeldud vastupidavat kandesanga<\/li>\n<li>keskel asetsev YKK\u00ae t\u00f5mblukk koti t\u00e4ispikkuses<\/li>\n<li>2 t\u00f5mblukkudega taskut koti k\u00fclgedel ning otstes<\/li>\n<li>2 t\u00f5mblukkudega v\u00f5rkmaterjalist taskut koti sees<\/li>\n<li>2 takjapaneeli k\u00fclgedel ning 2 otstes<\/li>\n<li>2 l\u00e4bipaistevat ID taskut<\/li>\n<li>kaal 1112g<\/li>\n<li>m\u00f5\u00f5dud 70 x 39 x 32 cm \/ 27,56 x 15,35 x 12,6 in<\/li>\n<li>materjal 100% nailon<\/li>\n<\/ul>\n<p><strong>Seisukord:<\/strong> uus<\/p>\n","protected":false},"excerpt":{"rendered":"<p>Omadused: maht ca 80L pehme kangastruktuuriga, v\u00f5imaldab kompaktset kokkupakkimist toodetud Cordura\u00ae 500D, kannatab suurt koormust reguleeritava pikkusega \u00f5larihm 2 t\u00e4ispikkuses<\/p>\n","protected":false},"featured_media":81577,"template":"","meta":[],"product_brand":[],"product_cat":[3541],"product_tag":[],"class_list":{"0":"post-81559","1":"product","2":"type-product","3":"status-publish","4":"has-post-thumbnail","6":"product_cat-kotid-taskud","7":"pa_brand-direct-action-2","8":"pa_color-adaptive-green-2","9":"pa_color-black-2","10":"pa_color-coyote-brown-2","12":"first","13":"instock","14":"taxable","15":"shipping-taxable","16":"purchasable","17":"product-type-variable"},"yoast_head":"<!-- This site is optimized with the Yoast SEO plugin v27.2 - https:\/\/yoast.com\/product\/yoast-seo-wordpress\/ -->\n<title>Direct Action\u00ae varustuse kott Deployment Bag - Medium - Outdoors<\/title>\n<meta name=\"robots\" content=\"index, follow, max-snippet:-1, max-image-preview:large, max-video-preview:-1\" \/>\n<link rel=\"canonical\" href=\"https:\/\/www.outdoors.ee\/et\/toode\/varustuse-kott-deployment-bag-medium\/\" \/>\n<meta property=\"og:locale\" content=\"et_EE\" \/>\n<meta property=\"og:type\" content=\"article\" \/>\n<meta property=\"og:title\" content=\"Direct Action\u00ae varustuse kott Deployment Bag - Medium - Outdoors\" \/>\n<meta property=\"og:description\" content=\"Omadused: maht ca 80L pehme kangastruktuuriga, v\u00f5imaldab kompaktset kokkupakkimist toodetud Cordura\u00ae 500D, kannatab suurt koormust reguleeritava pikkusega \u00f5larihm 2 t\u00e4ispikkuses\" \/>\n<meta property=\"og:url\" content=\"https:\/\/www.outdoors.ee\/et\/toode\/varustuse-kott-deployment-bag-medium\/\" \/>\n<meta property=\"og:site_name\" content=\"Outdoors\" \/>\n<meta property=\"article:modified_time\" content=\"2026-04-07T16:29:30+00:00\" \/>\n<meta property=\"og:image\" content=\"https:\/\/www.outdoors.ee\/wp-content\/uploads\/2023\/03\/Direct-Action\u00ae-Deployment-Bag-Medium-3.jpg\" \/>\n\t<meta property=\"og:image:width\" content=\"1500\" \/>\n\t<meta property=\"og:image:height\" content=\"1500\" \/>\n\t<meta property=\"og:image:type\" content=\"image\/jpeg\" \/>\n<meta name=\"twitter:card\" content=\"summary_large_image\" \/>\n<meta name=\"twitter:label1\" content=\"Est. reading time\" \/>\n\t<meta name=\"twitter:data1\" content=\"1 minut\" \/>\n<script type=\"application\/ld+json\" class=\"yoast-schema-graph\">{\"@context\":\"https:\/\/schema.org\",\"@graph\":[{\"@type\":\"WebPage\",\"@id\":\"https:\/\/www.outdoors.ee\/et\/toode\/varustuse-kott-deployment-bag-medium\/\",\"url\":\"https:\/\/www.outdoors.ee\/et\/toode\/varustuse-kott-deployment-bag-medium\/\",\"name\":\"Direct Action\u00ae varustuse kott Deployment Bag - Medium - Outdoors\",\"isPartOf\":{\"@id\":\"https:\/\/www.outdoors.ee\/#website\"},\"primaryImageOfPage\":{\"@id\":\"https:\/\/www.outdoors.ee\/et\/toode\/varustuse-kott-deployment-bag-medium\/#primaryimage\"},\"image\":{\"@id\":\"https:\/\/www.outdoors.ee\/et\/toode\/varustuse-kott-deployment-bag-medium\/#primaryimage\"},\"thumbnailUrl\":\"https:\/\/www.outdoors.ee\/wp-content\/uploads\/2023\/03\/Direct-Action\u00ae-Deployment-Bag-Medium-3.jpg\",\"datePublished\":\"2023-03-23T07:12:51+00:00\",\"dateModified\":\"2026-04-07T16:29:30+00:00\",\"breadcrumb\":{\"@id\":\"https:\/\/www.outdoors.ee\/et\/toode\/varustuse-kott-deployment-bag-medium\/#breadcrumb\"},\"inLanguage\":\"et\",\"potentialAction\":[{\"@type\":\"ReadAction\",\"target\":[\"https:\/\/www.outdoors.ee\/et\/toode\/varustuse-kott-deployment-bag-medium\/\"]}]},{\"@type\":\"ImageObject\",\"inLanguage\":\"et\",\"@id\":\"https:\/\/www.outdoors.ee\/et\/toode\/varustuse-kott-deployment-bag-medium\/#primaryimage\",\"url\":\"https:\/\/www.outdoors.ee\/wp-content\/uploads\/2023\/03\/Direct-Action\u00ae-Deployment-Bag-Medium-3.jpg\",\"contentUrl\":\"https:\/\/www.outdoors.ee\/wp-content\/uploads\/2023\/03\/Direct-Action\u00ae-Deployment-Bag-Medium-3.jpg\",\"width\":1500,\"height\":1500},{\"@type\":\"BreadcrumbList\",\"@id\":\"https:\/\/www.outdoors.ee\/et\/toode\/varustuse-kott-deployment-bag-medium\/#breadcrumb\",\"itemListElement\":[{\"@type\":\"ListItem\",\"position\":1,\"name\":\"Home\",\"item\":\"https:\/\/www.outdoors.ee\/et\/\"},{\"@type\":\"ListItem\",\"position\":2,\"name\":\"Tooted\",\"item\":\"https:\/\/www.outdoors.ee\/products\/\"},{\"@type\":\"ListItem\",\"position\":3,\"name\":\"Direct Action\u00ae varustuse kott Deployment Bag &#8211; Medium\"}]},{\"@type\":\"WebSite\",\"@id\":\"https:\/\/www.outdoors.ee\/#website\",\"url\":\"https:\/\/www.outdoors.ee\/\",\"name\":\"Outdoors\",\"description\":\"Genuine military surplus and not only!\",\"potentialAction\":[{\"@type\":\"SearchAction\",\"target\":{\"@type\":\"EntryPoint\",\"urlTemplate\":\"https:\/\/www.outdoors.ee\/?s={search_term_string}\"},\"query-input\":{\"@type\":\"PropertyValueSpecification\",\"valueRequired\":true,\"valueName\":\"search_term_string\"}}],\"inLanguage\":\"et\"}]}<\/script>\n<!-- \/ Yoast SEO plugin. -->","yoast_head_json":{"title":"Direct Action\u00ae varustuse kott Deployment Bag - Medium - Outdoors","robots":{"index":"index","follow":"follow","max-snippet":"max-snippet:-1","max-image-preview":"max-image-preview:large","max-video-preview":"max-video-preview:-1"},"canonical":"https:\/\/www.outdoors.ee\/et\/toode\/varustuse-kott-deployment-bag-medium\/","og_locale":"et_EE","og_type":"article","og_title":"Direct Action\u00ae varustuse kott Deployment Bag - Medium - Outdoors","og_description":"Omadused: maht ca 80L pehme kangastruktuuriga, v\u00f5imaldab kompaktset kokkupakkimist toodetud Cordura\u00ae 500D, kannatab suurt koormust reguleeritava pikkusega \u00f5larihm 2 t\u00e4ispikkuses","og_url":"https:\/\/www.outdoors.ee\/et\/toode\/varustuse-kott-deployment-bag-medium\/","og_site_name":"Outdoors","article_modified_time":"2026-04-07T16:29:30+00:00","og_image":[{"width":1500,"height":1500,"url":"https:\/\/www.outdoors.ee\/wp-content\/uploads\/2023\/03\/Direct-Action\u00ae-Deployment-Bag-Medium-3.jpg","type":"image\/jpeg"}],"twitter_card":"summary_large_image","twitter_misc":{"Est. reading time":"1 minut"},"schema":{"@context":"https:\/\/schema.org","@graph":[{"@type":"WebPage","@id":"https:\/\/www.outdoors.ee\/et\/toode\/varustuse-kott-deployment-bag-medium\/","url":"https:\/\/www.outdoors.ee\/et\/toode\/varustuse-kott-deployment-bag-medium\/","name":"Direct Action\u00ae varustuse kott Deployment Bag - Medium - Outdoors","isPartOf":{"@id":"https:\/\/www.outdoors.ee\/#website"},"primaryImageOfPage":{"@id":"https:\/\/www.outdoors.ee\/et\/toode\/varustuse-kott-deployment-bag-medium\/#primaryimage"},"image":{"@id":"https:\/\/www.outdoors.ee\/et\/toode\/varustuse-kott-deployment-bag-medium\/#primaryimage"},"thumbnailUrl":"https:\/\/www.outdoors.ee\/wp-content\/uploads\/2023\/03\/Direct-Action\u00ae-Deployment-Bag-Medium-3.jpg","datePublished":"2023-03-23T07:12:51+00:00","dateModified":"2026-04-07T16:29:30+00:00","breadcrumb":{"@id":"https:\/\/www.outdoors.ee\/et\/toode\/varustuse-kott-deployment-bag-medium\/#breadcrumb"},"inLanguage":"et","potentialAction":[{"@type":"ReadAction","target":["https:\/\/www.outdoors.ee\/et\/toode\/varustuse-kott-deployment-bag-medium\/"]}]},{"@type":"ImageObject","inLanguage":"et","@id":"https:\/\/www.outdoors.ee\/et\/toode\/varustuse-kott-deployment-bag-medium\/#primaryimage","url":"https:\/\/www.outdoors.ee\/wp-content\/uploads\/2023\/03\/Direct-Action\u00ae-Deployment-Bag-Medium-3.jpg","contentUrl":"https:\/\/www.outdoors.ee\/wp-content\/uploads\/2023\/03\/Direct-Action\u00ae-Deployment-Bag-Medium-3.jpg","width":1500,"height":1500},{"@type":"BreadcrumbList","@id":"https:\/\/www.outdoors.ee\/et\/toode\/varustuse-kott-deployment-bag-medium\/#breadcrumb","itemListElement":[{"@type":"ListItem","position":1,"name":"Home","item":"https:\/\/www.outdoors.ee\/et\/"},{"@type":"ListItem","position":2,"name":"Tooted","item":"https:\/\/www.outdoors.ee\/products\/"},{"@type":"ListItem","position":3,"name":"Direct Action\u00ae varustuse kott Deployment Bag &#8211; Medium"}]},{"@type":"WebSite","@id":"https:\/\/www.outdoors.ee\/#website","url":"https:\/\/www.outdoors.ee\/","name":"Outdoors","description":"Genuine military surplus and not only!","potentialAction":[{"@type":"SearchAction","target":{"@type":"EntryPoint","urlTemplate":"https:\/\/www.outdoors.ee\/?s={search_term_string}"},"query-input":{"@type":"PropertyValueSpecification","valueRequired":true,"valueName":"search_term_string"}}],"inLanguage":"et"}]}},"_links":{"self":[{"href":"https:\/\/www.outdoors.ee\/et\/wp-json\/wp\/v2\/product\/81559","targetHints":{"allow":["GET"]}}],"collection":[{"href":"https:\/\/www.outdoors.ee\/et\/wp-json\/wp\/v2\/product"}],"about":[{"href":"https:\/\/www.outdoors.ee\/et\/wp-json\/wp\/v2\/types\/product"}],"wp:featuredmedia":[{"embeddable":true,"href":"https:\/\/www.outdoors.ee\/et\/wp-json\/wp\/v2\/media\/81577"}],"wp:attachment":[{"href":"https:\/\/www.outdoors.ee\/et\/wp-json\/wp\/v2\/media?parent=81559"}],"wp:term":[{"taxonomy":"product_brand","embeddable":true,"href":"https:\/\/www.outdoors.ee\/et\/wp-json\/wp\/v2\/product_brand?post=81559"},{"taxonomy":"product_cat","embeddable":true,"href":"https:\/\/www.outdoors.ee\/et\/wp-json\/wp\/v2\/product_cat?post=81559"},{"taxonomy":"product_tag","embeddable":true,"href":"https:\/\/www.outdoors.ee\/et\/wp-json\/wp\/v2\/product_tag?post=81559"}],"curies":[{"name":"wp","href":"https:\/\/api.w.org\/{rel}","templated":true}]}}