{"id":81269,"date":"2023-03-15T14:00:26","date_gmt":"2023-03-15T12:01:11","guid":{"rendered":"https:\/\/www.outdoors.ee\/?post_type=product&#038;p=81269"},"modified":"2024-05-21T18:08:51","modified_gmt":"2024-05-21T15:08:51","slug":"termojope-idf-dubon-thermal-jacket-olive","status":"publish","type":"product","link":"https:\/\/www.outdoors.ee\/et\/toode\/termojope-idf-dubon-thermal-jacket-olive\/","title":{"rendered":"Termojope IDF Dubon Thermal Jacket Olive"},"content":{"rendered":"<p>IDF (Israeli Defence Forces) standardite j\u00e4rgi toodetud termojope. Kantav kas vahekihina k\u00fclma ning tuulise ilma tingimustes v\u00f5i pealiskihina kuivema ilmaga.<\/p>\n<p><strong>Omadused:<\/strong><\/p>\n<ul>\n<li>t\u00e4ispikkuses t\u00f5mblukk, trukkidega tormklapp<\/li>\n<li>2 v\u00e4limist taskut trukkidega<\/li>\n<li>sisemine rinnatasku, takjapaela abil suletav<\/li>\n<li>soojustatud kapuuts pingutusn\u00f6\u00f6riga<\/li>\n<li>DWR (durable water-repellent) pinnat\u00f6\u00f6tlusega v\u00e4lismaterjal<\/li>\n<li>materjal: 100% pol\u00fcester, soojustus: 100% pol\u00fcester, \u00f5\u00f5neskiud<\/li>\n<li>kaal ca 750g<\/li>\n<\/ul>\n<p><strong>Suurus &#8211; R\u00dc, cm:<\/strong> S (92-100), M (98-106), L (104-112), XL (110-120), XXL (118-128)<\/p>\n<p><strong>Seisukord:<\/strong> uus<\/p>\n","protected":false},"excerpt":{"rendered":"<p>Termojope IDF Dubon Thermal Jacket, oliivroheline<\/p>\n","protected":false},"featured_media":93896,"template":"","meta":[],"product_brand":[],"product_cat":[101],"product_tag":[],"class_list":{"0":"post-81269","1":"product","2":"type-product","3":"status-publish","4":"has-post-thumbnail","6":"product_cat-joped-parkad","7":"pa_size-l-2","8":"pa_size-m-2","9":"pa_size-xl-2","10":"pa_size-xxl-2","12":"first","13":"instock","14":"taxable","15":"shipping-taxable","16":"purchasable","17":"product-type-variable"},"yoast_head":"<!-- This site is optimized with the Yoast SEO plugin v27.2 - https:\/\/yoast.com\/product\/yoast-seo-wordpress\/ -->\n<title>Termojope IDF Dubon Thermal Jacket Olive - Outdoors<\/title>\n<meta name=\"robots\" content=\"index, follow, max-snippet:-1, max-image-preview:large, max-video-preview:-1\" \/>\n<link rel=\"canonical\" href=\"https:\/\/www.outdoors.ee\/et\/toode\/termojope-idf-dubon-thermal-jacket-olive\/\" \/>\n<meta property=\"og:locale\" content=\"et_EE\" \/>\n<meta property=\"og:type\" content=\"article\" \/>\n<meta property=\"og:title\" content=\"Termojope IDF Dubon Thermal Jacket Olive - Outdoors\" \/>\n<meta property=\"og:description\" content=\"Termojope IDF Dubon Thermal Jacket, oliivroheline\" \/>\n<meta property=\"og:url\" content=\"https:\/\/www.outdoors.ee\/et\/toode\/termojope-idf-dubon-thermal-jacket-olive\/\" \/>\n<meta property=\"og:site_name\" content=\"Outdoors\" \/>\n<meta property=\"article:modified_time\" content=\"2024-05-21T15:08:51+00:00\" \/>\n<meta property=\"og:image\" content=\"https:\/\/www.outdoors.ee\/wp-content\/uploads\/2023\/03\/0320-IDF-Dubon-Thermal-Jacket-Olive-1.png\" \/>\n\t<meta property=\"og:image:width\" content=\"960\" \/>\n\t<meta property=\"og:image:height\" content=\"1250\" \/>\n\t<meta property=\"og:image:type\" content=\"image\/png\" \/>\n<meta name=\"twitter:card\" content=\"summary_large_image\" \/>\n<meta name=\"twitter:label1\" content=\"Est. reading time\" \/>\n\t<meta name=\"twitter:data1\" content=\"1 minut\" \/>\n<script type=\"application\/ld+json\" class=\"yoast-schema-graph\">{\"@context\":\"https:\/\/schema.org\",\"@graph\":[{\"@type\":\"WebPage\",\"@id\":\"https:\/\/www.outdoors.ee\/et\/toode\/termojope-idf-dubon-thermal-jacket-olive\/\",\"url\":\"https:\/\/www.outdoors.ee\/et\/toode\/termojope-idf-dubon-thermal-jacket-olive\/\",\"name\":\"Termojope IDF Dubon Thermal Jacket Olive - Outdoors\",\"isPartOf\":{\"@id\":\"https:\/\/www.outdoors.ee\/#website\"},\"primaryImageOfPage\":{\"@id\":\"https:\/\/www.outdoors.ee\/et\/toode\/termojope-idf-dubon-thermal-jacket-olive\/#primaryimage\"},\"image\":{\"@id\":\"https:\/\/www.outdoors.ee\/et\/toode\/termojope-idf-dubon-thermal-jacket-olive\/#primaryimage\"},\"thumbnailUrl\":\"https:\/\/www.outdoors.ee\/wp-content\/uploads\/2023\/03\/0320-IDF-Dubon-Thermal-Jacket-Olive-1.png\",\"datePublished\":\"2023-03-15T12:01:11+00:00\",\"dateModified\":\"2024-05-21T15:08:51+00:00\",\"breadcrumb\":{\"@id\":\"https:\/\/www.outdoors.ee\/et\/toode\/termojope-idf-dubon-thermal-jacket-olive\/#breadcrumb\"},\"inLanguage\":\"et\",\"potentialAction\":[{\"@type\":\"ReadAction\",\"target\":[\"https:\/\/www.outdoors.ee\/et\/toode\/termojope-idf-dubon-thermal-jacket-olive\/\"]}]},{\"@type\":\"ImageObject\",\"inLanguage\":\"et\",\"@id\":\"https:\/\/www.outdoors.ee\/et\/toode\/termojope-idf-dubon-thermal-jacket-olive\/#primaryimage\",\"url\":\"https:\/\/www.outdoors.ee\/wp-content\/uploads\/2023\/03\/0320-IDF-Dubon-Thermal-Jacket-Olive-1.png\",\"contentUrl\":\"https:\/\/www.outdoors.ee\/wp-content\/uploads\/2023\/03\/0320-IDF-Dubon-Thermal-Jacket-Olive-1.png\",\"width\":960,\"height\":1250},{\"@type\":\"BreadcrumbList\",\"@id\":\"https:\/\/www.outdoors.ee\/et\/toode\/termojope-idf-dubon-thermal-jacket-olive\/#breadcrumb\",\"itemListElement\":[{\"@type\":\"ListItem\",\"position\":1,\"name\":\"Home\",\"item\":\"https:\/\/www.outdoors.ee\/et\/\"},{\"@type\":\"ListItem\",\"position\":2,\"name\":\"Tooted\",\"item\":\"https:\/\/www.outdoors.ee\/products\/\"},{\"@type\":\"ListItem\",\"position\":3,\"name\":\"Termojope IDF Dubon Thermal Jacket Olive\"}]},{\"@type\":\"WebSite\",\"@id\":\"https:\/\/www.outdoors.ee\/#website\",\"url\":\"https:\/\/www.outdoors.ee\/\",\"name\":\"Outdoors\",\"description\":\"Genuine military surplus and not only!\",\"potentialAction\":[{\"@type\":\"SearchAction\",\"target\":{\"@type\":\"EntryPoint\",\"urlTemplate\":\"https:\/\/www.outdoors.ee\/?s={search_term_string}\"},\"query-input\":{\"@type\":\"PropertyValueSpecification\",\"valueRequired\":true,\"valueName\":\"search_term_string\"}}],\"inLanguage\":\"et\"}]}<\/script>\n<!-- \/ Yoast SEO plugin. -->","yoast_head_json":{"title":"Termojope IDF Dubon Thermal Jacket Olive - Outdoors","robots":{"index":"index","follow":"follow","max-snippet":"max-snippet:-1","max-image-preview":"max-image-preview:large","max-video-preview":"max-video-preview:-1"},"canonical":"https:\/\/www.outdoors.ee\/et\/toode\/termojope-idf-dubon-thermal-jacket-olive\/","og_locale":"et_EE","og_type":"article","og_title":"Termojope IDF Dubon Thermal Jacket Olive - Outdoors","og_description":"Termojope IDF Dubon Thermal Jacket, oliivroheline","og_url":"https:\/\/www.outdoors.ee\/et\/toode\/termojope-idf-dubon-thermal-jacket-olive\/","og_site_name":"Outdoors","article_modified_time":"2024-05-21T15:08:51+00:00","og_image":[{"width":960,"height":1250,"url":"https:\/\/www.outdoors.ee\/wp-content\/uploads\/2023\/03\/0320-IDF-Dubon-Thermal-Jacket-Olive-1.png","type":"image\/png"}],"twitter_card":"summary_large_image","twitter_misc":{"Est. reading time":"1 minut"},"schema":{"@context":"https:\/\/schema.org","@graph":[{"@type":"WebPage","@id":"https:\/\/www.outdoors.ee\/et\/toode\/termojope-idf-dubon-thermal-jacket-olive\/","url":"https:\/\/www.outdoors.ee\/et\/toode\/termojope-idf-dubon-thermal-jacket-olive\/","name":"Termojope IDF Dubon Thermal Jacket Olive - Outdoors","isPartOf":{"@id":"https:\/\/www.outdoors.ee\/#website"},"primaryImageOfPage":{"@id":"https:\/\/www.outdoors.ee\/et\/toode\/termojope-idf-dubon-thermal-jacket-olive\/#primaryimage"},"image":{"@id":"https:\/\/www.outdoors.ee\/et\/toode\/termojope-idf-dubon-thermal-jacket-olive\/#primaryimage"},"thumbnailUrl":"https:\/\/www.outdoors.ee\/wp-content\/uploads\/2023\/03\/0320-IDF-Dubon-Thermal-Jacket-Olive-1.png","datePublished":"2023-03-15T12:01:11+00:00","dateModified":"2024-05-21T15:08:51+00:00","breadcrumb":{"@id":"https:\/\/www.outdoors.ee\/et\/toode\/termojope-idf-dubon-thermal-jacket-olive\/#breadcrumb"},"inLanguage":"et","potentialAction":[{"@type":"ReadAction","target":["https:\/\/www.outdoors.ee\/et\/toode\/termojope-idf-dubon-thermal-jacket-olive\/"]}]},{"@type":"ImageObject","inLanguage":"et","@id":"https:\/\/www.outdoors.ee\/et\/toode\/termojope-idf-dubon-thermal-jacket-olive\/#primaryimage","url":"https:\/\/www.outdoors.ee\/wp-content\/uploads\/2023\/03\/0320-IDF-Dubon-Thermal-Jacket-Olive-1.png","contentUrl":"https:\/\/www.outdoors.ee\/wp-content\/uploads\/2023\/03\/0320-IDF-Dubon-Thermal-Jacket-Olive-1.png","width":960,"height":1250},{"@type":"BreadcrumbList","@id":"https:\/\/www.outdoors.ee\/et\/toode\/termojope-idf-dubon-thermal-jacket-olive\/#breadcrumb","itemListElement":[{"@type":"ListItem","position":1,"name":"Home","item":"https:\/\/www.outdoors.ee\/et\/"},{"@type":"ListItem","position":2,"name":"Tooted","item":"https:\/\/www.outdoors.ee\/products\/"},{"@type":"ListItem","position":3,"name":"Termojope IDF Dubon Thermal Jacket Olive"}]},{"@type":"WebSite","@id":"https:\/\/www.outdoors.ee\/#website","url":"https:\/\/www.outdoors.ee\/","name":"Outdoors","description":"Genuine military surplus and not only!","potentialAction":[{"@type":"SearchAction","target":{"@type":"EntryPoint","urlTemplate":"https:\/\/www.outdoors.ee\/?s={search_term_string}"},"query-input":{"@type":"PropertyValueSpecification","valueRequired":true,"valueName":"search_term_string"}}],"inLanguage":"et"}]}},"_links":{"self":[{"href":"https:\/\/www.outdoors.ee\/et\/wp-json\/wp\/v2\/product\/81269","targetHints":{"allow":["GET"]}}],"collection":[{"href":"https:\/\/www.outdoors.ee\/et\/wp-json\/wp\/v2\/product"}],"about":[{"href":"https:\/\/www.outdoors.ee\/et\/wp-json\/wp\/v2\/types\/product"}],"wp:featuredmedia":[{"embeddable":true,"href":"https:\/\/www.outdoors.ee\/et\/wp-json\/wp\/v2\/media\/93896"}],"wp:attachment":[{"href":"https:\/\/www.outdoors.ee\/et\/wp-json\/wp\/v2\/media?parent=81269"}],"wp:term":[{"taxonomy":"product_brand","embeddable":true,"href":"https:\/\/www.outdoors.ee\/et\/wp-json\/wp\/v2\/product_brand?post=81269"},{"taxonomy":"product_cat","embeddable":true,"href":"https:\/\/www.outdoors.ee\/et\/wp-json\/wp\/v2\/product_cat?post=81269"},{"taxonomy":"product_tag","embeddable":true,"href":"https:\/\/www.outdoors.ee\/et\/wp-json\/wp\/v2\/product_tag?post=81269"}],"curies":[{"name":"wp","href":"https:\/\/api.w.org\/{rel}","templated":true}]}}