{"id":80837,"date":"2023-02-22T18:06:19","date_gmt":"2023-02-22T16:06:19","guid":{"rendered":"https:\/\/www.outdoors.ee\/?post_type=product&#038;p=80837"},"modified":"2025-08-28T14:54:59","modified_gmt":"2025-08-28T11:54:59","slug":"carinthia-trg-vihmapuksid","status":"publish","type":"product","link":"https:\/\/www.outdoors.ee\/et\/toode\/carinthia-trg-vihmapuksid\/","title":{"rendered":"Carinthia\u00ae TRG vihmap\u00fcksid"},"content":{"rendered":"<p>Funktsionaalsed ja vastupidavad, taktikalised Gore-Tex\u00ae\u00a0vihmap\u00fcksid<\/p>\n<p><strong>Omadused:<\/strong><\/p>\n<ul>\n<li>n\u00f6\u00f6bi ning t\u00f5mblukuga eest suletavad<\/li>\n<li>veniv v\u00f6\u00f6koht pingutusn\u00f6\u00f6riga<\/li>\n<li>veekindlad t\u00f5mblukud<\/li>\n<li>2-suunalised t\u00f5mlukud k\u00fclgedel, tuuleklappidega<\/li>\n<li>2 suurt reietaskut<\/li>\n<li>anatoomiliselt kujundatud p\u00f5lvekohad<\/li>\n<li>tugevdused h\u00fcppeliigeste piirkondades<\/li>\n<li>takjapaela abil reguleeritav laius alt<\/li>\n<li>masinpestavad<\/li>\n<li>kompessioonkott komplektis<\/li>\n<li>v\u00e4lismaterjal: 100% pol\u00fcamiid, vetth\u00fclgav, tuulekindel, hingav<\/li>\n<li>membraan: Bi-komponent ePTFE baasil<\/li>\n<li>kaal (g): 520 (olive), 500 (Multicam)<\/li>\n<\/ul>\n<p><strong>Seisukord:<\/strong> uus<\/p>\n","protected":false},"excerpt":{"rendered":"<p>Tactical Rain Garment<\/p>\n","protected":false},"featured_media":80858,"template":"","meta":[],"product_brand":[],"product_cat":[111],"product_tag":[3143],"class_list":{"0":"post-80837","1":"product","2":"type-product","3":"status-publish","4":"has-post-thumbnail","6":"product_cat-puksid","7":"product_tag-vihmariided","8":"pa_brand-carinthia-2","9":"pa_color-multicam-2","10":"pa_color-olive-drab-2","11":"pa_size-l-2","12":"pa_size-m-2","13":"pa_size-xl-2","15":"first","16":"instock","17":"taxable","18":"shipping-taxable","19":"purchasable","20":"product-type-variable"},"yoast_head":"<!-- This site is optimized with the Yoast SEO plugin v27.2 - https:\/\/yoast.com\/product\/yoast-seo-wordpress\/ -->\n<title>Carinthia\u00ae TRG vihmap\u00fcksid - Outdoors<\/title>\n<meta name=\"robots\" content=\"index, follow, max-snippet:-1, max-image-preview:large, max-video-preview:-1\" \/>\n<link rel=\"canonical\" href=\"https:\/\/www.outdoors.ee\/et\/toode\/carinthia-trg-vihmapuksid\/\" \/>\n<meta property=\"og:locale\" content=\"et_EE\" \/>\n<meta property=\"og:type\" content=\"article\" \/>\n<meta property=\"og:title\" content=\"Carinthia\u00ae TRG vihmap\u00fcksid - Outdoors\" \/>\n<meta property=\"og:description\" content=\"Tactical Rain Garment\" \/>\n<meta property=\"og:url\" content=\"https:\/\/www.outdoors.ee\/et\/toode\/carinthia-trg-vihmapuksid\/\" \/>\n<meta property=\"og:site_name\" content=\"Outdoors\" \/>\n<meta property=\"article:modified_time\" content=\"2025-08-28T11:54:59+00:00\" \/>\n<meta property=\"og:image\" content=\"https:\/\/www.outdoors.ee\/wp-content\/uploads\/2023\/02\/Carinthia-TRG-Trousers-1.jpg\" \/>\n\t<meta property=\"og:image:width\" content=\"1920\" \/>\n\t<meta property=\"og:image:height\" content=\"1280\" \/>\n\t<meta property=\"og:image:type\" content=\"image\/jpeg\" \/>\n<meta name=\"twitter:card\" content=\"summary_large_image\" \/>\n<meta name=\"twitter:label1\" content=\"Est. reading time\" \/>\n\t<meta name=\"twitter:data1\" content=\"1 minut\" \/>\n<script type=\"application\/ld+json\" class=\"yoast-schema-graph\">{\"@context\":\"https:\/\/schema.org\",\"@graph\":[{\"@type\":\"WebPage\",\"@id\":\"https:\/\/www.outdoors.ee\/et\/toode\/carinthia-trg-vihmapuksid\/\",\"url\":\"https:\/\/www.outdoors.ee\/et\/toode\/carinthia-trg-vihmapuksid\/\",\"name\":\"Carinthia\u00ae TRG vihmap\u00fcksid - Outdoors\",\"isPartOf\":{\"@id\":\"https:\/\/www.outdoors.ee\/#website\"},\"primaryImageOfPage\":{\"@id\":\"https:\/\/www.outdoors.ee\/et\/toode\/carinthia-trg-vihmapuksid\/#primaryimage\"},\"image\":{\"@id\":\"https:\/\/www.outdoors.ee\/et\/toode\/carinthia-trg-vihmapuksid\/#primaryimage\"},\"thumbnailUrl\":\"https:\/\/www.outdoors.ee\/wp-content\/uploads\/2023\/02\/Carinthia-TRG-Trousers-1.jpg\",\"datePublished\":\"2023-02-22T16:06:19+00:00\",\"dateModified\":\"2025-08-28T11:54:59+00:00\",\"breadcrumb\":{\"@id\":\"https:\/\/www.outdoors.ee\/et\/toode\/carinthia-trg-vihmapuksid\/#breadcrumb\"},\"inLanguage\":\"et\",\"potentialAction\":[{\"@type\":\"ReadAction\",\"target\":[\"https:\/\/www.outdoors.ee\/et\/toode\/carinthia-trg-vihmapuksid\/\"]}]},{\"@type\":\"ImageObject\",\"inLanguage\":\"et\",\"@id\":\"https:\/\/www.outdoors.ee\/et\/toode\/carinthia-trg-vihmapuksid\/#primaryimage\",\"url\":\"https:\/\/www.outdoors.ee\/wp-content\/uploads\/2023\/02\/Carinthia-TRG-Trousers-1.jpg\",\"contentUrl\":\"https:\/\/www.outdoors.ee\/wp-content\/uploads\/2023\/02\/Carinthia-TRG-Trousers-1.jpg\",\"width\":1920,\"height\":1280},{\"@type\":\"BreadcrumbList\",\"@id\":\"https:\/\/www.outdoors.ee\/et\/toode\/carinthia-trg-vihmapuksid\/#breadcrumb\",\"itemListElement\":[{\"@type\":\"ListItem\",\"position\":1,\"name\":\"Home\",\"item\":\"https:\/\/www.outdoors.ee\/et\/\"},{\"@type\":\"ListItem\",\"position\":2,\"name\":\"Tooted\",\"item\":\"https:\/\/www.outdoors.ee\/products\/\"},{\"@type\":\"ListItem\",\"position\":3,\"name\":\"Carinthia\u00ae TRG vihmap\u00fcksid\"}]},{\"@type\":\"WebSite\",\"@id\":\"https:\/\/www.outdoors.ee\/#website\",\"url\":\"https:\/\/www.outdoors.ee\/\",\"name\":\"Outdoors\",\"description\":\"Genuine military surplus and not only!\",\"potentialAction\":[{\"@type\":\"SearchAction\",\"target\":{\"@type\":\"EntryPoint\",\"urlTemplate\":\"https:\/\/www.outdoors.ee\/?s={search_term_string}\"},\"query-input\":{\"@type\":\"PropertyValueSpecification\",\"valueRequired\":true,\"valueName\":\"search_term_string\"}}],\"inLanguage\":\"et\"}]}<\/script>\n<!-- \/ Yoast SEO plugin. -->","yoast_head_json":{"title":"Carinthia\u00ae TRG vihmap\u00fcksid - Outdoors","robots":{"index":"index","follow":"follow","max-snippet":"max-snippet:-1","max-image-preview":"max-image-preview:large","max-video-preview":"max-video-preview:-1"},"canonical":"https:\/\/www.outdoors.ee\/et\/toode\/carinthia-trg-vihmapuksid\/","og_locale":"et_EE","og_type":"article","og_title":"Carinthia\u00ae TRG vihmap\u00fcksid - Outdoors","og_description":"Tactical Rain Garment","og_url":"https:\/\/www.outdoors.ee\/et\/toode\/carinthia-trg-vihmapuksid\/","og_site_name":"Outdoors","article_modified_time":"2025-08-28T11:54:59+00:00","og_image":[{"width":1920,"height":1280,"url":"https:\/\/www.outdoors.ee\/wp-content\/uploads\/2023\/02\/Carinthia-TRG-Trousers-1.jpg","type":"image\/jpeg"}],"twitter_card":"summary_large_image","twitter_misc":{"Est. reading time":"1 minut"},"schema":{"@context":"https:\/\/schema.org","@graph":[{"@type":"WebPage","@id":"https:\/\/www.outdoors.ee\/et\/toode\/carinthia-trg-vihmapuksid\/","url":"https:\/\/www.outdoors.ee\/et\/toode\/carinthia-trg-vihmapuksid\/","name":"Carinthia\u00ae TRG vihmap\u00fcksid - Outdoors","isPartOf":{"@id":"https:\/\/www.outdoors.ee\/#website"},"primaryImageOfPage":{"@id":"https:\/\/www.outdoors.ee\/et\/toode\/carinthia-trg-vihmapuksid\/#primaryimage"},"image":{"@id":"https:\/\/www.outdoors.ee\/et\/toode\/carinthia-trg-vihmapuksid\/#primaryimage"},"thumbnailUrl":"https:\/\/www.outdoors.ee\/wp-content\/uploads\/2023\/02\/Carinthia-TRG-Trousers-1.jpg","datePublished":"2023-02-22T16:06:19+00:00","dateModified":"2025-08-28T11:54:59+00:00","breadcrumb":{"@id":"https:\/\/www.outdoors.ee\/et\/toode\/carinthia-trg-vihmapuksid\/#breadcrumb"},"inLanguage":"et","potentialAction":[{"@type":"ReadAction","target":["https:\/\/www.outdoors.ee\/et\/toode\/carinthia-trg-vihmapuksid\/"]}]},{"@type":"ImageObject","inLanguage":"et","@id":"https:\/\/www.outdoors.ee\/et\/toode\/carinthia-trg-vihmapuksid\/#primaryimage","url":"https:\/\/www.outdoors.ee\/wp-content\/uploads\/2023\/02\/Carinthia-TRG-Trousers-1.jpg","contentUrl":"https:\/\/www.outdoors.ee\/wp-content\/uploads\/2023\/02\/Carinthia-TRG-Trousers-1.jpg","width":1920,"height":1280},{"@type":"BreadcrumbList","@id":"https:\/\/www.outdoors.ee\/et\/toode\/carinthia-trg-vihmapuksid\/#breadcrumb","itemListElement":[{"@type":"ListItem","position":1,"name":"Home","item":"https:\/\/www.outdoors.ee\/et\/"},{"@type":"ListItem","position":2,"name":"Tooted","item":"https:\/\/www.outdoors.ee\/products\/"},{"@type":"ListItem","position":3,"name":"Carinthia\u00ae TRG vihmap\u00fcksid"}]},{"@type":"WebSite","@id":"https:\/\/www.outdoors.ee\/#website","url":"https:\/\/www.outdoors.ee\/","name":"Outdoors","description":"Genuine military surplus and not only!","potentialAction":[{"@type":"SearchAction","target":{"@type":"EntryPoint","urlTemplate":"https:\/\/www.outdoors.ee\/?s={search_term_string}"},"query-input":{"@type":"PropertyValueSpecification","valueRequired":true,"valueName":"search_term_string"}}],"inLanguage":"et"}]}},"_links":{"self":[{"href":"https:\/\/www.outdoors.ee\/et\/wp-json\/wp\/v2\/product\/80837","targetHints":{"allow":["GET"]}}],"collection":[{"href":"https:\/\/www.outdoors.ee\/et\/wp-json\/wp\/v2\/product"}],"about":[{"href":"https:\/\/www.outdoors.ee\/et\/wp-json\/wp\/v2\/types\/product"}],"wp:featuredmedia":[{"embeddable":true,"href":"https:\/\/www.outdoors.ee\/et\/wp-json\/wp\/v2\/media\/80858"}],"wp:attachment":[{"href":"https:\/\/www.outdoors.ee\/et\/wp-json\/wp\/v2\/media?parent=80837"}],"wp:term":[{"taxonomy":"product_brand","embeddable":true,"href":"https:\/\/www.outdoors.ee\/et\/wp-json\/wp\/v2\/product_brand?post=80837"},{"taxonomy":"product_cat","embeddable":true,"href":"https:\/\/www.outdoors.ee\/et\/wp-json\/wp\/v2\/product_cat?post=80837"},{"taxonomy":"product_tag","embeddable":true,"href":"https:\/\/www.outdoors.ee\/et\/wp-json\/wp\/v2\/product_tag?post=80837"}],"curies":[{"name":"wp","href":"https:\/\/api.w.org\/{rel}","templated":true}]}}