{"id":80649,"date":"2023-02-17T10:50:49","date_gmt":"2023-02-17T08:50:49","guid":{"rendered":"https:\/\/www.outdoors.ee\/?post_type=product&#038;p=80649"},"modified":"2025-08-28T14:57:22","modified_gmt":"2025-08-28T11:57:22","slug":"carinthia-prg-2-0-vihmajope","status":"publish","type":"product","link":"https:\/\/www.outdoors.ee\/et\/toode\/carinthia-prg-2-0-vihmajope\/","title":{"rendered":"Carinthia\u00ae PRG 2.0 vihmajope Olive"},"content":{"rendered":"<p>PRG seeria tooted on loodud niiske ning k\u00fclma ilmastiku tingimustesse. Vastupidav, vihma- ning tuulekindel Gore-Tex\u00ae materjal tagab mugavuse ka pikaajalisel kandmisel.<\/p>\n<p><strong>Omadused:<\/strong><\/p>\n<ul>\n<li>kahes suunas reguleeritav, kiivriga \u00fchilduv kapuuts<\/li>\n<li>veekindlad t\u00f5mblukud<\/li>\n<li>2 suunaline t\u00f5mblukk ees, tormklapi ning l\u00f5uakaitsmega<\/li>\n<li>2 suurt v\u00e4limist tasku t\u00f5mblukkudega<\/li>\n<li>sisemine v\u00f5rktasku t\u00f5mblukuga<\/li>\n<li>kaenlaalune ventilatsioon t\u00f5mblukkudega<\/li>\n<li>t\u00f5mblukuga suletavad taskud k\u00e4istel, takjapaneelid peal<\/li>\n<li>anatoomiliselt kujundatud k\u00e4ised<\/li>\n<li>takjapaela abil reguleeritav manseti laius<\/li>\n<li>sisemine, \u00fche k\u00e4ega kasutatav alumise \u00e4\u00e4re pingutusn\u00f6\u00f6r<\/li>\n<li>pakkekott komplektis<\/li>\n<li>masinpestav 60 kraadi juures<\/li>\n<li>v\u00e4lismaterjal: 100% pol\u00fcamiid, vee- ning tuulekindel, hingav<\/li>\n<li>membraan: Bi-komponent, ePTFE baasil<\/li>\n<li>kaal (g): 580 (M)<\/li>\n<\/ul>\n<p>NB! Suuruste tabel on lisatud viimase pildina<\/p>\n<p><strong>Seisukord:<\/strong> uus<\/p>\n","protected":false},"excerpt":{"rendered":"<p><strong>Professional Rain Garment<\/strong><\/p>\n","protected":false},"featured_media":80617,"template":"","meta":[],"product_brand":[],"product_cat":[101],"product_tag":[3143],"class_list":{"0":"post-80649","1":"product","2":"type-product","3":"status-publish","4":"has-post-thumbnail","6":"product_cat-joped-parkad","7":"product_tag-vihmariided","8":"pa_brand-carinthia-2","9":"pa_size-l-2","10":"pa_size-m-2","11":"pa_size-xl-2","13":"first","14":"instock","15":"taxable","16":"shipping-taxable","17":"purchasable","18":"product-type-variable"},"yoast_head":"<!-- This site is optimized with the Yoast SEO plugin v27.2 - https:\/\/yoast.com\/product\/yoast-seo-wordpress\/ -->\n<title>Carinthia\u00ae PRG 2.0 vihmajope Olive - Outdoors<\/title>\n<meta name=\"robots\" content=\"index, follow, max-snippet:-1, max-image-preview:large, max-video-preview:-1\" \/>\n<link rel=\"canonical\" href=\"https:\/\/www.outdoors.ee\/et\/toode\/carinthia-prg-2-0-vihmajope\/\" \/>\n<meta property=\"og:locale\" content=\"et_EE\" \/>\n<meta property=\"og:type\" content=\"article\" \/>\n<meta property=\"og:title\" content=\"Carinthia\u00ae PRG 2.0 vihmajope Olive - Outdoors\" \/>\n<meta property=\"og:description\" content=\"Professional Rain Garment\" \/>\n<meta property=\"og:url\" content=\"https:\/\/www.outdoors.ee\/et\/toode\/carinthia-prg-2-0-vihmajope\/\" \/>\n<meta property=\"og:site_name\" content=\"Outdoors\" \/>\n<meta property=\"article:modified_time\" content=\"2025-08-28T11:57:22+00:00\" \/>\n<meta property=\"og:image\" content=\"https:\/\/www.outdoors.ee\/wp-content\/uploads\/2023\/02\/Carinthia-PRG-2.0-Jacket-olive-1.jpg\" \/>\n\t<meta property=\"og:image:width\" content=\"1920\" \/>\n\t<meta property=\"og:image:height\" content=\"1280\" \/>\n\t<meta property=\"og:image:type\" content=\"image\/jpeg\" \/>\n<meta name=\"twitter:card\" content=\"summary_large_image\" \/>\n<meta name=\"twitter:label1\" content=\"Est. reading time\" \/>\n\t<meta name=\"twitter:data1\" content=\"1 minut\" \/>\n<script type=\"application\/ld+json\" class=\"yoast-schema-graph\">{\"@context\":\"https:\/\/schema.org\",\"@graph\":[{\"@type\":\"WebPage\",\"@id\":\"https:\/\/www.outdoors.ee\/et\/toode\/carinthia-prg-2-0-vihmajope\/\",\"url\":\"https:\/\/www.outdoors.ee\/et\/toode\/carinthia-prg-2-0-vihmajope\/\",\"name\":\"Carinthia\u00ae PRG 2.0 vihmajope Olive - Outdoors\",\"isPartOf\":{\"@id\":\"https:\/\/www.outdoors.ee\/#website\"},\"primaryImageOfPage\":{\"@id\":\"https:\/\/www.outdoors.ee\/et\/toode\/carinthia-prg-2-0-vihmajope\/#primaryimage\"},\"image\":{\"@id\":\"https:\/\/www.outdoors.ee\/et\/toode\/carinthia-prg-2-0-vihmajope\/#primaryimage\"},\"thumbnailUrl\":\"https:\/\/www.outdoors.ee\/wp-content\/uploads\/2023\/02\/Carinthia-PRG-2.0-Jacket-olive-1.jpg\",\"datePublished\":\"2023-02-17T08:50:49+00:00\",\"dateModified\":\"2025-08-28T11:57:22+00:00\",\"breadcrumb\":{\"@id\":\"https:\/\/www.outdoors.ee\/et\/toode\/carinthia-prg-2-0-vihmajope\/#breadcrumb\"},\"inLanguage\":\"et\",\"potentialAction\":[{\"@type\":\"ReadAction\",\"target\":[\"https:\/\/www.outdoors.ee\/et\/toode\/carinthia-prg-2-0-vihmajope\/\"]}]},{\"@type\":\"ImageObject\",\"inLanguage\":\"et\",\"@id\":\"https:\/\/www.outdoors.ee\/et\/toode\/carinthia-prg-2-0-vihmajope\/#primaryimage\",\"url\":\"https:\/\/www.outdoors.ee\/wp-content\/uploads\/2023\/02\/Carinthia-PRG-2.0-Jacket-olive-1.jpg\",\"contentUrl\":\"https:\/\/www.outdoors.ee\/wp-content\/uploads\/2023\/02\/Carinthia-PRG-2.0-Jacket-olive-1.jpg\",\"width\":1920,\"height\":1280},{\"@type\":\"BreadcrumbList\",\"@id\":\"https:\/\/www.outdoors.ee\/et\/toode\/carinthia-prg-2-0-vihmajope\/#breadcrumb\",\"itemListElement\":[{\"@type\":\"ListItem\",\"position\":1,\"name\":\"Home\",\"item\":\"https:\/\/www.outdoors.ee\/et\/\"},{\"@type\":\"ListItem\",\"position\":2,\"name\":\"Tooted\",\"item\":\"https:\/\/www.outdoors.ee\/products\/\"},{\"@type\":\"ListItem\",\"position\":3,\"name\":\"Carinthia\u00ae PRG 2.0 vihmajope Olive\"}]},{\"@type\":\"WebSite\",\"@id\":\"https:\/\/www.outdoors.ee\/#website\",\"url\":\"https:\/\/www.outdoors.ee\/\",\"name\":\"Outdoors\",\"description\":\"Genuine military surplus and not only!\",\"potentialAction\":[{\"@type\":\"SearchAction\",\"target\":{\"@type\":\"EntryPoint\",\"urlTemplate\":\"https:\/\/www.outdoors.ee\/?s={search_term_string}\"},\"query-input\":{\"@type\":\"PropertyValueSpecification\",\"valueRequired\":true,\"valueName\":\"search_term_string\"}}],\"inLanguage\":\"et\"}]}<\/script>\n<!-- \/ Yoast SEO plugin. -->","yoast_head_json":{"title":"Carinthia\u00ae PRG 2.0 vihmajope Olive - Outdoors","robots":{"index":"index","follow":"follow","max-snippet":"max-snippet:-1","max-image-preview":"max-image-preview:large","max-video-preview":"max-video-preview:-1"},"canonical":"https:\/\/www.outdoors.ee\/et\/toode\/carinthia-prg-2-0-vihmajope\/","og_locale":"et_EE","og_type":"article","og_title":"Carinthia\u00ae PRG 2.0 vihmajope Olive - Outdoors","og_description":"Professional Rain Garment","og_url":"https:\/\/www.outdoors.ee\/et\/toode\/carinthia-prg-2-0-vihmajope\/","og_site_name":"Outdoors","article_modified_time":"2025-08-28T11:57:22+00:00","og_image":[{"width":1920,"height":1280,"url":"https:\/\/www.outdoors.ee\/wp-content\/uploads\/2023\/02\/Carinthia-PRG-2.0-Jacket-olive-1.jpg","type":"image\/jpeg"}],"twitter_card":"summary_large_image","twitter_misc":{"Est. reading time":"1 minut"},"schema":{"@context":"https:\/\/schema.org","@graph":[{"@type":"WebPage","@id":"https:\/\/www.outdoors.ee\/et\/toode\/carinthia-prg-2-0-vihmajope\/","url":"https:\/\/www.outdoors.ee\/et\/toode\/carinthia-prg-2-0-vihmajope\/","name":"Carinthia\u00ae PRG 2.0 vihmajope Olive - Outdoors","isPartOf":{"@id":"https:\/\/www.outdoors.ee\/#website"},"primaryImageOfPage":{"@id":"https:\/\/www.outdoors.ee\/et\/toode\/carinthia-prg-2-0-vihmajope\/#primaryimage"},"image":{"@id":"https:\/\/www.outdoors.ee\/et\/toode\/carinthia-prg-2-0-vihmajope\/#primaryimage"},"thumbnailUrl":"https:\/\/www.outdoors.ee\/wp-content\/uploads\/2023\/02\/Carinthia-PRG-2.0-Jacket-olive-1.jpg","datePublished":"2023-02-17T08:50:49+00:00","dateModified":"2025-08-28T11:57:22+00:00","breadcrumb":{"@id":"https:\/\/www.outdoors.ee\/et\/toode\/carinthia-prg-2-0-vihmajope\/#breadcrumb"},"inLanguage":"et","potentialAction":[{"@type":"ReadAction","target":["https:\/\/www.outdoors.ee\/et\/toode\/carinthia-prg-2-0-vihmajope\/"]}]},{"@type":"ImageObject","inLanguage":"et","@id":"https:\/\/www.outdoors.ee\/et\/toode\/carinthia-prg-2-0-vihmajope\/#primaryimage","url":"https:\/\/www.outdoors.ee\/wp-content\/uploads\/2023\/02\/Carinthia-PRG-2.0-Jacket-olive-1.jpg","contentUrl":"https:\/\/www.outdoors.ee\/wp-content\/uploads\/2023\/02\/Carinthia-PRG-2.0-Jacket-olive-1.jpg","width":1920,"height":1280},{"@type":"BreadcrumbList","@id":"https:\/\/www.outdoors.ee\/et\/toode\/carinthia-prg-2-0-vihmajope\/#breadcrumb","itemListElement":[{"@type":"ListItem","position":1,"name":"Home","item":"https:\/\/www.outdoors.ee\/et\/"},{"@type":"ListItem","position":2,"name":"Tooted","item":"https:\/\/www.outdoors.ee\/products\/"},{"@type":"ListItem","position":3,"name":"Carinthia\u00ae PRG 2.0 vihmajope Olive"}]},{"@type":"WebSite","@id":"https:\/\/www.outdoors.ee\/#website","url":"https:\/\/www.outdoors.ee\/","name":"Outdoors","description":"Genuine military surplus and not only!","potentialAction":[{"@type":"SearchAction","target":{"@type":"EntryPoint","urlTemplate":"https:\/\/www.outdoors.ee\/?s={search_term_string}"},"query-input":{"@type":"PropertyValueSpecification","valueRequired":true,"valueName":"search_term_string"}}],"inLanguage":"et"}]}},"_links":{"self":[{"href":"https:\/\/www.outdoors.ee\/et\/wp-json\/wp\/v2\/product\/80649","targetHints":{"allow":["GET"]}}],"collection":[{"href":"https:\/\/www.outdoors.ee\/et\/wp-json\/wp\/v2\/product"}],"about":[{"href":"https:\/\/www.outdoors.ee\/et\/wp-json\/wp\/v2\/types\/product"}],"wp:featuredmedia":[{"embeddable":true,"href":"https:\/\/www.outdoors.ee\/et\/wp-json\/wp\/v2\/media\/80617"}],"wp:attachment":[{"href":"https:\/\/www.outdoors.ee\/et\/wp-json\/wp\/v2\/media?parent=80649"}],"wp:term":[{"taxonomy":"product_brand","embeddable":true,"href":"https:\/\/www.outdoors.ee\/et\/wp-json\/wp\/v2\/product_brand?post=80649"},{"taxonomy":"product_cat","embeddable":true,"href":"https:\/\/www.outdoors.ee\/et\/wp-json\/wp\/v2\/product_cat?post=80649"},{"taxonomy":"product_tag","embeddable":true,"href":"https:\/\/www.outdoors.ee\/et\/wp-json\/wp\/v2\/product_tag?post=80649"}],"curies":[{"name":"wp","href":"https:\/\/api.w.org\/{rel}","templated":true}]}}