{"id":80603,"date":"2023-02-16T18:37:21","date_gmt":"2023-02-16T16:37:21","guid":{"rendered":"https:\/\/www.outdoors.ee\/?post_type=product&#038;p=80603"},"modified":"2025-08-28T14:57:15","modified_gmt":"2025-08-28T11:57:15","slug":"carinthia-mig-4-0-puksid","status":"publish","type":"product","link":"https:\/\/www.outdoors.ee\/et\/toode\/carinthia-mig-4-0-puksid\/","title":{"rendered":"Carinthia\u00ae MIG 4.0 p\u00fcksid"},"content":{"rendered":"<p><strong>Medium Insulation Garment<\/strong><\/p>\n<p><strong>Omadused:<\/strong><\/p>\n<ul>\n<li>kaetud t\u00f5mblukud<\/li>\n<li>t\u00f5mbluku ning n\u00f6\u00f6biga eest suletavad<\/li>\n<li>reguleeritav v\u00f6\u00f6koht veniva pingutusn\u00f6\u00f6riga<\/li>\n<li>sisemised klapiga t\u00f5mblukud all k\u00fclgedel<\/li>\n<li>2 t\u00f5mblukuga suletavat taskut<\/li>\n<li>2 suurt 3D reietaskut kabuuri kinnitamiseks<\/li>\n<li>2 vent.t\u00f5mblukku reite sisek\u00fclgedel<\/li>\n<li>tugevdused h\u00fcppeliigeste ning p\u00f5lvede piirkondades<\/li>\n<li>takjapaela ning trukkide abil reguleeritavad alt<\/li>\n<li>kompressioonkott komplektis<\/li>\n<li>komfort temp.-15\u00b0C \/ 5\u00b0F<\/li>\n<li>soojustus: G-LOFT\u00ae, 100g, 100% pol\u00fcester<\/li>\n<li>tuulekindel ning vetth\u00fclgav v\u00e4lismaterjal: Gore Windstopper\u00ae, 100% Polyester, ePTFE Membrane<\/li>\n<li>sisevooder: 100% Pol\u00fcamide<\/li>\n<li>m\u00f5\u00f5dud pakituna (cm): 18 x 30<\/li>\n<li>kaal (g): 780 (Size M)<\/li>\n<\/ul>\n<p>NB! Suuruste tabel on lisatud viimase pildina<\/p>\n<p><strong>Seisukord:<\/strong> New<\/p>\n","protected":false},"excerpt":{"rendered":"<p>Carinthia\u00ae MIG 4.0 Trousers, olive<\/p>\n","protected":false},"featured_media":80572,"template":"","meta":[],"product_brand":[],"product_cat":[111],"product_tag":[],"class_list":{"0":"post-80603","1":"product","2":"type-product","3":"status-publish","4":"has-post-thumbnail","6":"product_cat-puksid","7":"pa_brand-carinthia-2","8":"pa_size-l-2","9":"pa_size-m-2","10":"pa_size-xl-2","12":"first","13":"instock","14":"taxable","15":"shipping-taxable","16":"purchasable","17":"product-type-variable"},"yoast_head":"<!-- This site is optimized with the Yoast SEO plugin v27.2 - https:\/\/yoast.com\/product\/yoast-seo-wordpress\/ -->\n<title>Carinthia\u00ae MIG 4.0 p\u00fcksid - Outdoors<\/title>\n<meta name=\"robots\" content=\"index, follow, max-snippet:-1, max-image-preview:large, max-video-preview:-1\" \/>\n<link rel=\"canonical\" href=\"https:\/\/www.outdoors.ee\/et\/toode\/carinthia-mig-4-0-puksid\/\" \/>\n<meta property=\"og:locale\" content=\"et_EE\" \/>\n<meta property=\"og:type\" content=\"article\" \/>\n<meta property=\"og:title\" content=\"Carinthia\u00ae MIG 4.0 p\u00fcksid - Outdoors\" \/>\n<meta property=\"og:description\" content=\"Carinthia\u00ae MIG 4.0 Trousers, olive\" \/>\n<meta property=\"og:url\" content=\"https:\/\/www.outdoors.ee\/et\/toode\/carinthia-mig-4-0-puksid\/\" \/>\n<meta property=\"og:site_name\" content=\"Outdoors\" \/>\n<meta property=\"article:modified_time\" content=\"2025-08-28T11:57:15+00:00\" \/>\n<meta property=\"og:image\" content=\"https:\/\/www.outdoors.ee\/wp-content\/uploads\/2023\/02\/Carinthia-MIG-4.0-Trousers-1.jpg\" \/>\n\t<meta property=\"og:image:width\" content=\"1200\" \/>\n\t<meta property=\"og:image:height\" content=\"800\" \/>\n\t<meta property=\"og:image:type\" content=\"image\/jpeg\" \/>\n<meta name=\"twitter:card\" content=\"summary_large_image\" \/>\n<meta name=\"twitter:label1\" content=\"Est. reading time\" \/>\n\t<meta name=\"twitter:data1\" content=\"1 minut\" \/>\n<script type=\"application\/ld+json\" class=\"yoast-schema-graph\">{\"@context\":\"https:\/\/schema.org\",\"@graph\":[{\"@type\":\"WebPage\",\"@id\":\"https:\/\/www.outdoors.ee\/et\/toode\/carinthia-mig-4-0-puksid\/\",\"url\":\"https:\/\/www.outdoors.ee\/et\/toode\/carinthia-mig-4-0-puksid\/\",\"name\":\"Carinthia\u00ae MIG 4.0 p\u00fcksid - Outdoors\",\"isPartOf\":{\"@id\":\"https:\/\/www.outdoors.ee\/#website\"},\"primaryImageOfPage\":{\"@id\":\"https:\/\/www.outdoors.ee\/et\/toode\/carinthia-mig-4-0-puksid\/#primaryimage\"},\"image\":{\"@id\":\"https:\/\/www.outdoors.ee\/et\/toode\/carinthia-mig-4-0-puksid\/#primaryimage\"},\"thumbnailUrl\":\"https:\/\/www.outdoors.ee\/wp-content\/uploads\/2023\/02\/Carinthia-MIG-4.0-Trousers-1.jpg\",\"datePublished\":\"2023-02-16T16:37:21+00:00\",\"dateModified\":\"2025-08-28T11:57:15+00:00\",\"breadcrumb\":{\"@id\":\"https:\/\/www.outdoors.ee\/et\/toode\/carinthia-mig-4-0-puksid\/#breadcrumb\"},\"inLanguage\":\"et\",\"potentialAction\":[{\"@type\":\"ReadAction\",\"target\":[\"https:\/\/www.outdoors.ee\/et\/toode\/carinthia-mig-4-0-puksid\/\"]}]},{\"@type\":\"ImageObject\",\"inLanguage\":\"et\",\"@id\":\"https:\/\/www.outdoors.ee\/et\/toode\/carinthia-mig-4-0-puksid\/#primaryimage\",\"url\":\"https:\/\/www.outdoors.ee\/wp-content\/uploads\/2023\/02\/Carinthia-MIG-4.0-Trousers-1.jpg\",\"contentUrl\":\"https:\/\/www.outdoors.ee\/wp-content\/uploads\/2023\/02\/Carinthia-MIG-4.0-Trousers-1.jpg\",\"width\":1200,\"height\":800},{\"@type\":\"BreadcrumbList\",\"@id\":\"https:\/\/www.outdoors.ee\/et\/toode\/carinthia-mig-4-0-puksid\/#breadcrumb\",\"itemListElement\":[{\"@type\":\"ListItem\",\"position\":1,\"name\":\"Home\",\"item\":\"https:\/\/www.outdoors.ee\/et\/\"},{\"@type\":\"ListItem\",\"position\":2,\"name\":\"Tooted\",\"item\":\"https:\/\/www.outdoors.ee\/products\/\"},{\"@type\":\"ListItem\",\"position\":3,\"name\":\"Carinthia\u00ae MIG 4.0 p\u00fcksid\"}]},{\"@type\":\"WebSite\",\"@id\":\"https:\/\/www.outdoors.ee\/#website\",\"url\":\"https:\/\/www.outdoors.ee\/\",\"name\":\"Outdoors\",\"description\":\"Genuine military surplus and not only!\",\"potentialAction\":[{\"@type\":\"SearchAction\",\"target\":{\"@type\":\"EntryPoint\",\"urlTemplate\":\"https:\/\/www.outdoors.ee\/?s={search_term_string}\"},\"query-input\":{\"@type\":\"PropertyValueSpecification\",\"valueRequired\":true,\"valueName\":\"search_term_string\"}}],\"inLanguage\":\"et\"}]}<\/script>\n<!-- \/ Yoast SEO plugin. -->","yoast_head_json":{"title":"Carinthia\u00ae MIG 4.0 p\u00fcksid - Outdoors","robots":{"index":"index","follow":"follow","max-snippet":"max-snippet:-1","max-image-preview":"max-image-preview:large","max-video-preview":"max-video-preview:-1"},"canonical":"https:\/\/www.outdoors.ee\/et\/toode\/carinthia-mig-4-0-puksid\/","og_locale":"et_EE","og_type":"article","og_title":"Carinthia\u00ae MIG 4.0 p\u00fcksid - Outdoors","og_description":"Carinthia\u00ae MIG 4.0 Trousers, olive","og_url":"https:\/\/www.outdoors.ee\/et\/toode\/carinthia-mig-4-0-puksid\/","og_site_name":"Outdoors","article_modified_time":"2025-08-28T11:57:15+00:00","og_image":[{"width":1200,"height":800,"url":"https:\/\/www.outdoors.ee\/wp-content\/uploads\/2023\/02\/Carinthia-MIG-4.0-Trousers-1.jpg","type":"image\/jpeg"}],"twitter_card":"summary_large_image","twitter_misc":{"Est. reading time":"1 minut"},"schema":{"@context":"https:\/\/schema.org","@graph":[{"@type":"WebPage","@id":"https:\/\/www.outdoors.ee\/et\/toode\/carinthia-mig-4-0-puksid\/","url":"https:\/\/www.outdoors.ee\/et\/toode\/carinthia-mig-4-0-puksid\/","name":"Carinthia\u00ae MIG 4.0 p\u00fcksid - Outdoors","isPartOf":{"@id":"https:\/\/www.outdoors.ee\/#website"},"primaryImageOfPage":{"@id":"https:\/\/www.outdoors.ee\/et\/toode\/carinthia-mig-4-0-puksid\/#primaryimage"},"image":{"@id":"https:\/\/www.outdoors.ee\/et\/toode\/carinthia-mig-4-0-puksid\/#primaryimage"},"thumbnailUrl":"https:\/\/www.outdoors.ee\/wp-content\/uploads\/2023\/02\/Carinthia-MIG-4.0-Trousers-1.jpg","datePublished":"2023-02-16T16:37:21+00:00","dateModified":"2025-08-28T11:57:15+00:00","breadcrumb":{"@id":"https:\/\/www.outdoors.ee\/et\/toode\/carinthia-mig-4-0-puksid\/#breadcrumb"},"inLanguage":"et","potentialAction":[{"@type":"ReadAction","target":["https:\/\/www.outdoors.ee\/et\/toode\/carinthia-mig-4-0-puksid\/"]}]},{"@type":"ImageObject","inLanguage":"et","@id":"https:\/\/www.outdoors.ee\/et\/toode\/carinthia-mig-4-0-puksid\/#primaryimage","url":"https:\/\/www.outdoors.ee\/wp-content\/uploads\/2023\/02\/Carinthia-MIG-4.0-Trousers-1.jpg","contentUrl":"https:\/\/www.outdoors.ee\/wp-content\/uploads\/2023\/02\/Carinthia-MIG-4.0-Trousers-1.jpg","width":1200,"height":800},{"@type":"BreadcrumbList","@id":"https:\/\/www.outdoors.ee\/et\/toode\/carinthia-mig-4-0-puksid\/#breadcrumb","itemListElement":[{"@type":"ListItem","position":1,"name":"Home","item":"https:\/\/www.outdoors.ee\/et\/"},{"@type":"ListItem","position":2,"name":"Tooted","item":"https:\/\/www.outdoors.ee\/products\/"},{"@type":"ListItem","position":3,"name":"Carinthia\u00ae MIG 4.0 p\u00fcksid"}]},{"@type":"WebSite","@id":"https:\/\/www.outdoors.ee\/#website","url":"https:\/\/www.outdoors.ee\/","name":"Outdoors","description":"Genuine military surplus and not only!","potentialAction":[{"@type":"SearchAction","target":{"@type":"EntryPoint","urlTemplate":"https:\/\/www.outdoors.ee\/?s={search_term_string}"},"query-input":{"@type":"PropertyValueSpecification","valueRequired":true,"valueName":"search_term_string"}}],"inLanguage":"et"}]}},"_links":{"self":[{"href":"https:\/\/www.outdoors.ee\/et\/wp-json\/wp\/v2\/product\/80603","targetHints":{"allow":["GET"]}}],"collection":[{"href":"https:\/\/www.outdoors.ee\/et\/wp-json\/wp\/v2\/product"}],"about":[{"href":"https:\/\/www.outdoors.ee\/et\/wp-json\/wp\/v2\/types\/product"}],"wp:featuredmedia":[{"embeddable":true,"href":"https:\/\/www.outdoors.ee\/et\/wp-json\/wp\/v2\/media\/80572"}],"wp:attachment":[{"href":"https:\/\/www.outdoors.ee\/et\/wp-json\/wp\/v2\/media?parent=80603"}],"wp:term":[{"taxonomy":"product_brand","embeddable":true,"href":"https:\/\/www.outdoors.ee\/et\/wp-json\/wp\/v2\/product_brand?post=80603"},{"taxonomy":"product_cat","embeddable":true,"href":"https:\/\/www.outdoors.ee\/et\/wp-json\/wp\/v2\/product_cat?post=80603"},{"taxonomy":"product_tag","embeddable":true,"href":"https:\/\/www.outdoors.ee\/et\/wp-json\/wp\/v2\/product_tag?post=80603"}],"curies":[{"name":"wp","href":"https:\/\/api.w.org\/{rel}","templated":true}]}}