{"id":80293,"date":"2023-02-16T17:51:33","date_gmt":"2023-02-16T15:51:33","guid":{"rendered":"https:\/\/www.outdoors.ee\/?post_type=product&#038;p=80293"},"modified":"2025-08-28T14:57:04","modified_gmt":"2025-08-28T11:57:04","slug":"carinthia-tropen-magamiskott-olive","status":"publish","type":"product","link":"https:\/\/www.outdoors.ee\/et\/toode\/carinthia-tropen-magamiskott-olive\/","title":{"rendered":"Carinthia\u00ae Tropen magamiskott Olive"},"content":{"rendered":"<p>Carinthia Tropen on kerge ning v\u00e4ga kompaktselt kokkupakitav suvine magamiskott. Selle olulisteks eelisteks on hea hingavus, soojapidavus ning trukkidega klapi alla peidetav putukav\u00f5rk.<\/p>\n<p><strong>Omadused:<\/strong><\/p>\n<ul>\n<li>komforttemp. +5\u00b0C (41\u00b0F)<\/li>\n<li>ekstreemtemp. -8\u00b0C (17.6\u00b0F)<\/li>\n<li>nn muumia kuju<\/li>\n<li>putukav\u00f5rk<\/li>\n<li>\u00fchekihiline struktuur<\/li>\n<li>kahesuunaline t\u00f5mblukk sisemise klapiga<\/li>\n<li>trapetsikujuline jalgade osa<\/li>\n<li>kombineeritav Carinthia Defence 4 magamikotiga<\/li>\n<li>kompressioonkott komplektis<\/li>\n<li>soojustus: G-LOFT\u00ae, 100% pol\u00fcester<\/li>\n<li>v\u00e4lismaterjal: 100% pol\u00fcamiid<\/li>\n<li>sisevooder: 100% pol\u00fcamiid<\/li>\n<li>v\u00e4lised m\u00f5\u00f5tmed (cm): 220\/85\/60 (M), 230\/87\/65 (L)<\/li>\n<li>kaal (g): 1100 (M), 1300 (L)<\/li>\n<li>m\u00f5\u00f5tmed kompressioonkotis (cm): 19 x 24 (M), 19 x 25 (L)<\/li>\n<\/ul>\n<p><strong>Seisukord:<\/strong> uus<\/p>\n","protected":false},"excerpt":{"rendered":"<p>Suvine magamiskott integreeritud putukav\u00f5rguga, oliivroheline<\/p>\n","protected":false},"featured_media":80266,"template":"","meta":[],"product_brand":[],"product_cat":[150],"product_tag":[],"class_list":{"0":"post-80293","1":"product","2":"type-product","3":"status-publish","4":"has-post-thumbnail","6":"product_cat-magamisvarustus","7":"pa_brand-carinthia-2","8":"pa_size-l-2","9":"pa_size-m-2","11":"first","12":"instock","13":"taxable","14":"shipping-taxable","15":"purchasable","16":"product-type-variable"},"yoast_head":"<!-- This site is optimized with the Yoast SEO plugin v27.2 - https:\/\/yoast.com\/product\/yoast-seo-wordpress\/ -->\n<title>Carinthia\u00ae Tropen magamiskott Olive - Outdoors<\/title>\n<meta name=\"robots\" content=\"index, follow, max-snippet:-1, max-image-preview:large, max-video-preview:-1\" \/>\n<link rel=\"canonical\" href=\"https:\/\/www.outdoors.ee\/et\/toode\/carinthia-tropen-magamiskott-olive\/\" \/>\n<meta property=\"og:locale\" content=\"et_EE\" \/>\n<meta property=\"og:type\" content=\"article\" \/>\n<meta property=\"og:title\" content=\"Carinthia\u00ae Tropen magamiskott Olive - Outdoors\" \/>\n<meta property=\"og:description\" content=\"Suvine magamiskott integreeritud putukav\u00f5rguga, oliivroheline\" \/>\n<meta property=\"og:url\" content=\"https:\/\/www.outdoors.ee\/et\/toode\/carinthia-tropen-magamiskott-olive\/\" \/>\n<meta property=\"og:site_name\" content=\"Outdoors\" \/>\n<meta property=\"article:modified_time\" content=\"2025-08-28T11:57:04+00:00\" \/>\n<meta property=\"og:image\" content=\"https:\/\/www.outdoors.ee\/wp-content\/uploads\/2023\/02\/Carinthia-Tropen-Sleeping-Bag-4.webp\" \/>\n\t<meta property=\"og:image:width\" content=\"695\" \/>\n\t<meta property=\"og:image:height\" content=\"695\" \/>\n\t<meta property=\"og:image:type\" content=\"image\/webp\" \/>\n<meta name=\"twitter:card\" content=\"summary_large_image\" \/>\n<meta name=\"twitter:label1\" content=\"Est. reading time\" \/>\n\t<meta name=\"twitter:data1\" content=\"1 minut\" \/>\n<script type=\"application\/ld+json\" class=\"yoast-schema-graph\">{\"@context\":\"https:\/\/schema.org\",\"@graph\":[{\"@type\":\"WebPage\",\"@id\":\"https:\/\/www.outdoors.ee\/et\/toode\/carinthia-tropen-magamiskott-olive\/\",\"url\":\"https:\/\/www.outdoors.ee\/et\/toode\/carinthia-tropen-magamiskott-olive\/\",\"name\":\"Carinthia\u00ae Tropen magamiskott Olive - Outdoors\",\"isPartOf\":{\"@id\":\"https:\/\/www.outdoors.ee\/#website\"},\"primaryImageOfPage\":{\"@id\":\"https:\/\/www.outdoors.ee\/et\/toode\/carinthia-tropen-magamiskott-olive\/#primaryimage\"},\"image\":{\"@id\":\"https:\/\/www.outdoors.ee\/et\/toode\/carinthia-tropen-magamiskott-olive\/#primaryimage\"},\"thumbnailUrl\":\"https:\/\/www.outdoors.ee\/wp-content\/uploads\/2023\/02\/Carinthia-Tropen-Sleeping-Bag-4.webp\",\"datePublished\":\"2023-02-16T15:51:33+00:00\",\"dateModified\":\"2025-08-28T11:57:04+00:00\",\"breadcrumb\":{\"@id\":\"https:\/\/www.outdoors.ee\/et\/toode\/carinthia-tropen-magamiskott-olive\/#breadcrumb\"},\"inLanguage\":\"et\",\"potentialAction\":[{\"@type\":\"ReadAction\",\"target\":[\"https:\/\/www.outdoors.ee\/et\/toode\/carinthia-tropen-magamiskott-olive\/\"]}]},{\"@type\":\"ImageObject\",\"inLanguage\":\"et\",\"@id\":\"https:\/\/www.outdoors.ee\/et\/toode\/carinthia-tropen-magamiskott-olive\/#primaryimage\",\"url\":\"https:\/\/www.outdoors.ee\/wp-content\/uploads\/2023\/02\/Carinthia-Tropen-Sleeping-Bag-4.webp\",\"contentUrl\":\"https:\/\/www.outdoors.ee\/wp-content\/uploads\/2023\/02\/Carinthia-Tropen-Sleeping-Bag-4.webp\",\"width\":695,\"height\":695},{\"@type\":\"BreadcrumbList\",\"@id\":\"https:\/\/www.outdoors.ee\/et\/toode\/carinthia-tropen-magamiskott-olive\/#breadcrumb\",\"itemListElement\":[{\"@type\":\"ListItem\",\"position\":1,\"name\":\"Home\",\"item\":\"https:\/\/www.outdoors.ee\/et\/\"},{\"@type\":\"ListItem\",\"position\":2,\"name\":\"Tooted\",\"item\":\"https:\/\/www.outdoors.ee\/products\/\"},{\"@type\":\"ListItem\",\"position\":3,\"name\":\"Carinthia\u00ae Tropen magamiskott Olive\"}]},{\"@type\":\"WebSite\",\"@id\":\"https:\/\/www.outdoors.ee\/#website\",\"url\":\"https:\/\/www.outdoors.ee\/\",\"name\":\"Outdoors\",\"description\":\"Genuine military surplus and not only!\",\"potentialAction\":[{\"@type\":\"SearchAction\",\"target\":{\"@type\":\"EntryPoint\",\"urlTemplate\":\"https:\/\/www.outdoors.ee\/?s={search_term_string}\"},\"query-input\":{\"@type\":\"PropertyValueSpecification\",\"valueRequired\":true,\"valueName\":\"search_term_string\"}}],\"inLanguage\":\"et\"}]}<\/script>\n<!-- \/ Yoast SEO plugin. -->","yoast_head_json":{"title":"Carinthia\u00ae Tropen magamiskott Olive - Outdoors","robots":{"index":"index","follow":"follow","max-snippet":"max-snippet:-1","max-image-preview":"max-image-preview:large","max-video-preview":"max-video-preview:-1"},"canonical":"https:\/\/www.outdoors.ee\/et\/toode\/carinthia-tropen-magamiskott-olive\/","og_locale":"et_EE","og_type":"article","og_title":"Carinthia\u00ae Tropen magamiskott Olive - Outdoors","og_description":"Suvine magamiskott integreeritud putukav\u00f5rguga, oliivroheline","og_url":"https:\/\/www.outdoors.ee\/et\/toode\/carinthia-tropen-magamiskott-olive\/","og_site_name":"Outdoors","article_modified_time":"2025-08-28T11:57:04+00:00","og_image":[{"width":695,"height":695,"url":"https:\/\/www.outdoors.ee\/wp-content\/uploads\/2023\/02\/Carinthia-Tropen-Sleeping-Bag-4.webp","type":"image\/webp"}],"twitter_card":"summary_large_image","twitter_misc":{"Est. reading time":"1 minut"},"schema":{"@context":"https:\/\/schema.org","@graph":[{"@type":"WebPage","@id":"https:\/\/www.outdoors.ee\/et\/toode\/carinthia-tropen-magamiskott-olive\/","url":"https:\/\/www.outdoors.ee\/et\/toode\/carinthia-tropen-magamiskott-olive\/","name":"Carinthia\u00ae Tropen magamiskott Olive - Outdoors","isPartOf":{"@id":"https:\/\/www.outdoors.ee\/#website"},"primaryImageOfPage":{"@id":"https:\/\/www.outdoors.ee\/et\/toode\/carinthia-tropen-magamiskott-olive\/#primaryimage"},"image":{"@id":"https:\/\/www.outdoors.ee\/et\/toode\/carinthia-tropen-magamiskott-olive\/#primaryimage"},"thumbnailUrl":"https:\/\/www.outdoors.ee\/wp-content\/uploads\/2023\/02\/Carinthia-Tropen-Sleeping-Bag-4.webp","datePublished":"2023-02-16T15:51:33+00:00","dateModified":"2025-08-28T11:57:04+00:00","breadcrumb":{"@id":"https:\/\/www.outdoors.ee\/et\/toode\/carinthia-tropen-magamiskott-olive\/#breadcrumb"},"inLanguage":"et","potentialAction":[{"@type":"ReadAction","target":["https:\/\/www.outdoors.ee\/et\/toode\/carinthia-tropen-magamiskott-olive\/"]}]},{"@type":"ImageObject","inLanguage":"et","@id":"https:\/\/www.outdoors.ee\/et\/toode\/carinthia-tropen-magamiskott-olive\/#primaryimage","url":"https:\/\/www.outdoors.ee\/wp-content\/uploads\/2023\/02\/Carinthia-Tropen-Sleeping-Bag-4.webp","contentUrl":"https:\/\/www.outdoors.ee\/wp-content\/uploads\/2023\/02\/Carinthia-Tropen-Sleeping-Bag-4.webp","width":695,"height":695},{"@type":"BreadcrumbList","@id":"https:\/\/www.outdoors.ee\/et\/toode\/carinthia-tropen-magamiskott-olive\/#breadcrumb","itemListElement":[{"@type":"ListItem","position":1,"name":"Home","item":"https:\/\/www.outdoors.ee\/et\/"},{"@type":"ListItem","position":2,"name":"Tooted","item":"https:\/\/www.outdoors.ee\/products\/"},{"@type":"ListItem","position":3,"name":"Carinthia\u00ae Tropen magamiskott Olive"}]},{"@type":"WebSite","@id":"https:\/\/www.outdoors.ee\/#website","url":"https:\/\/www.outdoors.ee\/","name":"Outdoors","description":"Genuine military surplus and not only!","potentialAction":[{"@type":"SearchAction","target":{"@type":"EntryPoint","urlTemplate":"https:\/\/www.outdoors.ee\/?s={search_term_string}"},"query-input":{"@type":"PropertyValueSpecification","valueRequired":true,"valueName":"search_term_string"}}],"inLanguage":"et"}]}},"_links":{"self":[{"href":"https:\/\/www.outdoors.ee\/et\/wp-json\/wp\/v2\/product\/80293","targetHints":{"allow":["GET"]}}],"collection":[{"href":"https:\/\/www.outdoors.ee\/et\/wp-json\/wp\/v2\/product"}],"about":[{"href":"https:\/\/www.outdoors.ee\/et\/wp-json\/wp\/v2\/types\/product"}],"wp:featuredmedia":[{"embeddable":true,"href":"https:\/\/www.outdoors.ee\/et\/wp-json\/wp\/v2\/media\/80266"}],"wp:attachment":[{"href":"https:\/\/www.outdoors.ee\/et\/wp-json\/wp\/v2\/media?parent=80293"}],"wp:term":[{"taxonomy":"product_brand","embeddable":true,"href":"https:\/\/www.outdoors.ee\/et\/wp-json\/wp\/v2\/product_brand?post=80293"},{"taxonomy":"product_cat","embeddable":true,"href":"https:\/\/www.outdoors.ee\/et\/wp-json\/wp\/v2\/product_cat?post=80293"},{"taxonomy":"product_tag","embeddable":true,"href":"https:\/\/www.outdoors.ee\/et\/wp-json\/wp\/v2\/product_tag?post=80293"}],"curies":[{"name":"wp","href":"https:\/\/api.w.org\/{rel}","templated":true}]}}