{"id":79827,"date":"2023-01-30T15:02:12","date_gmt":"2023-01-30T13:02:12","guid":{"rendered":"https:\/\/www.outdoors.ee\/?post_type=product&#038;p=79827"},"modified":"2026-04-29T07:39:14","modified_gmt":"2026-04-29T04:39:14","slug":"saksa-armee-puma-axis-spordijalatsid-black","status":"publish","type":"product","link":"https:\/\/www.outdoors.ee\/et\/toode\/saksa-armee-puma-axis-spordijalatsid-black\/","title":{"rendered":"Saksa Armee Puma\u00ae Axis spordijalatsid Black"},"content":{"rendered":"<p>Vastupidavad Bundeswehr\u00b4i spordijalatsid v\u00e4litingimustesse.<\/p>\n<p><strong>Omadused<\/strong>:<\/p>\n<ul>\n<li>Bundeswehr\u00b4i originaal<\/li>\n<li>kunstnahast ning tekstiilist pealne<\/li>\n<li>libisemisvastane, p\u00f5rutusneelavate omadustega kummist v\u00e4listald<\/li>\n<li>pestav, eemaldatav sisetald<\/li>\n<li>k\u00f5rgem, pehmendatud kannaosa<\/li>\n<\/ul>\n<p><strong>Seisukord<\/strong>:<\/p>\n<ul>\n<li>uus (v\u00f5ivad sisaldada hulgiladustamise j\u00e4lgi)<\/li>\n<li>uuev\u00e4\u00e4rne (sisaldavad minimaalseid kulumisj\u00e4lgi)<\/li>\n<li>kasutatud, Grade 1 (sisaldavad m\u00f5\u00f5dukaid kulumisj\u00e4lgi, v\u00f5ivad sisaldada v\u00e4iksemaid vigastusi)<\/li>\n<\/ul>\n","protected":false},"excerpt":{"rendered":"<p>Vastupidavad Bundeswehr\u00b4i spordijalatsid v\u00e4litingimustesse. Omadused: Bundeswehr\u00b4i originaal kunstnahast ning tekstiilist pealne libisemisvastane, p\u00f5rutusneelavate omadustega kummist v\u00e4listald pestav, eemaldatav sisetald k\u00f5rgem,<\/p>\n","protected":false},"featured_media":79968,"template":"","meta":[],"product_brand":[],"product_cat":[70],"product_tag":[],"class_list":{"0":"post-79827","1":"product","2":"type-product","3":"status-publish","4":"has-post-thumbnail","6":"product_cat-jalanoud","7":"pa_brand-german-military-surplus","8":"pa_brand-puma-2","9":"pa_condition-kasutatud-grade-1","10":"pa_condition-uuevaarne","11":"pa_condition-uus","12":"pa_size-uk105-us115-eu45-2","13":"pa_size-uk10-us11-eu445-2","14":"pa_size-uk115-us125-eu465-2","15":"pa_size-uk11-us12-eu46-2","16":"pa_size-uk125-us135-eu48-2","17":"pa_size-uk12-us13-eu47-3","18":"pa_size-uk135-us145-eu49-2","19":"pa_size-uk13-us14-eu485-2","20":"pa_size-uk45-us55-eu375-3","21":"pa_size-uk4-us5-eu37-2","22":"pa_size-uk55-us65-eu385-2","23":"pa_size-uk5-us6-eu38-2","24":"pa_size-uk65-us75-eu40-2-2","25":"pa_size-uk6-us7-eu39-2","26":"pa_size-uk75-us85-eu415-3","27":"pa_size-uk7-us8-eu41-2","28":"pa_size-uk85-us95-eu425-3","29":"pa_size-uk8-us9-eu42-3","30":"pa_size-uk95-us105-eu44-2","31":"pa_size-uk9-us10-eu43-2","33":"first","34":"instock","35":"taxable","36":"shipping-taxable","37":"purchasable","38":"product-type-variable"},"yoast_head":"<!-- This site is optimized with the Yoast SEO plugin v27.2 - https:\/\/yoast.com\/product\/yoast-seo-wordpress\/ -->\n<title>Saksa Armee nahast spordijalatsid - outdoors.ee<\/title>\n<meta name=\"description\" content=\"Aastatega Ikooniliseks kujunenud spordijalatsi disain. Omadused: Bundeswehr\u00b4i originaal nahast\/seemisnahast pealne mitte-m\u00e4\u00e4riv, libisemisvastane tald pestav, eemaldatav sisetald k\u00f5rgem, pehmendatud kannaosa Seisukord: uus (v\u00f5ivad sisaldada hulgiladustamise j\u00e4lgi) uuev\u00e4\u00e4rne (sisaldavad minimaalseid kulumisj\u00e4lgi)\" \/>\n<meta name=\"robots\" content=\"index, follow, max-snippet:-1, max-image-preview:large, max-video-preview:-1\" \/>\n<link rel=\"canonical\" href=\"https:\/\/www.outdoors.ee\/et\/toode\/saksa-armee-puma-axis-spordijalatsid-black\/\" \/>\n<meta property=\"og:locale\" content=\"et_EE\" \/>\n<meta property=\"og:type\" content=\"article\" \/>\n<meta property=\"og:title\" content=\"Saksa Armee nahast spordijalatsid\" \/>\n<meta property=\"og:description\" content=\"Aastatega Ikooniliseks kujunenud spordijalatsi disain. Omadused: Bundeswehr\u00b4i originaal nahast\/seemisnahast pealne mitte-m\u00e4\u00e4riv, libisemisvastane tald pestav, eemaldatav sisetald k\u00f5rgem, pehmendatud kannaosa Seisukord: uus (v\u00f5ivad sisaldada hulgiladustamise j\u00e4lgi) uuev\u00e4\u00e4rne (sisaldavad minimaalseid kulumisj\u00e4lgi)\" \/>\n<meta property=\"og:url\" content=\"https:\/\/www.outdoors.ee\/et\/toode\/saksa-armee-puma-axis-spordijalatsid-black\/\" \/>\n<meta property=\"og:site_name\" content=\"Outdoors\" \/>\n<meta property=\"article:modified_time\" content=\"2026-04-29T04:39:14+00:00\" \/>\n<meta property=\"og:image\" content=\"https:\/\/www.outdoors.ee\/wp-content\/uploads\/2023\/01\/3978-German-Army-PUMA-Axis-Trainers-Black.png\" \/>\n\t<meta property=\"og:image:width\" content=\"1500\" \/>\n\t<meta property=\"og:image:height\" content=\"1160\" \/>\n\t<meta property=\"og:image:type\" content=\"image\/png\" \/>\n<meta name=\"twitter:card\" content=\"summary_large_image\" \/>\n<meta name=\"twitter:title\" content=\"Saksa Armee nahast spordijalatsid\" \/>\n<meta name=\"twitter:label1\" content=\"Est. reading time\" \/>\n\t<meta name=\"twitter:data1\" content=\"1 minut\" \/>\n<script type=\"application\/ld+json\" class=\"yoast-schema-graph\">{\"@context\":\"https:\/\/schema.org\",\"@graph\":[{\"@type\":\"WebPage\",\"@id\":\"https:\/\/www.outdoors.ee\/et\/toode\/saksa-armee-puma-axis-spordijalatsid-black\/\",\"url\":\"https:\/\/www.outdoors.ee\/et\/toode\/saksa-armee-puma-axis-spordijalatsid-black\/\",\"name\":\"Saksa Armee nahast spordijalatsid - outdoors.ee\",\"isPartOf\":{\"@id\":\"https:\/\/www.outdoors.ee\/#website\"},\"primaryImageOfPage\":{\"@id\":\"https:\/\/www.outdoors.ee\/et\/toode\/saksa-armee-puma-axis-spordijalatsid-black\/#primaryimage\"},\"image\":{\"@id\":\"https:\/\/www.outdoors.ee\/et\/toode\/saksa-armee-puma-axis-spordijalatsid-black\/#primaryimage\"},\"thumbnailUrl\":\"https:\/\/www.outdoors.ee\/wp-content\/uploads\/2023\/01\/3978-German-Army-PUMA-Axis-Trainers-Black.png\",\"datePublished\":\"2023-01-30T13:02:12+00:00\",\"dateModified\":\"2026-04-29T04:39:14+00:00\",\"description\":\"Aastatega Ikooniliseks kujunenud spordijalatsi disain. Omadused: Bundeswehr\u00b4i originaal nahast\/seemisnahast pealne mitte-m\u00e4\u00e4riv, libisemisvastane tald pestav, eemaldatav sisetald k\u00f5rgem, pehmendatud kannaosa Seisukord: uus (v\u00f5ivad sisaldada hulgiladustamise j\u00e4lgi) uuev\u00e4\u00e4rne (sisaldavad minimaalseid kulumisj\u00e4lgi)\",\"breadcrumb\":{\"@id\":\"https:\/\/www.outdoors.ee\/et\/toode\/saksa-armee-puma-axis-spordijalatsid-black\/#breadcrumb\"},\"inLanguage\":\"et\",\"potentialAction\":[{\"@type\":\"ReadAction\",\"target\":[\"https:\/\/www.outdoors.ee\/et\/toode\/saksa-armee-puma-axis-spordijalatsid-black\/\"]}]},{\"@type\":\"ImageObject\",\"inLanguage\":\"et\",\"@id\":\"https:\/\/www.outdoors.ee\/et\/toode\/saksa-armee-puma-axis-spordijalatsid-black\/#primaryimage\",\"url\":\"https:\/\/www.outdoors.ee\/wp-content\/uploads\/2023\/01\/3978-German-Army-PUMA-Axis-Trainers-Black.png\",\"contentUrl\":\"https:\/\/www.outdoors.ee\/wp-content\/uploads\/2023\/01\/3978-German-Army-PUMA-Axis-Trainers-Black.png\",\"width\":1500,\"height\":1160},{\"@type\":\"BreadcrumbList\",\"@id\":\"https:\/\/www.outdoors.ee\/et\/toode\/saksa-armee-puma-axis-spordijalatsid-black\/#breadcrumb\",\"itemListElement\":[{\"@type\":\"ListItem\",\"position\":1,\"name\":\"Home\",\"item\":\"https:\/\/www.outdoors.ee\/et\/\"},{\"@type\":\"ListItem\",\"position\":2,\"name\":\"Tooted\",\"item\":\"https:\/\/www.outdoors.ee\/products\/\"},{\"@type\":\"ListItem\",\"position\":3,\"name\":\"Saksa Armee Puma\u00ae Axis spordijalatsid Black\"}]},{\"@type\":\"WebSite\",\"@id\":\"https:\/\/www.outdoors.ee\/#website\",\"url\":\"https:\/\/www.outdoors.ee\/\",\"name\":\"Outdoors\",\"description\":\"Genuine military surplus and not only!\",\"potentialAction\":[{\"@type\":\"SearchAction\",\"target\":{\"@type\":\"EntryPoint\",\"urlTemplate\":\"https:\/\/www.outdoors.ee\/?s={search_term_string}\"},\"query-input\":{\"@type\":\"PropertyValueSpecification\",\"valueRequired\":true,\"valueName\":\"search_term_string\"}}],\"inLanguage\":\"et\"}]}<\/script>\n<!-- \/ Yoast SEO plugin. -->","yoast_head_json":{"title":"Saksa Armee nahast spordijalatsid - outdoors.ee","description":"Aastatega Ikooniliseks kujunenud spordijalatsi disain. Omadused: Bundeswehr\u00b4i originaal nahast\/seemisnahast pealne mitte-m\u00e4\u00e4riv, libisemisvastane tald pestav, eemaldatav sisetald k\u00f5rgem, pehmendatud kannaosa Seisukord: uus (v\u00f5ivad sisaldada hulgiladustamise j\u00e4lgi) uuev\u00e4\u00e4rne (sisaldavad minimaalseid kulumisj\u00e4lgi)","robots":{"index":"index","follow":"follow","max-snippet":"max-snippet:-1","max-image-preview":"max-image-preview:large","max-video-preview":"max-video-preview:-1"},"canonical":"https:\/\/www.outdoors.ee\/et\/toode\/saksa-armee-puma-axis-spordijalatsid-black\/","og_locale":"et_EE","og_type":"article","og_title":"Saksa Armee nahast spordijalatsid","og_description":"Aastatega Ikooniliseks kujunenud spordijalatsi disain. Omadused: Bundeswehr\u00b4i originaal nahast\/seemisnahast pealne mitte-m\u00e4\u00e4riv, libisemisvastane tald pestav, eemaldatav sisetald k\u00f5rgem, pehmendatud kannaosa Seisukord: uus (v\u00f5ivad sisaldada hulgiladustamise j\u00e4lgi) uuev\u00e4\u00e4rne (sisaldavad minimaalseid kulumisj\u00e4lgi)","og_url":"https:\/\/www.outdoors.ee\/et\/toode\/saksa-armee-puma-axis-spordijalatsid-black\/","og_site_name":"Outdoors","article_modified_time":"2026-04-29T04:39:14+00:00","og_image":[{"width":1500,"height":1160,"url":"https:\/\/www.outdoors.ee\/wp-content\/uploads\/2023\/01\/3978-German-Army-PUMA-Axis-Trainers-Black.png","type":"image\/png"}],"twitter_card":"summary_large_image","twitter_title":"Saksa Armee nahast spordijalatsid","twitter_misc":{"Est. reading time":"1 minut"},"schema":{"@context":"https:\/\/schema.org","@graph":[{"@type":"WebPage","@id":"https:\/\/www.outdoors.ee\/et\/toode\/saksa-armee-puma-axis-spordijalatsid-black\/","url":"https:\/\/www.outdoors.ee\/et\/toode\/saksa-armee-puma-axis-spordijalatsid-black\/","name":"Saksa Armee nahast spordijalatsid - outdoors.ee","isPartOf":{"@id":"https:\/\/www.outdoors.ee\/#website"},"primaryImageOfPage":{"@id":"https:\/\/www.outdoors.ee\/et\/toode\/saksa-armee-puma-axis-spordijalatsid-black\/#primaryimage"},"image":{"@id":"https:\/\/www.outdoors.ee\/et\/toode\/saksa-armee-puma-axis-spordijalatsid-black\/#primaryimage"},"thumbnailUrl":"https:\/\/www.outdoors.ee\/wp-content\/uploads\/2023\/01\/3978-German-Army-PUMA-Axis-Trainers-Black.png","datePublished":"2023-01-30T13:02:12+00:00","dateModified":"2026-04-29T04:39:14+00:00","description":"Aastatega Ikooniliseks kujunenud spordijalatsi disain. Omadused: Bundeswehr\u00b4i originaal nahast\/seemisnahast pealne mitte-m\u00e4\u00e4riv, libisemisvastane tald pestav, eemaldatav sisetald k\u00f5rgem, pehmendatud kannaosa Seisukord: uus (v\u00f5ivad sisaldada hulgiladustamise j\u00e4lgi) uuev\u00e4\u00e4rne (sisaldavad minimaalseid kulumisj\u00e4lgi)","breadcrumb":{"@id":"https:\/\/www.outdoors.ee\/et\/toode\/saksa-armee-puma-axis-spordijalatsid-black\/#breadcrumb"},"inLanguage":"et","potentialAction":[{"@type":"ReadAction","target":["https:\/\/www.outdoors.ee\/et\/toode\/saksa-armee-puma-axis-spordijalatsid-black\/"]}]},{"@type":"ImageObject","inLanguage":"et","@id":"https:\/\/www.outdoors.ee\/et\/toode\/saksa-armee-puma-axis-spordijalatsid-black\/#primaryimage","url":"https:\/\/www.outdoors.ee\/wp-content\/uploads\/2023\/01\/3978-German-Army-PUMA-Axis-Trainers-Black.png","contentUrl":"https:\/\/www.outdoors.ee\/wp-content\/uploads\/2023\/01\/3978-German-Army-PUMA-Axis-Trainers-Black.png","width":1500,"height":1160},{"@type":"BreadcrumbList","@id":"https:\/\/www.outdoors.ee\/et\/toode\/saksa-armee-puma-axis-spordijalatsid-black\/#breadcrumb","itemListElement":[{"@type":"ListItem","position":1,"name":"Home","item":"https:\/\/www.outdoors.ee\/et\/"},{"@type":"ListItem","position":2,"name":"Tooted","item":"https:\/\/www.outdoors.ee\/products\/"},{"@type":"ListItem","position":3,"name":"Saksa Armee Puma\u00ae Axis spordijalatsid Black"}]},{"@type":"WebSite","@id":"https:\/\/www.outdoors.ee\/#website","url":"https:\/\/www.outdoors.ee\/","name":"Outdoors","description":"Genuine military surplus and not only!","potentialAction":[{"@type":"SearchAction","target":{"@type":"EntryPoint","urlTemplate":"https:\/\/www.outdoors.ee\/?s={search_term_string}"},"query-input":{"@type":"PropertyValueSpecification","valueRequired":true,"valueName":"search_term_string"}}],"inLanguage":"et"}]}},"_links":{"self":[{"href":"https:\/\/www.outdoors.ee\/et\/wp-json\/wp\/v2\/product\/79827","targetHints":{"allow":["GET"]}}],"collection":[{"href":"https:\/\/www.outdoors.ee\/et\/wp-json\/wp\/v2\/product"}],"about":[{"href":"https:\/\/www.outdoors.ee\/et\/wp-json\/wp\/v2\/types\/product"}],"wp:featuredmedia":[{"embeddable":true,"href":"https:\/\/www.outdoors.ee\/et\/wp-json\/wp\/v2\/media\/79968"}],"wp:attachment":[{"href":"https:\/\/www.outdoors.ee\/et\/wp-json\/wp\/v2\/media?parent=79827"}],"wp:term":[{"taxonomy":"product_brand","embeddable":true,"href":"https:\/\/www.outdoors.ee\/et\/wp-json\/wp\/v2\/product_brand?post=79827"},{"taxonomy":"product_cat","embeddable":true,"href":"https:\/\/www.outdoors.ee\/et\/wp-json\/wp\/v2\/product_cat?post=79827"},{"taxonomy":"product_tag","embeddable":true,"href":"https:\/\/www.outdoors.ee\/et\/wp-json\/wp\/v2\/product_tag?post=79827"}],"curies":[{"name":"wp","href":"https:\/\/api.w.org\/{rel}","templated":true}]}}