{"id":79029,"date":"2023-01-25T17:36:00","date_gmt":"2023-01-25T15:36:00","guid":{"rendered":"https:\/\/www.outdoors.ee\/?post_type=product&#038;p=79029"},"modified":"2025-10-10T21:42:42","modified_gmt":"2025-10-10T18:42:42","slug":"hollandi-korrakaitse-uksuse-puksid-black","status":"publish","type":"product","link":"https:\/\/www.outdoors.ee\/et\/toode\/hollandi-korrakaitse-uksuse-puksid-black\/","title":{"rendered":"Hollandi korrakaitse \u00fcksuse p\u00fcksid Black"},"content":{"rendered":"<p><strong>Omadused:<\/strong><\/p>\n<ul>\n<li>kahe n\u00f6\u00f6bi, haagi ning t\u00f5mblukuga eest suletavad<\/li>\n<li>p\u00fcksirihma aasad rihmadele laiusega kuni 5cm<\/li>\n<li>D-r\u00f5ngas vasakul ees karabiini kinnitamiseks<\/li>\n<li>2 klassikalist k\u00e4etaskut<\/li>\n<li>v\u00e4ike t\u00f5mblukuga tasku vasaku k\u00e4etasku peal<\/li>\n<li>2 tagataskut<\/li>\n<li>2 takjapaela klapiga suletavat reietaskut<\/li>\n<li>v\u00e4iksem takjapaela klapiga suletav tasku vasaku reietasku all<\/li>\n<li>v\u00e4iksem tt\u00f5mblukuga suletav tasku parema reietasku all<\/li>\n<li>v\u00e4ga vastupidav materjal: 65% pol\u00fcester 35% puuvill<\/li>\n<li>kaal ca 900g<\/li>\n<\/ul>\n<p><strong>Suurus<\/strong> rippmen\u00fc\u00fcs: s\u00e4\u00e4resisepikkus \/ v\u00f6\u00f6\u00fcmberm\u00f5\u00f5t<\/p>\n<p><strong>Seisukord<\/strong>:<\/p>\n<ul>\n<li>uued (v\u00f5ivad sisaldada hulgiladustamise j\u00e4lgi ning embleemi eemaldamise j\u00e4lgi paremal tagataskul)<\/li>\n<li>uuev\u00e4\u00e4rsed (sisaldavad minimaalseid kulumisj\u00e4lgi)<\/li>\n<li>kasutatud, Grade 1 (sisaldavad m\u00f5\u00f5dukaid kulumisj\u00e4lgi, v\u00f5ivad sisaldada v\u00e4iksemaid vigastusi)<\/li>\n<\/ul>\n","protected":false},"excerpt":{"rendered":"<p>Hollandi korrakaitse \u00fcksuse p\u00fcksid, must<\/p>\n","protected":false},"featured_media":79053,"template":"","meta":[],"product_brand":[],"product_cat":[111],"product_tag":[],"class_list":{"0":"post-79029","1":"product","2":"type-product","3":"status-publish","4":"has-post-thumbnail","6":"product_cat-puksid","7":"pa_brand-dutch-military-surplus","8":"pa_condition-kasutatud-grade-1","9":"pa_condition-uuevaarne","10":"pa_condition-uus","11":"pa_size-30in-76cm-285in-72cm-2","12":"pa_size-30in-76cm-295in-75cm-2","13":"pa_size-30in-76cm-305in-77cm-2","14":"pa_size-30in-76cm-315in-80cm-2","15":"pa_size-30in-76cm-325in-83cm-2","16":"pa_size-30in-76cm-335in-85cm-2","17":"pa_size-30in-76cm-345in-88cm-2","18":"pa_size-30in-76cm-355in-90cm-2","19":"pa_size-30in-76cm-365in-93cm-2","20":"pa_size-30in-76cm-385in-98cm-2","21":"pa_size-30in-76cm-425in-108cm-2","22":"pa_size-325in-82cm-27in-69cm-2","23":"pa_size-325in-82cm-295in-75cm-2","24":"pa_size-325in-82cm-305in-77cm-2","25":"pa_size-325in-82cm-315in-80cm-2","26":"pa_size-325in-82cm-325in-83cm-2","27":"pa_size-325in-82cm-335in-85cm-2","28":"pa_size-325in-82cm-345in-88cm-2","29":"pa_size-325in-82cm-355in-90cm-2","30":"pa_size-325in-82cm-365in-93cm-2","31":"pa_size-325in-82cm-375in-95cm-2","32":"pa_size-325in-82cm-385in-98cm-2","33":"pa_size-325in-82cm-395in-100cm-2","34":"pa_size-325in-82cm-405in-103cm-2","35":"pa_size-325in-82cm-415in-105cm-2","36":"pa_size-325in-82cm-425in-108cm-2","37":"pa_size-355in-90cm-305in-77cm-2","38":"pa_size-355in-90cm-315in-80cm-2","39":"pa_size-355in-90cm-325in-83cm-2","40":"pa_size-355in-90cm-335in-85cm-2","41":"pa_size-355in-90cm-345in-88cm-2","42":"pa_size-355in-90cm-355in-90cm-2","43":"pa_size-355in-90cm-365in-93cm-2","44":"pa_size-355in-90cm-375in-95cm-2","45":"pa_size-355in-90cm-385in-98cm-2","46":"pa_size-355in-90cm-395in-100cm-2","47":"pa_size-355in-90cm-405in-103cm-2","48":"pa_size-355in-90cm-415in-105cm-2","49":"pa_size-355in-90cm-425in-108cm-2","51":"first","52":"instock","53":"taxable","54":"shipping-taxable","55":"purchasable","56":"product-type-variable"},"yoast_head":"<!-- This site is optimized with the Yoast SEO plugin v27.2 - https:\/\/yoast.com\/product\/yoast-seo-wordpress\/ -->\n<title>Hollandi korrakaitse \u00fcksuse p\u00fcksid Black - Outdoors<\/title>\n<meta name=\"robots\" content=\"index, follow, max-snippet:-1, max-image-preview:large, max-video-preview:-1\" \/>\n<link rel=\"canonical\" href=\"https:\/\/www.outdoors.ee\/et\/toode\/hollandi-korrakaitse-uksuse-puksid-black\/\" \/>\n<meta property=\"og:locale\" content=\"et_EE\" \/>\n<meta property=\"og:type\" content=\"article\" \/>\n<meta property=\"og:title\" content=\"Hollandi korrakaitse \u00fcksuse p\u00fcksid Black - Outdoors\" \/>\n<meta property=\"og:description\" content=\"Hollandi korrakaitse \u00fcksuse p\u00fcksid, must\" \/>\n<meta property=\"og:url\" content=\"https:\/\/www.outdoors.ee\/et\/toode\/hollandi-korrakaitse-uksuse-puksid-black\/\" \/>\n<meta property=\"og:site_name\" content=\"Outdoors\" \/>\n<meta property=\"article:modified_time\" content=\"2025-10-10T18:42:42+00:00\" \/>\n<meta property=\"og:image\" content=\"https:\/\/www.outdoors.ee\/wp-content\/uploads\/2023\/01\/1566-Dutch-Law-Enforcement-Officer-Trousers-Black-1.png\" \/>\n\t<meta property=\"og:image:width\" content=\"1200\" \/>\n\t<meta property=\"og:image:height\" content=\"1585\" \/>\n\t<meta property=\"og:image:type\" content=\"image\/png\" \/>\n<meta name=\"twitter:card\" content=\"summary_large_image\" \/>\n<meta name=\"twitter:label1\" content=\"Est. reading time\" \/>\n\t<meta name=\"twitter:data1\" content=\"1 minut\" \/>\n<script type=\"application\/ld+json\" class=\"yoast-schema-graph\">{\"@context\":\"https:\/\/schema.org\",\"@graph\":[{\"@type\":\"WebPage\",\"@id\":\"https:\/\/www.outdoors.ee\/et\/toode\/hollandi-korrakaitse-uksuse-puksid-black\/\",\"url\":\"https:\/\/www.outdoors.ee\/et\/toode\/hollandi-korrakaitse-uksuse-puksid-black\/\",\"name\":\"Hollandi korrakaitse \u00fcksuse p\u00fcksid Black - Outdoors\",\"isPartOf\":{\"@id\":\"https:\/\/www.outdoors.ee\/#website\"},\"primaryImageOfPage\":{\"@id\":\"https:\/\/www.outdoors.ee\/et\/toode\/hollandi-korrakaitse-uksuse-puksid-black\/#primaryimage\"},\"image\":{\"@id\":\"https:\/\/www.outdoors.ee\/et\/toode\/hollandi-korrakaitse-uksuse-puksid-black\/#primaryimage\"},\"thumbnailUrl\":\"https:\/\/www.outdoors.ee\/wp-content\/uploads\/2023\/01\/1566-Dutch-Law-Enforcement-Officer-Trousers-Black-1.png\",\"datePublished\":\"2023-01-25T15:36:00+00:00\",\"dateModified\":\"2025-10-10T18:42:42+00:00\",\"breadcrumb\":{\"@id\":\"https:\/\/www.outdoors.ee\/et\/toode\/hollandi-korrakaitse-uksuse-puksid-black\/#breadcrumb\"},\"inLanguage\":\"et\",\"potentialAction\":[{\"@type\":\"ReadAction\",\"target\":[\"https:\/\/www.outdoors.ee\/et\/toode\/hollandi-korrakaitse-uksuse-puksid-black\/\"]}]},{\"@type\":\"ImageObject\",\"inLanguage\":\"et\",\"@id\":\"https:\/\/www.outdoors.ee\/et\/toode\/hollandi-korrakaitse-uksuse-puksid-black\/#primaryimage\",\"url\":\"https:\/\/www.outdoors.ee\/wp-content\/uploads\/2023\/01\/1566-Dutch-Law-Enforcement-Officer-Trousers-Black-1.png\",\"contentUrl\":\"https:\/\/www.outdoors.ee\/wp-content\/uploads\/2023\/01\/1566-Dutch-Law-Enforcement-Officer-Trousers-Black-1.png\",\"width\":1200,\"height\":1585},{\"@type\":\"BreadcrumbList\",\"@id\":\"https:\/\/www.outdoors.ee\/et\/toode\/hollandi-korrakaitse-uksuse-puksid-black\/#breadcrumb\",\"itemListElement\":[{\"@type\":\"ListItem\",\"position\":1,\"name\":\"Home\",\"item\":\"https:\/\/www.outdoors.ee\/et\/\"},{\"@type\":\"ListItem\",\"position\":2,\"name\":\"Tooted\",\"item\":\"https:\/\/www.outdoors.ee\/products\/\"},{\"@type\":\"ListItem\",\"position\":3,\"name\":\"Hollandi korrakaitse \u00fcksuse p\u00fcksid Black\"}]},{\"@type\":\"WebSite\",\"@id\":\"https:\/\/www.outdoors.ee\/#website\",\"url\":\"https:\/\/www.outdoors.ee\/\",\"name\":\"Outdoors\",\"description\":\"Genuine military surplus and not only!\",\"potentialAction\":[{\"@type\":\"SearchAction\",\"target\":{\"@type\":\"EntryPoint\",\"urlTemplate\":\"https:\/\/www.outdoors.ee\/?s={search_term_string}\"},\"query-input\":{\"@type\":\"PropertyValueSpecification\",\"valueRequired\":true,\"valueName\":\"search_term_string\"}}],\"inLanguage\":\"et\"}]}<\/script>\n<!-- \/ Yoast SEO plugin. -->","yoast_head_json":{"title":"Hollandi korrakaitse \u00fcksuse p\u00fcksid Black - Outdoors","robots":{"index":"index","follow":"follow","max-snippet":"max-snippet:-1","max-image-preview":"max-image-preview:large","max-video-preview":"max-video-preview:-1"},"canonical":"https:\/\/www.outdoors.ee\/et\/toode\/hollandi-korrakaitse-uksuse-puksid-black\/","og_locale":"et_EE","og_type":"article","og_title":"Hollandi korrakaitse \u00fcksuse p\u00fcksid Black - Outdoors","og_description":"Hollandi korrakaitse \u00fcksuse p\u00fcksid, must","og_url":"https:\/\/www.outdoors.ee\/et\/toode\/hollandi-korrakaitse-uksuse-puksid-black\/","og_site_name":"Outdoors","article_modified_time":"2025-10-10T18:42:42+00:00","og_image":[{"width":1200,"height":1585,"url":"https:\/\/www.outdoors.ee\/wp-content\/uploads\/2023\/01\/1566-Dutch-Law-Enforcement-Officer-Trousers-Black-1.png","type":"image\/png"}],"twitter_card":"summary_large_image","twitter_misc":{"Est. reading time":"1 minut"},"schema":{"@context":"https:\/\/schema.org","@graph":[{"@type":"WebPage","@id":"https:\/\/www.outdoors.ee\/et\/toode\/hollandi-korrakaitse-uksuse-puksid-black\/","url":"https:\/\/www.outdoors.ee\/et\/toode\/hollandi-korrakaitse-uksuse-puksid-black\/","name":"Hollandi korrakaitse \u00fcksuse p\u00fcksid Black - Outdoors","isPartOf":{"@id":"https:\/\/www.outdoors.ee\/#website"},"primaryImageOfPage":{"@id":"https:\/\/www.outdoors.ee\/et\/toode\/hollandi-korrakaitse-uksuse-puksid-black\/#primaryimage"},"image":{"@id":"https:\/\/www.outdoors.ee\/et\/toode\/hollandi-korrakaitse-uksuse-puksid-black\/#primaryimage"},"thumbnailUrl":"https:\/\/www.outdoors.ee\/wp-content\/uploads\/2023\/01\/1566-Dutch-Law-Enforcement-Officer-Trousers-Black-1.png","datePublished":"2023-01-25T15:36:00+00:00","dateModified":"2025-10-10T18:42:42+00:00","breadcrumb":{"@id":"https:\/\/www.outdoors.ee\/et\/toode\/hollandi-korrakaitse-uksuse-puksid-black\/#breadcrumb"},"inLanguage":"et","potentialAction":[{"@type":"ReadAction","target":["https:\/\/www.outdoors.ee\/et\/toode\/hollandi-korrakaitse-uksuse-puksid-black\/"]}]},{"@type":"ImageObject","inLanguage":"et","@id":"https:\/\/www.outdoors.ee\/et\/toode\/hollandi-korrakaitse-uksuse-puksid-black\/#primaryimage","url":"https:\/\/www.outdoors.ee\/wp-content\/uploads\/2023\/01\/1566-Dutch-Law-Enforcement-Officer-Trousers-Black-1.png","contentUrl":"https:\/\/www.outdoors.ee\/wp-content\/uploads\/2023\/01\/1566-Dutch-Law-Enforcement-Officer-Trousers-Black-1.png","width":1200,"height":1585},{"@type":"BreadcrumbList","@id":"https:\/\/www.outdoors.ee\/et\/toode\/hollandi-korrakaitse-uksuse-puksid-black\/#breadcrumb","itemListElement":[{"@type":"ListItem","position":1,"name":"Home","item":"https:\/\/www.outdoors.ee\/et\/"},{"@type":"ListItem","position":2,"name":"Tooted","item":"https:\/\/www.outdoors.ee\/products\/"},{"@type":"ListItem","position":3,"name":"Hollandi korrakaitse \u00fcksuse p\u00fcksid Black"}]},{"@type":"WebSite","@id":"https:\/\/www.outdoors.ee\/#website","url":"https:\/\/www.outdoors.ee\/","name":"Outdoors","description":"Genuine military surplus and not only!","potentialAction":[{"@type":"SearchAction","target":{"@type":"EntryPoint","urlTemplate":"https:\/\/www.outdoors.ee\/?s={search_term_string}"},"query-input":{"@type":"PropertyValueSpecification","valueRequired":true,"valueName":"search_term_string"}}],"inLanguage":"et"}]}},"_links":{"self":[{"href":"https:\/\/www.outdoors.ee\/et\/wp-json\/wp\/v2\/product\/79029","targetHints":{"allow":["GET"]}}],"collection":[{"href":"https:\/\/www.outdoors.ee\/et\/wp-json\/wp\/v2\/product"}],"about":[{"href":"https:\/\/www.outdoors.ee\/et\/wp-json\/wp\/v2\/types\/product"}],"wp:featuredmedia":[{"embeddable":true,"href":"https:\/\/www.outdoors.ee\/et\/wp-json\/wp\/v2\/media\/79053"}],"wp:attachment":[{"href":"https:\/\/www.outdoors.ee\/et\/wp-json\/wp\/v2\/media?parent=79029"}],"wp:term":[{"taxonomy":"product_brand","embeddable":true,"href":"https:\/\/www.outdoors.ee\/et\/wp-json\/wp\/v2\/product_brand?post=79029"},{"taxonomy":"product_cat","embeddable":true,"href":"https:\/\/www.outdoors.ee\/et\/wp-json\/wp\/v2\/product_cat?post=79029"},{"taxonomy":"product_tag","embeddable":true,"href":"https:\/\/www.outdoors.ee\/et\/wp-json\/wp\/v2\/product_tag?post=79029"}],"curies":[{"name":"wp","href":"https:\/\/api.w.org\/{rel}","templated":true}]}}