{"id":78735,"date":"2023-01-12T15:58:38","date_gmt":"2023-01-12T13:58:38","guid":{"rendered":"https:\/\/www.outdoors.ee\/?post_type=product&#038;p=78735"},"modified":"2025-09-03T15:31:11","modified_gmt":"2025-09-03T12:31:11","slug":"berghaus-yeti-attak-saarised","status":"publish","type":"product","link":"https:\/\/www.outdoors.ee\/et\/toode\/berghaus-yeti-attak-saarised\/","title":{"rendered":"Berghaus\u00ae Yeti\u2122 Attak s\u00e4\u00e4rised"},"content":{"rendered":"<p><strong>Omadused:<\/strong><\/p>\n<ul>\n<li>Hollandi s\u00f5jav\u00e4e originaal<\/li>\n<li>p\u00f5himaterjal: veekindel ja hingav Gore-Tex\u00ae Performance Shell<\/li>\n<li>vahetatav SKYWALK kummist tallaosa<\/li>\n<li>ulatub umbes p\u00f5lveni<\/li>\n<li>takjapaela klapiga kaetud t\u00f5mblukk<\/li>\n<li>pingutusn\u00f6\u00f6riga ning trukkiga \u00fclevalt suletav<\/li>\n<li>unisex<\/li>\n<\/ul>\n<p>Suuruste tabel lisatud viimase pildina<\/p>\n<p><strong>Seisukord:<\/strong> uued (j\u00e4em\u00fc\u00fcgipakendis v\u00f5i ilma, v\u00f5ivad sisaldada hulgiladustamise j\u00e4lgi)<\/p>\n","protected":false},"excerpt":{"rendered":"<p>Berghaus\u00ae Yeti\u2122 Attak s\u00e4\u00e4rised, roheline<\/p>\n","protected":false},"featured_media":78730,"template":"","meta":[],"product_brand":[],"product_cat":[197],"product_tag":[],"class_list":{"0":"post-78735","1":"product","2":"type-product","3":"status-publish","4":"has-post-thumbnail","6":"product_cat-sokid-saarised","7":"pa_brand-berghaus-2","8":"pa_size-l-2","9":"pa_size-m-2","10":"pa_size-s-2","11":"pa_size-xl-2","12":"pa_size-xxl-2","13":"pa_size-xxxl-3","15":"first","16":"instock","17":"taxable","18":"shipping-taxable","19":"purchasable","20":"product-type-variable"},"yoast_head":"<!-- This site is optimized with the Yoast SEO plugin v27.2 - https:\/\/yoast.com\/product\/yoast-seo-wordpress\/ -->\n<title>Berghaus\u00ae Yeti\u2122 Attak s\u00e4\u00e4rised - Outdoors<\/title>\n<meta name=\"robots\" content=\"index, follow, max-snippet:-1, max-image-preview:large, max-video-preview:-1\" \/>\n<link rel=\"canonical\" href=\"https:\/\/www.outdoors.ee\/et\/toode\/berghaus-yeti-attak-saarised\/\" \/>\n<meta property=\"og:locale\" content=\"et_EE\" \/>\n<meta property=\"og:type\" content=\"article\" \/>\n<meta property=\"og:title\" content=\"Berghaus\u00ae Yeti\u2122 Attak s\u00e4\u00e4rised - Outdoors\" \/>\n<meta property=\"og:description\" content=\"Berghaus\u00ae Yeti\u2122 Attak s\u00e4\u00e4rised, roheline\" \/>\n<meta property=\"og:url\" content=\"https:\/\/www.outdoors.ee\/et\/toode\/berghaus-yeti-attak-saarised\/\" \/>\n<meta property=\"og:site_name\" content=\"Outdoors\" \/>\n<meta property=\"article:modified_time\" content=\"2025-09-03T12:31:11+00:00\" \/>\n<meta property=\"og:image\" content=\"https:\/\/www.outdoors.ee\/wp-content\/uploads\/2023\/01\/1510-Berghaus-Yeti\u2122-Attak-Gaiters-1.jpg\" \/>\n\t<meta property=\"og:image:width\" content=\"1000\" \/>\n\t<meta property=\"og:image:height\" content=\"1000\" \/>\n\t<meta property=\"og:image:type\" content=\"image\/jpeg\" \/>\n<meta name=\"twitter:card\" content=\"summary_large_image\" \/>\n<meta name=\"twitter:label1\" content=\"Est. reading time\" \/>\n\t<meta name=\"twitter:data1\" content=\"1 minut\" \/>\n<script type=\"application\/ld+json\" class=\"yoast-schema-graph\">{\"@context\":\"https:\/\/schema.org\",\"@graph\":[{\"@type\":\"WebPage\",\"@id\":\"https:\/\/www.outdoors.ee\/et\/toode\/berghaus-yeti-attak-saarised\/\",\"url\":\"https:\/\/www.outdoors.ee\/et\/toode\/berghaus-yeti-attak-saarised\/\",\"name\":\"Berghaus\u00ae Yeti\u2122 Attak s\u00e4\u00e4rised - Outdoors\",\"isPartOf\":{\"@id\":\"https:\/\/www.outdoors.ee\/#website\"},\"primaryImageOfPage\":{\"@id\":\"https:\/\/www.outdoors.ee\/et\/toode\/berghaus-yeti-attak-saarised\/#primaryimage\"},\"image\":{\"@id\":\"https:\/\/www.outdoors.ee\/et\/toode\/berghaus-yeti-attak-saarised\/#primaryimage\"},\"thumbnailUrl\":\"https:\/\/www.outdoors.ee\/wp-content\/uploads\/2023\/01\/1510-Berghaus-Yeti\u2122-Attak-Gaiters-1.jpg\",\"datePublished\":\"2023-01-12T13:58:38+00:00\",\"dateModified\":\"2025-09-03T12:31:11+00:00\",\"breadcrumb\":{\"@id\":\"https:\/\/www.outdoors.ee\/et\/toode\/berghaus-yeti-attak-saarised\/#breadcrumb\"},\"inLanguage\":\"et\",\"potentialAction\":[{\"@type\":\"ReadAction\",\"target\":[\"https:\/\/www.outdoors.ee\/et\/toode\/berghaus-yeti-attak-saarised\/\"]}]},{\"@type\":\"ImageObject\",\"inLanguage\":\"et\",\"@id\":\"https:\/\/www.outdoors.ee\/et\/toode\/berghaus-yeti-attak-saarised\/#primaryimage\",\"url\":\"https:\/\/www.outdoors.ee\/wp-content\/uploads\/2023\/01\/1510-Berghaus-Yeti\u2122-Attak-Gaiters-1.jpg\",\"contentUrl\":\"https:\/\/www.outdoors.ee\/wp-content\/uploads\/2023\/01\/1510-Berghaus-Yeti\u2122-Attak-Gaiters-1.jpg\",\"width\":1000,\"height\":1000},{\"@type\":\"BreadcrumbList\",\"@id\":\"https:\/\/www.outdoors.ee\/et\/toode\/berghaus-yeti-attak-saarised\/#breadcrumb\",\"itemListElement\":[{\"@type\":\"ListItem\",\"position\":1,\"name\":\"Home\",\"item\":\"https:\/\/www.outdoors.ee\/et\/\"},{\"@type\":\"ListItem\",\"position\":2,\"name\":\"Tooted\",\"item\":\"https:\/\/www.outdoors.ee\/products\/\"},{\"@type\":\"ListItem\",\"position\":3,\"name\":\"Berghaus\u00ae Yeti\u2122 Attak s\u00e4\u00e4rised\"}]},{\"@type\":\"WebSite\",\"@id\":\"https:\/\/www.outdoors.ee\/#website\",\"url\":\"https:\/\/www.outdoors.ee\/\",\"name\":\"Outdoors\",\"description\":\"Genuine military surplus and not only!\",\"potentialAction\":[{\"@type\":\"SearchAction\",\"target\":{\"@type\":\"EntryPoint\",\"urlTemplate\":\"https:\/\/www.outdoors.ee\/?s={search_term_string}\"},\"query-input\":{\"@type\":\"PropertyValueSpecification\",\"valueRequired\":true,\"valueName\":\"search_term_string\"}}],\"inLanguage\":\"et\"}]}<\/script>\n<!-- \/ Yoast SEO plugin. -->","yoast_head_json":{"title":"Berghaus\u00ae Yeti\u2122 Attak s\u00e4\u00e4rised - Outdoors","robots":{"index":"index","follow":"follow","max-snippet":"max-snippet:-1","max-image-preview":"max-image-preview:large","max-video-preview":"max-video-preview:-1"},"canonical":"https:\/\/www.outdoors.ee\/et\/toode\/berghaus-yeti-attak-saarised\/","og_locale":"et_EE","og_type":"article","og_title":"Berghaus\u00ae Yeti\u2122 Attak s\u00e4\u00e4rised - Outdoors","og_description":"Berghaus\u00ae Yeti\u2122 Attak s\u00e4\u00e4rised, roheline","og_url":"https:\/\/www.outdoors.ee\/et\/toode\/berghaus-yeti-attak-saarised\/","og_site_name":"Outdoors","article_modified_time":"2025-09-03T12:31:11+00:00","og_image":[{"width":1000,"height":1000,"url":"https:\/\/www.outdoors.ee\/wp-content\/uploads\/2023\/01\/1510-Berghaus-Yeti\u2122-Attak-Gaiters-1.jpg","type":"image\/jpeg"}],"twitter_card":"summary_large_image","twitter_misc":{"Est. reading time":"1 minut"},"schema":{"@context":"https:\/\/schema.org","@graph":[{"@type":"WebPage","@id":"https:\/\/www.outdoors.ee\/et\/toode\/berghaus-yeti-attak-saarised\/","url":"https:\/\/www.outdoors.ee\/et\/toode\/berghaus-yeti-attak-saarised\/","name":"Berghaus\u00ae Yeti\u2122 Attak s\u00e4\u00e4rised - Outdoors","isPartOf":{"@id":"https:\/\/www.outdoors.ee\/#website"},"primaryImageOfPage":{"@id":"https:\/\/www.outdoors.ee\/et\/toode\/berghaus-yeti-attak-saarised\/#primaryimage"},"image":{"@id":"https:\/\/www.outdoors.ee\/et\/toode\/berghaus-yeti-attak-saarised\/#primaryimage"},"thumbnailUrl":"https:\/\/www.outdoors.ee\/wp-content\/uploads\/2023\/01\/1510-Berghaus-Yeti\u2122-Attak-Gaiters-1.jpg","datePublished":"2023-01-12T13:58:38+00:00","dateModified":"2025-09-03T12:31:11+00:00","breadcrumb":{"@id":"https:\/\/www.outdoors.ee\/et\/toode\/berghaus-yeti-attak-saarised\/#breadcrumb"},"inLanguage":"et","potentialAction":[{"@type":"ReadAction","target":["https:\/\/www.outdoors.ee\/et\/toode\/berghaus-yeti-attak-saarised\/"]}]},{"@type":"ImageObject","inLanguage":"et","@id":"https:\/\/www.outdoors.ee\/et\/toode\/berghaus-yeti-attak-saarised\/#primaryimage","url":"https:\/\/www.outdoors.ee\/wp-content\/uploads\/2023\/01\/1510-Berghaus-Yeti\u2122-Attak-Gaiters-1.jpg","contentUrl":"https:\/\/www.outdoors.ee\/wp-content\/uploads\/2023\/01\/1510-Berghaus-Yeti\u2122-Attak-Gaiters-1.jpg","width":1000,"height":1000},{"@type":"BreadcrumbList","@id":"https:\/\/www.outdoors.ee\/et\/toode\/berghaus-yeti-attak-saarised\/#breadcrumb","itemListElement":[{"@type":"ListItem","position":1,"name":"Home","item":"https:\/\/www.outdoors.ee\/et\/"},{"@type":"ListItem","position":2,"name":"Tooted","item":"https:\/\/www.outdoors.ee\/products\/"},{"@type":"ListItem","position":3,"name":"Berghaus\u00ae Yeti\u2122 Attak s\u00e4\u00e4rised"}]},{"@type":"WebSite","@id":"https:\/\/www.outdoors.ee\/#website","url":"https:\/\/www.outdoors.ee\/","name":"Outdoors","description":"Genuine military surplus and not only!","potentialAction":[{"@type":"SearchAction","target":{"@type":"EntryPoint","urlTemplate":"https:\/\/www.outdoors.ee\/?s={search_term_string}"},"query-input":{"@type":"PropertyValueSpecification","valueRequired":true,"valueName":"search_term_string"}}],"inLanguage":"et"}]}},"_links":{"self":[{"href":"https:\/\/www.outdoors.ee\/et\/wp-json\/wp\/v2\/product\/78735","targetHints":{"allow":["GET"]}}],"collection":[{"href":"https:\/\/www.outdoors.ee\/et\/wp-json\/wp\/v2\/product"}],"about":[{"href":"https:\/\/www.outdoors.ee\/et\/wp-json\/wp\/v2\/types\/product"}],"wp:featuredmedia":[{"embeddable":true,"href":"https:\/\/www.outdoors.ee\/et\/wp-json\/wp\/v2\/media\/78730"}],"wp:attachment":[{"href":"https:\/\/www.outdoors.ee\/et\/wp-json\/wp\/v2\/media?parent=78735"}],"wp:term":[{"taxonomy":"product_brand","embeddable":true,"href":"https:\/\/www.outdoors.ee\/et\/wp-json\/wp\/v2\/product_brand?post=78735"},{"taxonomy":"product_cat","embeddable":true,"href":"https:\/\/www.outdoors.ee\/et\/wp-json\/wp\/v2\/product_cat?post=78735"},{"taxonomy":"product_tag","embeddable":true,"href":"https:\/\/www.outdoors.ee\/et\/wp-json\/wp\/v2\/product_tag?post=78735"}],"curies":[{"name":"wp","href":"https:\/\/api.w.org\/{rel}","templated":true}]}}