{"id":78626,"date":"2023-01-11T16:38:25","date_gmt":"2023-01-11T14:38:49","guid":{"rendered":"https:\/\/www.outdoors.ee\/?post_type=product&#038;p=78626"},"modified":"2025-06-06T15:30:23","modified_gmt":"2025-06-06T12:30:23","slug":"belgia-armee-vihmajope-waterproof-mvp-jacket-jigsaw","status":"publish","type":"product","link":"https:\/\/www.outdoors.ee\/et\/toode\/belgia-armee-vihmajope-waterproof-mvp-jacket-jigsaw\/","title":{"rendered":"Belgia Armee vihmajope Waterproof MVP Jacket Jigsaw"},"content":{"rendered":"<p><strong>Omadused:<\/strong><\/p>\n<ul>\n<li>Belgia s\u00f5jav\u00e4e originaal<\/li>\n<li>Gore-Tex t\u00fc\u00fcpi hingav ning niiskuskindel membraan<\/li>\n<li>teibitud \u00f5mblused<\/li>\n<li>YKK\u00ae t\u00f5mblukk ning trukidega suletav tormklapp<\/li>\n<li>klapiga kaetud t\u00f5mblukuga suletavad taskud ees<\/li>\n<li>pingutusn\u00f6\u00f6riga kapuuts<\/li>\n<li>v\u00f6\u00f6koha ning alumise \u00e4\u00e4re pingutusn\u00f6\u00f6rid<\/li>\n<li>takjapaela abil reguleeritavad mansetid<\/li>\n<li>lai l\u00f5ige<\/li>\n<\/ul>\n<p><strong>Suurus <\/strong>(rinna\u00fcmberm\u00f5\u00f5t, cm):\u00a0 M (95-105), L (105-115), XL (115-125)<\/p>\n<p>Jope kaenlaalune laius, cm: M &#8211; 65, L &#8211; 69, XL &#8211; 74<\/p>\n<p>Jope varruka pikkus kraest, cm: M &#8211; 77, L &#8211; 79, XL &#8211; 82<\/p>\n<p><strong>Seisukord:\u00a0<\/strong><\/p>\n<ul>\n<li>uus (v\u00f5ib sisaldada hulgiladustamise j\u00e4lgi ja kirjasid sildil)<\/li>\n<li>uuev\u00e4\u00e4rne (sisaldab minimaalseid kulumisj\u00e4lgi)<\/li>\n<li>kasutatud, Grade 1 (sisaldab m\u00f5\u00f5dukaid kulumisj\u00e4lgi, v\u00f5ib sisaldada v\u00e4iksemaid vigastusi)<\/li>\n<\/ul>\n","protected":false},"excerpt":{"rendered":"<p>Omadused: Belgia s\u00f5jav\u00e4e originaal Gore-Tex t\u00fc\u00fcpi hingav ning niiskuskindel membraan teibitud \u00f5mblused YKK\u00ae t\u00f5mblukk ning trukidega suletav tormklapp klapiga kaetud<\/p>\n","protected":false},"featured_media":78659,"template":"","meta":[],"product_brand":[],"product_cat":[101],"product_tag":[3143],"class_list":{"0":"post-78626","1":"product","2":"type-product","3":"status-publish","4":"has-post-thumbnail","6":"product_cat-joped-parkad","7":"product_tag-vihmariided","8":"pa_brand-belgian-military-surplus","9":"pa_condition-kasutatud-grade-1","10":"pa_condition-uuevaarne","11":"pa_condition-uus","12":"pa_size-l-2","13":"pa_size-m-2","14":"pa_size-xl-2","16":"first","17":"instock","18":"taxable","19":"shipping-taxable","20":"purchasable","21":"product-type-variable"},"yoast_head":"<!-- This site is optimized with the Yoast SEO plugin v27.2 - https:\/\/yoast.com\/product\/yoast-seo-wordpress\/ -->\n<title>Belgia Armee vihmajope Waterproof MVP Jacket Jigsaw - Outdoors<\/title>\n<meta name=\"robots\" content=\"index, follow, max-snippet:-1, max-image-preview:large, max-video-preview:-1\" \/>\n<link rel=\"canonical\" href=\"https:\/\/www.outdoors.ee\/et\/toode\/belgia-armee-vihmajope-waterproof-mvp-jacket-jigsaw\/\" \/>\n<meta property=\"og:locale\" content=\"et_EE\" \/>\n<meta property=\"og:type\" content=\"article\" \/>\n<meta property=\"og:title\" content=\"Belgia Armee vihmajope Waterproof MVP Jacket Jigsaw - Outdoors\" \/>\n<meta property=\"og:description\" content=\"Omadused: Belgia s\u00f5jav\u00e4e originaal Gore-Tex t\u00fc\u00fcpi hingav ning niiskuskindel membraan teibitud \u00f5mblused YKK\u00ae t\u00f5mblukk ning trukidega suletav tormklapp klapiga kaetud\" \/>\n<meta property=\"og:url\" content=\"https:\/\/www.outdoors.ee\/et\/toode\/belgia-armee-vihmajope-waterproof-mvp-jacket-jigsaw\/\" \/>\n<meta property=\"og:site_name\" content=\"Outdoors\" \/>\n<meta property=\"article:modified_time\" content=\"2025-06-06T12:30:23+00:00\" \/>\n<meta property=\"og:image\" content=\"https:\/\/www.outdoors.ee\/wp-content\/uploads\/2023\/01\/0353-Belgian-Army-Waterproof-MVP-Jacket-Jigsaw-1.png\" \/>\n\t<meta property=\"og:image:width\" content=\"1200\" \/>\n\t<meta property=\"og:image:height\" content=\"1200\" \/>\n\t<meta property=\"og:image:type\" content=\"image\/png\" \/>\n<meta name=\"twitter:card\" content=\"summary_large_image\" \/>\n<meta name=\"twitter:label1\" content=\"Est. reading time\" \/>\n\t<meta name=\"twitter:data1\" content=\"1 minut\" \/>\n<script type=\"application\/ld+json\" class=\"yoast-schema-graph\">{\"@context\":\"https:\/\/schema.org\",\"@graph\":[{\"@type\":\"WebPage\",\"@id\":\"https:\/\/www.outdoors.ee\/et\/toode\/belgia-armee-vihmajope-waterproof-mvp-jacket-jigsaw\/\",\"url\":\"https:\/\/www.outdoors.ee\/et\/toode\/belgia-armee-vihmajope-waterproof-mvp-jacket-jigsaw\/\",\"name\":\"Belgia Armee vihmajope Waterproof MVP Jacket Jigsaw - Outdoors\",\"isPartOf\":{\"@id\":\"https:\/\/www.outdoors.ee\/#website\"},\"primaryImageOfPage\":{\"@id\":\"https:\/\/www.outdoors.ee\/et\/toode\/belgia-armee-vihmajope-waterproof-mvp-jacket-jigsaw\/#primaryimage\"},\"image\":{\"@id\":\"https:\/\/www.outdoors.ee\/et\/toode\/belgia-armee-vihmajope-waterproof-mvp-jacket-jigsaw\/#primaryimage\"},\"thumbnailUrl\":\"https:\/\/www.outdoors.ee\/wp-content\/uploads\/2023\/01\/0353-Belgian-Army-Waterproof-MVP-Jacket-Jigsaw-1.png\",\"datePublished\":\"2023-01-11T14:38:49+00:00\",\"dateModified\":\"2025-06-06T12:30:23+00:00\",\"breadcrumb\":{\"@id\":\"https:\/\/www.outdoors.ee\/et\/toode\/belgia-armee-vihmajope-waterproof-mvp-jacket-jigsaw\/#breadcrumb\"},\"inLanguage\":\"et\",\"potentialAction\":[{\"@type\":\"ReadAction\",\"target\":[\"https:\/\/www.outdoors.ee\/et\/toode\/belgia-armee-vihmajope-waterproof-mvp-jacket-jigsaw\/\"]}]},{\"@type\":\"ImageObject\",\"inLanguage\":\"et\",\"@id\":\"https:\/\/www.outdoors.ee\/et\/toode\/belgia-armee-vihmajope-waterproof-mvp-jacket-jigsaw\/#primaryimage\",\"url\":\"https:\/\/www.outdoors.ee\/wp-content\/uploads\/2023\/01\/0353-Belgian-Army-Waterproof-MVP-Jacket-Jigsaw-1.png\",\"contentUrl\":\"https:\/\/www.outdoors.ee\/wp-content\/uploads\/2023\/01\/0353-Belgian-Army-Waterproof-MVP-Jacket-Jigsaw-1.png\",\"width\":1200,\"height\":1200},{\"@type\":\"BreadcrumbList\",\"@id\":\"https:\/\/www.outdoors.ee\/et\/toode\/belgia-armee-vihmajope-waterproof-mvp-jacket-jigsaw\/#breadcrumb\",\"itemListElement\":[{\"@type\":\"ListItem\",\"position\":1,\"name\":\"Home\",\"item\":\"https:\/\/www.outdoors.ee\/et\/\"},{\"@type\":\"ListItem\",\"position\":2,\"name\":\"Tooted\",\"item\":\"https:\/\/www.outdoors.ee\/products\/\"},{\"@type\":\"ListItem\",\"position\":3,\"name\":\"Belgia Armee vihmajope Waterproof MVP Jacket Jigsaw\"}]},{\"@type\":\"WebSite\",\"@id\":\"https:\/\/www.outdoors.ee\/#website\",\"url\":\"https:\/\/www.outdoors.ee\/\",\"name\":\"Outdoors\",\"description\":\"Genuine military surplus and not only!\",\"potentialAction\":[{\"@type\":\"SearchAction\",\"target\":{\"@type\":\"EntryPoint\",\"urlTemplate\":\"https:\/\/www.outdoors.ee\/?s={search_term_string}\"},\"query-input\":{\"@type\":\"PropertyValueSpecification\",\"valueRequired\":true,\"valueName\":\"search_term_string\"}}],\"inLanguage\":\"et\"}]}<\/script>\n<!-- \/ Yoast SEO plugin. -->","yoast_head_json":{"title":"Belgia Armee vihmajope Waterproof MVP Jacket Jigsaw - Outdoors","robots":{"index":"index","follow":"follow","max-snippet":"max-snippet:-1","max-image-preview":"max-image-preview:large","max-video-preview":"max-video-preview:-1"},"canonical":"https:\/\/www.outdoors.ee\/et\/toode\/belgia-armee-vihmajope-waterproof-mvp-jacket-jigsaw\/","og_locale":"et_EE","og_type":"article","og_title":"Belgia Armee vihmajope Waterproof MVP Jacket Jigsaw - Outdoors","og_description":"Omadused: Belgia s\u00f5jav\u00e4e originaal Gore-Tex t\u00fc\u00fcpi hingav ning niiskuskindel membraan teibitud \u00f5mblused YKK\u00ae t\u00f5mblukk ning trukidega suletav tormklapp klapiga kaetud","og_url":"https:\/\/www.outdoors.ee\/et\/toode\/belgia-armee-vihmajope-waterproof-mvp-jacket-jigsaw\/","og_site_name":"Outdoors","article_modified_time":"2025-06-06T12:30:23+00:00","og_image":[{"width":1200,"height":1200,"url":"https:\/\/www.outdoors.ee\/wp-content\/uploads\/2023\/01\/0353-Belgian-Army-Waterproof-MVP-Jacket-Jigsaw-1.png","type":"image\/png"}],"twitter_card":"summary_large_image","twitter_misc":{"Est. reading time":"1 minut"},"schema":{"@context":"https:\/\/schema.org","@graph":[{"@type":"WebPage","@id":"https:\/\/www.outdoors.ee\/et\/toode\/belgia-armee-vihmajope-waterproof-mvp-jacket-jigsaw\/","url":"https:\/\/www.outdoors.ee\/et\/toode\/belgia-armee-vihmajope-waterproof-mvp-jacket-jigsaw\/","name":"Belgia Armee vihmajope Waterproof MVP Jacket Jigsaw - Outdoors","isPartOf":{"@id":"https:\/\/www.outdoors.ee\/#website"},"primaryImageOfPage":{"@id":"https:\/\/www.outdoors.ee\/et\/toode\/belgia-armee-vihmajope-waterproof-mvp-jacket-jigsaw\/#primaryimage"},"image":{"@id":"https:\/\/www.outdoors.ee\/et\/toode\/belgia-armee-vihmajope-waterproof-mvp-jacket-jigsaw\/#primaryimage"},"thumbnailUrl":"https:\/\/www.outdoors.ee\/wp-content\/uploads\/2023\/01\/0353-Belgian-Army-Waterproof-MVP-Jacket-Jigsaw-1.png","datePublished":"2023-01-11T14:38:49+00:00","dateModified":"2025-06-06T12:30:23+00:00","breadcrumb":{"@id":"https:\/\/www.outdoors.ee\/et\/toode\/belgia-armee-vihmajope-waterproof-mvp-jacket-jigsaw\/#breadcrumb"},"inLanguage":"et","potentialAction":[{"@type":"ReadAction","target":["https:\/\/www.outdoors.ee\/et\/toode\/belgia-armee-vihmajope-waterproof-mvp-jacket-jigsaw\/"]}]},{"@type":"ImageObject","inLanguage":"et","@id":"https:\/\/www.outdoors.ee\/et\/toode\/belgia-armee-vihmajope-waterproof-mvp-jacket-jigsaw\/#primaryimage","url":"https:\/\/www.outdoors.ee\/wp-content\/uploads\/2023\/01\/0353-Belgian-Army-Waterproof-MVP-Jacket-Jigsaw-1.png","contentUrl":"https:\/\/www.outdoors.ee\/wp-content\/uploads\/2023\/01\/0353-Belgian-Army-Waterproof-MVP-Jacket-Jigsaw-1.png","width":1200,"height":1200},{"@type":"BreadcrumbList","@id":"https:\/\/www.outdoors.ee\/et\/toode\/belgia-armee-vihmajope-waterproof-mvp-jacket-jigsaw\/#breadcrumb","itemListElement":[{"@type":"ListItem","position":1,"name":"Home","item":"https:\/\/www.outdoors.ee\/et\/"},{"@type":"ListItem","position":2,"name":"Tooted","item":"https:\/\/www.outdoors.ee\/products\/"},{"@type":"ListItem","position":3,"name":"Belgia Armee vihmajope Waterproof MVP Jacket Jigsaw"}]},{"@type":"WebSite","@id":"https:\/\/www.outdoors.ee\/#website","url":"https:\/\/www.outdoors.ee\/","name":"Outdoors","description":"Genuine military surplus and not only!","potentialAction":[{"@type":"SearchAction","target":{"@type":"EntryPoint","urlTemplate":"https:\/\/www.outdoors.ee\/?s={search_term_string}"},"query-input":{"@type":"PropertyValueSpecification","valueRequired":true,"valueName":"search_term_string"}}],"inLanguage":"et"}]}},"_links":{"self":[{"href":"https:\/\/www.outdoors.ee\/et\/wp-json\/wp\/v2\/product\/78626","targetHints":{"allow":["GET"]}}],"collection":[{"href":"https:\/\/www.outdoors.ee\/et\/wp-json\/wp\/v2\/product"}],"about":[{"href":"https:\/\/www.outdoors.ee\/et\/wp-json\/wp\/v2\/types\/product"}],"wp:featuredmedia":[{"embeddable":true,"href":"https:\/\/www.outdoors.ee\/et\/wp-json\/wp\/v2\/media\/78659"}],"wp:attachment":[{"href":"https:\/\/www.outdoors.ee\/et\/wp-json\/wp\/v2\/media?parent=78626"}],"wp:term":[{"taxonomy":"product_brand","embeddable":true,"href":"https:\/\/www.outdoors.ee\/et\/wp-json\/wp\/v2\/product_brand?post=78626"},{"taxonomy":"product_cat","embeddable":true,"href":"https:\/\/www.outdoors.ee\/et\/wp-json\/wp\/v2\/product_cat?post=78626"},{"taxonomy":"product_tag","embeddable":true,"href":"https:\/\/www.outdoors.ee\/et\/wp-json\/wp\/v2\/product_tag?post=78626"}],"curies":[{"name":"wp","href":"https:\/\/api.w.org\/{rel}","templated":true}]}}