{"id":78568,"date":"2023-01-10T11:43:40","date_gmt":"2023-01-10T09:43:41","guid":{"rendered":"https:\/\/www.outdoors.ee\/?post_type=product&#038;p=78568"},"modified":"2024-04-04T15:47:37","modified_gmt":"2024-04-04T12:47:37","slug":"briti-armee-virtus-mk3-90l-seljakott-mtp","status":"publish","type":"product","link":"https:\/\/www.outdoors.ee\/et\/toode\/briti-armee-virtus-mk3-90l-seljakott-mtp\/","title":{"rendered":"Briti Armee Virtus MK3 90L seljakott MTP"},"content":{"rendered":"<p>Briti s\u00f5jav\u00e4e hiliseim 90L seljakoti mudel, vastupidavatest materjalidest ning \u00fclimalt k\u00f5rge koostekvaliteediga.<\/p>\n<p><strong>Omadused<\/strong>:<\/p>\n<ul>\n<li>65L peasahtel<\/li>\n<li>10L peasahtli \u00fclemine laiendus<\/li>\n<li>6L kaas pehmendatud taskuga<\/li>\n<li>2L pehmendatud tasku<\/li>\n<li>2L v\u00e4limine tasku<\/li>\n<li>v\u00f5imalik kinnitada 17L Assault Pack seljakott (ei kuulu komplekti)<\/li>\n<li>v\u00f5imalik kinnitada 2 x 5L \/ 7,5L k\u00fcljetaskut v\u00f5i 3L joogis\u00fcsteem (ei kuulu komplekti)<\/li>\n<li>k\u00fcljetaskud pikematele esemetele<\/li>\n<li>saab kasutada koos DWD (Dynamic Weight Distribution System) raskusjaotuss\u00fcsteemiga<\/li>\n<li>vastupidav kandesang \u00fcleval<\/li>\n<li>anatoomiliselt kujundatud, pehmendatud \u00f5larihmad<\/li>\n<li>&#8220;buumerangi&#8221; kujuline reguleeritav, eemaldatav, pehmendatud puusav\u00f6\u00f6<\/li>\n<li>pehmendatud seljaosa<\/li>\n<li>reguleeritav rinnarihm kiirvabastusklambriga<\/li>\n<li>kompressioonrihmad k\u00fclgedel kiirvabastusklambritega<\/li>\n<li>plastikust karabiinid ning joogis\u00fcsteemi vooliku fiksaator \u00f5larihmadel<\/li>\n<li>MOLLE paneelid ees ning k\u00fclgedel<\/li>\n<li>suured t\u00f5mbluku tilad mugavaks kasutamiseks kinnastega v\u00f5i pimedas<\/li>\n<li>t\u00f5mblukuga ligip\u00e4\u00e4s peasahtlisse seljakoti alumises osas<\/li>\n<li>\u00e4ravoolu avad p\u00f5hjas<\/li>\n<li>takjapaela paneel esipaneeli \u00fclemises osas<\/li>\n<li>materjal: Cordura 330, Cordura 500, Cordura 1000, Nylon 210, PVC Tarpaulin.<\/li>\n<li>YKK\u00ae t\u00f5mblukud<\/li>\n<li>kaal ca 3kg<\/li>\n<\/ul>\n<p><strong>Seisukord<\/strong>:<\/p>\n<ul>\n<li style=\"text-align: justify;\">uus, k\u00fcljetaskutega v\u00f5i ilma vastavalt rippmen\u00fc\u00fc valikule (v\u00f5ib sisaldada hulgiladustamise j\u00e4lgi ja kirjasid sildil)<\/li>\n<li style=\"text-align: justify;\">uuev\u00e4\u00e4rne, k\u00fcljetaskutega v\u00f5i ilma vastavalt rippmen\u00fc\u00fc valikule (sisaldab kergeid kulumisj\u00e4lgi)<\/li>\n<li style=\"text-align: justify;\">kasutatud, Grade 1 (sisaldab m\u00f5\u00f5dukaid kulumisj\u00e4lgi, v\u00f5ib sisaldada v\u00e4iksemaid vigastusi ning olla kergelt m\u00e4\u00e4rdunud, <span style=\"text-decoration: underline;\">ilma<\/span> k\u00fcljetaskuteta)<\/li>\n<\/ul>\n","protected":false},"excerpt":{"rendered":"<p>Briti Armee Virtus MK3 90L seljakott, MTP<\/p>\n","protected":false},"featured_media":78574,"template":"","meta":[],"product_brand":[],"product_cat":[3539],"product_tag":[],"class_list":{"0":"post-78568","1":"product","2":"type-product","3":"status-publish","4":"has-post-thumbnail","6":"product_cat-seljakotid","7":"pa_brand-british-military-surplus","8":"pa_condition-kasutatud-grade-1","9":"pa_condition-uuevaarne-ilma-kuljetaskuteta","10":"pa_condition-uuevaarne-kuljetaskutega","11":"pa_condition-uus-ilma-kuljetaskuteta","12":"pa_condition-uus-kuljetaskutega","14":"first","15":"outofstock","16":"taxable","17":"shipping-taxable","18":"product-type-variable"},"yoast_head":"<!-- This site is optimized with the Yoast SEO plugin v27.2 - https:\/\/yoast.com\/product\/yoast-seo-wordpress\/ -->\n<title>Briti Armee Virtus 90L GU seljakott MTP - outdoors.ee<\/title>\n<meta name=\"description\" content=\"Briti s\u00f5jav\u00e4e hiliseim 90L seljakoti mudel, vastupidavatest materjalidest ning \u00fclimalt k\u00f5rge koostekvaliteediga. Omadused: vastupidav kandesang \u00fcleval pealmine kaas kahe t\u00f5mblukuga suletava taskuga (1 veekindel) pehmendatud, reguleeritava pikkusega \u00f5larihmad rinnarihm plastikpandlaga kaks t\u00f5mbluku abil kinnitatavat k\u00fcljetaskut mahuga 5L x 2 eemaldavat seljaraam peasahtlis asuvas t\u00f5mblukuga suletavas taskus ulatuslik t\u00f5mblukuga ligip\u00e4\u00e4s peasahtlisse seljakoti eest t\u00f5mbluku abil avanev tasku esipaneelil karabiiniga sees vastupidavad t\u00f5mblukud suurte tiladega, lihtne kasutada ka kindad k\u00e4es kokkurullitav klapp esipaneelil lisavarustuse kinnitamiseks (kiiver, magamismatt) t\u00f5mblukuga ligip\u00e4\u00e4s peasahtlisse seljakoti alt \u00e4ravoolu avad p\u00f5hjas kandesangad k\u00fclgedel kompressioonrihmad k\u00fclgedel plastikpandlatega Molle kinnituspaneelid \u00fcle terve seljakoti\u00a0 takjapaela paneel esipaneeli \u00fclemises osas v\u00e4iksem t\u00f5mblukuga tasku esipaneelil\u00a0 Kaal: ca 4kg (koos k\u00fcljetaskutega) M\u00f5\u00f5dud: ca 80 x 60 x 30cm Seisukord: uus seljakott k\u00fcljetaskutega (v\u00f5ib sisaldada hulgiladustamise j\u00e4lgi)\" \/>\n<meta name=\"robots\" content=\"index, follow, max-snippet:-1, max-image-preview:large, max-video-preview:-1\" \/>\n<link rel=\"canonical\" href=\"https:\/\/www.outdoors.ee\/et\/toode\/briti-armee-virtus-mk3-90l-seljakott-mtp\/\" \/>\n<meta property=\"og:locale\" content=\"et_EE\" \/>\n<meta property=\"og:type\" content=\"article\" \/>\n<meta property=\"og:title\" content=\"Briti Armee Virtus 90L GU seljakott MTP\" \/>\n<meta property=\"og:description\" content=\"Briti s\u00f5jav\u00e4e hiliseim 90L seljakoti mudel, vastupidavatest materjalidest ning \u00fclimalt k\u00f5rge koostekvaliteediga. Omadused: vastupidav kandesang \u00fcleval pealmine kaas kahe t\u00f5mblukuga suletava taskuga (1 veekindel) pehmendatud, reguleeritava pikkusega \u00f5larihmad rinnarihm plastikpandlaga kaks t\u00f5mbluku abil kinnitatavat k\u00fcljetaskut mahuga 5L x 2 eemaldavat seljaraam peasahtlis asuvas t\u00f5mblukuga suletavas taskus ulatuslik t\u00f5mblukuga ligip\u00e4\u00e4s peasahtlisse seljakoti eest t\u00f5mbluku abil avanev tasku esipaneelil karabiiniga sees vastupidavad t\u00f5mblukud suurte tiladega, lihtne kasutada ka kindad k\u00e4es kokkurullitav klapp esipaneelil lisavarustuse kinnitamiseks (kiiver, magamismatt) t\u00f5mblukuga ligip\u00e4\u00e4s peasahtlisse seljakoti alt \u00e4ravoolu avad p\u00f5hjas kandesangad k\u00fclgedel kompressioonrihmad k\u00fclgedel plastikpandlatega Molle kinnituspaneelid \u00fcle terve seljakoti\u00a0 takjapaela paneel esipaneeli \u00fclemises osas v\u00e4iksem t\u00f5mblukuga tasku esipaneelil\u00a0 Kaal: ca 4kg (koos k\u00fcljetaskutega) M\u00f5\u00f5dud: ca 80 x 60 x 30cm Seisukord: uus seljakott k\u00fcljetaskutega (v\u00f5ib sisaldada hulgiladustamise j\u00e4lgi)\" \/>\n<meta property=\"og:url\" content=\"https:\/\/www.outdoors.ee\/et\/toode\/briti-armee-virtus-mk3-90l-seljakott-mtp\/\" \/>\n<meta property=\"og:site_name\" content=\"Outdoors\" \/>\n<meta property=\"article:modified_time\" content=\"2024-04-04T12:47:37+00:00\" \/>\n<meta property=\"og:image\" content=\"https:\/\/www.outdoors.ee\/wp-content\/uploads\/2023\/01\/0170-British-Army-Virtus-MK3-90L-Bergen-MTP-1.jpg\" \/>\n\t<meta property=\"og:image:width\" content=\"1000\" \/>\n\t<meta property=\"og:image:height\" content=\"1000\" \/>\n\t<meta property=\"og:image:type\" content=\"image\/jpeg\" \/>\n<meta name=\"twitter:card\" content=\"summary_large_image\" \/>\n<meta name=\"twitter:title\" content=\"Briti Armee Virtus 90L GU seljakott MTP\" \/>\n<meta name=\"twitter:label1\" content=\"Est. reading time\" \/>\n\t<meta name=\"twitter:data1\" content=\"1 minut\" \/>\n<script type=\"application\/ld+json\" class=\"yoast-schema-graph\">{\"@context\":\"https:\/\/schema.org\",\"@graph\":[{\"@type\":\"WebPage\",\"@id\":\"https:\/\/www.outdoors.ee\/et\/toode\/briti-armee-virtus-mk3-90l-seljakott-mtp\/\",\"url\":\"https:\/\/www.outdoors.ee\/et\/toode\/briti-armee-virtus-mk3-90l-seljakott-mtp\/\",\"name\":\"Briti Armee Virtus 90L GU seljakott MTP - outdoors.ee\",\"isPartOf\":{\"@id\":\"https:\/\/www.outdoors.ee\/#website\"},\"primaryImageOfPage\":{\"@id\":\"https:\/\/www.outdoors.ee\/et\/toode\/briti-armee-virtus-mk3-90l-seljakott-mtp\/#primaryimage\"},\"image\":{\"@id\":\"https:\/\/www.outdoors.ee\/et\/toode\/briti-armee-virtus-mk3-90l-seljakott-mtp\/#primaryimage\"},\"thumbnailUrl\":\"https:\/\/www.outdoors.ee\/wp-content\/uploads\/2023\/01\/0170-British-Army-Virtus-MK3-90L-Bergen-MTP-1.jpg\",\"datePublished\":\"2023-01-10T09:43:41+00:00\",\"dateModified\":\"2024-04-04T12:47:37+00:00\",\"description\":\"Briti s\u00f5jav\u00e4e hiliseim 90L seljakoti mudel, vastupidavatest materjalidest ning \u00fclimalt k\u00f5rge koostekvaliteediga. Omadused: vastupidav kandesang \u00fcleval pealmine kaas kahe t\u00f5mblukuga suletava taskuga (1 veekindel) pehmendatud, reguleeritava pikkusega \u00f5larihmad rinnarihm plastikpandlaga kaks t\u00f5mbluku abil kinnitatavat k\u00fcljetaskut mahuga 5L x 2 eemaldavat seljaraam peasahtlis asuvas t\u00f5mblukuga suletavas taskus ulatuslik t\u00f5mblukuga ligip\u00e4\u00e4s peasahtlisse seljakoti eest t\u00f5mbluku abil avanev tasku esipaneelil karabiiniga sees vastupidavad t\u00f5mblukud suurte tiladega, lihtne kasutada ka kindad k\u00e4es kokkurullitav klapp esipaneelil lisavarustuse kinnitamiseks (kiiver, magamismatt) t\u00f5mblukuga ligip\u00e4\u00e4s peasahtlisse seljakoti alt \u00e4ravoolu avad p\u00f5hjas kandesangad k\u00fclgedel kompressioonrihmad k\u00fclgedel plastikpandlatega Molle kinnituspaneelid \u00fcle terve seljakoti\u00a0 takjapaela paneel esipaneeli \u00fclemises osas v\u00e4iksem t\u00f5mblukuga tasku esipaneelil\u00a0 Kaal: ca 4kg (koos k\u00fcljetaskutega) M\u00f5\u00f5dud: ca 80 x 60 x 30cm Seisukord: uus seljakott k\u00fcljetaskutega (v\u00f5ib sisaldada hulgiladustamise j\u00e4lgi)\",\"breadcrumb\":{\"@id\":\"https:\/\/www.outdoors.ee\/et\/toode\/briti-armee-virtus-mk3-90l-seljakott-mtp\/#breadcrumb\"},\"inLanguage\":\"et\",\"potentialAction\":[{\"@type\":\"ReadAction\",\"target\":[\"https:\/\/www.outdoors.ee\/et\/toode\/briti-armee-virtus-mk3-90l-seljakott-mtp\/\"]}]},{\"@type\":\"ImageObject\",\"inLanguage\":\"et\",\"@id\":\"https:\/\/www.outdoors.ee\/et\/toode\/briti-armee-virtus-mk3-90l-seljakott-mtp\/#primaryimage\",\"url\":\"https:\/\/www.outdoors.ee\/wp-content\/uploads\/2023\/01\/0170-British-Army-Virtus-MK3-90L-Bergen-MTP-1.jpg\",\"contentUrl\":\"https:\/\/www.outdoors.ee\/wp-content\/uploads\/2023\/01\/0170-British-Army-Virtus-MK3-90L-Bergen-MTP-1.jpg\",\"width\":1000,\"height\":1000},{\"@type\":\"BreadcrumbList\",\"@id\":\"https:\/\/www.outdoors.ee\/et\/toode\/briti-armee-virtus-mk3-90l-seljakott-mtp\/#breadcrumb\",\"itemListElement\":[{\"@type\":\"ListItem\",\"position\":1,\"name\":\"Home\",\"item\":\"https:\/\/www.outdoors.ee\/et\/\"},{\"@type\":\"ListItem\",\"position\":2,\"name\":\"Tooted\",\"item\":\"https:\/\/www.outdoors.ee\/products\/\"},{\"@type\":\"ListItem\",\"position\":3,\"name\":\"Briti Armee Virtus MK3 90L seljakott MTP\"}]},{\"@type\":\"WebSite\",\"@id\":\"https:\/\/www.outdoors.ee\/#website\",\"url\":\"https:\/\/www.outdoors.ee\/\",\"name\":\"Outdoors\",\"description\":\"Genuine military surplus and not only!\",\"potentialAction\":[{\"@type\":\"SearchAction\",\"target\":{\"@type\":\"EntryPoint\",\"urlTemplate\":\"https:\/\/www.outdoors.ee\/?s={search_term_string}\"},\"query-input\":{\"@type\":\"PropertyValueSpecification\",\"valueRequired\":true,\"valueName\":\"search_term_string\"}}],\"inLanguage\":\"et\"}]}<\/script>\n<!-- \/ Yoast SEO plugin. -->","yoast_head_json":{"title":"Briti Armee Virtus 90L GU seljakott MTP - outdoors.ee","description":"Briti s\u00f5jav\u00e4e hiliseim 90L seljakoti mudel, vastupidavatest materjalidest ning \u00fclimalt k\u00f5rge koostekvaliteediga. Omadused: vastupidav kandesang \u00fcleval pealmine kaas kahe t\u00f5mblukuga suletava taskuga (1 veekindel) pehmendatud, reguleeritava pikkusega \u00f5larihmad rinnarihm plastikpandlaga kaks t\u00f5mbluku abil kinnitatavat k\u00fcljetaskut mahuga 5L x 2 eemaldavat seljaraam peasahtlis asuvas t\u00f5mblukuga suletavas taskus ulatuslik t\u00f5mblukuga ligip\u00e4\u00e4s peasahtlisse seljakoti eest t\u00f5mbluku abil avanev tasku esipaneelil karabiiniga sees vastupidavad t\u00f5mblukud suurte tiladega, lihtne kasutada ka kindad k\u00e4es kokkurullitav klapp esipaneelil lisavarustuse kinnitamiseks (kiiver, magamismatt) t\u00f5mblukuga ligip\u00e4\u00e4s peasahtlisse seljakoti alt \u00e4ravoolu avad p\u00f5hjas kandesangad k\u00fclgedel kompressioonrihmad k\u00fclgedel plastikpandlatega Molle kinnituspaneelid \u00fcle terve seljakoti\u00a0 takjapaela paneel esipaneeli \u00fclemises osas v\u00e4iksem t\u00f5mblukuga tasku esipaneelil\u00a0 Kaal: ca 4kg (koos k\u00fcljetaskutega) M\u00f5\u00f5dud: ca 80 x 60 x 30cm Seisukord: uus seljakott k\u00fcljetaskutega (v\u00f5ib sisaldada hulgiladustamise j\u00e4lgi)","robots":{"index":"index","follow":"follow","max-snippet":"max-snippet:-1","max-image-preview":"max-image-preview:large","max-video-preview":"max-video-preview:-1"},"canonical":"https:\/\/www.outdoors.ee\/et\/toode\/briti-armee-virtus-mk3-90l-seljakott-mtp\/","og_locale":"et_EE","og_type":"article","og_title":"Briti Armee Virtus 90L GU seljakott MTP","og_description":"Briti s\u00f5jav\u00e4e hiliseim 90L seljakoti mudel, vastupidavatest materjalidest ning \u00fclimalt k\u00f5rge koostekvaliteediga. Omadused: vastupidav kandesang \u00fcleval pealmine kaas kahe t\u00f5mblukuga suletava taskuga (1 veekindel) pehmendatud, reguleeritava pikkusega \u00f5larihmad rinnarihm plastikpandlaga kaks t\u00f5mbluku abil kinnitatavat k\u00fcljetaskut mahuga 5L x 2 eemaldavat seljaraam peasahtlis asuvas t\u00f5mblukuga suletavas taskus ulatuslik t\u00f5mblukuga ligip\u00e4\u00e4s peasahtlisse seljakoti eest t\u00f5mbluku abil avanev tasku esipaneelil karabiiniga sees vastupidavad t\u00f5mblukud suurte tiladega, lihtne kasutada ka kindad k\u00e4es kokkurullitav klapp esipaneelil lisavarustuse kinnitamiseks (kiiver, magamismatt) t\u00f5mblukuga ligip\u00e4\u00e4s peasahtlisse seljakoti alt \u00e4ravoolu avad p\u00f5hjas kandesangad k\u00fclgedel kompressioonrihmad k\u00fclgedel plastikpandlatega Molle kinnituspaneelid \u00fcle terve seljakoti\u00a0 takjapaela paneel esipaneeli \u00fclemises osas v\u00e4iksem t\u00f5mblukuga tasku esipaneelil\u00a0 Kaal: ca 4kg (koos k\u00fcljetaskutega) M\u00f5\u00f5dud: ca 80 x 60 x 30cm Seisukord: uus seljakott k\u00fcljetaskutega (v\u00f5ib sisaldada hulgiladustamise j\u00e4lgi)","og_url":"https:\/\/www.outdoors.ee\/et\/toode\/briti-armee-virtus-mk3-90l-seljakott-mtp\/","og_site_name":"Outdoors","article_modified_time":"2024-04-04T12:47:37+00:00","og_image":[{"width":1000,"height":1000,"url":"https:\/\/www.outdoors.ee\/wp-content\/uploads\/2023\/01\/0170-British-Army-Virtus-MK3-90L-Bergen-MTP-1.jpg","type":"image\/jpeg"}],"twitter_card":"summary_large_image","twitter_title":"Briti Armee Virtus 90L GU seljakott MTP","twitter_misc":{"Est. reading time":"1 minut"},"schema":{"@context":"https:\/\/schema.org","@graph":[{"@type":"WebPage","@id":"https:\/\/www.outdoors.ee\/et\/toode\/briti-armee-virtus-mk3-90l-seljakott-mtp\/","url":"https:\/\/www.outdoors.ee\/et\/toode\/briti-armee-virtus-mk3-90l-seljakott-mtp\/","name":"Briti Armee Virtus 90L GU seljakott MTP - outdoors.ee","isPartOf":{"@id":"https:\/\/www.outdoors.ee\/#website"},"primaryImageOfPage":{"@id":"https:\/\/www.outdoors.ee\/et\/toode\/briti-armee-virtus-mk3-90l-seljakott-mtp\/#primaryimage"},"image":{"@id":"https:\/\/www.outdoors.ee\/et\/toode\/briti-armee-virtus-mk3-90l-seljakott-mtp\/#primaryimage"},"thumbnailUrl":"https:\/\/www.outdoors.ee\/wp-content\/uploads\/2023\/01\/0170-British-Army-Virtus-MK3-90L-Bergen-MTP-1.jpg","datePublished":"2023-01-10T09:43:41+00:00","dateModified":"2024-04-04T12:47:37+00:00","description":"Briti s\u00f5jav\u00e4e hiliseim 90L seljakoti mudel, vastupidavatest materjalidest ning \u00fclimalt k\u00f5rge koostekvaliteediga. Omadused: vastupidav kandesang \u00fcleval pealmine kaas kahe t\u00f5mblukuga suletava taskuga (1 veekindel) pehmendatud, reguleeritava pikkusega \u00f5larihmad rinnarihm plastikpandlaga kaks t\u00f5mbluku abil kinnitatavat k\u00fcljetaskut mahuga 5L x 2 eemaldavat seljaraam peasahtlis asuvas t\u00f5mblukuga suletavas taskus ulatuslik t\u00f5mblukuga ligip\u00e4\u00e4s peasahtlisse seljakoti eest t\u00f5mbluku abil avanev tasku esipaneelil karabiiniga sees vastupidavad t\u00f5mblukud suurte tiladega, lihtne kasutada ka kindad k\u00e4es kokkurullitav klapp esipaneelil lisavarustuse kinnitamiseks (kiiver, magamismatt) t\u00f5mblukuga ligip\u00e4\u00e4s peasahtlisse seljakoti alt \u00e4ravoolu avad p\u00f5hjas kandesangad k\u00fclgedel kompressioonrihmad k\u00fclgedel plastikpandlatega Molle kinnituspaneelid \u00fcle terve seljakoti\u00a0 takjapaela paneel esipaneeli \u00fclemises osas v\u00e4iksem t\u00f5mblukuga tasku esipaneelil\u00a0 Kaal: ca 4kg (koos k\u00fcljetaskutega) M\u00f5\u00f5dud: ca 80 x 60 x 30cm Seisukord: uus seljakott k\u00fcljetaskutega (v\u00f5ib sisaldada hulgiladustamise j\u00e4lgi)","breadcrumb":{"@id":"https:\/\/www.outdoors.ee\/et\/toode\/briti-armee-virtus-mk3-90l-seljakott-mtp\/#breadcrumb"},"inLanguage":"et","potentialAction":[{"@type":"ReadAction","target":["https:\/\/www.outdoors.ee\/et\/toode\/briti-armee-virtus-mk3-90l-seljakott-mtp\/"]}]},{"@type":"ImageObject","inLanguage":"et","@id":"https:\/\/www.outdoors.ee\/et\/toode\/briti-armee-virtus-mk3-90l-seljakott-mtp\/#primaryimage","url":"https:\/\/www.outdoors.ee\/wp-content\/uploads\/2023\/01\/0170-British-Army-Virtus-MK3-90L-Bergen-MTP-1.jpg","contentUrl":"https:\/\/www.outdoors.ee\/wp-content\/uploads\/2023\/01\/0170-British-Army-Virtus-MK3-90L-Bergen-MTP-1.jpg","width":1000,"height":1000},{"@type":"BreadcrumbList","@id":"https:\/\/www.outdoors.ee\/et\/toode\/briti-armee-virtus-mk3-90l-seljakott-mtp\/#breadcrumb","itemListElement":[{"@type":"ListItem","position":1,"name":"Home","item":"https:\/\/www.outdoors.ee\/et\/"},{"@type":"ListItem","position":2,"name":"Tooted","item":"https:\/\/www.outdoors.ee\/products\/"},{"@type":"ListItem","position":3,"name":"Briti Armee Virtus MK3 90L seljakott MTP"}]},{"@type":"WebSite","@id":"https:\/\/www.outdoors.ee\/#website","url":"https:\/\/www.outdoors.ee\/","name":"Outdoors","description":"Genuine military surplus and not only!","potentialAction":[{"@type":"SearchAction","target":{"@type":"EntryPoint","urlTemplate":"https:\/\/www.outdoors.ee\/?s={search_term_string}"},"query-input":{"@type":"PropertyValueSpecification","valueRequired":true,"valueName":"search_term_string"}}],"inLanguage":"et"}]}},"_links":{"self":[{"href":"https:\/\/www.outdoors.ee\/et\/wp-json\/wp\/v2\/product\/78568","targetHints":{"allow":["GET"]}}],"collection":[{"href":"https:\/\/www.outdoors.ee\/et\/wp-json\/wp\/v2\/product"}],"about":[{"href":"https:\/\/www.outdoors.ee\/et\/wp-json\/wp\/v2\/types\/product"}],"wp:featuredmedia":[{"embeddable":true,"href":"https:\/\/www.outdoors.ee\/et\/wp-json\/wp\/v2\/media\/78574"}],"wp:attachment":[{"href":"https:\/\/www.outdoors.ee\/et\/wp-json\/wp\/v2\/media?parent=78568"}],"wp:term":[{"taxonomy":"product_brand","embeddable":true,"href":"https:\/\/www.outdoors.ee\/et\/wp-json\/wp\/v2\/product_brand?post=78568"},{"taxonomy":"product_cat","embeddable":true,"href":"https:\/\/www.outdoors.ee\/et\/wp-json\/wp\/v2\/product_cat?post=78568"},{"taxonomy":"product_tag","embeddable":true,"href":"https:\/\/www.outdoors.ee\/et\/wp-json\/wp\/v2\/product_tag?post=78568"}],"curies":[{"name":"wp","href":"https:\/\/api.w.org\/{rel}","templated":true}]}}