{"id":78483,"date":"2023-01-09T12:14:39","date_gmt":"2023-01-09T10:14:39","guid":{"rendered":"https:\/\/www.outdoors.ee\/?post_type=product&#038;p=78483"},"modified":"2026-04-13T09:11:55","modified_gmt":"2026-04-13T06:11:55","slug":"haix-double-hole-frame-soft-sisetallad","status":"publish","type":"product","link":"https:\/\/www.outdoors.ee\/et\/toode\/haix-double-hole-frame-soft-sisetallad\/","title":{"rendered":"Haix\u00ae Double Hole Frame Soft sisetallad"},"content":{"rendered":"<p><strong>Omadused:<\/strong><\/p>\n<ul>\n<li>Saksa s\u00f5jav\u00e4e laovarudest<\/li>\n<li>pehmed ning p\u00f5rutust neelavad<\/li>\n<li>kiiresti kuivavad<\/li>\n<li>masinpestavad 30\u00b0C juures<\/li>\n<\/ul>\n<p><strong>Seisukord:<\/strong> uus (v\u00f5ivad sisaldada hulgiladustamise j\u00e4lgi)<\/p>\n","protected":false},"excerpt":{"rendered":"<p>Omadused: Saksa s\u00f5jav\u00e4e laovarudest pehmed ning p\u00f5rutust neelavad kiiresti kuivavad masinpestavad 30\u00b0C juures Seisukord: uus (v\u00f5ivad sisaldada hulgiladustamise j\u00e4lgi)<\/p>\n","protected":false},"featured_media":78469,"template":"","meta":[],"product_brand":[],"product_cat":[70],"product_tag":[],"class_list":{"0":"post-78483","1":"product","2":"type-product","3":"status-publish","4":"has-post-thumbnail","6":"product_cat-jalanoud","7":"pa_brand-german-military-surplus","8":"pa_brand-haix-2","9":"pa_size-uk105-us115-eu45-2","10":"pa_size-uk10-us11-eu445-2","11":"pa_size-uk115-us12-eu465-2","12":"pa_size-uk11-us12-eu46-2","13":"pa_size-uk125-us135-eu48-2","14":"pa_size-uk13-us14-eu48-3","15":"pa_size-uk35-us45-eu36-3","16":"pa_size-uk45-us55-eu37-2","17":"pa_size-uk4-us5-eu37-2","18":"pa_size-uk65-us75-eu40-2-2","19":"pa_size-uk75-us85-eu415-3","20":"pa_size-uk7-us8-eu41-2","21":"pa_size-uk85-us95-eu425-3","22":"pa_size-uk8-us9-eu42-3","23":"pa_size-uk95-us105-eu44-2","24":"pa_size-uk9-us10-eu43-2","26":"first","27":"instock","28":"taxable","29":"shipping-taxable","30":"purchasable","31":"product-type-variable"},"yoast_head":"<!-- This site is optimized with the Yoast SEO plugin v27.2 - https:\/\/yoast.com\/product\/yoast-seo-wordpress\/ -->\n<title>Haix\u00ae Double Hole Frame Soft sisetallad - Outdoors<\/title>\n<meta name=\"robots\" content=\"index, follow, max-snippet:-1, max-image-preview:large, max-video-preview:-1\" \/>\n<link rel=\"canonical\" href=\"https:\/\/www.outdoors.ee\/et\/toode\/haix-double-hole-frame-soft-sisetallad\/\" \/>\n<meta property=\"og:locale\" content=\"et_EE\" \/>\n<meta property=\"og:type\" content=\"article\" \/>\n<meta property=\"og:title\" content=\"Haix\u00ae Double Hole Frame Soft sisetallad - Outdoors\" \/>\n<meta property=\"og:description\" content=\"Omadused: Saksa s\u00f5jav\u00e4e laovarudest pehmed ning p\u00f5rutust neelavad kiiresti kuivavad masinpestavad 30\u00b0C juures Seisukord: uus (v\u00f5ivad sisaldada hulgiladustamise j\u00e4lgi)\" \/>\n<meta property=\"og:url\" content=\"https:\/\/www.outdoors.ee\/et\/toode\/haix-double-hole-frame-soft-sisetallad\/\" \/>\n<meta property=\"og:site_name\" content=\"Outdoors\" \/>\n<meta property=\"article:modified_time\" content=\"2026-04-13T06:11:55+00:00\" \/>\n<meta property=\"og:image\" content=\"https:\/\/www.outdoors.ee\/wp-content\/uploads\/2023\/01\/0324-Haix-Double-Hole-Frame-Soft-Insole.jpg\" \/>\n\t<meta property=\"og:image:width\" content=\"1000\" \/>\n\t<meta property=\"og:image:height\" content=\"1000\" \/>\n\t<meta property=\"og:image:type\" content=\"image\/jpeg\" \/>\n<meta name=\"twitter:card\" content=\"summary_large_image\" \/>\n<meta name=\"twitter:label1\" content=\"Est. reading time\" \/>\n\t<meta name=\"twitter:data1\" content=\"1 minut\" \/>\n<script type=\"application\/ld+json\" class=\"yoast-schema-graph\">{\"@context\":\"https:\/\/schema.org\",\"@graph\":[{\"@type\":\"WebPage\",\"@id\":\"https:\/\/www.outdoors.ee\/et\/toode\/haix-double-hole-frame-soft-sisetallad\/\",\"url\":\"https:\/\/www.outdoors.ee\/et\/toode\/haix-double-hole-frame-soft-sisetallad\/\",\"name\":\"Haix\u00ae Double Hole Frame Soft sisetallad - Outdoors\",\"isPartOf\":{\"@id\":\"https:\/\/www.outdoors.ee\/#website\"},\"primaryImageOfPage\":{\"@id\":\"https:\/\/www.outdoors.ee\/et\/toode\/haix-double-hole-frame-soft-sisetallad\/#primaryimage\"},\"image\":{\"@id\":\"https:\/\/www.outdoors.ee\/et\/toode\/haix-double-hole-frame-soft-sisetallad\/#primaryimage\"},\"thumbnailUrl\":\"https:\/\/www.outdoors.ee\/wp-content\/uploads\/2023\/01\/0324-Haix-Double-Hole-Frame-Soft-Insole.jpg\",\"datePublished\":\"2023-01-09T10:14:39+00:00\",\"dateModified\":\"2026-04-13T06:11:55+00:00\",\"breadcrumb\":{\"@id\":\"https:\/\/www.outdoors.ee\/et\/toode\/haix-double-hole-frame-soft-sisetallad\/#breadcrumb\"},\"inLanguage\":\"et\",\"potentialAction\":[{\"@type\":\"ReadAction\",\"target\":[\"https:\/\/www.outdoors.ee\/et\/toode\/haix-double-hole-frame-soft-sisetallad\/\"]}]},{\"@type\":\"ImageObject\",\"inLanguage\":\"et\",\"@id\":\"https:\/\/www.outdoors.ee\/et\/toode\/haix-double-hole-frame-soft-sisetallad\/#primaryimage\",\"url\":\"https:\/\/www.outdoors.ee\/wp-content\/uploads\/2023\/01\/0324-Haix-Double-Hole-Frame-Soft-Insole.jpg\",\"contentUrl\":\"https:\/\/www.outdoors.ee\/wp-content\/uploads\/2023\/01\/0324-Haix-Double-Hole-Frame-Soft-Insole.jpg\",\"width\":1000,\"height\":1000},{\"@type\":\"BreadcrumbList\",\"@id\":\"https:\/\/www.outdoors.ee\/et\/toode\/haix-double-hole-frame-soft-sisetallad\/#breadcrumb\",\"itemListElement\":[{\"@type\":\"ListItem\",\"position\":1,\"name\":\"Home\",\"item\":\"https:\/\/www.outdoors.ee\/et\/\"},{\"@type\":\"ListItem\",\"position\":2,\"name\":\"Tooted\",\"item\":\"https:\/\/www.outdoors.ee\/products\/\"},{\"@type\":\"ListItem\",\"position\":3,\"name\":\"Haix\u00ae Double Hole Frame Soft sisetallad\"}]},{\"@type\":\"WebSite\",\"@id\":\"https:\/\/www.outdoors.ee\/#website\",\"url\":\"https:\/\/www.outdoors.ee\/\",\"name\":\"Outdoors\",\"description\":\"Genuine military surplus and not only!\",\"potentialAction\":[{\"@type\":\"SearchAction\",\"target\":{\"@type\":\"EntryPoint\",\"urlTemplate\":\"https:\/\/www.outdoors.ee\/?s={search_term_string}\"},\"query-input\":{\"@type\":\"PropertyValueSpecification\",\"valueRequired\":true,\"valueName\":\"search_term_string\"}}],\"inLanguage\":\"et\"}]}<\/script>\n<!-- \/ Yoast SEO plugin. -->","yoast_head_json":{"title":"Haix\u00ae Double Hole Frame Soft sisetallad - Outdoors","robots":{"index":"index","follow":"follow","max-snippet":"max-snippet:-1","max-image-preview":"max-image-preview:large","max-video-preview":"max-video-preview:-1"},"canonical":"https:\/\/www.outdoors.ee\/et\/toode\/haix-double-hole-frame-soft-sisetallad\/","og_locale":"et_EE","og_type":"article","og_title":"Haix\u00ae Double Hole Frame Soft sisetallad - Outdoors","og_description":"Omadused: Saksa s\u00f5jav\u00e4e laovarudest pehmed ning p\u00f5rutust neelavad kiiresti kuivavad masinpestavad 30\u00b0C juures Seisukord: uus (v\u00f5ivad sisaldada hulgiladustamise j\u00e4lgi)","og_url":"https:\/\/www.outdoors.ee\/et\/toode\/haix-double-hole-frame-soft-sisetallad\/","og_site_name":"Outdoors","article_modified_time":"2026-04-13T06:11:55+00:00","og_image":[{"width":1000,"height":1000,"url":"https:\/\/www.outdoors.ee\/wp-content\/uploads\/2023\/01\/0324-Haix-Double-Hole-Frame-Soft-Insole.jpg","type":"image\/jpeg"}],"twitter_card":"summary_large_image","twitter_misc":{"Est. reading time":"1 minut"},"schema":{"@context":"https:\/\/schema.org","@graph":[{"@type":"WebPage","@id":"https:\/\/www.outdoors.ee\/et\/toode\/haix-double-hole-frame-soft-sisetallad\/","url":"https:\/\/www.outdoors.ee\/et\/toode\/haix-double-hole-frame-soft-sisetallad\/","name":"Haix\u00ae Double Hole Frame Soft sisetallad - Outdoors","isPartOf":{"@id":"https:\/\/www.outdoors.ee\/#website"},"primaryImageOfPage":{"@id":"https:\/\/www.outdoors.ee\/et\/toode\/haix-double-hole-frame-soft-sisetallad\/#primaryimage"},"image":{"@id":"https:\/\/www.outdoors.ee\/et\/toode\/haix-double-hole-frame-soft-sisetallad\/#primaryimage"},"thumbnailUrl":"https:\/\/www.outdoors.ee\/wp-content\/uploads\/2023\/01\/0324-Haix-Double-Hole-Frame-Soft-Insole.jpg","datePublished":"2023-01-09T10:14:39+00:00","dateModified":"2026-04-13T06:11:55+00:00","breadcrumb":{"@id":"https:\/\/www.outdoors.ee\/et\/toode\/haix-double-hole-frame-soft-sisetallad\/#breadcrumb"},"inLanguage":"et","potentialAction":[{"@type":"ReadAction","target":["https:\/\/www.outdoors.ee\/et\/toode\/haix-double-hole-frame-soft-sisetallad\/"]}]},{"@type":"ImageObject","inLanguage":"et","@id":"https:\/\/www.outdoors.ee\/et\/toode\/haix-double-hole-frame-soft-sisetallad\/#primaryimage","url":"https:\/\/www.outdoors.ee\/wp-content\/uploads\/2023\/01\/0324-Haix-Double-Hole-Frame-Soft-Insole.jpg","contentUrl":"https:\/\/www.outdoors.ee\/wp-content\/uploads\/2023\/01\/0324-Haix-Double-Hole-Frame-Soft-Insole.jpg","width":1000,"height":1000},{"@type":"BreadcrumbList","@id":"https:\/\/www.outdoors.ee\/et\/toode\/haix-double-hole-frame-soft-sisetallad\/#breadcrumb","itemListElement":[{"@type":"ListItem","position":1,"name":"Home","item":"https:\/\/www.outdoors.ee\/et\/"},{"@type":"ListItem","position":2,"name":"Tooted","item":"https:\/\/www.outdoors.ee\/products\/"},{"@type":"ListItem","position":3,"name":"Haix\u00ae Double Hole Frame Soft sisetallad"}]},{"@type":"WebSite","@id":"https:\/\/www.outdoors.ee\/#website","url":"https:\/\/www.outdoors.ee\/","name":"Outdoors","description":"Genuine military surplus and not only!","potentialAction":[{"@type":"SearchAction","target":{"@type":"EntryPoint","urlTemplate":"https:\/\/www.outdoors.ee\/?s={search_term_string}"},"query-input":{"@type":"PropertyValueSpecification","valueRequired":true,"valueName":"search_term_string"}}],"inLanguage":"et"}]}},"_links":{"self":[{"href":"https:\/\/www.outdoors.ee\/et\/wp-json\/wp\/v2\/product\/78483","targetHints":{"allow":["GET"]}}],"collection":[{"href":"https:\/\/www.outdoors.ee\/et\/wp-json\/wp\/v2\/product"}],"about":[{"href":"https:\/\/www.outdoors.ee\/et\/wp-json\/wp\/v2\/types\/product"}],"wp:featuredmedia":[{"embeddable":true,"href":"https:\/\/www.outdoors.ee\/et\/wp-json\/wp\/v2\/media\/78469"}],"wp:attachment":[{"href":"https:\/\/www.outdoors.ee\/et\/wp-json\/wp\/v2\/media?parent=78483"}],"wp:term":[{"taxonomy":"product_brand","embeddable":true,"href":"https:\/\/www.outdoors.ee\/et\/wp-json\/wp\/v2\/product_brand?post=78483"},{"taxonomy":"product_cat","embeddable":true,"href":"https:\/\/www.outdoors.ee\/et\/wp-json\/wp\/v2\/product_cat?post=78483"},{"taxonomy":"product_tag","embeddable":true,"href":"https:\/\/www.outdoors.ee\/et\/wp-json\/wp\/v2\/product_tag?post=78483"}],"curies":[{"name":"wp","href":"https:\/\/api.w.org\/{rel}","templated":true}]}}