{"id":78301,"date":"2023-01-06T14:28:24","date_gmt":"2023-01-06T12:28:02","guid":{"rendered":"https:\/\/www.outdoors.ee\/?post_type=product&#038;p=78301"},"modified":"2023-07-13T10:27:57","modified_gmt":"2023-07-13T07:27:57","slug":"briti-armee-plaadikandja-vest-osprey-mk-iii-modified-desert","status":"publish","type":"product","link":"https:\/\/www.outdoors.ee\/et\/toode\/briti-armee-plaadikandja-vest-osprey-mk-iii-modified-desert\/","title":{"rendered":"Briti Armee plaadikandja vest Osprey MK III (modified) Desert"},"content":{"rendered":"<p>M\u00fc\u00fcgil ilma kaitseplaatideta<\/p>\n<p><b>Suurus rippmen\u00fc\u00fcs: <\/b>pikkus \/ rinna\u00fcmberm\u00f5\u00f5t, cm<\/p>\n<p><strong>Seisukord<\/strong>: uus, originaalpakendis<\/p>\n","protected":false},"excerpt":{"rendered":"<p>M\u00fc\u00fcgil ilma kaitseplaatideta Suurus rippmen\u00fc\u00fcs: pikkus \/ rinna\u00fcmberm\u00f5\u00f5t, cm Seisukord: uus, originaalpakendis<\/p>\n","protected":false},"featured_media":78298,"template":"","meta":[],"product_brand":[],"product_cat":[149],"product_tag":[],"class_list":{"0":"post-78301","1":"product","2":"type-product","3":"status-publish","4":"has-post-thumbnail","6":"product_cat-taktikaline-varustus","7":"pa_brand-british-military-surplus","8":"pa_size-170-112-2","10":"first","11":"instock","12":"taxable","13":"shipping-taxable","14":"purchasable","15":"product-type-variable"},"yoast_head":"<!-- This site is optimized with the Yoast SEO plugin v27.2 - https:\/\/yoast.com\/product\/yoast-seo-wordpress\/ -->\n<title>Briti Armee plaadikandja vest Osprey MK III (modified) Desert - Outdoors<\/title>\n<meta name=\"robots\" content=\"index, follow, max-snippet:-1, max-image-preview:large, max-video-preview:-1\" \/>\n<link rel=\"canonical\" href=\"https:\/\/www.outdoors.ee\/et\/toode\/briti-armee-plaadikandja-vest-osprey-mk-iii-modified-desert\/\" \/>\n<meta property=\"og:locale\" content=\"et_EE\" \/>\n<meta property=\"og:type\" content=\"article\" \/>\n<meta property=\"og:title\" content=\"Briti Armee plaadikandja vest Osprey MK III (modified) Desert - Outdoors\" \/>\n<meta property=\"og:description\" content=\"M\u00fc\u00fcgil ilma kaitseplaatideta Suurus rippmen\u00fc\u00fcs: pikkus \/ rinna\u00fcmberm\u00f5\u00f5t, cm Seisukord: uus, originaalpakendis\" \/>\n<meta property=\"og:url\" content=\"https:\/\/www.outdoors.ee\/et\/toode\/briti-armee-plaadikandja-vest-osprey-mk-iii-modified-desert\/\" \/>\n<meta property=\"og:site_name\" content=\"Outdoors\" \/>\n<meta property=\"article:modified_time\" content=\"2023-07-13T07:27:57+00:00\" \/>\n<meta property=\"og:image\" content=\"https:\/\/www.outdoors.ee\/wp-content\/uploads\/2023\/01\/1234-British-Army-Osprey-MK-III-modified-Body-Armour-Cover-Desert-1.jpg\" \/>\n\t<meta property=\"og:image:width\" content=\"800\" \/>\n\t<meta property=\"og:image:height\" content=\"750\" \/>\n\t<meta property=\"og:image:type\" content=\"image\/jpeg\" \/>\n<meta name=\"twitter:card\" content=\"summary_large_image\" \/>\n<meta name=\"twitter:label1\" content=\"Est. reading time\" \/>\n\t<meta name=\"twitter:data1\" content=\"1 minut\" \/>\n<script type=\"application\/ld+json\" class=\"yoast-schema-graph\">{\"@context\":\"https:\/\/schema.org\",\"@graph\":[{\"@type\":\"WebPage\",\"@id\":\"https:\/\/www.outdoors.ee\/et\/toode\/briti-armee-plaadikandja-vest-osprey-mk-iii-modified-desert\/\",\"url\":\"https:\/\/www.outdoors.ee\/et\/toode\/briti-armee-plaadikandja-vest-osprey-mk-iii-modified-desert\/\",\"name\":\"Briti Armee plaadikandja vest Osprey MK III (modified) Desert - Outdoors\",\"isPartOf\":{\"@id\":\"https:\/\/www.outdoors.ee\/#website\"},\"primaryImageOfPage\":{\"@id\":\"https:\/\/www.outdoors.ee\/et\/toode\/briti-armee-plaadikandja-vest-osprey-mk-iii-modified-desert\/#primaryimage\"},\"image\":{\"@id\":\"https:\/\/www.outdoors.ee\/et\/toode\/briti-armee-plaadikandja-vest-osprey-mk-iii-modified-desert\/#primaryimage\"},\"thumbnailUrl\":\"https:\/\/www.outdoors.ee\/wp-content\/uploads\/2023\/01\/1234-British-Army-Osprey-MK-III-modified-Body-Armour-Cover-Desert-1.jpg\",\"datePublished\":\"2023-01-06T12:28:02+00:00\",\"dateModified\":\"2023-07-13T07:27:57+00:00\",\"breadcrumb\":{\"@id\":\"https:\/\/www.outdoors.ee\/et\/toode\/briti-armee-plaadikandja-vest-osprey-mk-iii-modified-desert\/#breadcrumb\"},\"inLanguage\":\"et\",\"potentialAction\":[{\"@type\":\"ReadAction\",\"target\":[\"https:\/\/www.outdoors.ee\/et\/toode\/briti-armee-plaadikandja-vest-osprey-mk-iii-modified-desert\/\"]}]},{\"@type\":\"ImageObject\",\"inLanguage\":\"et\",\"@id\":\"https:\/\/www.outdoors.ee\/et\/toode\/briti-armee-plaadikandja-vest-osprey-mk-iii-modified-desert\/#primaryimage\",\"url\":\"https:\/\/www.outdoors.ee\/wp-content\/uploads\/2023\/01\/1234-British-Army-Osprey-MK-III-modified-Body-Armour-Cover-Desert-1.jpg\",\"contentUrl\":\"https:\/\/www.outdoors.ee\/wp-content\/uploads\/2023\/01\/1234-British-Army-Osprey-MK-III-modified-Body-Armour-Cover-Desert-1.jpg\",\"width\":800,\"height\":750},{\"@type\":\"BreadcrumbList\",\"@id\":\"https:\/\/www.outdoors.ee\/et\/toode\/briti-armee-plaadikandja-vest-osprey-mk-iii-modified-desert\/#breadcrumb\",\"itemListElement\":[{\"@type\":\"ListItem\",\"position\":1,\"name\":\"Home\",\"item\":\"https:\/\/www.outdoors.ee\/et\/\"},{\"@type\":\"ListItem\",\"position\":2,\"name\":\"Tooted\",\"item\":\"https:\/\/www.outdoors.ee\/products\/\"},{\"@type\":\"ListItem\",\"position\":3,\"name\":\"Briti Armee plaadikandja vest Osprey MK III (modified) Desert\"}]},{\"@type\":\"WebSite\",\"@id\":\"https:\/\/www.outdoors.ee\/#website\",\"url\":\"https:\/\/www.outdoors.ee\/\",\"name\":\"Outdoors\",\"description\":\"Genuine military surplus and not only!\",\"potentialAction\":[{\"@type\":\"SearchAction\",\"target\":{\"@type\":\"EntryPoint\",\"urlTemplate\":\"https:\/\/www.outdoors.ee\/?s={search_term_string}\"},\"query-input\":{\"@type\":\"PropertyValueSpecification\",\"valueRequired\":true,\"valueName\":\"search_term_string\"}}],\"inLanguage\":\"et\"}]}<\/script>\n<!-- \/ Yoast SEO plugin. -->","yoast_head_json":{"title":"Briti Armee plaadikandja vest Osprey MK III (modified) Desert - Outdoors","robots":{"index":"index","follow":"follow","max-snippet":"max-snippet:-1","max-image-preview":"max-image-preview:large","max-video-preview":"max-video-preview:-1"},"canonical":"https:\/\/www.outdoors.ee\/et\/toode\/briti-armee-plaadikandja-vest-osprey-mk-iii-modified-desert\/","og_locale":"et_EE","og_type":"article","og_title":"Briti Armee plaadikandja vest Osprey MK III (modified) Desert - Outdoors","og_description":"M\u00fc\u00fcgil ilma kaitseplaatideta Suurus rippmen\u00fc\u00fcs: pikkus \/ rinna\u00fcmberm\u00f5\u00f5t, cm Seisukord: uus, originaalpakendis","og_url":"https:\/\/www.outdoors.ee\/et\/toode\/briti-armee-plaadikandja-vest-osprey-mk-iii-modified-desert\/","og_site_name":"Outdoors","article_modified_time":"2023-07-13T07:27:57+00:00","og_image":[{"width":800,"height":750,"url":"https:\/\/www.outdoors.ee\/wp-content\/uploads\/2023\/01\/1234-British-Army-Osprey-MK-III-modified-Body-Armour-Cover-Desert-1.jpg","type":"image\/jpeg"}],"twitter_card":"summary_large_image","twitter_misc":{"Est. reading time":"1 minut"},"schema":{"@context":"https:\/\/schema.org","@graph":[{"@type":"WebPage","@id":"https:\/\/www.outdoors.ee\/et\/toode\/briti-armee-plaadikandja-vest-osprey-mk-iii-modified-desert\/","url":"https:\/\/www.outdoors.ee\/et\/toode\/briti-armee-plaadikandja-vest-osprey-mk-iii-modified-desert\/","name":"Briti Armee plaadikandja vest Osprey MK III (modified) Desert - Outdoors","isPartOf":{"@id":"https:\/\/www.outdoors.ee\/#website"},"primaryImageOfPage":{"@id":"https:\/\/www.outdoors.ee\/et\/toode\/briti-armee-plaadikandja-vest-osprey-mk-iii-modified-desert\/#primaryimage"},"image":{"@id":"https:\/\/www.outdoors.ee\/et\/toode\/briti-armee-plaadikandja-vest-osprey-mk-iii-modified-desert\/#primaryimage"},"thumbnailUrl":"https:\/\/www.outdoors.ee\/wp-content\/uploads\/2023\/01\/1234-British-Army-Osprey-MK-III-modified-Body-Armour-Cover-Desert-1.jpg","datePublished":"2023-01-06T12:28:02+00:00","dateModified":"2023-07-13T07:27:57+00:00","breadcrumb":{"@id":"https:\/\/www.outdoors.ee\/et\/toode\/briti-armee-plaadikandja-vest-osprey-mk-iii-modified-desert\/#breadcrumb"},"inLanguage":"et","potentialAction":[{"@type":"ReadAction","target":["https:\/\/www.outdoors.ee\/et\/toode\/briti-armee-plaadikandja-vest-osprey-mk-iii-modified-desert\/"]}]},{"@type":"ImageObject","inLanguage":"et","@id":"https:\/\/www.outdoors.ee\/et\/toode\/briti-armee-plaadikandja-vest-osprey-mk-iii-modified-desert\/#primaryimage","url":"https:\/\/www.outdoors.ee\/wp-content\/uploads\/2023\/01\/1234-British-Army-Osprey-MK-III-modified-Body-Armour-Cover-Desert-1.jpg","contentUrl":"https:\/\/www.outdoors.ee\/wp-content\/uploads\/2023\/01\/1234-British-Army-Osprey-MK-III-modified-Body-Armour-Cover-Desert-1.jpg","width":800,"height":750},{"@type":"BreadcrumbList","@id":"https:\/\/www.outdoors.ee\/et\/toode\/briti-armee-plaadikandja-vest-osprey-mk-iii-modified-desert\/#breadcrumb","itemListElement":[{"@type":"ListItem","position":1,"name":"Home","item":"https:\/\/www.outdoors.ee\/et\/"},{"@type":"ListItem","position":2,"name":"Tooted","item":"https:\/\/www.outdoors.ee\/products\/"},{"@type":"ListItem","position":3,"name":"Briti Armee plaadikandja vest Osprey MK III (modified) Desert"}]},{"@type":"WebSite","@id":"https:\/\/www.outdoors.ee\/#website","url":"https:\/\/www.outdoors.ee\/","name":"Outdoors","description":"Genuine military surplus and not only!","potentialAction":[{"@type":"SearchAction","target":{"@type":"EntryPoint","urlTemplate":"https:\/\/www.outdoors.ee\/?s={search_term_string}"},"query-input":{"@type":"PropertyValueSpecification","valueRequired":true,"valueName":"search_term_string"}}],"inLanguage":"et"}]}},"_links":{"self":[{"href":"https:\/\/www.outdoors.ee\/et\/wp-json\/wp\/v2\/product\/78301","targetHints":{"allow":["GET"]}}],"collection":[{"href":"https:\/\/www.outdoors.ee\/et\/wp-json\/wp\/v2\/product"}],"about":[{"href":"https:\/\/www.outdoors.ee\/et\/wp-json\/wp\/v2\/types\/product"}],"wp:featuredmedia":[{"embeddable":true,"href":"https:\/\/www.outdoors.ee\/et\/wp-json\/wp\/v2\/media\/78298"}],"wp:attachment":[{"href":"https:\/\/www.outdoors.ee\/et\/wp-json\/wp\/v2\/media?parent=78301"}],"wp:term":[{"taxonomy":"product_brand","embeddable":true,"href":"https:\/\/www.outdoors.ee\/et\/wp-json\/wp\/v2\/product_brand?post=78301"},{"taxonomy":"product_cat","embeddable":true,"href":"https:\/\/www.outdoors.ee\/et\/wp-json\/wp\/v2\/product_cat?post=78301"},{"taxonomy":"product_tag","embeddable":true,"href":"https:\/\/www.outdoors.ee\/et\/wp-json\/wp\/v2\/product_tag?post=78301"}],"curies":[{"name":"wp","href":"https:\/\/api.w.org\/{rel}","templated":true}]}}