{"id":78192,"date":"2023-01-06T09:22:22","date_gmt":"2023-01-06T07:22:22","guid":{"rendered":"https:\/\/www.outdoors.ee\/?post_type=product&#038;p=78192"},"modified":"2026-02-25T21:30:11","modified_gmt":"2026-02-25T19:30:11","slug":"meindl-air-active-soft-print-sisetallad","status":"publish","type":"product","link":"https:\/\/www.outdoors.ee\/et\/toode\/meindl-air-active-soft-print-sisetallad\/","title":{"rendered":"Meindl\u00ae Air Active\u00ae Soft Print sisetallad"},"content":{"rendered":"<p>Pehmendatud, anatoomilise kujuga, kiiresti kuivavad sisetallad Hollandi s\u00f5jav\u00e4e laovarudest.<\/p>\n<p>NB! Suuruste tabel on lisatud viimase pildina<\/p>\n<p><strong>Seisukord:<\/strong> uus (v\u00f5ivad sisaldada hulgiladustamise j\u00e4lgi)<\/p>\n","protected":false},"excerpt":{"rendered":"<p>Pehmendatud, anatoomilise kujuga, kiiresti kuivavad sisetallad Hollandi s\u00f5jav\u00e4e laovarudest. NB! Suuruste tabel on lisatud viimase pildina Seisukord: uus (v\u00f5ivad sisaldada<\/p>\n","protected":false},"featured_media":78191,"template":"","meta":[],"product_brand":[],"product_cat":[70],"product_tag":[],"class_list":{"0":"post-78192","1":"product","2":"type-product","3":"status-publish","4":"has-post-thumbnail","6":"product_cat-jalanoud","7":"pa_brand-dutch-military-surplus","8":"pa_brand-meindl-2","9":"pa_size-240-2-2","10":"pa_size-245-2","11":"pa_size-250-2-2","12":"pa_size-255-2","13":"pa_size-260-2","14":"pa_size-265-2","15":"pa_size-270-2","16":"pa_size-275-2","17":"pa_size-280-2","18":"pa_size-285-2","19":"pa_size-290-2","20":"pa_size-295-2","21":"pa_size-300-2","22":"pa_size-305-2","23":"pa_size-310-2","24":"pa_size-315-2","25":"pa_size-320-2","27":"first","28":"instock","29":"taxable","30":"shipping-taxable","31":"purchasable","32":"product-type-variable"},"yoast_head":"<!-- This site is optimized with the Yoast SEO plugin v27.2 - https:\/\/yoast.com\/product\/yoast-seo-wordpress\/ -->\n<title>Meindl\u00ae Air Active\u00ae Soft Print sisetallad - Outdoors<\/title>\n<meta name=\"robots\" content=\"index, follow, max-snippet:-1, max-image-preview:large, max-video-preview:-1\" \/>\n<link rel=\"canonical\" href=\"https:\/\/www.outdoors.ee\/et\/toode\/meindl-air-active-soft-print-sisetallad\/\" \/>\n<meta property=\"og:locale\" content=\"et_EE\" \/>\n<meta property=\"og:type\" content=\"article\" \/>\n<meta property=\"og:title\" content=\"Meindl\u00ae Air Active\u00ae Soft Print sisetallad - Outdoors\" \/>\n<meta property=\"og:description\" content=\"Pehmendatud, anatoomilise kujuga, kiiresti kuivavad sisetallad Hollandi s\u00f5jav\u00e4e laovarudest. NB! Suuruste tabel on lisatud viimase pildina Seisukord: uus (v\u00f5ivad sisaldada\" \/>\n<meta property=\"og:url\" content=\"https:\/\/www.outdoors.ee\/et\/toode\/meindl-air-active-soft-print-sisetallad\/\" \/>\n<meta property=\"og:site_name\" content=\"Outdoors\" \/>\n<meta property=\"article:modified_time\" content=\"2026-02-25T19:30:11+00:00\" \/>\n<meta property=\"og:image\" content=\"https:\/\/www.outdoors.ee\/wp-content\/uploads\/2023\/01\/Meindl-Air-Active-Insoles-1.jpg\" \/>\n\t<meta property=\"og:image:width\" content=\"1250\" \/>\n\t<meta property=\"og:image:height\" content=\"600\" \/>\n\t<meta property=\"og:image:type\" content=\"image\/jpeg\" \/>\n<meta name=\"twitter:card\" content=\"summary_large_image\" \/>\n<meta name=\"twitter:label1\" content=\"Est. reading time\" \/>\n\t<meta name=\"twitter:data1\" content=\"1 minut\" \/>\n<script type=\"application\/ld+json\" class=\"yoast-schema-graph\">{\"@context\":\"https:\/\/schema.org\",\"@graph\":[{\"@type\":\"WebPage\",\"@id\":\"https:\/\/www.outdoors.ee\/et\/toode\/meindl-air-active-soft-print-sisetallad\/\",\"url\":\"https:\/\/www.outdoors.ee\/et\/toode\/meindl-air-active-soft-print-sisetallad\/\",\"name\":\"Meindl\u00ae Air Active\u00ae Soft Print sisetallad - Outdoors\",\"isPartOf\":{\"@id\":\"https:\/\/www.outdoors.ee\/#website\"},\"primaryImageOfPage\":{\"@id\":\"https:\/\/www.outdoors.ee\/et\/toode\/meindl-air-active-soft-print-sisetallad\/#primaryimage\"},\"image\":{\"@id\":\"https:\/\/www.outdoors.ee\/et\/toode\/meindl-air-active-soft-print-sisetallad\/#primaryimage\"},\"thumbnailUrl\":\"https:\/\/www.outdoors.ee\/wp-content\/uploads\/2023\/01\/Meindl-Air-Active-Insoles-1.jpg\",\"datePublished\":\"2023-01-06T07:22:22+00:00\",\"dateModified\":\"2026-02-25T19:30:11+00:00\",\"breadcrumb\":{\"@id\":\"https:\/\/www.outdoors.ee\/et\/toode\/meindl-air-active-soft-print-sisetallad\/#breadcrumb\"},\"inLanguage\":\"et\",\"potentialAction\":[{\"@type\":\"ReadAction\",\"target\":[\"https:\/\/www.outdoors.ee\/et\/toode\/meindl-air-active-soft-print-sisetallad\/\"]}]},{\"@type\":\"ImageObject\",\"inLanguage\":\"et\",\"@id\":\"https:\/\/www.outdoors.ee\/et\/toode\/meindl-air-active-soft-print-sisetallad\/#primaryimage\",\"url\":\"https:\/\/www.outdoors.ee\/wp-content\/uploads\/2023\/01\/Meindl-Air-Active-Insoles-1.jpg\",\"contentUrl\":\"https:\/\/www.outdoors.ee\/wp-content\/uploads\/2023\/01\/Meindl-Air-Active-Insoles-1.jpg\",\"width\":1250,\"height\":600},{\"@type\":\"BreadcrumbList\",\"@id\":\"https:\/\/www.outdoors.ee\/et\/toode\/meindl-air-active-soft-print-sisetallad\/#breadcrumb\",\"itemListElement\":[{\"@type\":\"ListItem\",\"position\":1,\"name\":\"Home\",\"item\":\"https:\/\/www.outdoors.ee\/et\/\"},{\"@type\":\"ListItem\",\"position\":2,\"name\":\"Tooted\",\"item\":\"https:\/\/www.outdoors.ee\/products\/\"},{\"@type\":\"ListItem\",\"position\":3,\"name\":\"Meindl\u00ae Air Active\u00ae Soft Print sisetallad\"}]},{\"@type\":\"WebSite\",\"@id\":\"https:\/\/www.outdoors.ee\/#website\",\"url\":\"https:\/\/www.outdoors.ee\/\",\"name\":\"Outdoors\",\"description\":\"Genuine military surplus and not only!\",\"potentialAction\":[{\"@type\":\"SearchAction\",\"target\":{\"@type\":\"EntryPoint\",\"urlTemplate\":\"https:\/\/www.outdoors.ee\/?s={search_term_string}\"},\"query-input\":{\"@type\":\"PropertyValueSpecification\",\"valueRequired\":true,\"valueName\":\"search_term_string\"}}],\"inLanguage\":\"et\"}]}<\/script>\n<!-- \/ Yoast SEO plugin. -->","yoast_head_json":{"title":"Meindl\u00ae Air Active\u00ae Soft Print sisetallad - Outdoors","robots":{"index":"index","follow":"follow","max-snippet":"max-snippet:-1","max-image-preview":"max-image-preview:large","max-video-preview":"max-video-preview:-1"},"canonical":"https:\/\/www.outdoors.ee\/et\/toode\/meindl-air-active-soft-print-sisetallad\/","og_locale":"et_EE","og_type":"article","og_title":"Meindl\u00ae Air Active\u00ae Soft Print sisetallad - Outdoors","og_description":"Pehmendatud, anatoomilise kujuga, kiiresti kuivavad sisetallad Hollandi s\u00f5jav\u00e4e laovarudest. NB! Suuruste tabel on lisatud viimase pildina Seisukord: uus (v\u00f5ivad sisaldada","og_url":"https:\/\/www.outdoors.ee\/et\/toode\/meindl-air-active-soft-print-sisetallad\/","og_site_name":"Outdoors","article_modified_time":"2026-02-25T19:30:11+00:00","og_image":[{"width":1250,"height":600,"url":"https:\/\/www.outdoors.ee\/wp-content\/uploads\/2023\/01\/Meindl-Air-Active-Insoles-1.jpg","type":"image\/jpeg"}],"twitter_card":"summary_large_image","twitter_misc":{"Est. reading time":"1 minut"},"schema":{"@context":"https:\/\/schema.org","@graph":[{"@type":"WebPage","@id":"https:\/\/www.outdoors.ee\/et\/toode\/meindl-air-active-soft-print-sisetallad\/","url":"https:\/\/www.outdoors.ee\/et\/toode\/meindl-air-active-soft-print-sisetallad\/","name":"Meindl\u00ae Air Active\u00ae Soft Print sisetallad - Outdoors","isPartOf":{"@id":"https:\/\/www.outdoors.ee\/#website"},"primaryImageOfPage":{"@id":"https:\/\/www.outdoors.ee\/et\/toode\/meindl-air-active-soft-print-sisetallad\/#primaryimage"},"image":{"@id":"https:\/\/www.outdoors.ee\/et\/toode\/meindl-air-active-soft-print-sisetallad\/#primaryimage"},"thumbnailUrl":"https:\/\/www.outdoors.ee\/wp-content\/uploads\/2023\/01\/Meindl-Air-Active-Insoles-1.jpg","datePublished":"2023-01-06T07:22:22+00:00","dateModified":"2026-02-25T19:30:11+00:00","breadcrumb":{"@id":"https:\/\/www.outdoors.ee\/et\/toode\/meindl-air-active-soft-print-sisetallad\/#breadcrumb"},"inLanguage":"et","potentialAction":[{"@type":"ReadAction","target":["https:\/\/www.outdoors.ee\/et\/toode\/meindl-air-active-soft-print-sisetallad\/"]}]},{"@type":"ImageObject","inLanguage":"et","@id":"https:\/\/www.outdoors.ee\/et\/toode\/meindl-air-active-soft-print-sisetallad\/#primaryimage","url":"https:\/\/www.outdoors.ee\/wp-content\/uploads\/2023\/01\/Meindl-Air-Active-Insoles-1.jpg","contentUrl":"https:\/\/www.outdoors.ee\/wp-content\/uploads\/2023\/01\/Meindl-Air-Active-Insoles-1.jpg","width":1250,"height":600},{"@type":"BreadcrumbList","@id":"https:\/\/www.outdoors.ee\/et\/toode\/meindl-air-active-soft-print-sisetallad\/#breadcrumb","itemListElement":[{"@type":"ListItem","position":1,"name":"Home","item":"https:\/\/www.outdoors.ee\/et\/"},{"@type":"ListItem","position":2,"name":"Tooted","item":"https:\/\/www.outdoors.ee\/products\/"},{"@type":"ListItem","position":3,"name":"Meindl\u00ae Air Active\u00ae Soft Print sisetallad"}]},{"@type":"WebSite","@id":"https:\/\/www.outdoors.ee\/#website","url":"https:\/\/www.outdoors.ee\/","name":"Outdoors","description":"Genuine military surplus and not only!","potentialAction":[{"@type":"SearchAction","target":{"@type":"EntryPoint","urlTemplate":"https:\/\/www.outdoors.ee\/?s={search_term_string}"},"query-input":{"@type":"PropertyValueSpecification","valueRequired":true,"valueName":"search_term_string"}}],"inLanguage":"et"}]}},"_links":{"self":[{"href":"https:\/\/www.outdoors.ee\/et\/wp-json\/wp\/v2\/product\/78192","targetHints":{"allow":["GET"]}}],"collection":[{"href":"https:\/\/www.outdoors.ee\/et\/wp-json\/wp\/v2\/product"}],"about":[{"href":"https:\/\/www.outdoors.ee\/et\/wp-json\/wp\/v2\/types\/product"}],"wp:featuredmedia":[{"embeddable":true,"href":"https:\/\/www.outdoors.ee\/et\/wp-json\/wp\/v2\/media\/78191"}],"wp:attachment":[{"href":"https:\/\/www.outdoors.ee\/et\/wp-json\/wp\/v2\/media?parent=78192"}],"wp:term":[{"taxonomy":"product_brand","embeddable":true,"href":"https:\/\/www.outdoors.ee\/et\/wp-json\/wp\/v2\/product_brand?post=78192"},{"taxonomy":"product_cat","embeddable":true,"href":"https:\/\/www.outdoors.ee\/et\/wp-json\/wp\/v2\/product_cat?post=78192"},{"taxonomy":"product_tag","embeddable":true,"href":"https:\/\/www.outdoors.ee\/et\/wp-json\/wp\/v2\/product_tag?post=78192"}],"curies":[{"name":"wp","href":"https:\/\/api.w.org\/{rel}","templated":true}]}}