{"id":77645,"date":"2023-01-02T12:05:43","date_gmt":"2023-01-02T10:05:43","guid":{"rendered":"https:\/\/www.outdoors.ee\/?post_type=product&#038;p=77645"},"modified":"2025-08-26T15:28:13","modified_gmt":"2025-08-26T12:28:13","slug":"luhikesed-puksid-greyman-tactical-shorts","status":"publish","type":"product","link":"https:\/\/www.outdoors.ee\/et\/toode\/luhikesed-puksid-greyman-tactical-shorts\/","title":{"rendered":"Helikon-Tex\u00ae l\u00fchikesed p\u00fcksid Greyman Shorts"},"content":{"rendered":"<p>Suurep\u00e4rane n\u00e4ide diskreetse v\u00e4ljan\u00e4gemisega l\u00fchikestest p\u00fckstest, mis sisaldavad taktikalisi omadusi, kuid ei oma klassikalist militaarset v\u00e4limust. T\u00e4iendavad Greyman s\u00e4rgi- ja p\u00fckstekollektsiooni. P\u00fckstel on 9 taskut, mis muudavad need ideaalseks igap\u00e4evaste (EDC \u2013 Every Day Carry) esemete, nagu taskulambi, kokkupandava noa v\u00f5i akupanga, kaasaskandmiseks. Need ei piira \u00e4kilisemaid liigutusi t\u00e4nu jalgevahe kiilule ja elastsele, takjakinnitusega v\u00f6\u00f6le. P\u00fcksirihma aasad mahutavad kuni 50 mm laiuse v\u00f6\u00f6. Saadaval olevad v\u00e4rvitoonid sobivad kasutamiseks mitte ainult linnas, vaid ka matkale minnes.<\/p>\n<p><strong>Omadused:<\/strong><\/p>\n<ul>\n<li>veniv v\u00f6\u00f6 takjakinnitusega<\/li>\n<li>p\u00fcksirihma aasad rihmadele laiusega kuni 50mm<\/li>\n<li>2 esitaskut tugevdatud \u00e4\u00e4rtega<\/li>\n<li>2 v\u00e4iksemat esitaskut<\/li>\n<li>4 tagataskut<\/li>\n<li>YKK\u00ae t\u00f5mblukk<\/li>\n<li>vastupidav DuraCanvas\u00ae kangast<\/li>\n<li>2 suunas veniv materjal: 65% pol\u00fcester, 33% puuvill, 2% elastaan; 230g\/m2<\/li>\n<li>kaal 326g<\/li>\n<\/ul>\n<p><strong>Seisukord:<\/strong> uus<\/p>\n","protected":false},"excerpt":{"rendered":"<p>Helikon-Tex\u00ae l\u00fchikesed p\u00fcksid Greyman Shorts &#8211; DuraCanvas\u00ae<\/p>\n","protected":false},"featured_media":102385,"template":"","meta":[],"product_brand":[],"product_cat":[2713],"product_tag":[],"class_list":{"0":"post-77645","1":"product","2":"type-product","3":"status-publish","4":"has-post-thumbnail","6":"product_cat-luhikesed-puksid","7":"pa_brand-helikon-tex","8":"pa_color-ash-grey-2","9":"pa_color-coyote-2","10":"pa_color-taiga-green-2","11":"pa_size-l-2","12":"pa_size-m-2","13":"pa_size-xl-2","15":"first","16":"instock","17":"taxable","18":"shipping-taxable","19":"purchasable","20":"product-type-variable"},"yoast_head":"<!-- This site is optimized with the Yoast SEO plugin v27.2 - https:\/\/yoast.com\/product\/yoast-seo-wordpress\/ -->\n<title>Helikon-Tex\u00ae l\u00fchikesed p\u00fcksid Greyman Shorts - Outdoors<\/title>\n<meta name=\"robots\" content=\"index, follow, max-snippet:-1, max-image-preview:large, max-video-preview:-1\" \/>\n<link rel=\"canonical\" href=\"https:\/\/www.outdoors.ee\/et\/toode\/luhikesed-puksid-greyman-tactical-shorts\/\" \/>\n<meta property=\"og:locale\" content=\"et_EE\" \/>\n<meta property=\"og:type\" content=\"article\" \/>\n<meta property=\"og:title\" content=\"Helikon-Tex\u00ae l\u00fchikesed p\u00fcksid Greyman Shorts - Outdoors\" \/>\n<meta property=\"og:description\" content=\"Helikon-Tex\u00ae l\u00fchikesed p\u00fcksid Greyman Shorts - DuraCanvas\u00ae\" \/>\n<meta property=\"og:url\" content=\"https:\/\/www.outdoors.ee\/et\/toode\/luhikesed-puksid-greyman-tactical-shorts\/\" \/>\n<meta property=\"og:site_name\" content=\"Outdoors\" \/>\n<meta property=\"article:modified_time\" content=\"2025-08-26T12:28:13+00:00\" \/>\n<meta property=\"og:image\" content=\"https:\/\/www.outdoors.ee\/wp-content\/uploads\/2023\/01\/Helikon-Tex\u00ae-Greyman-Shorts-DuraCanvas\u00ae-Coyote.jpg\" \/>\n\t<meta property=\"og:image:width\" content=\"1500\" \/>\n\t<meta property=\"og:image:height\" content=\"1500\" \/>\n\t<meta property=\"og:image:type\" content=\"image\/jpeg\" \/>\n<meta name=\"twitter:card\" content=\"summary_large_image\" \/>\n<meta name=\"twitter:label1\" content=\"Est. reading time\" \/>\n\t<meta name=\"twitter:data1\" content=\"1 minut\" \/>\n<script type=\"application\/ld+json\" class=\"yoast-schema-graph\">{\"@context\":\"https:\/\/schema.org\",\"@graph\":[{\"@type\":\"WebPage\",\"@id\":\"https:\/\/www.outdoors.ee\/et\/toode\/luhikesed-puksid-greyman-tactical-shorts\/\",\"url\":\"https:\/\/www.outdoors.ee\/et\/toode\/luhikesed-puksid-greyman-tactical-shorts\/\",\"name\":\"Helikon-Tex\u00ae l\u00fchikesed p\u00fcksid Greyman Shorts - Outdoors\",\"isPartOf\":{\"@id\":\"https:\/\/www.outdoors.ee\/#website\"},\"primaryImageOfPage\":{\"@id\":\"https:\/\/www.outdoors.ee\/et\/toode\/luhikesed-puksid-greyman-tactical-shorts\/#primaryimage\"},\"image\":{\"@id\":\"https:\/\/www.outdoors.ee\/et\/toode\/luhikesed-puksid-greyman-tactical-shorts\/#primaryimage\"},\"thumbnailUrl\":\"https:\/\/www.outdoors.ee\/wp-content\/uploads\/2023\/01\/Helikon-Tex\u00ae-Greyman-Shorts-DuraCanvas\u00ae-Coyote.jpg\",\"datePublished\":\"2023-01-02T10:05:43+00:00\",\"dateModified\":\"2025-08-26T12:28:13+00:00\",\"breadcrumb\":{\"@id\":\"https:\/\/www.outdoors.ee\/et\/toode\/luhikesed-puksid-greyman-tactical-shorts\/#breadcrumb\"},\"inLanguage\":\"et\",\"potentialAction\":[{\"@type\":\"ReadAction\",\"target\":[\"https:\/\/www.outdoors.ee\/et\/toode\/luhikesed-puksid-greyman-tactical-shorts\/\"]}]},{\"@type\":\"ImageObject\",\"inLanguage\":\"et\",\"@id\":\"https:\/\/www.outdoors.ee\/et\/toode\/luhikesed-puksid-greyman-tactical-shorts\/#primaryimage\",\"url\":\"https:\/\/www.outdoors.ee\/wp-content\/uploads\/2023\/01\/Helikon-Tex\u00ae-Greyman-Shorts-DuraCanvas\u00ae-Coyote.jpg\",\"contentUrl\":\"https:\/\/www.outdoors.ee\/wp-content\/uploads\/2023\/01\/Helikon-Tex\u00ae-Greyman-Shorts-DuraCanvas\u00ae-Coyote.jpg\",\"width\":1500,\"height\":1500},{\"@type\":\"BreadcrumbList\",\"@id\":\"https:\/\/www.outdoors.ee\/et\/toode\/luhikesed-puksid-greyman-tactical-shorts\/#breadcrumb\",\"itemListElement\":[{\"@type\":\"ListItem\",\"position\":1,\"name\":\"Home\",\"item\":\"https:\/\/www.outdoors.ee\/et\/\"},{\"@type\":\"ListItem\",\"position\":2,\"name\":\"Tooted\",\"item\":\"https:\/\/www.outdoors.ee\/products\/\"},{\"@type\":\"ListItem\",\"position\":3,\"name\":\"Helikon-Tex\u00ae l\u00fchikesed p\u00fcksid Greyman Shorts\"}]},{\"@type\":\"WebSite\",\"@id\":\"https:\/\/www.outdoors.ee\/#website\",\"url\":\"https:\/\/www.outdoors.ee\/\",\"name\":\"Outdoors\",\"description\":\"Genuine military surplus and not only!\",\"potentialAction\":[{\"@type\":\"SearchAction\",\"target\":{\"@type\":\"EntryPoint\",\"urlTemplate\":\"https:\/\/www.outdoors.ee\/?s={search_term_string}\"},\"query-input\":{\"@type\":\"PropertyValueSpecification\",\"valueRequired\":true,\"valueName\":\"search_term_string\"}}],\"inLanguage\":\"et\"}]}<\/script>\n<!-- \/ Yoast SEO plugin. -->","yoast_head_json":{"title":"Helikon-Tex\u00ae l\u00fchikesed p\u00fcksid Greyman Shorts - Outdoors","robots":{"index":"index","follow":"follow","max-snippet":"max-snippet:-1","max-image-preview":"max-image-preview:large","max-video-preview":"max-video-preview:-1"},"canonical":"https:\/\/www.outdoors.ee\/et\/toode\/luhikesed-puksid-greyman-tactical-shorts\/","og_locale":"et_EE","og_type":"article","og_title":"Helikon-Tex\u00ae l\u00fchikesed p\u00fcksid Greyman Shorts - Outdoors","og_description":"Helikon-Tex\u00ae l\u00fchikesed p\u00fcksid Greyman Shorts - DuraCanvas\u00ae","og_url":"https:\/\/www.outdoors.ee\/et\/toode\/luhikesed-puksid-greyman-tactical-shorts\/","og_site_name":"Outdoors","article_modified_time":"2025-08-26T12:28:13+00:00","og_image":[{"width":1500,"height":1500,"url":"https:\/\/www.outdoors.ee\/wp-content\/uploads\/2023\/01\/Helikon-Tex\u00ae-Greyman-Shorts-DuraCanvas\u00ae-Coyote.jpg","type":"image\/jpeg"}],"twitter_card":"summary_large_image","twitter_misc":{"Est. reading time":"1 minut"},"schema":{"@context":"https:\/\/schema.org","@graph":[{"@type":"WebPage","@id":"https:\/\/www.outdoors.ee\/et\/toode\/luhikesed-puksid-greyman-tactical-shorts\/","url":"https:\/\/www.outdoors.ee\/et\/toode\/luhikesed-puksid-greyman-tactical-shorts\/","name":"Helikon-Tex\u00ae l\u00fchikesed p\u00fcksid Greyman Shorts - Outdoors","isPartOf":{"@id":"https:\/\/www.outdoors.ee\/#website"},"primaryImageOfPage":{"@id":"https:\/\/www.outdoors.ee\/et\/toode\/luhikesed-puksid-greyman-tactical-shorts\/#primaryimage"},"image":{"@id":"https:\/\/www.outdoors.ee\/et\/toode\/luhikesed-puksid-greyman-tactical-shorts\/#primaryimage"},"thumbnailUrl":"https:\/\/www.outdoors.ee\/wp-content\/uploads\/2023\/01\/Helikon-Tex\u00ae-Greyman-Shorts-DuraCanvas\u00ae-Coyote.jpg","datePublished":"2023-01-02T10:05:43+00:00","dateModified":"2025-08-26T12:28:13+00:00","breadcrumb":{"@id":"https:\/\/www.outdoors.ee\/et\/toode\/luhikesed-puksid-greyman-tactical-shorts\/#breadcrumb"},"inLanguage":"et","potentialAction":[{"@type":"ReadAction","target":["https:\/\/www.outdoors.ee\/et\/toode\/luhikesed-puksid-greyman-tactical-shorts\/"]}]},{"@type":"ImageObject","inLanguage":"et","@id":"https:\/\/www.outdoors.ee\/et\/toode\/luhikesed-puksid-greyman-tactical-shorts\/#primaryimage","url":"https:\/\/www.outdoors.ee\/wp-content\/uploads\/2023\/01\/Helikon-Tex\u00ae-Greyman-Shorts-DuraCanvas\u00ae-Coyote.jpg","contentUrl":"https:\/\/www.outdoors.ee\/wp-content\/uploads\/2023\/01\/Helikon-Tex\u00ae-Greyman-Shorts-DuraCanvas\u00ae-Coyote.jpg","width":1500,"height":1500},{"@type":"BreadcrumbList","@id":"https:\/\/www.outdoors.ee\/et\/toode\/luhikesed-puksid-greyman-tactical-shorts\/#breadcrumb","itemListElement":[{"@type":"ListItem","position":1,"name":"Home","item":"https:\/\/www.outdoors.ee\/et\/"},{"@type":"ListItem","position":2,"name":"Tooted","item":"https:\/\/www.outdoors.ee\/products\/"},{"@type":"ListItem","position":3,"name":"Helikon-Tex\u00ae l\u00fchikesed p\u00fcksid Greyman Shorts"}]},{"@type":"WebSite","@id":"https:\/\/www.outdoors.ee\/#website","url":"https:\/\/www.outdoors.ee\/","name":"Outdoors","description":"Genuine military surplus and not only!","potentialAction":[{"@type":"SearchAction","target":{"@type":"EntryPoint","urlTemplate":"https:\/\/www.outdoors.ee\/?s={search_term_string}"},"query-input":{"@type":"PropertyValueSpecification","valueRequired":true,"valueName":"search_term_string"}}],"inLanguage":"et"}]}},"_links":{"self":[{"href":"https:\/\/www.outdoors.ee\/et\/wp-json\/wp\/v2\/product\/77645","targetHints":{"allow":["GET"]}}],"collection":[{"href":"https:\/\/www.outdoors.ee\/et\/wp-json\/wp\/v2\/product"}],"about":[{"href":"https:\/\/www.outdoors.ee\/et\/wp-json\/wp\/v2\/types\/product"}],"wp:featuredmedia":[{"embeddable":true,"href":"https:\/\/www.outdoors.ee\/et\/wp-json\/wp\/v2\/media\/102385"}],"wp:attachment":[{"href":"https:\/\/www.outdoors.ee\/et\/wp-json\/wp\/v2\/media?parent=77645"}],"wp:term":[{"taxonomy":"product_brand","embeddable":true,"href":"https:\/\/www.outdoors.ee\/et\/wp-json\/wp\/v2\/product_brand?post=77645"},{"taxonomy":"product_cat","embeddable":true,"href":"https:\/\/www.outdoors.ee\/et\/wp-json\/wp\/v2\/product_cat?post=77645"},{"taxonomy":"product_tag","embeddable":true,"href":"https:\/\/www.outdoors.ee\/et\/wp-json\/wp\/v2\/product_tag?post=77645"}],"curies":[{"name":"wp","href":"https:\/\/api.w.org\/{rel}","templated":true}]}}