{"id":77602,"date":"2023-01-02T11:32:23","date_gmt":"2023-01-02T09:32:23","guid":{"rendered":"https:\/\/www.outdoors.ee\/?post_type=product&#038;p=77602"},"modified":"2026-04-22T20:17:26","modified_gmt":"2026-04-22T17:17:26","slug":"matkakindad-tracker-outback-gloves","status":"publish","type":"product","link":"https:\/\/www.outdoors.ee\/et\/toode\/matkakindad-tracker-outback-gloves\/","title":{"rendered":"Helikon-Tex\u00ae matkakindad Tracker Gloves"},"content":{"rendered":"<p>Tracker Outback Gloves on s\u00fcgis-talve perioodil kasutamiseks m\u00f5eldud matkakindad.<\/p>\n<p><strong>Omadused:<\/strong><\/p>\n<ul>\n<li>anatoomiline l\u00f5ige<\/li>\n<li>veniv mansett<\/li>\n<li>aasad k\u00e4ttepanemise lihtsustamiseks<\/li>\n<li>libisemiskindlast, vastupidavast s\u00fcnteetilisest nahast peopesa<\/li>\n<li>klamber kinnaste \u00fchendamiseks<\/li>\n<li>toimivad puutetundlike ekraanidega<\/li>\n<li>materjal: P\u00f5himaterjal: 93% taaskasutatud pol\u00fcester, 7% elastaan. Peopesa: 80% pol\u00fcester, 20% pol\u00fcuretaan. S\u00f5rmed: 61% pol\u00fcamiid, 39% pol\u00fcuretaan<\/li>\n<li>kaal 50g<\/li>\n<\/ul>\n<p><strong>Seisukord:<\/strong> uus<\/p>\n","protected":false},"excerpt":{"rendered":"<p>Tracker Outback Gloves on s\u00fcgis-talve perioodil kasutamiseks m\u00f5eldud matkakindad. Omadused: anatoomiline l\u00f5ige veniv mansett aasad k\u00e4ttepanemise lihtsustamiseks libisemiskindlast, vastupidavast s\u00fcnteetilisest<\/p>\n","protected":false},"featured_media":77610,"template":"","meta":[],"product_brand":[],"product_cat":[98],"product_tag":[],"class_list":{"0":"post-77602","1":"product","2":"type-product","3":"status-publish","4":"has-post-thumbnail","6":"product_cat-kindad","7":"pa_brand-helikon-tex","8":"pa_color-black-2","9":"pa_color-olive-green-2","10":"pa_size-l-2","11":"pa_size-m-2","12":"pa_size-xl-2","14":"first","15":"instock","16":"taxable","17":"shipping-taxable","18":"purchasable","19":"product-type-variable"},"yoast_head":"<!-- This site is optimized with the Yoast SEO plugin v27.2 - https:\/\/yoast.com\/product\/yoast-seo-wordpress\/ -->\n<title>Helikon-Tex\u00ae matkakindad Tracker Gloves - Outdoors<\/title>\n<meta name=\"robots\" content=\"index, follow, max-snippet:-1, max-image-preview:large, max-video-preview:-1\" \/>\n<link rel=\"canonical\" href=\"https:\/\/www.outdoors.ee\/et\/toode\/matkakindad-tracker-outback-gloves\/\" \/>\n<meta property=\"og:locale\" content=\"et_EE\" \/>\n<meta property=\"og:type\" content=\"article\" \/>\n<meta property=\"og:title\" content=\"Helikon-Tex\u00ae matkakindad Tracker Gloves - Outdoors\" \/>\n<meta property=\"og:description\" content=\"Tracker Outback Gloves on s\u00fcgis-talve perioodil kasutamiseks m\u00f5eldud matkakindad. Omadused: anatoomiline l\u00f5ige veniv mansett aasad k\u00e4ttepanemise lihtsustamiseks libisemiskindlast, vastupidavast s\u00fcnteetilisest\" \/>\n<meta property=\"og:url\" content=\"https:\/\/www.outdoors.ee\/et\/toode\/matkakindad-tracker-outback-gloves\/\" \/>\n<meta property=\"og:site_name\" content=\"Outdoors\" \/>\n<meta property=\"article:modified_time\" content=\"2026-04-22T17:17:26+00:00\" \/>\n<meta property=\"og:image\" content=\"https:\/\/www.outdoors.ee\/wp-content\/uploads\/2023\/01\/Helikon-Tex\u00ae-Tracker-Outback-Gloves-1.jpeg\" \/>\n\t<meta property=\"og:image:width\" content=\"1500\" \/>\n\t<meta property=\"og:image:height\" content=\"1500\" \/>\n\t<meta property=\"og:image:type\" content=\"image\/jpeg\" \/>\n<meta name=\"twitter:card\" content=\"summary_large_image\" \/>\n<meta name=\"twitter:label1\" content=\"Est. reading time\" \/>\n\t<meta name=\"twitter:data1\" content=\"1 minut\" \/>\n<script type=\"application\/ld+json\" class=\"yoast-schema-graph\">{\"@context\":\"https:\/\/schema.org\",\"@graph\":[{\"@type\":\"WebPage\",\"@id\":\"https:\/\/www.outdoors.ee\/et\/toode\/matkakindad-tracker-outback-gloves\/\",\"url\":\"https:\/\/www.outdoors.ee\/et\/toode\/matkakindad-tracker-outback-gloves\/\",\"name\":\"Helikon-Tex\u00ae matkakindad Tracker Gloves - Outdoors\",\"isPartOf\":{\"@id\":\"https:\/\/www.outdoors.ee\/#website\"},\"primaryImageOfPage\":{\"@id\":\"https:\/\/www.outdoors.ee\/et\/toode\/matkakindad-tracker-outback-gloves\/#primaryimage\"},\"image\":{\"@id\":\"https:\/\/www.outdoors.ee\/et\/toode\/matkakindad-tracker-outback-gloves\/#primaryimage\"},\"thumbnailUrl\":\"https:\/\/www.outdoors.ee\/wp-content\/uploads\/2023\/01\/Helikon-Tex\u00ae-Tracker-Outback-Gloves-1.jpeg\",\"datePublished\":\"2023-01-02T09:32:23+00:00\",\"dateModified\":\"2026-04-22T17:17:26+00:00\",\"breadcrumb\":{\"@id\":\"https:\/\/www.outdoors.ee\/et\/toode\/matkakindad-tracker-outback-gloves\/#breadcrumb\"},\"inLanguage\":\"et\",\"potentialAction\":[{\"@type\":\"ReadAction\",\"target\":[\"https:\/\/www.outdoors.ee\/et\/toode\/matkakindad-tracker-outback-gloves\/\"]}]},{\"@type\":\"ImageObject\",\"inLanguage\":\"et\",\"@id\":\"https:\/\/www.outdoors.ee\/et\/toode\/matkakindad-tracker-outback-gloves\/#primaryimage\",\"url\":\"https:\/\/www.outdoors.ee\/wp-content\/uploads\/2023\/01\/Helikon-Tex\u00ae-Tracker-Outback-Gloves-1.jpeg\",\"contentUrl\":\"https:\/\/www.outdoors.ee\/wp-content\/uploads\/2023\/01\/Helikon-Tex\u00ae-Tracker-Outback-Gloves-1.jpeg\",\"width\":1500,\"height\":1500},{\"@type\":\"BreadcrumbList\",\"@id\":\"https:\/\/www.outdoors.ee\/et\/toode\/matkakindad-tracker-outback-gloves\/#breadcrumb\",\"itemListElement\":[{\"@type\":\"ListItem\",\"position\":1,\"name\":\"Home\",\"item\":\"https:\/\/www.outdoors.ee\/et\/\"},{\"@type\":\"ListItem\",\"position\":2,\"name\":\"Tooted\",\"item\":\"https:\/\/www.outdoors.ee\/products\/\"},{\"@type\":\"ListItem\",\"position\":3,\"name\":\"Helikon-Tex\u00ae matkakindad Tracker Gloves\"}]},{\"@type\":\"WebSite\",\"@id\":\"https:\/\/www.outdoors.ee\/#website\",\"url\":\"https:\/\/www.outdoors.ee\/\",\"name\":\"Outdoors\",\"description\":\"Genuine military surplus and not only!\",\"potentialAction\":[{\"@type\":\"SearchAction\",\"target\":{\"@type\":\"EntryPoint\",\"urlTemplate\":\"https:\/\/www.outdoors.ee\/?s={search_term_string}\"},\"query-input\":{\"@type\":\"PropertyValueSpecification\",\"valueRequired\":true,\"valueName\":\"search_term_string\"}}],\"inLanguage\":\"et\"}]}<\/script>\n<!-- \/ Yoast SEO plugin. -->","yoast_head_json":{"title":"Helikon-Tex\u00ae matkakindad Tracker Gloves - Outdoors","robots":{"index":"index","follow":"follow","max-snippet":"max-snippet:-1","max-image-preview":"max-image-preview:large","max-video-preview":"max-video-preview:-1"},"canonical":"https:\/\/www.outdoors.ee\/et\/toode\/matkakindad-tracker-outback-gloves\/","og_locale":"et_EE","og_type":"article","og_title":"Helikon-Tex\u00ae matkakindad Tracker Gloves - Outdoors","og_description":"Tracker Outback Gloves on s\u00fcgis-talve perioodil kasutamiseks m\u00f5eldud matkakindad. Omadused: anatoomiline l\u00f5ige veniv mansett aasad k\u00e4ttepanemise lihtsustamiseks libisemiskindlast, vastupidavast s\u00fcnteetilisest","og_url":"https:\/\/www.outdoors.ee\/et\/toode\/matkakindad-tracker-outback-gloves\/","og_site_name":"Outdoors","article_modified_time":"2026-04-22T17:17:26+00:00","og_image":[{"width":1500,"height":1500,"url":"https:\/\/www.outdoors.ee\/wp-content\/uploads\/2023\/01\/Helikon-Tex\u00ae-Tracker-Outback-Gloves-1.jpeg","type":"image\/jpeg"}],"twitter_card":"summary_large_image","twitter_misc":{"Est. reading time":"1 minut"},"schema":{"@context":"https:\/\/schema.org","@graph":[{"@type":"WebPage","@id":"https:\/\/www.outdoors.ee\/et\/toode\/matkakindad-tracker-outback-gloves\/","url":"https:\/\/www.outdoors.ee\/et\/toode\/matkakindad-tracker-outback-gloves\/","name":"Helikon-Tex\u00ae matkakindad Tracker Gloves - Outdoors","isPartOf":{"@id":"https:\/\/www.outdoors.ee\/#website"},"primaryImageOfPage":{"@id":"https:\/\/www.outdoors.ee\/et\/toode\/matkakindad-tracker-outback-gloves\/#primaryimage"},"image":{"@id":"https:\/\/www.outdoors.ee\/et\/toode\/matkakindad-tracker-outback-gloves\/#primaryimage"},"thumbnailUrl":"https:\/\/www.outdoors.ee\/wp-content\/uploads\/2023\/01\/Helikon-Tex\u00ae-Tracker-Outback-Gloves-1.jpeg","datePublished":"2023-01-02T09:32:23+00:00","dateModified":"2026-04-22T17:17:26+00:00","breadcrumb":{"@id":"https:\/\/www.outdoors.ee\/et\/toode\/matkakindad-tracker-outback-gloves\/#breadcrumb"},"inLanguage":"et","potentialAction":[{"@type":"ReadAction","target":["https:\/\/www.outdoors.ee\/et\/toode\/matkakindad-tracker-outback-gloves\/"]}]},{"@type":"ImageObject","inLanguage":"et","@id":"https:\/\/www.outdoors.ee\/et\/toode\/matkakindad-tracker-outback-gloves\/#primaryimage","url":"https:\/\/www.outdoors.ee\/wp-content\/uploads\/2023\/01\/Helikon-Tex\u00ae-Tracker-Outback-Gloves-1.jpeg","contentUrl":"https:\/\/www.outdoors.ee\/wp-content\/uploads\/2023\/01\/Helikon-Tex\u00ae-Tracker-Outback-Gloves-1.jpeg","width":1500,"height":1500},{"@type":"BreadcrumbList","@id":"https:\/\/www.outdoors.ee\/et\/toode\/matkakindad-tracker-outback-gloves\/#breadcrumb","itemListElement":[{"@type":"ListItem","position":1,"name":"Home","item":"https:\/\/www.outdoors.ee\/et\/"},{"@type":"ListItem","position":2,"name":"Tooted","item":"https:\/\/www.outdoors.ee\/products\/"},{"@type":"ListItem","position":3,"name":"Helikon-Tex\u00ae matkakindad Tracker Gloves"}]},{"@type":"WebSite","@id":"https:\/\/www.outdoors.ee\/#website","url":"https:\/\/www.outdoors.ee\/","name":"Outdoors","description":"Genuine military surplus and not only!","potentialAction":[{"@type":"SearchAction","target":{"@type":"EntryPoint","urlTemplate":"https:\/\/www.outdoors.ee\/?s={search_term_string}"},"query-input":{"@type":"PropertyValueSpecification","valueRequired":true,"valueName":"search_term_string"}}],"inLanguage":"et"}]}},"_links":{"self":[{"href":"https:\/\/www.outdoors.ee\/et\/wp-json\/wp\/v2\/product\/77602","targetHints":{"allow":["GET"]}}],"collection":[{"href":"https:\/\/www.outdoors.ee\/et\/wp-json\/wp\/v2\/product"}],"about":[{"href":"https:\/\/www.outdoors.ee\/et\/wp-json\/wp\/v2\/types\/product"}],"wp:featuredmedia":[{"embeddable":true,"href":"https:\/\/www.outdoors.ee\/et\/wp-json\/wp\/v2\/media\/77610"}],"wp:attachment":[{"href":"https:\/\/www.outdoors.ee\/et\/wp-json\/wp\/v2\/media?parent=77602"}],"wp:term":[{"taxonomy":"product_brand","embeddable":true,"href":"https:\/\/www.outdoors.ee\/et\/wp-json\/wp\/v2\/product_brand?post=77602"},{"taxonomy":"product_cat","embeddable":true,"href":"https:\/\/www.outdoors.ee\/et\/wp-json\/wp\/v2\/product_cat?post=77602"},{"taxonomy":"product_tag","embeddable":true,"href":"https:\/\/www.outdoors.ee\/et\/wp-json\/wp\/v2\/product_tag?post=77602"}],"curies":[{"name":"wp","href":"https:\/\/api.w.org\/{rel}","templated":true}]}}