{"id":77565,"date":"2023-01-02T10:44:28","date_gmt":"2023-01-02T08:44:28","guid":{"rendered":"https:\/\/www.outdoors.ee\/?post_type=product&#038;p=77565"},"modified":"2026-04-25T17:59:02","modified_gmt":"2026-04-25T14:59:02","slug":"taktikalised-kindad-range-tactical-gloves","status":"publish","type":"product","link":"https:\/\/www.outdoors.ee\/et\/toode\/taktikalised-kindad-range-tactical-gloves\/","title":{"rendered":"Helikon-Tex\u00ae taktikalised kindad Range Tactical Gloves"},"content":{"rendered":"<p><strong>Omadused:<\/strong><\/p>\n<ul>\n<li>takjapaelaga suletav randmeosa<\/li>\n<li>riputusaas<\/li>\n<li>mikrofiiber p\u00f6idla piirkonnas<\/li>\n<li>hingavast kangast pealne<\/li>\n<li>libisemisvastasest s\u00fcnteetilisest nahast peopesa<\/li>\n<li>p\u00f6idla ning keskmise s\u00f5rme tipud toimivad puutetundlike ekraanidega<\/li>\n<li>Multicam\u00ae versiooni tootmisel on kasutatud VersaStretch\u00ae kangast<\/li>\n<li>materjal: 94% pol\u00fcester, 6% elastaan<\/li>\n<li>kaal 90g<\/li>\n<\/ul>\n<p><strong>Seisukord:<\/strong> uus<\/p>\n","protected":false},"excerpt":{"rendered":"<p>Omadused: takjapaelaga suletav randmeosa riputusaas mikrofiiber p\u00f6idla piirkonnas hingavast kangast pealne libisemisvastasest s\u00fcnteetilisest nahast peopesa p\u00f6idla ning keskmise s\u00f5rme tipud<\/p>\n","protected":false},"featured_media":77553,"template":"","meta":[],"product_brand":[],"product_cat":[98],"product_tag":[],"class_list":{"0":"post-77565","1":"product","2":"type-product","3":"status-publish","4":"has-post-thumbnail","6":"product_cat-kindad","7":"pa_brand-helikon-tex","8":"pa_color-black-shadow-grey-2","9":"pa_color-coyote-adaptive-green-2","10":"pa_color-pencott-wildwood-coyote-2","11":"pa_size-l-2","12":"pa_size-m-2","13":"pa_size-xl-2","15":"first","16":"instock","17":"taxable","18":"shipping-taxable","19":"purchasable","20":"product-type-variable"},"yoast_head":"<!-- This site is optimized with the Yoast SEO plugin v27.2 - https:\/\/yoast.com\/product\/yoast-seo-wordpress\/ -->\n<title>Helikon-Tex\u00ae taktikalised kindad Range Tactical Gloves - Outdoors<\/title>\n<meta name=\"robots\" content=\"index, follow, max-snippet:-1, max-image-preview:large, max-video-preview:-1\" \/>\n<link rel=\"canonical\" href=\"https:\/\/www.outdoors.ee\/et\/toode\/taktikalised-kindad-range-tactical-gloves\/\" \/>\n<meta property=\"og:locale\" content=\"et_EE\" \/>\n<meta property=\"og:type\" content=\"article\" \/>\n<meta property=\"og:title\" content=\"Helikon-Tex\u00ae taktikalised kindad Range Tactical Gloves - Outdoors\" \/>\n<meta property=\"og:description\" content=\"Omadused: takjapaelaga suletav randmeosa riputusaas mikrofiiber p\u00f6idla piirkonnas hingavast kangast pealne libisemisvastasest s\u00fcnteetilisest nahast peopesa p\u00f6idla ning keskmise s\u00f5rme tipud\" \/>\n<meta property=\"og:url\" content=\"https:\/\/www.outdoors.ee\/et\/toode\/taktikalised-kindad-range-tactical-gloves\/\" \/>\n<meta property=\"og:site_name\" content=\"Outdoors\" \/>\n<meta property=\"article:modified_time\" content=\"2026-04-25T14:59:02+00:00\" \/>\n<meta property=\"og:image\" content=\"https:\/\/www.outdoors.ee\/wp-content\/uploads\/2023\/01\/Helikon-Tex\u00ae-Range-Tactical-Gloves\u00ae-2.jpg\" \/>\n\t<meta property=\"og:image:width\" content=\"1500\" \/>\n\t<meta property=\"og:image:height\" content=\"1500\" \/>\n\t<meta property=\"og:image:type\" content=\"image\/jpeg\" \/>\n<meta name=\"twitter:card\" content=\"summary_large_image\" \/>\n<meta name=\"twitter:label1\" content=\"Est. reading time\" \/>\n\t<meta name=\"twitter:data1\" content=\"1 minut\" \/>\n<script type=\"application\/ld+json\" class=\"yoast-schema-graph\">{\"@context\":\"https:\/\/schema.org\",\"@graph\":[{\"@type\":\"WebPage\",\"@id\":\"https:\/\/www.outdoors.ee\/et\/toode\/taktikalised-kindad-range-tactical-gloves\/\",\"url\":\"https:\/\/www.outdoors.ee\/et\/toode\/taktikalised-kindad-range-tactical-gloves\/\",\"name\":\"Helikon-Tex\u00ae taktikalised kindad Range Tactical Gloves - Outdoors\",\"isPartOf\":{\"@id\":\"https:\/\/www.outdoors.ee\/#website\"},\"primaryImageOfPage\":{\"@id\":\"https:\/\/www.outdoors.ee\/et\/toode\/taktikalised-kindad-range-tactical-gloves\/#primaryimage\"},\"image\":{\"@id\":\"https:\/\/www.outdoors.ee\/et\/toode\/taktikalised-kindad-range-tactical-gloves\/#primaryimage\"},\"thumbnailUrl\":\"https:\/\/www.outdoors.ee\/wp-content\/uploads\/2023\/01\/Helikon-Tex\u00ae-Range-Tactical-Gloves\u00ae-2.jpg\",\"datePublished\":\"2023-01-02T08:44:28+00:00\",\"dateModified\":\"2026-04-25T14:59:02+00:00\",\"breadcrumb\":{\"@id\":\"https:\/\/www.outdoors.ee\/et\/toode\/taktikalised-kindad-range-tactical-gloves\/#breadcrumb\"},\"inLanguage\":\"et\",\"potentialAction\":[{\"@type\":\"ReadAction\",\"target\":[\"https:\/\/www.outdoors.ee\/et\/toode\/taktikalised-kindad-range-tactical-gloves\/\"]}]},{\"@type\":\"ImageObject\",\"inLanguage\":\"et\",\"@id\":\"https:\/\/www.outdoors.ee\/et\/toode\/taktikalised-kindad-range-tactical-gloves\/#primaryimage\",\"url\":\"https:\/\/www.outdoors.ee\/wp-content\/uploads\/2023\/01\/Helikon-Tex\u00ae-Range-Tactical-Gloves\u00ae-2.jpg\",\"contentUrl\":\"https:\/\/www.outdoors.ee\/wp-content\/uploads\/2023\/01\/Helikon-Tex\u00ae-Range-Tactical-Gloves\u00ae-2.jpg\",\"width\":1500,\"height\":1500},{\"@type\":\"BreadcrumbList\",\"@id\":\"https:\/\/www.outdoors.ee\/et\/toode\/taktikalised-kindad-range-tactical-gloves\/#breadcrumb\",\"itemListElement\":[{\"@type\":\"ListItem\",\"position\":1,\"name\":\"Home\",\"item\":\"https:\/\/www.outdoors.ee\/et\/\"},{\"@type\":\"ListItem\",\"position\":2,\"name\":\"Tooted\",\"item\":\"https:\/\/www.outdoors.ee\/products\/\"},{\"@type\":\"ListItem\",\"position\":3,\"name\":\"Helikon-Tex\u00ae taktikalised kindad Range Tactical Gloves\"}]},{\"@type\":\"WebSite\",\"@id\":\"https:\/\/www.outdoors.ee\/#website\",\"url\":\"https:\/\/www.outdoors.ee\/\",\"name\":\"Outdoors\",\"description\":\"Genuine military surplus and not only!\",\"potentialAction\":[{\"@type\":\"SearchAction\",\"target\":{\"@type\":\"EntryPoint\",\"urlTemplate\":\"https:\/\/www.outdoors.ee\/?s={search_term_string}\"},\"query-input\":{\"@type\":\"PropertyValueSpecification\",\"valueRequired\":true,\"valueName\":\"search_term_string\"}}],\"inLanguage\":\"et\"}]}<\/script>\n<!-- \/ Yoast SEO plugin. -->","yoast_head_json":{"title":"Helikon-Tex\u00ae taktikalised kindad Range Tactical Gloves - Outdoors","robots":{"index":"index","follow":"follow","max-snippet":"max-snippet:-1","max-image-preview":"max-image-preview:large","max-video-preview":"max-video-preview:-1"},"canonical":"https:\/\/www.outdoors.ee\/et\/toode\/taktikalised-kindad-range-tactical-gloves\/","og_locale":"et_EE","og_type":"article","og_title":"Helikon-Tex\u00ae taktikalised kindad Range Tactical Gloves - Outdoors","og_description":"Omadused: takjapaelaga suletav randmeosa riputusaas mikrofiiber p\u00f6idla piirkonnas hingavast kangast pealne libisemisvastasest s\u00fcnteetilisest nahast peopesa p\u00f6idla ning keskmise s\u00f5rme tipud","og_url":"https:\/\/www.outdoors.ee\/et\/toode\/taktikalised-kindad-range-tactical-gloves\/","og_site_name":"Outdoors","article_modified_time":"2026-04-25T14:59:02+00:00","og_image":[{"width":1500,"height":1500,"url":"https:\/\/www.outdoors.ee\/wp-content\/uploads\/2023\/01\/Helikon-Tex\u00ae-Range-Tactical-Gloves\u00ae-2.jpg","type":"image\/jpeg"}],"twitter_card":"summary_large_image","twitter_misc":{"Est. reading time":"1 minut"},"schema":{"@context":"https:\/\/schema.org","@graph":[{"@type":"WebPage","@id":"https:\/\/www.outdoors.ee\/et\/toode\/taktikalised-kindad-range-tactical-gloves\/","url":"https:\/\/www.outdoors.ee\/et\/toode\/taktikalised-kindad-range-tactical-gloves\/","name":"Helikon-Tex\u00ae taktikalised kindad Range Tactical Gloves - Outdoors","isPartOf":{"@id":"https:\/\/www.outdoors.ee\/#website"},"primaryImageOfPage":{"@id":"https:\/\/www.outdoors.ee\/et\/toode\/taktikalised-kindad-range-tactical-gloves\/#primaryimage"},"image":{"@id":"https:\/\/www.outdoors.ee\/et\/toode\/taktikalised-kindad-range-tactical-gloves\/#primaryimage"},"thumbnailUrl":"https:\/\/www.outdoors.ee\/wp-content\/uploads\/2023\/01\/Helikon-Tex\u00ae-Range-Tactical-Gloves\u00ae-2.jpg","datePublished":"2023-01-02T08:44:28+00:00","dateModified":"2026-04-25T14:59:02+00:00","breadcrumb":{"@id":"https:\/\/www.outdoors.ee\/et\/toode\/taktikalised-kindad-range-tactical-gloves\/#breadcrumb"},"inLanguage":"et","potentialAction":[{"@type":"ReadAction","target":["https:\/\/www.outdoors.ee\/et\/toode\/taktikalised-kindad-range-tactical-gloves\/"]}]},{"@type":"ImageObject","inLanguage":"et","@id":"https:\/\/www.outdoors.ee\/et\/toode\/taktikalised-kindad-range-tactical-gloves\/#primaryimage","url":"https:\/\/www.outdoors.ee\/wp-content\/uploads\/2023\/01\/Helikon-Tex\u00ae-Range-Tactical-Gloves\u00ae-2.jpg","contentUrl":"https:\/\/www.outdoors.ee\/wp-content\/uploads\/2023\/01\/Helikon-Tex\u00ae-Range-Tactical-Gloves\u00ae-2.jpg","width":1500,"height":1500},{"@type":"BreadcrumbList","@id":"https:\/\/www.outdoors.ee\/et\/toode\/taktikalised-kindad-range-tactical-gloves\/#breadcrumb","itemListElement":[{"@type":"ListItem","position":1,"name":"Home","item":"https:\/\/www.outdoors.ee\/et\/"},{"@type":"ListItem","position":2,"name":"Tooted","item":"https:\/\/www.outdoors.ee\/products\/"},{"@type":"ListItem","position":3,"name":"Helikon-Tex\u00ae taktikalised kindad Range Tactical Gloves"}]},{"@type":"WebSite","@id":"https:\/\/www.outdoors.ee\/#website","url":"https:\/\/www.outdoors.ee\/","name":"Outdoors","description":"Genuine military surplus and not only!","potentialAction":[{"@type":"SearchAction","target":{"@type":"EntryPoint","urlTemplate":"https:\/\/www.outdoors.ee\/?s={search_term_string}"},"query-input":{"@type":"PropertyValueSpecification","valueRequired":true,"valueName":"search_term_string"}}],"inLanguage":"et"}]}},"_links":{"self":[{"href":"https:\/\/www.outdoors.ee\/et\/wp-json\/wp\/v2\/product\/77565","targetHints":{"allow":["GET"]}}],"collection":[{"href":"https:\/\/www.outdoors.ee\/et\/wp-json\/wp\/v2\/product"}],"about":[{"href":"https:\/\/www.outdoors.ee\/et\/wp-json\/wp\/v2\/types\/product"}],"wp:featuredmedia":[{"embeddable":true,"href":"https:\/\/www.outdoors.ee\/et\/wp-json\/wp\/v2\/media\/77553"}],"wp:attachment":[{"href":"https:\/\/www.outdoors.ee\/et\/wp-json\/wp\/v2\/media?parent=77565"}],"wp:term":[{"taxonomy":"product_brand","embeddable":true,"href":"https:\/\/www.outdoors.ee\/et\/wp-json\/wp\/v2\/product_brand?post=77565"},{"taxonomy":"product_cat","embeddable":true,"href":"https:\/\/www.outdoors.ee\/et\/wp-json\/wp\/v2\/product_cat?post=77565"},{"taxonomy":"product_tag","embeddable":true,"href":"https:\/\/www.outdoors.ee\/et\/wp-json\/wp\/v2\/product_tag?post=77565"}],"curies":[{"name":"wp","href":"https:\/\/api.w.org\/{rel}","templated":true}]}}