{"id":77461,"date":"2022-12-30T15:35:14","date_gmt":"2022-12-30T13:35:14","guid":{"rendered":"https:\/\/www.outdoors.ee\/?post_type=product&#038;p=77461"},"modified":"2025-07-24T10:33:10","modified_gmt":"2025-07-24T07:33:10","slug":"polvekaitsmed-altaflex-altalok-knee-pads","status":"publish","type":"product","link":"https:\/\/www.outdoors.ee\/et\/toode\/polvekaitsmed-altaflex-altalok-knee-pads\/","title":{"rendered":"P\u00f5lvekaitsmed AltaFLEX AltaLok\u2122 Knee Pads"},"content":{"rendered":"<p>Professionalsed p\u00f5lvekaitsmed USA ettev\u00f5ttelt ALTA Industries.<\/p>\n<p><strong>Omadused:<\/strong><\/p>\n<ul>\n<li>pakuvad maksimaalselt kaitset t\u00e4nu pikendatud plastikkattele<\/li>\n<li>Cordura\u00ae nailon<\/li>\n<li>kahe rihmaga ning mugava AltaLOK\u2122 Easy On\/Off\u00a0 kinnitusega<\/li>\n<li>reguleeritav suurus<\/li>\n<li>m\u00f5\u00f5dud: ca 24 x 18 cm \/ 9.45 x 7.10 in<\/li>\n<li>kaal 253g<\/li>\n<\/ul>\n<p><strong>Seisukord:<\/strong> uus<\/p>\n","protected":false},"excerpt":{"rendered":"<p>Professionalsed p\u00f5lvekaitsmed USA ettev\u00f5ttelt ALTA Industries. Omadused: pakuvad maksimaalselt kaitset t\u00e4nu pikendatud plastikkattele Cordura\u00ae nailon kahe rihmaga ning mugava AltaLOK\u2122<\/p>\n","protected":false},"featured_media":77473,"template":"","meta":[],"product_brand":[],"product_cat":[149],"product_tag":[],"class_list":{"0":"post-77461","1":"product","2":"type-product","3":"status-publish","4":"has-post-thumbnail","6":"product_cat-taktikaline-varustus","7":"pa_brand-alta-industries-2","8":"pa_color-black-2","9":"pa_color-coyote-2","10":"pa_color-multicam-2","11":"pa_color-olive-green-2","13":"first","14":"outofstock","15":"taxable","16":"shipping-taxable","17":"purchasable","18":"product-type-variable"},"yoast_head":"<!-- This site is optimized with the Yoast SEO plugin v27.2 - https:\/\/yoast.com\/product\/yoast-seo-wordpress\/ -->\n<title>P\u00f5lvekaitsmed AltaFLEX AltaLok\u2122 Knee Pads - Outdoors<\/title>\n<meta name=\"robots\" content=\"index, follow, max-snippet:-1, max-image-preview:large, max-video-preview:-1\" \/>\n<link rel=\"canonical\" href=\"https:\/\/www.outdoors.ee\/toode\/altaflex-altalok-knee-pads\/\" \/>\n<meta property=\"og:locale\" content=\"et_EE\" \/>\n<meta property=\"og:type\" content=\"article\" \/>\n<meta property=\"og:title\" content=\"P\u00f5lvekaitsmed AltaFLEX AltaLok\u2122 Knee Pads - Outdoors\" \/>\n<meta property=\"og:description\" content=\"Professionalsed p\u00f5lvekaitsmed USA ettev\u00f5ttelt ALTA Industries. Omadused: pakuvad maksimaalselt kaitset t\u00e4nu pikendatud plastikkattele Cordura\u00ae nailon kahe rihmaga ning mugava AltaLOK\u2122\" \/>\n<meta property=\"og:url\" content=\"https:\/\/www.outdoors.ee\/toode\/altaflex-altalok-knee-pads\/\" \/>\n<meta property=\"og:site_name\" content=\"Outdoors\" \/>\n<meta property=\"article:modified_time\" content=\"2025-07-24T07:33:10+00:00\" \/>\n<meta property=\"og:image\" content=\"https:\/\/www.outdoors.ee\/wp-content\/uploads\/2022\/12\/AltaFLEX-AltaLok\u2122-Knee-Pads-4.jpg\" \/>\n\t<meta property=\"og:image:width\" content=\"1500\" \/>\n\t<meta property=\"og:image:height\" content=\"1500\" \/>\n\t<meta property=\"og:image:type\" content=\"image\/jpeg\" \/>\n<meta name=\"twitter:card\" content=\"summary_large_image\" \/>\n<meta name=\"twitter:label1\" content=\"Est. reading time\" \/>\n\t<meta name=\"twitter:data1\" content=\"1 minut\" \/>\n<script type=\"application\/ld+json\" class=\"yoast-schema-graph\">{\"@context\":\"https:\/\/schema.org\",\"@graph\":[{\"@type\":\"WebPage\",\"@id\":\"https:\/\/www.outdoors.ee\/toode\/altaflex-altalok-knee-pads\/\",\"url\":\"https:\/\/www.outdoors.ee\/toode\/altaflex-altalok-knee-pads\/\",\"name\":\"P\u00f5lvekaitsmed AltaFLEX AltaLok\u2122 Knee Pads - Outdoors\",\"isPartOf\":{\"@id\":\"https:\/\/www.outdoors.ee\/#website\"},\"primaryImageOfPage\":{\"@id\":\"https:\/\/www.outdoors.ee\/toode\/altaflex-altalok-knee-pads\/#primaryimage\"},\"image\":{\"@id\":\"https:\/\/www.outdoors.ee\/toode\/altaflex-altalok-knee-pads\/#primaryimage\"},\"thumbnailUrl\":\"https:\/\/www.outdoors.ee\/wp-content\/uploads\/2022\/12\/AltaFLEX-AltaLok\u2122-Knee-Pads-4.jpg\",\"datePublished\":\"2022-12-30T13:35:14+00:00\",\"dateModified\":\"2025-07-24T07:33:10+00:00\",\"breadcrumb\":{\"@id\":\"https:\/\/www.outdoors.ee\/toode\/altaflex-altalok-knee-pads\/#breadcrumb\"},\"inLanguage\":\"et\",\"potentialAction\":[{\"@type\":\"ReadAction\",\"target\":[\"https:\/\/www.outdoors.ee\/toode\/altaflex-altalok-knee-pads\/\"]}]},{\"@type\":\"ImageObject\",\"inLanguage\":\"et\",\"@id\":\"https:\/\/www.outdoors.ee\/toode\/altaflex-altalok-knee-pads\/#primaryimage\",\"url\":\"https:\/\/www.outdoors.ee\/wp-content\/uploads\/2022\/12\/AltaFLEX-AltaLok\u2122-Knee-Pads-4.jpg\",\"contentUrl\":\"https:\/\/www.outdoors.ee\/wp-content\/uploads\/2022\/12\/AltaFLEX-AltaLok\u2122-Knee-Pads-4.jpg\",\"width\":1500,\"height\":1500},{\"@type\":\"BreadcrumbList\",\"@id\":\"https:\/\/www.outdoors.ee\/toode\/altaflex-altalok-knee-pads\/#breadcrumb\",\"itemListElement\":[{\"@type\":\"ListItem\",\"position\":1,\"name\":\"Home\",\"item\":\"https:\/\/www.outdoors.ee\/et\/\"},{\"@type\":\"ListItem\",\"position\":2,\"name\":\"Tooted\",\"item\":\"https:\/\/www.outdoors.ee\/products\/\"},{\"@type\":\"ListItem\",\"position\":3,\"name\":\"P\u00f5lvekaitsmed AltaFLEX AltaLok\u2122 Knee Pads\"}]},{\"@type\":\"WebSite\",\"@id\":\"https:\/\/www.outdoors.ee\/#website\",\"url\":\"https:\/\/www.outdoors.ee\/\",\"name\":\"Outdoors\",\"description\":\"Genuine military surplus and not only!\",\"potentialAction\":[{\"@type\":\"SearchAction\",\"target\":{\"@type\":\"EntryPoint\",\"urlTemplate\":\"https:\/\/www.outdoors.ee\/?s={search_term_string}\"},\"query-input\":{\"@type\":\"PropertyValueSpecification\",\"valueRequired\":true,\"valueName\":\"search_term_string\"}}],\"inLanguage\":\"et\"}]}<\/script>\n<!-- \/ Yoast SEO plugin. -->","yoast_head_json":{"title":"P\u00f5lvekaitsmed AltaFLEX AltaLok\u2122 Knee Pads - Outdoors","robots":{"index":"index","follow":"follow","max-snippet":"max-snippet:-1","max-image-preview":"max-image-preview:large","max-video-preview":"max-video-preview:-1"},"canonical":"https:\/\/www.outdoors.ee\/toode\/altaflex-altalok-knee-pads\/","og_locale":"et_EE","og_type":"article","og_title":"P\u00f5lvekaitsmed AltaFLEX AltaLok\u2122 Knee Pads - Outdoors","og_description":"Professionalsed p\u00f5lvekaitsmed USA ettev\u00f5ttelt ALTA Industries. Omadused: pakuvad maksimaalselt kaitset t\u00e4nu pikendatud plastikkattele Cordura\u00ae nailon kahe rihmaga ning mugava AltaLOK\u2122","og_url":"https:\/\/www.outdoors.ee\/toode\/altaflex-altalok-knee-pads\/","og_site_name":"Outdoors","article_modified_time":"2025-07-24T07:33:10+00:00","og_image":[{"width":1500,"height":1500,"url":"https:\/\/www.outdoors.ee\/wp-content\/uploads\/2022\/12\/AltaFLEX-AltaLok\u2122-Knee-Pads-4.jpg","type":"image\/jpeg"}],"twitter_card":"summary_large_image","twitter_misc":{"Est. reading time":"1 minut"},"schema":{"@context":"https:\/\/schema.org","@graph":[{"@type":"WebPage","@id":"https:\/\/www.outdoors.ee\/toode\/altaflex-altalok-knee-pads\/","url":"https:\/\/www.outdoors.ee\/toode\/altaflex-altalok-knee-pads\/","name":"P\u00f5lvekaitsmed AltaFLEX AltaLok\u2122 Knee Pads - Outdoors","isPartOf":{"@id":"https:\/\/www.outdoors.ee\/#website"},"primaryImageOfPage":{"@id":"https:\/\/www.outdoors.ee\/toode\/altaflex-altalok-knee-pads\/#primaryimage"},"image":{"@id":"https:\/\/www.outdoors.ee\/toode\/altaflex-altalok-knee-pads\/#primaryimage"},"thumbnailUrl":"https:\/\/www.outdoors.ee\/wp-content\/uploads\/2022\/12\/AltaFLEX-AltaLok\u2122-Knee-Pads-4.jpg","datePublished":"2022-12-30T13:35:14+00:00","dateModified":"2025-07-24T07:33:10+00:00","breadcrumb":{"@id":"https:\/\/www.outdoors.ee\/toode\/altaflex-altalok-knee-pads\/#breadcrumb"},"inLanguage":"et","potentialAction":[{"@type":"ReadAction","target":["https:\/\/www.outdoors.ee\/toode\/altaflex-altalok-knee-pads\/"]}]},{"@type":"ImageObject","inLanguage":"et","@id":"https:\/\/www.outdoors.ee\/toode\/altaflex-altalok-knee-pads\/#primaryimage","url":"https:\/\/www.outdoors.ee\/wp-content\/uploads\/2022\/12\/AltaFLEX-AltaLok\u2122-Knee-Pads-4.jpg","contentUrl":"https:\/\/www.outdoors.ee\/wp-content\/uploads\/2022\/12\/AltaFLEX-AltaLok\u2122-Knee-Pads-4.jpg","width":1500,"height":1500},{"@type":"BreadcrumbList","@id":"https:\/\/www.outdoors.ee\/toode\/altaflex-altalok-knee-pads\/#breadcrumb","itemListElement":[{"@type":"ListItem","position":1,"name":"Home","item":"https:\/\/www.outdoors.ee\/et\/"},{"@type":"ListItem","position":2,"name":"Tooted","item":"https:\/\/www.outdoors.ee\/products\/"},{"@type":"ListItem","position":3,"name":"P\u00f5lvekaitsmed AltaFLEX AltaLok\u2122 Knee Pads"}]},{"@type":"WebSite","@id":"https:\/\/www.outdoors.ee\/#website","url":"https:\/\/www.outdoors.ee\/","name":"Outdoors","description":"Genuine military surplus and not only!","potentialAction":[{"@type":"SearchAction","target":{"@type":"EntryPoint","urlTemplate":"https:\/\/www.outdoors.ee\/?s={search_term_string}"},"query-input":{"@type":"PropertyValueSpecification","valueRequired":true,"valueName":"search_term_string"}}],"inLanguage":"et"}]}},"_links":{"self":[{"href":"https:\/\/www.outdoors.ee\/et\/wp-json\/wp\/v2\/product\/77461","targetHints":{"allow":["GET"]}}],"collection":[{"href":"https:\/\/www.outdoors.ee\/et\/wp-json\/wp\/v2\/product"}],"about":[{"href":"https:\/\/www.outdoors.ee\/et\/wp-json\/wp\/v2\/types\/product"}],"wp:featuredmedia":[{"embeddable":true,"href":"https:\/\/www.outdoors.ee\/et\/wp-json\/wp\/v2\/media\/77473"}],"wp:attachment":[{"href":"https:\/\/www.outdoors.ee\/et\/wp-json\/wp\/v2\/media?parent=77461"}],"wp:term":[{"taxonomy":"product_brand","embeddable":true,"href":"https:\/\/www.outdoors.ee\/et\/wp-json\/wp\/v2\/product_brand?post=77461"},{"taxonomy":"product_cat","embeddable":true,"href":"https:\/\/www.outdoors.ee\/et\/wp-json\/wp\/v2\/product_cat?post=77461"},{"taxonomy":"product_tag","embeddable":true,"href":"https:\/\/www.outdoors.ee\/et\/wp-json\/wp\/v2\/product_tag?post=77461"}],"curies":[{"name":"wp","href":"https:\/\/api.w.org\/{rel}","templated":true}]}}