{"id":77316,"date":"2022-12-27T14:54:59","date_gmt":"2022-12-27T12:54:59","guid":{"rendered":"https:\/\/www.outdoors.ee\/?post_type=product&#038;p=77316"},"modified":"2025-08-26T15:29:01","modified_gmt":"2025-08-26T12:29:01","slug":"sokid-mediumweight-socks","status":"publish","type":"product","link":"https:\/\/www.outdoors.ee\/et\/toode\/sokid-mediumweight-socks\/","title":{"rendered":"Helikon-Tex\u00ae sokid Mediumweight Socks &#8211; Wool"},"content":{"rendered":"<p><strong>Sokid, mis sobivad igasugustesse ilmatingimustesse<\/strong><\/p>\n<p>Keskmise paksusega sokid on spetsiaalselt loodud kandmiseks jahedatel p\u00e4evadel, eriti koos taktikalise jalatsiga. Nende paksus tagab piisava soojuse, ilma et jalad \u00fcle kuumeneksid. Soki struktuur on loodud v\u00e4hendama h\u00f5\u00f5rdumise ja \u00e4rrituse riski. Lisaks tagab anatoomiliselt tugevdatud Y-l\u00f5ikeline disain mugavuse ka pikaajalisel kandmisel.<\/p>\n<p><strong>Omadused:<\/strong><\/p>\n<ul>\n<li>lai, mugav \u00e4\u00e4r, mis ei avalda survet jalale<\/li>\n<li>\u00f5mblusteta tehnoloogia<\/li>\n<li>anatoomiline disain, sokk p\u00fcsib h\u00e4sti jalas<\/li>\n<li>tugevdatud talla ning kanna piirkonnad<\/li>\n<li>materjal: 60% vill, 20% akr\u00fc\u00fcl, 15% pol\u00fcester, 5% elastaan<\/li>\n<li>kaal 73g\/paar<\/li>\n<\/ul>\n<p><strong>Seisukord:<\/strong> uus<\/p>\n<p>&nbsp;<\/p>\n","protected":false},"excerpt":{"rendered":"<p>Helikon-Tex\u00ae sokid Mediumweight Socks &#8211; Vill<\/p>\n","protected":false},"featured_media":77307,"template":"","meta":[],"product_brand":[],"product_cat":[197],"product_tag":[],"class_list":{"0":"post-77316","1":"product","2":"type-product","3":"status-publish","4":"has-post-thumbnail","6":"product_cat-sokid-saarised","7":"pa_brand-helikon-tex","8":"pa_color-black-2","9":"pa_size-uk55-8-eu39-42-2","10":"pa_size-uk9-11-eu43-46-2","12":"first","13":"instock","14":"taxable","15":"shipping-taxable","16":"purchasable","17":"product-type-variable"},"yoast_head":"<!-- This site is optimized with the Yoast SEO plugin v27.2 - https:\/\/yoast.com\/product\/yoast-seo-wordpress\/ -->\n<title>Helikon-Tex\u00ae sokid Mediumweight Socks - Wool - Outdoors<\/title>\n<meta name=\"robots\" content=\"index, follow, max-snippet:-1, max-image-preview:large, max-video-preview:-1\" \/>\n<link rel=\"canonical\" href=\"https:\/\/www.outdoors.ee\/et\/toode\/sokid-mediumweight-socks\/\" \/>\n<meta property=\"og:locale\" content=\"et_EE\" \/>\n<meta property=\"og:type\" content=\"article\" \/>\n<meta property=\"og:title\" content=\"Helikon-Tex\u00ae sokid Mediumweight Socks - Wool - Outdoors\" \/>\n<meta property=\"og:description\" content=\"Helikon-Tex\u00ae sokid Mediumweight Socks - Vill\" \/>\n<meta property=\"og:url\" content=\"https:\/\/www.outdoors.ee\/et\/toode\/sokid-mediumweight-socks\/\" \/>\n<meta property=\"og:site_name\" content=\"Outdoors\" \/>\n<meta property=\"article:modified_time\" content=\"2025-08-26T12:29:01+00:00\" \/>\n<meta property=\"og:image\" content=\"https:\/\/www.outdoors.ee\/wp-content\/uploads\/2022\/12\/Helikon-Tex\u00ae-Mediumweight-Socks-1.jpeg\" \/>\n\t<meta property=\"og:image:width\" content=\"1500\" \/>\n\t<meta property=\"og:image:height\" content=\"1500\" \/>\n\t<meta property=\"og:image:type\" content=\"image\/jpeg\" \/>\n<meta name=\"twitter:card\" content=\"summary_large_image\" \/>\n<meta name=\"twitter:label1\" content=\"Est. reading time\" \/>\n\t<meta name=\"twitter:data1\" content=\"1 minut\" \/>\n<script type=\"application\/ld+json\" class=\"yoast-schema-graph\">{\"@context\":\"https:\/\/schema.org\",\"@graph\":[{\"@type\":\"WebPage\",\"@id\":\"https:\/\/www.outdoors.ee\/et\/toode\/sokid-mediumweight-socks\/\",\"url\":\"https:\/\/www.outdoors.ee\/et\/toode\/sokid-mediumweight-socks\/\",\"name\":\"Helikon-Tex\u00ae sokid Mediumweight Socks - Wool - Outdoors\",\"isPartOf\":{\"@id\":\"https:\/\/www.outdoors.ee\/#website\"},\"primaryImageOfPage\":{\"@id\":\"https:\/\/www.outdoors.ee\/et\/toode\/sokid-mediumweight-socks\/#primaryimage\"},\"image\":{\"@id\":\"https:\/\/www.outdoors.ee\/et\/toode\/sokid-mediumweight-socks\/#primaryimage\"},\"thumbnailUrl\":\"https:\/\/www.outdoors.ee\/wp-content\/uploads\/2022\/12\/Helikon-Tex\u00ae-Mediumweight-Socks-1.jpeg\",\"datePublished\":\"2022-12-27T12:54:59+00:00\",\"dateModified\":\"2025-08-26T12:29:01+00:00\",\"breadcrumb\":{\"@id\":\"https:\/\/www.outdoors.ee\/et\/toode\/sokid-mediumweight-socks\/#breadcrumb\"},\"inLanguage\":\"et\",\"potentialAction\":[{\"@type\":\"ReadAction\",\"target\":[\"https:\/\/www.outdoors.ee\/et\/toode\/sokid-mediumweight-socks\/\"]}]},{\"@type\":\"ImageObject\",\"inLanguage\":\"et\",\"@id\":\"https:\/\/www.outdoors.ee\/et\/toode\/sokid-mediumweight-socks\/#primaryimage\",\"url\":\"https:\/\/www.outdoors.ee\/wp-content\/uploads\/2022\/12\/Helikon-Tex\u00ae-Mediumweight-Socks-1.jpeg\",\"contentUrl\":\"https:\/\/www.outdoors.ee\/wp-content\/uploads\/2022\/12\/Helikon-Tex\u00ae-Mediumweight-Socks-1.jpeg\",\"width\":1500,\"height\":1500},{\"@type\":\"BreadcrumbList\",\"@id\":\"https:\/\/www.outdoors.ee\/et\/toode\/sokid-mediumweight-socks\/#breadcrumb\",\"itemListElement\":[{\"@type\":\"ListItem\",\"position\":1,\"name\":\"Home\",\"item\":\"https:\/\/www.outdoors.ee\/et\/\"},{\"@type\":\"ListItem\",\"position\":2,\"name\":\"Tooted\",\"item\":\"https:\/\/www.outdoors.ee\/products\/\"},{\"@type\":\"ListItem\",\"position\":3,\"name\":\"Helikon-Tex\u00ae sokid Mediumweight Socks &#8211; Wool\"}]},{\"@type\":\"WebSite\",\"@id\":\"https:\/\/www.outdoors.ee\/#website\",\"url\":\"https:\/\/www.outdoors.ee\/\",\"name\":\"Outdoors\",\"description\":\"Genuine military surplus and not only!\",\"potentialAction\":[{\"@type\":\"SearchAction\",\"target\":{\"@type\":\"EntryPoint\",\"urlTemplate\":\"https:\/\/www.outdoors.ee\/?s={search_term_string}\"},\"query-input\":{\"@type\":\"PropertyValueSpecification\",\"valueRequired\":true,\"valueName\":\"search_term_string\"}}],\"inLanguage\":\"et\"}]}<\/script>\n<!-- \/ Yoast SEO plugin. -->","yoast_head_json":{"title":"Helikon-Tex\u00ae sokid Mediumweight Socks - Wool - Outdoors","robots":{"index":"index","follow":"follow","max-snippet":"max-snippet:-1","max-image-preview":"max-image-preview:large","max-video-preview":"max-video-preview:-1"},"canonical":"https:\/\/www.outdoors.ee\/et\/toode\/sokid-mediumweight-socks\/","og_locale":"et_EE","og_type":"article","og_title":"Helikon-Tex\u00ae sokid Mediumweight Socks - Wool - Outdoors","og_description":"Helikon-Tex\u00ae sokid Mediumweight Socks - Vill","og_url":"https:\/\/www.outdoors.ee\/et\/toode\/sokid-mediumweight-socks\/","og_site_name":"Outdoors","article_modified_time":"2025-08-26T12:29:01+00:00","og_image":[{"width":1500,"height":1500,"url":"https:\/\/www.outdoors.ee\/wp-content\/uploads\/2022\/12\/Helikon-Tex\u00ae-Mediumweight-Socks-1.jpeg","type":"image\/jpeg"}],"twitter_card":"summary_large_image","twitter_misc":{"Est. reading time":"1 minut"},"schema":{"@context":"https:\/\/schema.org","@graph":[{"@type":"WebPage","@id":"https:\/\/www.outdoors.ee\/et\/toode\/sokid-mediumweight-socks\/","url":"https:\/\/www.outdoors.ee\/et\/toode\/sokid-mediumweight-socks\/","name":"Helikon-Tex\u00ae sokid Mediumweight Socks - Wool - Outdoors","isPartOf":{"@id":"https:\/\/www.outdoors.ee\/#website"},"primaryImageOfPage":{"@id":"https:\/\/www.outdoors.ee\/et\/toode\/sokid-mediumweight-socks\/#primaryimage"},"image":{"@id":"https:\/\/www.outdoors.ee\/et\/toode\/sokid-mediumweight-socks\/#primaryimage"},"thumbnailUrl":"https:\/\/www.outdoors.ee\/wp-content\/uploads\/2022\/12\/Helikon-Tex\u00ae-Mediumweight-Socks-1.jpeg","datePublished":"2022-12-27T12:54:59+00:00","dateModified":"2025-08-26T12:29:01+00:00","breadcrumb":{"@id":"https:\/\/www.outdoors.ee\/et\/toode\/sokid-mediumweight-socks\/#breadcrumb"},"inLanguage":"et","potentialAction":[{"@type":"ReadAction","target":["https:\/\/www.outdoors.ee\/et\/toode\/sokid-mediumweight-socks\/"]}]},{"@type":"ImageObject","inLanguage":"et","@id":"https:\/\/www.outdoors.ee\/et\/toode\/sokid-mediumweight-socks\/#primaryimage","url":"https:\/\/www.outdoors.ee\/wp-content\/uploads\/2022\/12\/Helikon-Tex\u00ae-Mediumweight-Socks-1.jpeg","contentUrl":"https:\/\/www.outdoors.ee\/wp-content\/uploads\/2022\/12\/Helikon-Tex\u00ae-Mediumweight-Socks-1.jpeg","width":1500,"height":1500},{"@type":"BreadcrumbList","@id":"https:\/\/www.outdoors.ee\/et\/toode\/sokid-mediumweight-socks\/#breadcrumb","itemListElement":[{"@type":"ListItem","position":1,"name":"Home","item":"https:\/\/www.outdoors.ee\/et\/"},{"@type":"ListItem","position":2,"name":"Tooted","item":"https:\/\/www.outdoors.ee\/products\/"},{"@type":"ListItem","position":3,"name":"Helikon-Tex\u00ae sokid Mediumweight Socks &#8211; Wool"}]},{"@type":"WebSite","@id":"https:\/\/www.outdoors.ee\/#website","url":"https:\/\/www.outdoors.ee\/","name":"Outdoors","description":"Genuine military surplus and not only!","potentialAction":[{"@type":"SearchAction","target":{"@type":"EntryPoint","urlTemplate":"https:\/\/www.outdoors.ee\/?s={search_term_string}"},"query-input":{"@type":"PropertyValueSpecification","valueRequired":true,"valueName":"search_term_string"}}],"inLanguage":"et"}]}},"_links":{"self":[{"href":"https:\/\/www.outdoors.ee\/et\/wp-json\/wp\/v2\/product\/77316","targetHints":{"allow":["GET"]}}],"collection":[{"href":"https:\/\/www.outdoors.ee\/et\/wp-json\/wp\/v2\/product"}],"about":[{"href":"https:\/\/www.outdoors.ee\/et\/wp-json\/wp\/v2\/types\/product"}],"wp:featuredmedia":[{"embeddable":true,"href":"https:\/\/www.outdoors.ee\/et\/wp-json\/wp\/v2\/media\/77307"}],"wp:attachment":[{"href":"https:\/\/www.outdoors.ee\/et\/wp-json\/wp\/v2\/media?parent=77316"}],"wp:term":[{"taxonomy":"product_brand","embeddable":true,"href":"https:\/\/www.outdoors.ee\/et\/wp-json\/wp\/v2\/product_brand?post=77316"},{"taxonomy":"product_cat","embeddable":true,"href":"https:\/\/www.outdoors.ee\/et\/wp-json\/wp\/v2\/product_cat?post=77316"},{"taxonomy":"product_tag","embeddable":true,"href":"https:\/\/www.outdoors.ee\/et\/wp-json\/wp\/v2\/product_tag?post=77316"}],"curies":[{"name":"wp","href":"https:\/\/api.w.org\/{rel}","templated":true}]}}