{"id":77127,"date":"2023-01-04T09:25:00","date_gmt":"2023-01-04T07:25:00","guid":{"rendered":"https:\/\/www.outdoors.ee\/?post_type=product&#038;p=77127"},"modified":"2024-08-14T15:07:52","modified_gmt":"2024-08-14T12:07:52","slug":"mechanix-m-pact-taktikalised-kindad","status":"publish","type":"product","link":"https:\/\/www.outdoors.ee\/et\/toode\/mechanix-m-pact-taktikalised-kindad\/","title":{"rendered":"Mechanix M-PACT\u00ae taktikalised kindad"},"content":{"rendered":"<p>L\u00f6\u00f6ke taluvad ja vibratsiooni summutavad kindad.<\/p>\n<p><strong>Omadused:<\/strong><\/p>\n<ul>\n<li>Thermoplastic Rubber (TPR) nukkide piirkonna ning n\u00e4puosa kaitse l\u00f6\u00f6kide vastu, EN 13594 standard<\/li>\n<li>Thermoplastic Rubber (TPR) randmekinnitus<\/li>\n<li>hingav TrekDry\u00ae materjal<\/li>\n<li>Armortex\u00ae peopesa tugevdus<\/li>\n<li>sisemine n\u00e4puotsa tugevdus<\/li>\n<li>vastupidav s\u00fcnteetilisest nahast peopesa<\/li>\n<li>D3O\u00ae peopesa polsterdus summutab p\u00f5rutusi ning vibratsiooni<\/li>\n<li>nailonist aasad<\/li>\n<li>masinpestavad<\/li>\n<li>saab kasutada puutetundlike ekraanidega<\/li>\n<\/ul>\n<p><strong>Seisukord:<\/strong> uus<\/p>\n","protected":false},"excerpt":{"rendered":"<p>L\u00f6\u00f6ke taluvad ja vibratsiooni summutavad kindad. Omadused: Thermoplastic Rubber (TPR) nukkide piirkonna ning n\u00e4puosa kaitse l\u00f6\u00f6kide vastu, EN 13594 standard<\/p>\n","protected":false},"featured_media":77183,"template":"","meta":[],"product_brand":[],"product_cat":[98],"product_tag":[],"class_list":{"0":"post-77127","1":"product","2":"type-product","3":"status-publish","4":"has-post-thumbnail","6":"product_cat-kindad","7":"pa_brand-mechanix-wear-2","8":"pa_color-covert-2","9":"pa_color-coyote-2","10":"pa_color-multicam-2","11":"pa_color-od-green-2","12":"pa_color-wolf-grey-2","13":"pa_color-woodland-2","14":"pa_size-l-2","15":"pa_size-m-2","16":"pa_size-xl-2","17":"pa_size-xxl-2","19":"first","20":"instock","21":"taxable","22":"shipping-taxable","23":"purchasable","24":"product-type-variable"},"yoast_head":"<!-- This site is optimized with the Yoast SEO plugin v27.2 - https:\/\/yoast.com\/product\/yoast-seo-wordpress\/ -->\n<title>Mechanix M-PACT\u00ae taktikalised kindad - Outdoors<\/title>\n<meta name=\"robots\" content=\"index, follow, max-snippet:-1, max-image-preview:large, max-video-preview:-1\" \/>\n<link rel=\"canonical\" href=\"https:\/\/www.outdoors.ee\/toode\/mechanix-m-pact\/\" \/>\n<meta property=\"og:locale\" content=\"et_EE\" \/>\n<meta property=\"og:type\" content=\"article\" \/>\n<meta property=\"og:title\" content=\"Mechanix M-PACT\u00ae taktikalised kindad - Outdoors\" \/>\n<meta property=\"og:description\" content=\"L\u00f6\u00f6ke taluvad ja vibratsiooni summutavad kindad. Omadused: Thermoplastic Rubber (TPR) nukkide piirkonna ning n\u00e4puosa kaitse l\u00f6\u00f6kide vastu, EN 13594 standard\" \/>\n<meta property=\"og:url\" content=\"https:\/\/www.outdoors.ee\/toode\/mechanix-m-pact\/\" \/>\n<meta property=\"og:site_name\" content=\"Outdoors\" \/>\n<meta property=\"article:modified_time\" content=\"2024-08-14T12:07:52+00:00\" \/>\n<meta property=\"og:image\" content=\"https:\/\/www.outdoors.ee\/wp-content\/uploads\/2022\/12\/Mechanix-M-Pact\u00ae-9.jpg\" \/>\n\t<meta property=\"og:image:width\" content=\"1800\" \/>\n\t<meta property=\"og:image:height\" content=\"2050\" \/>\n\t<meta property=\"og:image:type\" content=\"image\/jpeg\" \/>\n<meta name=\"twitter:card\" content=\"summary_large_image\" \/>\n<meta name=\"twitter:label1\" content=\"Est. reading time\" \/>\n\t<meta name=\"twitter:data1\" content=\"1 minut\" \/>\n<script type=\"application\/ld+json\" class=\"yoast-schema-graph\">{\"@context\":\"https:\/\/schema.org\",\"@graph\":[{\"@type\":\"WebPage\",\"@id\":\"https:\/\/www.outdoors.ee\/toode\/mechanix-m-pact\/\",\"url\":\"https:\/\/www.outdoors.ee\/toode\/mechanix-m-pact\/\",\"name\":\"Mechanix M-PACT\u00ae taktikalised kindad - Outdoors\",\"isPartOf\":{\"@id\":\"https:\/\/www.outdoors.ee\/#website\"},\"primaryImageOfPage\":{\"@id\":\"https:\/\/www.outdoors.ee\/toode\/mechanix-m-pact\/#primaryimage\"},\"image\":{\"@id\":\"https:\/\/www.outdoors.ee\/toode\/mechanix-m-pact\/#primaryimage\"},\"thumbnailUrl\":\"https:\/\/www.outdoors.ee\/wp-content\/uploads\/2022\/12\/Mechanix-M-Pact\u00ae-9.jpg\",\"datePublished\":\"2023-01-04T07:25:00+00:00\",\"dateModified\":\"2024-08-14T12:07:52+00:00\",\"breadcrumb\":{\"@id\":\"https:\/\/www.outdoors.ee\/toode\/mechanix-m-pact\/#breadcrumb\"},\"inLanguage\":\"et\",\"potentialAction\":[{\"@type\":\"ReadAction\",\"target\":[\"https:\/\/www.outdoors.ee\/toode\/mechanix-m-pact\/\"]}]},{\"@type\":\"ImageObject\",\"inLanguage\":\"et\",\"@id\":\"https:\/\/www.outdoors.ee\/toode\/mechanix-m-pact\/#primaryimage\",\"url\":\"https:\/\/www.outdoors.ee\/wp-content\/uploads\/2022\/12\/Mechanix-M-Pact\u00ae-9.jpg\",\"contentUrl\":\"https:\/\/www.outdoors.ee\/wp-content\/uploads\/2022\/12\/Mechanix-M-Pact\u00ae-9.jpg\",\"width\":1800,\"height\":2050},{\"@type\":\"BreadcrumbList\",\"@id\":\"https:\/\/www.outdoors.ee\/toode\/mechanix-m-pact\/#breadcrumb\",\"itemListElement\":[{\"@type\":\"ListItem\",\"position\":1,\"name\":\"Home\",\"item\":\"https:\/\/www.outdoors.ee\/et\/\"},{\"@type\":\"ListItem\",\"position\":2,\"name\":\"Tooted\",\"item\":\"https:\/\/www.outdoors.ee\/products\/\"},{\"@type\":\"ListItem\",\"position\":3,\"name\":\"Mechanix M-PACT\u00ae taktikalised kindad\"}]},{\"@type\":\"WebSite\",\"@id\":\"https:\/\/www.outdoors.ee\/#website\",\"url\":\"https:\/\/www.outdoors.ee\/\",\"name\":\"Outdoors\",\"description\":\"Genuine military surplus and not only!\",\"potentialAction\":[{\"@type\":\"SearchAction\",\"target\":{\"@type\":\"EntryPoint\",\"urlTemplate\":\"https:\/\/www.outdoors.ee\/?s={search_term_string}\"},\"query-input\":{\"@type\":\"PropertyValueSpecification\",\"valueRequired\":true,\"valueName\":\"search_term_string\"}}],\"inLanguage\":\"et\"}]}<\/script>\n<!-- \/ Yoast SEO plugin. -->","yoast_head_json":{"title":"Mechanix M-PACT\u00ae taktikalised kindad - Outdoors","robots":{"index":"index","follow":"follow","max-snippet":"max-snippet:-1","max-image-preview":"max-image-preview:large","max-video-preview":"max-video-preview:-1"},"canonical":"https:\/\/www.outdoors.ee\/toode\/mechanix-m-pact\/","og_locale":"et_EE","og_type":"article","og_title":"Mechanix M-PACT\u00ae taktikalised kindad - Outdoors","og_description":"L\u00f6\u00f6ke taluvad ja vibratsiooni summutavad kindad. Omadused: Thermoplastic Rubber (TPR) nukkide piirkonna ning n\u00e4puosa kaitse l\u00f6\u00f6kide vastu, EN 13594 standard","og_url":"https:\/\/www.outdoors.ee\/toode\/mechanix-m-pact\/","og_site_name":"Outdoors","article_modified_time":"2024-08-14T12:07:52+00:00","og_image":[{"width":1800,"height":2050,"url":"https:\/\/www.outdoors.ee\/wp-content\/uploads\/2022\/12\/Mechanix-M-Pact\u00ae-9.jpg","type":"image\/jpeg"}],"twitter_card":"summary_large_image","twitter_misc":{"Est. reading time":"1 minut"},"schema":{"@context":"https:\/\/schema.org","@graph":[{"@type":"WebPage","@id":"https:\/\/www.outdoors.ee\/toode\/mechanix-m-pact\/","url":"https:\/\/www.outdoors.ee\/toode\/mechanix-m-pact\/","name":"Mechanix M-PACT\u00ae taktikalised kindad - Outdoors","isPartOf":{"@id":"https:\/\/www.outdoors.ee\/#website"},"primaryImageOfPage":{"@id":"https:\/\/www.outdoors.ee\/toode\/mechanix-m-pact\/#primaryimage"},"image":{"@id":"https:\/\/www.outdoors.ee\/toode\/mechanix-m-pact\/#primaryimage"},"thumbnailUrl":"https:\/\/www.outdoors.ee\/wp-content\/uploads\/2022\/12\/Mechanix-M-Pact\u00ae-9.jpg","datePublished":"2023-01-04T07:25:00+00:00","dateModified":"2024-08-14T12:07:52+00:00","breadcrumb":{"@id":"https:\/\/www.outdoors.ee\/toode\/mechanix-m-pact\/#breadcrumb"},"inLanguage":"et","potentialAction":[{"@type":"ReadAction","target":["https:\/\/www.outdoors.ee\/toode\/mechanix-m-pact\/"]}]},{"@type":"ImageObject","inLanguage":"et","@id":"https:\/\/www.outdoors.ee\/toode\/mechanix-m-pact\/#primaryimage","url":"https:\/\/www.outdoors.ee\/wp-content\/uploads\/2022\/12\/Mechanix-M-Pact\u00ae-9.jpg","contentUrl":"https:\/\/www.outdoors.ee\/wp-content\/uploads\/2022\/12\/Mechanix-M-Pact\u00ae-9.jpg","width":1800,"height":2050},{"@type":"BreadcrumbList","@id":"https:\/\/www.outdoors.ee\/toode\/mechanix-m-pact\/#breadcrumb","itemListElement":[{"@type":"ListItem","position":1,"name":"Home","item":"https:\/\/www.outdoors.ee\/et\/"},{"@type":"ListItem","position":2,"name":"Tooted","item":"https:\/\/www.outdoors.ee\/products\/"},{"@type":"ListItem","position":3,"name":"Mechanix M-PACT\u00ae taktikalised kindad"}]},{"@type":"WebSite","@id":"https:\/\/www.outdoors.ee\/#website","url":"https:\/\/www.outdoors.ee\/","name":"Outdoors","description":"Genuine military surplus and not only!","potentialAction":[{"@type":"SearchAction","target":{"@type":"EntryPoint","urlTemplate":"https:\/\/www.outdoors.ee\/?s={search_term_string}"},"query-input":{"@type":"PropertyValueSpecification","valueRequired":true,"valueName":"search_term_string"}}],"inLanguage":"et"}]}},"_links":{"self":[{"href":"https:\/\/www.outdoors.ee\/et\/wp-json\/wp\/v2\/product\/77127","targetHints":{"allow":["GET"]}}],"collection":[{"href":"https:\/\/www.outdoors.ee\/et\/wp-json\/wp\/v2\/product"}],"about":[{"href":"https:\/\/www.outdoors.ee\/et\/wp-json\/wp\/v2\/types\/product"}],"wp:featuredmedia":[{"embeddable":true,"href":"https:\/\/www.outdoors.ee\/et\/wp-json\/wp\/v2\/media\/77183"}],"wp:attachment":[{"href":"https:\/\/www.outdoors.ee\/et\/wp-json\/wp\/v2\/media?parent=77127"}],"wp:term":[{"taxonomy":"product_brand","embeddable":true,"href":"https:\/\/www.outdoors.ee\/et\/wp-json\/wp\/v2\/product_brand?post=77127"},{"taxonomy":"product_cat","embeddable":true,"href":"https:\/\/www.outdoors.ee\/et\/wp-json\/wp\/v2\/product_cat?post=77127"},{"taxonomy":"product_tag","embeddable":true,"href":"https:\/\/www.outdoors.ee\/et\/wp-json\/wp\/v2\/product_tag?post=77127"}],"curies":[{"name":"wp","href":"https:\/\/api.w.org\/{rel}","templated":true}]}}