{"id":77107,"date":"2022-12-24T18:10:21","date_gmt":"2022-12-24T16:10:21","guid":{"rendered":"https:\/\/www.outdoors.ee\/?post_type=product&#038;p=77107"},"modified":"2025-08-26T15:29:59","modified_gmt":"2025-08-26T12:29:59","slug":"vihmamantel-poncho-u-s-model","status":"publish","type":"product","link":"https:\/\/www.outdoors.ee\/et\/toode\/vihmamantel-poncho-u-s-model\/","title":{"rendered":"Helikon-Tex\u00ae vihmamantel Poncho U.S. Model &#8211; Polyester"},"content":{"rendered":"<p>Vihmakindel, kiiresti kuivav, toodetud RipStop pol\u00fcesterist. Trukkide abil on v\u00f5imalik tekitada &#8220;varrukad&#8221; v\u00f5i \u00fchendada kaks pont\u0161od omavahel. Kapuuts on varustatud pingutusn\u00f6\u00f6riga. Vihmamantel on kerge ning kokkupanduna v\u00e4ga kompaktne, mahub 14 x 22cm suurusega kotti.<\/p>\n<p><strong>Omadused:\u00a0<\/strong><\/p>\n<ul>\n<li>fikseeritav pingutusn\u00f6\u00f6ri abil<\/li>\n<li>trukkide ning metallaasadega \u00e4\u00e4rtes<\/li>\n<li>m\u00f5\u00f5dud ca 210 x 145 cm \/ 83 x 57 in<\/li>\n<li>pingutusn\u00f6\u00f6riga kapuuts<\/li>\n<li>liimitud \u00f5mblused<\/li>\n<li>pakkekott komplektis<\/li>\n<li>\u00fcks suurus<\/li>\n<li>kaal 487g<\/li>\n<li>materjal 100% pol\u00fcester<\/li>\n<\/ul>\n<p><strong>Seisukord:<\/strong> uus<\/p>\n","protected":false},"excerpt":{"rendered":"<p>Vihmakindel, kiiresti kuivav, toodetud RipStop pol\u00fcesterist. Trukkide abil on v\u00f5imalik tekitada &#8220;varrukad&#8221; v\u00f5i \u00fchendada kaks pont\u0161od omavahel. Kapuuts on varustatud<\/p>\n","protected":false},"featured_media":77092,"template":"","meta":[],"product_brand":[],"product_cat":[101],"product_tag":[],"class_list":{"0":"post-77107","1":"product","2":"type-product","3":"status-publish","4":"has-post-thumbnail","6":"product_cat-joped-parkad","7":"pa_brand-helikon-tex","8":"pa_color-black-2","9":"pa_color-olive-green-2","10":"pa_color-us-woodland-2","12":"first","13":"instock","14":"taxable","15":"shipping-taxable","16":"purchasable","17":"product-type-variable"},"yoast_head":"<!-- This site is optimized with the Yoast SEO plugin v27.2 - https:\/\/yoast.com\/product\/yoast-seo-wordpress\/ -->\n<title>Helikon-Tex\u00ae vihmamantel Poncho U.S. Model - Polyester - Outdoors<\/title>\n<meta name=\"robots\" content=\"index, follow, max-snippet:-1, max-image-preview:large, max-video-preview:-1\" \/>\n<link rel=\"canonical\" href=\"https:\/\/www.outdoors.ee\/et\/toode\/vihmamantel-poncho-u-s-model\/\" \/>\n<meta property=\"og:locale\" content=\"et_EE\" \/>\n<meta property=\"og:type\" content=\"article\" \/>\n<meta property=\"og:title\" content=\"Helikon-Tex\u00ae vihmamantel Poncho U.S. Model - Polyester - Outdoors\" \/>\n<meta property=\"og:description\" content=\"Vihmakindel, kiiresti kuivav, toodetud RipStop pol\u00fcesterist. Trukkide abil on v\u00f5imalik tekitada &#8220;varrukad&#8221; v\u00f5i \u00fchendada kaks pont\u0161od omavahel. Kapuuts on varustatud\" \/>\n<meta property=\"og:url\" content=\"https:\/\/www.outdoors.ee\/et\/toode\/vihmamantel-poncho-u-s-model\/\" \/>\n<meta property=\"og:site_name\" content=\"Outdoors\" \/>\n<meta property=\"article:modified_time\" content=\"2025-08-26T12:29:59+00:00\" \/>\n<meta property=\"og:image\" content=\"https:\/\/www.outdoors.ee\/wp-content\/uploads\/2022\/12\/Helikon-Tex-Poncho-U.S.-Model-1.jpg\" \/>\n\t<meta property=\"og:image:width\" content=\"1500\" \/>\n\t<meta property=\"og:image:height\" content=\"1500\" \/>\n\t<meta property=\"og:image:type\" content=\"image\/jpeg\" \/>\n<meta name=\"twitter:card\" content=\"summary_large_image\" \/>\n<meta name=\"twitter:label1\" content=\"Est. reading time\" \/>\n\t<meta name=\"twitter:data1\" content=\"1 minut\" \/>\n<script type=\"application\/ld+json\" class=\"yoast-schema-graph\">{\"@context\":\"https:\/\/schema.org\",\"@graph\":[{\"@type\":\"WebPage\",\"@id\":\"https:\/\/www.outdoors.ee\/et\/toode\/vihmamantel-poncho-u-s-model\/\",\"url\":\"https:\/\/www.outdoors.ee\/et\/toode\/vihmamantel-poncho-u-s-model\/\",\"name\":\"Helikon-Tex\u00ae vihmamantel Poncho U.S. Model - Polyester - Outdoors\",\"isPartOf\":{\"@id\":\"https:\/\/www.outdoors.ee\/#website\"},\"primaryImageOfPage\":{\"@id\":\"https:\/\/www.outdoors.ee\/et\/toode\/vihmamantel-poncho-u-s-model\/#primaryimage\"},\"image\":{\"@id\":\"https:\/\/www.outdoors.ee\/et\/toode\/vihmamantel-poncho-u-s-model\/#primaryimage\"},\"thumbnailUrl\":\"https:\/\/www.outdoors.ee\/wp-content\/uploads\/2022\/12\/Helikon-Tex-Poncho-U.S.-Model-1.jpg\",\"datePublished\":\"2022-12-24T16:10:21+00:00\",\"dateModified\":\"2025-08-26T12:29:59+00:00\",\"breadcrumb\":{\"@id\":\"https:\/\/www.outdoors.ee\/et\/toode\/vihmamantel-poncho-u-s-model\/#breadcrumb\"},\"inLanguage\":\"et\",\"potentialAction\":[{\"@type\":\"ReadAction\",\"target\":[\"https:\/\/www.outdoors.ee\/et\/toode\/vihmamantel-poncho-u-s-model\/\"]}]},{\"@type\":\"ImageObject\",\"inLanguage\":\"et\",\"@id\":\"https:\/\/www.outdoors.ee\/et\/toode\/vihmamantel-poncho-u-s-model\/#primaryimage\",\"url\":\"https:\/\/www.outdoors.ee\/wp-content\/uploads\/2022\/12\/Helikon-Tex-Poncho-U.S.-Model-1.jpg\",\"contentUrl\":\"https:\/\/www.outdoors.ee\/wp-content\/uploads\/2022\/12\/Helikon-Tex-Poncho-U.S.-Model-1.jpg\",\"width\":1500,\"height\":1500},{\"@type\":\"BreadcrumbList\",\"@id\":\"https:\/\/www.outdoors.ee\/et\/toode\/vihmamantel-poncho-u-s-model\/#breadcrumb\",\"itemListElement\":[{\"@type\":\"ListItem\",\"position\":1,\"name\":\"Home\",\"item\":\"https:\/\/www.outdoors.ee\/et\/\"},{\"@type\":\"ListItem\",\"position\":2,\"name\":\"Tooted\",\"item\":\"https:\/\/www.outdoors.ee\/products\/\"},{\"@type\":\"ListItem\",\"position\":3,\"name\":\"Helikon-Tex\u00ae vihmamantel Poncho U.S. Model &#8211; Polyester\"}]},{\"@type\":\"WebSite\",\"@id\":\"https:\/\/www.outdoors.ee\/#website\",\"url\":\"https:\/\/www.outdoors.ee\/\",\"name\":\"Outdoors\",\"description\":\"Genuine military surplus and not only!\",\"potentialAction\":[{\"@type\":\"SearchAction\",\"target\":{\"@type\":\"EntryPoint\",\"urlTemplate\":\"https:\/\/www.outdoors.ee\/?s={search_term_string}\"},\"query-input\":{\"@type\":\"PropertyValueSpecification\",\"valueRequired\":true,\"valueName\":\"search_term_string\"}}],\"inLanguage\":\"et\"}]}<\/script>\n<!-- \/ Yoast SEO plugin. -->","yoast_head_json":{"title":"Helikon-Tex\u00ae vihmamantel Poncho U.S. Model - Polyester - Outdoors","robots":{"index":"index","follow":"follow","max-snippet":"max-snippet:-1","max-image-preview":"max-image-preview:large","max-video-preview":"max-video-preview:-1"},"canonical":"https:\/\/www.outdoors.ee\/et\/toode\/vihmamantel-poncho-u-s-model\/","og_locale":"et_EE","og_type":"article","og_title":"Helikon-Tex\u00ae vihmamantel Poncho U.S. Model - Polyester - Outdoors","og_description":"Vihmakindel, kiiresti kuivav, toodetud RipStop pol\u00fcesterist. Trukkide abil on v\u00f5imalik tekitada &#8220;varrukad&#8221; v\u00f5i \u00fchendada kaks pont\u0161od omavahel. Kapuuts on varustatud","og_url":"https:\/\/www.outdoors.ee\/et\/toode\/vihmamantel-poncho-u-s-model\/","og_site_name":"Outdoors","article_modified_time":"2025-08-26T12:29:59+00:00","og_image":[{"width":1500,"height":1500,"url":"https:\/\/www.outdoors.ee\/wp-content\/uploads\/2022\/12\/Helikon-Tex-Poncho-U.S.-Model-1.jpg","type":"image\/jpeg"}],"twitter_card":"summary_large_image","twitter_misc":{"Est. reading time":"1 minut"},"schema":{"@context":"https:\/\/schema.org","@graph":[{"@type":"WebPage","@id":"https:\/\/www.outdoors.ee\/et\/toode\/vihmamantel-poncho-u-s-model\/","url":"https:\/\/www.outdoors.ee\/et\/toode\/vihmamantel-poncho-u-s-model\/","name":"Helikon-Tex\u00ae vihmamantel Poncho U.S. Model - Polyester - Outdoors","isPartOf":{"@id":"https:\/\/www.outdoors.ee\/#website"},"primaryImageOfPage":{"@id":"https:\/\/www.outdoors.ee\/et\/toode\/vihmamantel-poncho-u-s-model\/#primaryimage"},"image":{"@id":"https:\/\/www.outdoors.ee\/et\/toode\/vihmamantel-poncho-u-s-model\/#primaryimage"},"thumbnailUrl":"https:\/\/www.outdoors.ee\/wp-content\/uploads\/2022\/12\/Helikon-Tex-Poncho-U.S.-Model-1.jpg","datePublished":"2022-12-24T16:10:21+00:00","dateModified":"2025-08-26T12:29:59+00:00","breadcrumb":{"@id":"https:\/\/www.outdoors.ee\/et\/toode\/vihmamantel-poncho-u-s-model\/#breadcrumb"},"inLanguage":"et","potentialAction":[{"@type":"ReadAction","target":["https:\/\/www.outdoors.ee\/et\/toode\/vihmamantel-poncho-u-s-model\/"]}]},{"@type":"ImageObject","inLanguage":"et","@id":"https:\/\/www.outdoors.ee\/et\/toode\/vihmamantel-poncho-u-s-model\/#primaryimage","url":"https:\/\/www.outdoors.ee\/wp-content\/uploads\/2022\/12\/Helikon-Tex-Poncho-U.S.-Model-1.jpg","contentUrl":"https:\/\/www.outdoors.ee\/wp-content\/uploads\/2022\/12\/Helikon-Tex-Poncho-U.S.-Model-1.jpg","width":1500,"height":1500},{"@type":"BreadcrumbList","@id":"https:\/\/www.outdoors.ee\/et\/toode\/vihmamantel-poncho-u-s-model\/#breadcrumb","itemListElement":[{"@type":"ListItem","position":1,"name":"Home","item":"https:\/\/www.outdoors.ee\/et\/"},{"@type":"ListItem","position":2,"name":"Tooted","item":"https:\/\/www.outdoors.ee\/products\/"},{"@type":"ListItem","position":3,"name":"Helikon-Tex\u00ae vihmamantel Poncho U.S. Model &#8211; Polyester"}]},{"@type":"WebSite","@id":"https:\/\/www.outdoors.ee\/#website","url":"https:\/\/www.outdoors.ee\/","name":"Outdoors","description":"Genuine military surplus and not only!","potentialAction":[{"@type":"SearchAction","target":{"@type":"EntryPoint","urlTemplate":"https:\/\/www.outdoors.ee\/?s={search_term_string}"},"query-input":{"@type":"PropertyValueSpecification","valueRequired":true,"valueName":"search_term_string"}}],"inLanguage":"et"}]}},"_links":{"self":[{"href":"https:\/\/www.outdoors.ee\/et\/wp-json\/wp\/v2\/product\/77107","targetHints":{"allow":["GET"]}}],"collection":[{"href":"https:\/\/www.outdoors.ee\/et\/wp-json\/wp\/v2\/product"}],"about":[{"href":"https:\/\/www.outdoors.ee\/et\/wp-json\/wp\/v2\/types\/product"}],"wp:featuredmedia":[{"embeddable":true,"href":"https:\/\/www.outdoors.ee\/et\/wp-json\/wp\/v2\/media\/77092"}],"wp:attachment":[{"href":"https:\/\/www.outdoors.ee\/et\/wp-json\/wp\/v2\/media?parent=77107"}],"wp:term":[{"taxonomy":"product_brand","embeddable":true,"href":"https:\/\/www.outdoors.ee\/et\/wp-json\/wp\/v2\/product_brand?post=77107"},{"taxonomy":"product_cat","embeddable":true,"href":"https:\/\/www.outdoors.ee\/et\/wp-json\/wp\/v2\/product_cat?post=77107"},{"taxonomy":"product_tag","embeddable":true,"href":"https:\/\/www.outdoors.ee\/et\/wp-json\/wp\/v2\/product_tag?post=77107"}],"curies":[{"name":"wp","href":"https:\/\/api.w.org\/{rel}","templated":true}]}}