{"id":76959,"date":"2022-12-23T12:29:18","date_gmt":"2022-12-23T10:29:18","guid":{"rendered":"https:\/\/www.outdoors.ee\/?post_type=product&#038;p=76959"},"modified":"2026-04-27T17:21:19","modified_gmt":"2026-04-27T14:21:19","slug":"taktikaline-voo-urban-tactical-belt","status":"publish","type":"product","link":"https:\/\/www.outdoors.ee\/et\/toode\/taktikaline-voo-urban-tactical-belt\/","title":{"rendered":"Helikon-Tex\u00ae taktikaline v\u00f6\u00f6 Urban Tactical Belt"},"content":{"rendered":"<p>Urban Tactical Belt\u00ae on lihtne ning funktsionaalne v\u00f6\u00f6 igap\u00e4evakasutusse, h\u00f5lpsasti pingutatav, aukudeta.<\/p>\n<p><strong>Omadused:<\/strong><\/p>\n<ul>\n<li>plastikpol\u00fcmeerist pannal Easy Blocking System\u2122<\/li>\n<li>45 mm lai<\/li>\n<li>materjal 100% nailon<\/li>\n<li>kaal 121g<\/li>\n<li>toodetud Poolas<\/li>\n<\/ul>\n<p><strong>Seisukord:<\/strong> uus<\/p>\n","protected":false},"excerpt":{"rendered":"<p>Urban Tactical Belt\u00ae on lihtne ning funktsionaalne v\u00f6\u00f6 igap\u00e4evakasutusse, h\u00f5lpsasti pingutatav, aukudeta. Omadused: plastikpol\u00fcmeerist pannal Easy Blocking System\u2122 45 mm<\/p>\n","protected":false},"featured_media":76956,"template":"","meta":[],"product_brand":[],"product_cat":[2711],"product_tag":[],"class_list":{"0":"post-76959","1":"product","2":"type-product","3":"status-publish","4":"has-post-thumbnail","6":"product_cat-rihmad","7":"pa_brand-helikon-tex","8":"pa_color-black-2","9":"pa_color-coyote-2","10":"pa_color-olive-green-2","11":"pa_color-shadow-grey-2","12":"pa_size-l-2","13":"pa_size-m-2","14":"pa_size-xl-2","16":"first","17":"instock","18":"taxable","19":"shipping-taxable","20":"purchasable","21":"product-type-variable"},"yoast_head":"<!-- This site is optimized with the Yoast SEO plugin v27.2 - https:\/\/yoast.com\/product\/yoast-seo-wordpress\/ -->\n<title>Helikon-Tex\u00ae taktikaline v\u00f6\u00f6 Urban Tactical Belt - Outdoors<\/title>\n<meta name=\"robots\" content=\"index, follow, max-snippet:-1, max-image-preview:large, max-video-preview:-1\" \/>\n<link rel=\"canonical\" href=\"https:\/\/www.outdoors.ee\/et\/toode\/taktikaline-voo-urban-tactical-belt\/\" \/>\n<meta property=\"og:locale\" content=\"et_EE\" \/>\n<meta property=\"og:type\" content=\"article\" \/>\n<meta property=\"og:title\" content=\"Helikon-Tex\u00ae taktikaline v\u00f6\u00f6 Urban Tactical Belt - Outdoors\" \/>\n<meta property=\"og:description\" content=\"Urban Tactical Belt\u00ae on lihtne ning funktsionaalne v\u00f6\u00f6 igap\u00e4evakasutusse, h\u00f5lpsasti pingutatav, aukudeta. Omadused: plastikpol\u00fcmeerist pannal Easy Blocking System\u2122 45 mm\" \/>\n<meta property=\"og:url\" content=\"https:\/\/www.outdoors.ee\/et\/toode\/taktikaline-voo-urban-tactical-belt\/\" \/>\n<meta property=\"og:site_name\" content=\"Outdoors\" \/>\n<meta property=\"article:modified_time\" content=\"2026-04-27T14:21:19+00:00\" \/>\n<meta property=\"og:image\" content=\"https:\/\/www.outdoors.ee\/wp-content\/uploads\/2022\/12\/Helikon-Tex\u00ae-Urban-Tactical-Belt\u00ae-3.jpeg\" \/>\n\t<meta property=\"og:image:width\" content=\"1500\" \/>\n\t<meta property=\"og:image:height\" content=\"1500\" \/>\n\t<meta property=\"og:image:type\" content=\"image\/jpeg\" \/>\n<meta name=\"twitter:card\" content=\"summary_large_image\" \/>\n<meta name=\"twitter:label1\" content=\"Est. reading time\" \/>\n\t<meta name=\"twitter:data1\" content=\"1 minut\" \/>\n<script type=\"application\/ld+json\" class=\"yoast-schema-graph\">{\"@context\":\"https:\/\/schema.org\",\"@graph\":[{\"@type\":\"WebPage\",\"@id\":\"https:\/\/www.outdoors.ee\/et\/toode\/taktikaline-voo-urban-tactical-belt\/\",\"url\":\"https:\/\/www.outdoors.ee\/et\/toode\/taktikaline-voo-urban-tactical-belt\/\",\"name\":\"Helikon-Tex\u00ae taktikaline v\u00f6\u00f6 Urban Tactical Belt - Outdoors\",\"isPartOf\":{\"@id\":\"https:\/\/www.outdoors.ee\/#website\"},\"primaryImageOfPage\":{\"@id\":\"https:\/\/www.outdoors.ee\/et\/toode\/taktikaline-voo-urban-tactical-belt\/#primaryimage\"},\"image\":{\"@id\":\"https:\/\/www.outdoors.ee\/et\/toode\/taktikaline-voo-urban-tactical-belt\/#primaryimage\"},\"thumbnailUrl\":\"https:\/\/www.outdoors.ee\/wp-content\/uploads\/2022\/12\/Helikon-Tex\u00ae-Urban-Tactical-Belt\u00ae-3.jpeg\",\"datePublished\":\"2022-12-23T10:29:18+00:00\",\"dateModified\":\"2026-04-27T14:21:19+00:00\",\"breadcrumb\":{\"@id\":\"https:\/\/www.outdoors.ee\/et\/toode\/taktikaline-voo-urban-tactical-belt\/#breadcrumb\"},\"inLanguage\":\"et\",\"potentialAction\":[{\"@type\":\"ReadAction\",\"target\":[\"https:\/\/www.outdoors.ee\/et\/toode\/taktikaline-voo-urban-tactical-belt\/\"]}]},{\"@type\":\"ImageObject\",\"inLanguage\":\"et\",\"@id\":\"https:\/\/www.outdoors.ee\/et\/toode\/taktikaline-voo-urban-tactical-belt\/#primaryimage\",\"url\":\"https:\/\/www.outdoors.ee\/wp-content\/uploads\/2022\/12\/Helikon-Tex\u00ae-Urban-Tactical-Belt\u00ae-3.jpeg\",\"contentUrl\":\"https:\/\/www.outdoors.ee\/wp-content\/uploads\/2022\/12\/Helikon-Tex\u00ae-Urban-Tactical-Belt\u00ae-3.jpeg\",\"width\":1500,\"height\":1500},{\"@type\":\"BreadcrumbList\",\"@id\":\"https:\/\/www.outdoors.ee\/et\/toode\/taktikaline-voo-urban-tactical-belt\/#breadcrumb\",\"itemListElement\":[{\"@type\":\"ListItem\",\"position\":1,\"name\":\"Home\",\"item\":\"https:\/\/www.outdoors.ee\/et\/\"},{\"@type\":\"ListItem\",\"position\":2,\"name\":\"Tooted\",\"item\":\"https:\/\/www.outdoors.ee\/products\/\"},{\"@type\":\"ListItem\",\"position\":3,\"name\":\"Helikon-Tex\u00ae taktikaline v\u00f6\u00f6 Urban Tactical Belt\"}]},{\"@type\":\"WebSite\",\"@id\":\"https:\/\/www.outdoors.ee\/#website\",\"url\":\"https:\/\/www.outdoors.ee\/\",\"name\":\"Outdoors\",\"description\":\"Genuine military surplus and not only!\",\"potentialAction\":[{\"@type\":\"SearchAction\",\"target\":{\"@type\":\"EntryPoint\",\"urlTemplate\":\"https:\/\/www.outdoors.ee\/?s={search_term_string}\"},\"query-input\":{\"@type\":\"PropertyValueSpecification\",\"valueRequired\":true,\"valueName\":\"search_term_string\"}}],\"inLanguage\":\"et\"}]}<\/script>\n<!-- \/ Yoast SEO plugin. -->","yoast_head_json":{"title":"Helikon-Tex\u00ae taktikaline v\u00f6\u00f6 Urban Tactical Belt - Outdoors","robots":{"index":"index","follow":"follow","max-snippet":"max-snippet:-1","max-image-preview":"max-image-preview:large","max-video-preview":"max-video-preview:-1"},"canonical":"https:\/\/www.outdoors.ee\/et\/toode\/taktikaline-voo-urban-tactical-belt\/","og_locale":"et_EE","og_type":"article","og_title":"Helikon-Tex\u00ae taktikaline v\u00f6\u00f6 Urban Tactical Belt - Outdoors","og_description":"Urban Tactical Belt\u00ae on lihtne ning funktsionaalne v\u00f6\u00f6 igap\u00e4evakasutusse, h\u00f5lpsasti pingutatav, aukudeta. Omadused: plastikpol\u00fcmeerist pannal Easy Blocking System\u2122 45 mm","og_url":"https:\/\/www.outdoors.ee\/et\/toode\/taktikaline-voo-urban-tactical-belt\/","og_site_name":"Outdoors","article_modified_time":"2026-04-27T14:21:19+00:00","og_image":[{"width":1500,"height":1500,"url":"https:\/\/www.outdoors.ee\/wp-content\/uploads\/2022\/12\/Helikon-Tex\u00ae-Urban-Tactical-Belt\u00ae-3.jpeg","type":"image\/jpeg"}],"twitter_card":"summary_large_image","twitter_misc":{"Est. reading time":"1 minut"},"schema":{"@context":"https:\/\/schema.org","@graph":[{"@type":"WebPage","@id":"https:\/\/www.outdoors.ee\/et\/toode\/taktikaline-voo-urban-tactical-belt\/","url":"https:\/\/www.outdoors.ee\/et\/toode\/taktikaline-voo-urban-tactical-belt\/","name":"Helikon-Tex\u00ae taktikaline v\u00f6\u00f6 Urban Tactical Belt - Outdoors","isPartOf":{"@id":"https:\/\/www.outdoors.ee\/#website"},"primaryImageOfPage":{"@id":"https:\/\/www.outdoors.ee\/et\/toode\/taktikaline-voo-urban-tactical-belt\/#primaryimage"},"image":{"@id":"https:\/\/www.outdoors.ee\/et\/toode\/taktikaline-voo-urban-tactical-belt\/#primaryimage"},"thumbnailUrl":"https:\/\/www.outdoors.ee\/wp-content\/uploads\/2022\/12\/Helikon-Tex\u00ae-Urban-Tactical-Belt\u00ae-3.jpeg","datePublished":"2022-12-23T10:29:18+00:00","dateModified":"2026-04-27T14:21:19+00:00","breadcrumb":{"@id":"https:\/\/www.outdoors.ee\/et\/toode\/taktikaline-voo-urban-tactical-belt\/#breadcrumb"},"inLanguage":"et","potentialAction":[{"@type":"ReadAction","target":["https:\/\/www.outdoors.ee\/et\/toode\/taktikaline-voo-urban-tactical-belt\/"]}]},{"@type":"ImageObject","inLanguage":"et","@id":"https:\/\/www.outdoors.ee\/et\/toode\/taktikaline-voo-urban-tactical-belt\/#primaryimage","url":"https:\/\/www.outdoors.ee\/wp-content\/uploads\/2022\/12\/Helikon-Tex\u00ae-Urban-Tactical-Belt\u00ae-3.jpeg","contentUrl":"https:\/\/www.outdoors.ee\/wp-content\/uploads\/2022\/12\/Helikon-Tex\u00ae-Urban-Tactical-Belt\u00ae-3.jpeg","width":1500,"height":1500},{"@type":"BreadcrumbList","@id":"https:\/\/www.outdoors.ee\/et\/toode\/taktikaline-voo-urban-tactical-belt\/#breadcrumb","itemListElement":[{"@type":"ListItem","position":1,"name":"Home","item":"https:\/\/www.outdoors.ee\/et\/"},{"@type":"ListItem","position":2,"name":"Tooted","item":"https:\/\/www.outdoors.ee\/products\/"},{"@type":"ListItem","position":3,"name":"Helikon-Tex\u00ae taktikaline v\u00f6\u00f6 Urban Tactical Belt"}]},{"@type":"WebSite","@id":"https:\/\/www.outdoors.ee\/#website","url":"https:\/\/www.outdoors.ee\/","name":"Outdoors","description":"Genuine military surplus and not only!","potentialAction":[{"@type":"SearchAction","target":{"@type":"EntryPoint","urlTemplate":"https:\/\/www.outdoors.ee\/?s={search_term_string}"},"query-input":{"@type":"PropertyValueSpecification","valueRequired":true,"valueName":"search_term_string"}}],"inLanguage":"et"}]}},"_links":{"self":[{"href":"https:\/\/www.outdoors.ee\/et\/wp-json\/wp\/v2\/product\/76959","targetHints":{"allow":["GET"]}}],"collection":[{"href":"https:\/\/www.outdoors.ee\/et\/wp-json\/wp\/v2\/product"}],"about":[{"href":"https:\/\/www.outdoors.ee\/et\/wp-json\/wp\/v2\/types\/product"}],"wp:featuredmedia":[{"embeddable":true,"href":"https:\/\/www.outdoors.ee\/et\/wp-json\/wp\/v2\/media\/76956"}],"wp:attachment":[{"href":"https:\/\/www.outdoors.ee\/et\/wp-json\/wp\/v2\/media?parent=76959"}],"wp:term":[{"taxonomy":"product_brand","embeddable":true,"href":"https:\/\/www.outdoors.ee\/et\/wp-json\/wp\/v2\/product_brand?post=76959"},{"taxonomy":"product_cat","embeddable":true,"href":"https:\/\/www.outdoors.ee\/et\/wp-json\/wp\/v2\/product_cat?post=76959"},{"taxonomy":"product_tag","embeddable":true,"href":"https:\/\/www.outdoors.ee\/et\/wp-json\/wp\/v2\/product_tag?post=76959"}],"curies":[{"name":"wp","href":"https:\/\/api.w.org\/{rel}","templated":true}]}}