{"id":76909,"date":"2022-12-23T12:01:16","date_gmt":"2022-12-23T10:01:16","guid":{"rendered":"https:\/\/www.outdoors.ee\/?post_type=product&#038;p=76909"},"modified":"2026-04-04T22:01:53","modified_gmt":"2026-04-04T19:01:53","slug":"taktikaline-voo-cobra-fc45","status":"publish","type":"product","link":"https:\/\/www.outdoors.ee\/et\/toode\/taktikaline-voo-cobra-fc45\/","title":{"rendered":"Helikon-Tex\u00ae aktikaline v\u00f6\u00f6 COBRA FC45"},"content":{"rendered":"<p><strong>Omadused:<\/strong><\/p>\n<ul>\n<li>\u00e4\u00e4rmiselt vastupidav<\/li>\n<li>patenteeritud AustriAlpin\u00ae Cobra FC45 pandlaga<\/li>\n<li>45 mm lai<\/li>\n<li>materjal 100% nailon<\/li>\n<li>kaas ca 220g<\/li>\n<li>toodetud Poolas<\/li>\n<\/ul>\n<p><strong>Seisukord:<\/strong> uus<\/p>\n","protected":false},"excerpt":{"rendered":"<p>Omadused: \u00e4\u00e4rmiselt vastupidav patenteeritud AustriAlpin\u00ae Cobra FC45 pandlaga 45 mm lai materjal 100% nailon kaas ca 220g toodetud Poolas Seisukord:<\/p>\n","protected":false},"featured_media":76923,"template":"","meta":[],"product_brand":[],"product_cat":[2711],"product_tag":[],"class_list":{"0":"post-76909","1":"product","2":"type-product","3":"status-publish","4":"has-post-thumbnail","6":"product_cat-rihmad","7":"pa_brand-helikon-tex","8":"pa_color-black-2","9":"pa_color-coyote-2","10":"pa_color-olive-green-2","11":"pa_color-shadow-grey-2","12":"pa_size-l-2","13":"pa_size-m-2","14":"pa_size-xl-2","16":"first","17":"instock","18":"taxable","19":"shipping-taxable","20":"purchasable","21":"product-type-variable"},"yoast_head":"<!-- This site is optimized with the Yoast SEO plugin v27.2 - https:\/\/yoast.com\/product\/yoast-seo-wordpress\/ -->\n<title>Helikon-Tex\u00ae aktikaline v\u00f6\u00f6 COBRA FC45 - Outdoors<\/title>\n<meta name=\"robots\" content=\"index, follow, max-snippet:-1, max-image-preview:large, max-video-preview:-1\" \/>\n<link rel=\"canonical\" href=\"https:\/\/www.outdoors.ee\/et\/toode\/taktikaline-voo-cobra-fc45\/\" \/>\n<meta property=\"og:locale\" content=\"et_EE\" \/>\n<meta property=\"og:type\" content=\"article\" \/>\n<meta property=\"og:title\" content=\"Helikon-Tex\u00ae aktikaline v\u00f6\u00f6 COBRA FC45 - Outdoors\" \/>\n<meta property=\"og:description\" content=\"Omadused: \u00e4\u00e4rmiselt vastupidav patenteeritud AustriAlpin\u00ae Cobra FC45 pandlaga 45 mm lai materjal 100% nailon kaas ca 220g toodetud Poolas Seisukord:\" \/>\n<meta property=\"og:url\" content=\"https:\/\/www.outdoors.ee\/et\/toode\/taktikaline-voo-cobra-fc45\/\" \/>\n<meta property=\"og:site_name\" content=\"Outdoors\" \/>\n<meta property=\"article:modified_time\" content=\"2026-04-04T19:01:53+00:00\" \/>\n<meta property=\"og:image\" content=\"https:\/\/www.outdoors.ee\/wp-content\/uploads\/2022\/12\/Helikon-Tex\u00ae-COBRA\u00ae-FC45-Tactical-Belt-1.jpg\" \/>\n\t<meta property=\"og:image:width\" content=\"1500\" \/>\n\t<meta property=\"og:image:height\" content=\"1500\" \/>\n\t<meta property=\"og:image:type\" content=\"image\/jpeg\" \/>\n<meta name=\"twitter:card\" content=\"summary_large_image\" \/>\n<meta name=\"twitter:label1\" content=\"Est. reading time\" \/>\n\t<meta name=\"twitter:data1\" content=\"1 minut\" \/>\n<script type=\"application\/ld+json\" class=\"yoast-schema-graph\">{\"@context\":\"https:\/\/schema.org\",\"@graph\":[{\"@type\":\"WebPage\",\"@id\":\"https:\/\/www.outdoors.ee\/et\/toode\/taktikaline-voo-cobra-fc45\/\",\"url\":\"https:\/\/www.outdoors.ee\/et\/toode\/taktikaline-voo-cobra-fc45\/\",\"name\":\"Helikon-Tex\u00ae aktikaline v\u00f6\u00f6 COBRA FC45 - Outdoors\",\"isPartOf\":{\"@id\":\"https:\/\/www.outdoors.ee\/#website\"},\"primaryImageOfPage\":{\"@id\":\"https:\/\/www.outdoors.ee\/et\/toode\/taktikaline-voo-cobra-fc45\/#primaryimage\"},\"image\":{\"@id\":\"https:\/\/www.outdoors.ee\/et\/toode\/taktikaline-voo-cobra-fc45\/#primaryimage\"},\"thumbnailUrl\":\"https:\/\/www.outdoors.ee\/wp-content\/uploads\/2022\/12\/Helikon-Tex\u00ae-COBRA\u00ae-FC45-Tactical-Belt-1.jpg\",\"datePublished\":\"2022-12-23T10:01:16+00:00\",\"dateModified\":\"2026-04-04T19:01:53+00:00\",\"breadcrumb\":{\"@id\":\"https:\/\/www.outdoors.ee\/et\/toode\/taktikaline-voo-cobra-fc45\/#breadcrumb\"},\"inLanguage\":\"et\",\"potentialAction\":[{\"@type\":\"ReadAction\",\"target\":[\"https:\/\/www.outdoors.ee\/et\/toode\/taktikaline-voo-cobra-fc45\/\"]}]},{\"@type\":\"ImageObject\",\"inLanguage\":\"et\",\"@id\":\"https:\/\/www.outdoors.ee\/et\/toode\/taktikaline-voo-cobra-fc45\/#primaryimage\",\"url\":\"https:\/\/www.outdoors.ee\/wp-content\/uploads\/2022\/12\/Helikon-Tex\u00ae-COBRA\u00ae-FC45-Tactical-Belt-1.jpg\",\"contentUrl\":\"https:\/\/www.outdoors.ee\/wp-content\/uploads\/2022\/12\/Helikon-Tex\u00ae-COBRA\u00ae-FC45-Tactical-Belt-1.jpg\",\"width\":1500,\"height\":1500},{\"@type\":\"BreadcrumbList\",\"@id\":\"https:\/\/www.outdoors.ee\/et\/toode\/taktikaline-voo-cobra-fc45\/#breadcrumb\",\"itemListElement\":[{\"@type\":\"ListItem\",\"position\":1,\"name\":\"Home\",\"item\":\"https:\/\/www.outdoors.ee\/et\/\"},{\"@type\":\"ListItem\",\"position\":2,\"name\":\"Tooted\",\"item\":\"https:\/\/www.outdoors.ee\/products\/\"},{\"@type\":\"ListItem\",\"position\":3,\"name\":\"Helikon-Tex\u00ae aktikaline v\u00f6\u00f6 COBRA FC45\"}]},{\"@type\":\"WebSite\",\"@id\":\"https:\/\/www.outdoors.ee\/#website\",\"url\":\"https:\/\/www.outdoors.ee\/\",\"name\":\"Outdoors\",\"description\":\"Genuine military surplus and not only!\",\"potentialAction\":[{\"@type\":\"SearchAction\",\"target\":{\"@type\":\"EntryPoint\",\"urlTemplate\":\"https:\/\/www.outdoors.ee\/?s={search_term_string}\"},\"query-input\":{\"@type\":\"PropertyValueSpecification\",\"valueRequired\":true,\"valueName\":\"search_term_string\"}}],\"inLanguage\":\"et\"}]}<\/script>\n<!-- \/ Yoast SEO plugin. -->","yoast_head_json":{"title":"Helikon-Tex\u00ae aktikaline v\u00f6\u00f6 COBRA FC45 - Outdoors","robots":{"index":"index","follow":"follow","max-snippet":"max-snippet:-1","max-image-preview":"max-image-preview:large","max-video-preview":"max-video-preview:-1"},"canonical":"https:\/\/www.outdoors.ee\/et\/toode\/taktikaline-voo-cobra-fc45\/","og_locale":"et_EE","og_type":"article","og_title":"Helikon-Tex\u00ae aktikaline v\u00f6\u00f6 COBRA FC45 - Outdoors","og_description":"Omadused: \u00e4\u00e4rmiselt vastupidav patenteeritud AustriAlpin\u00ae Cobra FC45 pandlaga 45 mm lai materjal 100% nailon kaas ca 220g toodetud Poolas Seisukord:","og_url":"https:\/\/www.outdoors.ee\/et\/toode\/taktikaline-voo-cobra-fc45\/","og_site_name":"Outdoors","article_modified_time":"2026-04-04T19:01:53+00:00","og_image":[{"width":1500,"height":1500,"url":"https:\/\/www.outdoors.ee\/wp-content\/uploads\/2022\/12\/Helikon-Tex\u00ae-COBRA\u00ae-FC45-Tactical-Belt-1.jpg","type":"image\/jpeg"}],"twitter_card":"summary_large_image","twitter_misc":{"Est. reading time":"1 minut"},"schema":{"@context":"https:\/\/schema.org","@graph":[{"@type":"WebPage","@id":"https:\/\/www.outdoors.ee\/et\/toode\/taktikaline-voo-cobra-fc45\/","url":"https:\/\/www.outdoors.ee\/et\/toode\/taktikaline-voo-cobra-fc45\/","name":"Helikon-Tex\u00ae aktikaline v\u00f6\u00f6 COBRA FC45 - Outdoors","isPartOf":{"@id":"https:\/\/www.outdoors.ee\/#website"},"primaryImageOfPage":{"@id":"https:\/\/www.outdoors.ee\/et\/toode\/taktikaline-voo-cobra-fc45\/#primaryimage"},"image":{"@id":"https:\/\/www.outdoors.ee\/et\/toode\/taktikaline-voo-cobra-fc45\/#primaryimage"},"thumbnailUrl":"https:\/\/www.outdoors.ee\/wp-content\/uploads\/2022\/12\/Helikon-Tex\u00ae-COBRA\u00ae-FC45-Tactical-Belt-1.jpg","datePublished":"2022-12-23T10:01:16+00:00","dateModified":"2026-04-04T19:01:53+00:00","breadcrumb":{"@id":"https:\/\/www.outdoors.ee\/et\/toode\/taktikaline-voo-cobra-fc45\/#breadcrumb"},"inLanguage":"et","potentialAction":[{"@type":"ReadAction","target":["https:\/\/www.outdoors.ee\/et\/toode\/taktikaline-voo-cobra-fc45\/"]}]},{"@type":"ImageObject","inLanguage":"et","@id":"https:\/\/www.outdoors.ee\/et\/toode\/taktikaline-voo-cobra-fc45\/#primaryimage","url":"https:\/\/www.outdoors.ee\/wp-content\/uploads\/2022\/12\/Helikon-Tex\u00ae-COBRA\u00ae-FC45-Tactical-Belt-1.jpg","contentUrl":"https:\/\/www.outdoors.ee\/wp-content\/uploads\/2022\/12\/Helikon-Tex\u00ae-COBRA\u00ae-FC45-Tactical-Belt-1.jpg","width":1500,"height":1500},{"@type":"BreadcrumbList","@id":"https:\/\/www.outdoors.ee\/et\/toode\/taktikaline-voo-cobra-fc45\/#breadcrumb","itemListElement":[{"@type":"ListItem","position":1,"name":"Home","item":"https:\/\/www.outdoors.ee\/et\/"},{"@type":"ListItem","position":2,"name":"Tooted","item":"https:\/\/www.outdoors.ee\/products\/"},{"@type":"ListItem","position":3,"name":"Helikon-Tex\u00ae aktikaline v\u00f6\u00f6 COBRA FC45"}]},{"@type":"WebSite","@id":"https:\/\/www.outdoors.ee\/#website","url":"https:\/\/www.outdoors.ee\/","name":"Outdoors","description":"Genuine military surplus and not only!","potentialAction":[{"@type":"SearchAction","target":{"@type":"EntryPoint","urlTemplate":"https:\/\/www.outdoors.ee\/?s={search_term_string}"},"query-input":{"@type":"PropertyValueSpecification","valueRequired":true,"valueName":"search_term_string"}}],"inLanguage":"et"}]}},"_links":{"self":[{"href":"https:\/\/www.outdoors.ee\/et\/wp-json\/wp\/v2\/product\/76909","targetHints":{"allow":["GET"]}}],"collection":[{"href":"https:\/\/www.outdoors.ee\/et\/wp-json\/wp\/v2\/product"}],"about":[{"href":"https:\/\/www.outdoors.ee\/et\/wp-json\/wp\/v2\/types\/product"}],"wp:featuredmedia":[{"embeddable":true,"href":"https:\/\/www.outdoors.ee\/et\/wp-json\/wp\/v2\/media\/76923"}],"wp:attachment":[{"href":"https:\/\/www.outdoors.ee\/et\/wp-json\/wp\/v2\/media?parent=76909"}],"wp:term":[{"taxonomy":"product_brand","embeddable":true,"href":"https:\/\/www.outdoors.ee\/et\/wp-json\/wp\/v2\/product_brand?post=76909"},{"taxonomy":"product_cat","embeddable":true,"href":"https:\/\/www.outdoors.ee\/et\/wp-json\/wp\/v2\/product_cat?post=76909"},{"taxonomy":"product_tag","embeddable":true,"href":"https:\/\/www.outdoors.ee\/et\/wp-json\/wp\/v2\/product_tag?post=76909"}],"curies":[{"name":"wp","href":"https:\/\/api.w.org\/{rel}","templated":true}]}}