{"id":76827,"date":"2022-12-22T15:07:23","date_gmt":"2022-12-22T13:07:23","guid":{"rendered":"https:\/\/www.outdoors.ee\/?post_type=product&#038;p=76827"},"modified":"2025-08-16T16:53:00","modified_gmt":"2025-08-16T13:53:00","slug":"seljakott-dragon-egg-enlarged-backpack","status":"publish","type":"product","link":"https:\/\/www.outdoors.ee\/et\/toode\/seljakott-dragon-egg-enlarged-backpack\/","title":{"rendered":"Direct Action\u00ae seljakott DRAGON EGG ENLARGED Backpack\u00ae"},"content":{"rendered":"<p>Seljakoti Dragon Egg Backpack\u00ae suurendatud mahutavusega versioon. Toodetud 500D Cordurast ning laserl\u00f5ikega laminaadist.<\/p>\n<p><strong>Omadused:<\/strong><\/p>\n<ul>\n<li>laserl\u00f5ikega MOLLE\/PALS s\u00fcsteem<\/li>\n<li>t\u00f6\u00f6kindlad kahesuunalised YKK\u00ae t\u00f5mblukud<\/li>\n<li>joogis\u00fcsteemi tasku peasahtlis<\/li>\n<li>2 v\u00e4limist tasku t\u00f5mblukkudega<\/li>\n<li>uuendatud venivad k\u00fcljetaskud<\/li>\n<li>t\u00f5mblukuga sahtel, mis sobib joogis\u00fcsteemile ning vajadusel mahutab s\u00fclearvuti suurusega kuni 15\u201d<\/li>\n<li>Paracord kangesangaga \u00fcleval (vajadusel 5,5m pikk n\u00f6\u00f6r)<\/li>\n<li>reguleeritava pikkusega ning quick-release klambritega \u00f5larihmad<\/li>\n<li>quick-release klambriga rinnarihm<\/li>\n<li>eemaldatav, reguleeritava pikkusega ning quick-release klambriga puusav\u00f6\u00f6<\/li>\n<li>puusav\u00f6\u00f6d saab vajadusel eraldi kasutada koos kergemate \u00f5larihmadega (komplektis)<\/li>\n<li>D-aasad lisavarustuse kinnitamiseks<\/li>\n<li>klambritega kompressioonrihmad k\u00fclgedel<\/li>\n<li>takjapaela paneel suurusega 10.1 x 5.1 cm \/ 4 x 2 in<\/li>\n<li>toodetud of 500D Cordura\u00ae fabric, DWR coated<\/li>\n<li>Duraflex\u00ae\/WooJin klambrid<\/li>\n<li>PenCott\u2122, Kryptek\u2122 and Multicam\u00ae kamuflaa\u017eis seljakotid on l\u00e4binud NIR (Near Infrared) t\u00f6\u00f6tluse<\/li>\n<li>Maht 30L<\/li>\n<li>Kaal 2200g<\/li>\n<li>Materjal 100% nailon<\/li>\n<li>M\u00f5\u00f5dud 49 x 31 x 22cm\/19 x 12 x 9in<\/li>\n<\/ul>\n<p><strong>Seisukord:<\/strong> uus<\/p>\n","protected":false},"excerpt":{"rendered":"<p>Seljakoti Dragon Egg Backpack\u00ae suurendatud mahutavusega versioon. Toodetud 500D Cordurast ning laserl\u00f5ikega laminaadist. Omadused: laserl\u00f5ikega MOLLE\/PALS s\u00fcsteem t\u00f6\u00f6kindlad kahesuunalised YKK\u00ae<\/p>\n","protected":false},"featured_media":76848,"template":"","meta":[],"product_brand":[],"product_cat":[3539],"product_tag":[],"class_list":{"0":"post-76827","1":"product","2":"type-product","3":"status-publish","4":"has-post-thumbnail","6":"product_cat-seljakotid","7":"pa_brand-direct-action-2","8":"pa_color-black-2","9":"pa_color-coyote-brown-2","10":"pa_color-multicam-2","11":"pa_color-pencott-wildwood-2","12":"pa_color-shadow-grey-2","14":"first","15":"instock","16":"taxable","17":"shipping-taxable","18":"purchasable","19":"product-type-variable"},"yoast_head":"<!-- This site is optimized with the Yoast SEO plugin v27.2 - https:\/\/yoast.com\/product\/yoast-seo-wordpress\/ -->\n<title>Direct Action\u00ae seljakott DRAGON EGG ENLARGED Backpack\u00ae - Outdoors<\/title>\n<meta name=\"robots\" content=\"index, follow, max-snippet:-1, max-image-preview:large, max-video-preview:-1\" \/>\n<link rel=\"canonical\" href=\"https:\/\/www.outdoors.ee\/et\/toode\/seljakott-dragon-egg-enlarged-backpack\/\" \/>\n<meta property=\"og:locale\" content=\"et_EE\" \/>\n<meta property=\"og:type\" content=\"article\" \/>\n<meta property=\"og:title\" content=\"Direct Action\u00ae seljakott DRAGON EGG ENLARGED Backpack\u00ae - Outdoors\" \/>\n<meta property=\"og:description\" content=\"Seljakoti Dragon Egg Backpack\u00ae suurendatud mahutavusega versioon. Toodetud 500D Cordurast ning laserl\u00f5ikega laminaadist. Omadused: laserl\u00f5ikega MOLLE\/PALS s\u00fcsteem t\u00f6\u00f6kindlad kahesuunalised YKK\u00ae\" \/>\n<meta property=\"og:url\" content=\"https:\/\/www.outdoors.ee\/et\/toode\/seljakott-dragon-egg-enlarged-backpack\/\" \/>\n<meta property=\"og:site_name\" content=\"Outdoors\" \/>\n<meta property=\"article:modified_time\" content=\"2025-08-16T13:53:00+00:00\" \/>\n<meta property=\"og:image\" content=\"https:\/\/www.outdoors.ee\/wp-content\/uploads\/2022\/12\/Direct-Action\u00ae-Dragon-Egg-Enlarged-Backpack\u00ae-1.jpg\" \/>\n\t<meta property=\"og:image:width\" content=\"1500\" \/>\n\t<meta property=\"og:image:height\" content=\"1500\" \/>\n\t<meta property=\"og:image:type\" content=\"image\/jpeg\" \/>\n<meta name=\"twitter:card\" content=\"summary_large_image\" \/>\n<meta name=\"twitter:label1\" content=\"Est. reading time\" \/>\n\t<meta name=\"twitter:data1\" content=\"1 minut\" \/>\n<script type=\"application\/ld+json\" class=\"yoast-schema-graph\">{\"@context\":\"https:\/\/schema.org\",\"@graph\":[{\"@type\":\"WebPage\",\"@id\":\"https:\/\/www.outdoors.ee\/et\/toode\/seljakott-dragon-egg-enlarged-backpack\/\",\"url\":\"https:\/\/www.outdoors.ee\/et\/toode\/seljakott-dragon-egg-enlarged-backpack\/\",\"name\":\"Direct Action\u00ae seljakott DRAGON EGG ENLARGED Backpack\u00ae - Outdoors\",\"isPartOf\":{\"@id\":\"https:\/\/www.outdoors.ee\/#website\"},\"primaryImageOfPage\":{\"@id\":\"https:\/\/www.outdoors.ee\/et\/toode\/seljakott-dragon-egg-enlarged-backpack\/#primaryimage\"},\"image\":{\"@id\":\"https:\/\/www.outdoors.ee\/et\/toode\/seljakott-dragon-egg-enlarged-backpack\/#primaryimage\"},\"thumbnailUrl\":\"https:\/\/www.outdoors.ee\/wp-content\/uploads\/2022\/12\/Direct-Action\u00ae-Dragon-Egg-Enlarged-Backpack\u00ae-1.jpg\",\"datePublished\":\"2022-12-22T13:07:23+00:00\",\"dateModified\":\"2025-08-16T13:53:00+00:00\",\"breadcrumb\":{\"@id\":\"https:\/\/www.outdoors.ee\/et\/toode\/seljakott-dragon-egg-enlarged-backpack\/#breadcrumb\"},\"inLanguage\":\"et\",\"potentialAction\":[{\"@type\":\"ReadAction\",\"target\":[\"https:\/\/www.outdoors.ee\/et\/toode\/seljakott-dragon-egg-enlarged-backpack\/\"]}]},{\"@type\":\"ImageObject\",\"inLanguage\":\"et\",\"@id\":\"https:\/\/www.outdoors.ee\/et\/toode\/seljakott-dragon-egg-enlarged-backpack\/#primaryimage\",\"url\":\"https:\/\/www.outdoors.ee\/wp-content\/uploads\/2022\/12\/Direct-Action\u00ae-Dragon-Egg-Enlarged-Backpack\u00ae-1.jpg\",\"contentUrl\":\"https:\/\/www.outdoors.ee\/wp-content\/uploads\/2022\/12\/Direct-Action\u00ae-Dragon-Egg-Enlarged-Backpack\u00ae-1.jpg\",\"width\":1500,\"height\":1500},{\"@type\":\"BreadcrumbList\",\"@id\":\"https:\/\/www.outdoors.ee\/et\/toode\/seljakott-dragon-egg-enlarged-backpack\/#breadcrumb\",\"itemListElement\":[{\"@type\":\"ListItem\",\"position\":1,\"name\":\"Home\",\"item\":\"https:\/\/www.outdoors.ee\/et\/\"},{\"@type\":\"ListItem\",\"position\":2,\"name\":\"Tooted\",\"item\":\"https:\/\/www.outdoors.ee\/products\/\"},{\"@type\":\"ListItem\",\"position\":3,\"name\":\"Direct Action\u00ae seljakott DRAGON EGG ENLARGED Backpack\u00ae\"}]},{\"@type\":\"WebSite\",\"@id\":\"https:\/\/www.outdoors.ee\/#website\",\"url\":\"https:\/\/www.outdoors.ee\/\",\"name\":\"Outdoors\",\"description\":\"Genuine military surplus and not only!\",\"potentialAction\":[{\"@type\":\"SearchAction\",\"target\":{\"@type\":\"EntryPoint\",\"urlTemplate\":\"https:\/\/www.outdoors.ee\/?s={search_term_string}\"},\"query-input\":{\"@type\":\"PropertyValueSpecification\",\"valueRequired\":true,\"valueName\":\"search_term_string\"}}],\"inLanguage\":\"et\"}]}<\/script>\n<!-- \/ Yoast SEO plugin. -->","yoast_head_json":{"title":"Direct Action\u00ae seljakott DRAGON EGG ENLARGED Backpack\u00ae - Outdoors","robots":{"index":"index","follow":"follow","max-snippet":"max-snippet:-1","max-image-preview":"max-image-preview:large","max-video-preview":"max-video-preview:-1"},"canonical":"https:\/\/www.outdoors.ee\/et\/toode\/seljakott-dragon-egg-enlarged-backpack\/","og_locale":"et_EE","og_type":"article","og_title":"Direct Action\u00ae seljakott DRAGON EGG ENLARGED Backpack\u00ae - Outdoors","og_description":"Seljakoti Dragon Egg Backpack\u00ae suurendatud mahutavusega versioon. Toodetud 500D Cordurast ning laserl\u00f5ikega laminaadist. Omadused: laserl\u00f5ikega MOLLE\/PALS s\u00fcsteem t\u00f6\u00f6kindlad kahesuunalised YKK\u00ae","og_url":"https:\/\/www.outdoors.ee\/et\/toode\/seljakott-dragon-egg-enlarged-backpack\/","og_site_name":"Outdoors","article_modified_time":"2025-08-16T13:53:00+00:00","og_image":[{"width":1500,"height":1500,"url":"https:\/\/www.outdoors.ee\/wp-content\/uploads\/2022\/12\/Direct-Action\u00ae-Dragon-Egg-Enlarged-Backpack\u00ae-1.jpg","type":"image\/jpeg"}],"twitter_card":"summary_large_image","twitter_misc":{"Est. reading time":"1 minut"},"schema":{"@context":"https:\/\/schema.org","@graph":[{"@type":"WebPage","@id":"https:\/\/www.outdoors.ee\/et\/toode\/seljakott-dragon-egg-enlarged-backpack\/","url":"https:\/\/www.outdoors.ee\/et\/toode\/seljakott-dragon-egg-enlarged-backpack\/","name":"Direct Action\u00ae seljakott DRAGON EGG ENLARGED Backpack\u00ae - Outdoors","isPartOf":{"@id":"https:\/\/www.outdoors.ee\/#website"},"primaryImageOfPage":{"@id":"https:\/\/www.outdoors.ee\/et\/toode\/seljakott-dragon-egg-enlarged-backpack\/#primaryimage"},"image":{"@id":"https:\/\/www.outdoors.ee\/et\/toode\/seljakott-dragon-egg-enlarged-backpack\/#primaryimage"},"thumbnailUrl":"https:\/\/www.outdoors.ee\/wp-content\/uploads\/2022\/12\/Direct-Action\u00ae-Dragon-Egg-Enlarged-Backpack\u00ae-1.jpg","datePublished":"2022-12-22T13:07:23+00:00","dateModified":"2025-08-16T13:53:00+00:00","breadcrumb":{"@id":"https:\/\/www.outdoors.ee\/et\/toode\/seljakott-dragon-egg-enlarged-backpack\/#breadcrumb"},"inLanguage":"et","potentialAction":[{"@type":"ReadAction","target":["https:\/\/www.outdoors.ee\/et\/toode\/seljakott-dragon-egg-enlarged-backpack\/"]}]},{"@type":"ImageObject","inLanguage":"et","@id":"https:\/\/www.outdoors.ee\/et\/toode\/seljakott-dragon-egg-enlarged-backpack\/#primaryimage","url":"https:\/\/www.outdoors.ee\/wp-content\/uploads\/2022\/12\/Direct-Action\u00ae-Dragon-Egg-Enlarged-Backpack\u00ae-1.jpg","contentUrl":"https:\/\/www.outdoors.ee\/wp-content\/uploads\/2022\/12\/Direct-Action\u00ae-Dragon-Egg-Enlarged-Backpack\u00ae-1.jpg","width":1500,"height":1500},{"@type":"BreadcrumbList","@id":"https:\/\/www.outdoors.ee\/et\/toode\/seljakott-dragon-egg-enlarged-backpack\/#breadcrumb","itemListElement":[{"@type":"ListItem","position":1,"name":"Home","item":"https:\/\/www.outdoors.ee\/et\/"},{"@type":"ListItem","position":2,"name":"Tooted","item":"https:\/\/www.outdoors.ee\/products\/"},{"@type":"ListItem","position":3,"name":"Direct Action\u00ae seljakott DRAGON EGG ENLARGED Backpack\u00ae"}]},{"@type":"WebSite","@id":"https:\/\/www.outdoors.ee\/#website","url":"https:\/\/www.outdoors.ee\/","name":"Outdoors","description":"Genuine military surplus and not only!","potentialAction":[{"@type":"SearchAction","target":{"@type":"EntryPoint","urlTemplate":"https:\/\/www.outdoors.ee\/?s={search_term_string}"},"query-input":{"@type":"PropertyValueSpecification","valueRequired":true,"valueName":"search_term_string"}}],"inLanguage":"et"}]}},"_links":{"self":[{"href":"https:\/\/www.outdoors.ee\/et\/wp-json\/wp\/v2\/product\/76827","targetHints":{"allow":["GET"]}}],"collection":[{"href":"https:\/\/www.outdoors.ee\/et\/wp-json\/wp\/v2\/product"}],"about":[{"href":"https:\/\/www.outdoors.ee\/et\/wp-json\/wp\/v2\/types\/product"}],"wp:featuredmedia":[{"embeddable":true,"href":"https:\/\/www.outdoors.ee\/et\/wp-json\/wp\/v2\/media\/76848"}],"wp:attachment":[{"href":"https:\/\/www.outdoors.ee\/et\/wp-json\/wp\/v2\/media?parent=76827"}],"wp:term":[{"taxonomy":"product_brand","embeddable":true,"href":"https:\/\/www.outdoors.ee\/et\/wp-json\/wp\/v2\/product_brand?post=76827"},{"taxonomy":"product_cat","embeddable":true,"href":"https:\/\/www.outdoors.ee\/et\/wp-json\/wp\/v2\/product_cat?post=76827"},{"taxonomy":"product_tag","embeddable":true,"href":"https:\/\/www.outdoors.ee\/et\/wp-json\/wp\/v2\/product_tag?post=76827"}],"curies":[{"name":"wp","href":"https:\/\/api.w.org\/{rel}","templated":true}]}}