{"id":76786,"date":"2022-12-22T14:09:35","date_gmt":"2022-12-22T12:09:35","guid":{"rendered":"https:\/\/www.outdoors.ee\/?post_type=product&#038;p=76786"},"modified":"2025-08-26T15:30:38","modified_gmt":"2025-08-26T12:30:38","slug":"puksid-woodsman-pants","status":"publish","type":"product","link":"https:\/\/www.outdoors.ee\/et\/toode\/puksid-woodsman-pants\/","title":{"rendered":"Helikon-Tex\u00ae matkap\u00fcksid WOODSMAN Pants"},"content":{"rendered":"<p><strong>Omadused:<\/strong><\/p>\n<ul>\n<li>toodetud DuraCanvas\u00ae kangast<\/li>\n<li>klassikalised taskud tugevdatud \u00e4\u00e4rtega<\/li>\n<li>k\u00fcljetaskud noale vmt varustusele<\/li>\n<li>p\u00f5lvetugevdused<\/li>\n<li>taskud madala profiiliga p\u00f5lvekaitsmetele<\/li>\n<li>t\u00e4iendavad aasad varustuse kinnitamiseks klambrite\/karabiinide abil<\/li>\n<li>materjal: Main fabric: 65% pol\u00fcester, 33% puuvill, 2% elastaan; 230 g\/m2<\/li>\n<li>kaal 579g<\/li>\n<\/ul>\n<p><strong>Seisukord:<\/strong> uus<\/p>\n","protected":false},"excerpt":{"rendered":"<p>Omadused: toodetud DuraCanvas\u00ae kangast klassikalised taskud tugevdatud \u00e4\u00e4rtega k\u00fcljetaskud noale vmt varustusele p\u00f5lvetugevdused taskud madala profiiliga p\u00f5lvekaitsmetele t\u00e4iendavad aasad varustuse<\/p>\n","protected":false},"featured_media":102328,"template":"","meta":[],"product_brand":[],"product_cat":[111],"product_tag":[],"class_list":{"0":"post-76786","1":"product","2":"type-product","3":"status-publish","4":"has-post-thumbnail","6":"product_cat-puksid","7":"pa_brand-helikon-tex","8":"pa_color-taiga-green-2","9":"pa_size-large-long-34-34-2","10":"pa_size-large-regular-34-32-2","11":"pa_size-medium-long-32-34-2","12":"pa_size-medium-regular-32-32-2","13":"pa_size-xlarge-long-36-34-2","14":"pa_size-xlarge-regular-36-32-2","16":"first","17":"instock","18":"taxable","19":"shipping-taxable","20":"purchasable","21":"product-type-variable"},"yoast_head":"<!-- This site is optimized with the Yoast SEO plugin v27.2 - https:\/\/yoast.com\/product\/yoast-seo-wordpress\/ -->\n<title>Helikon-Tex\u00ae matkap\u00fcksid WOODSMAN Pants - Outdoors<\/title>\n<meta name=\"robots\" content=\"index, follow, max-snippet:-1, max-image-preview:large, max-video-preview:-1\" \/>\n<link rel=\"canonical\" href=\"https:\/\/www.outdoors.ee\/et\/toode\/puksid-woodsman-pants\/\" \/>\n<meta property=\"og:locale\" content=\"et_EE\" \/>\n<meta property=\"og:type\" content=\"article\" \/>\n<meta property=\"og:title\" content=\"Helikon-Tex\u00ae matkap\u00fcksid WOODSMAN Pants - Outdoors\" \/>\n<meta property=\"og:description\" content=\"Omadused: toodetud DuraCanvas\u00ae kangast klassikalised taskud tugevdatud \u00e4\u00e4rtega k\u00fcljetaskud noale vmt varustusele p\u00f5lvetugevdused taskud madala profiiliga p\u00f5lvekaitsmetele t\u00e4iendavad aasad varustuse\" \/>\n<meta property=\"og:url\" content=\"https:\/\/www.outdoors.ee\/et\/toode\/puksid-woodsman-pants\/\" \/>\n<meta property=\"og:site_name\" content=\"Outdoors\" \/>\n<meta property=\"article:modified_time\" content=\"2025-08-26T12:30:38+00:00\" \/>\n<meta property=\"og:image\" content=\"https:\/\/www.outdoors.ee\/wp-content\/uploads\/2022\/12\/Helikon-Tex\u00ae-Woodsman-Pants-Taiga-Green.jpg\" \/>\n\t<meta property=\"og:image:width\" content=\"1500\" \/>\n\t<meta property=\"og:image:height\" content=\"1500\" \/>\n\t<meta property=\"og:image:type\" content=\"image\/jpeg\" \/>\n<meta name=\"twitter:card\" content=\"summary_large_image\" \/>\n<meta name=\"twitter:label1\" content=\"Est. reading time\" \/>\n\t<meta name=\"twitter:data1\" content=\"1 minut\" \/>\n<script type=\"application\/ld+json\" class=\"yoast-schema-graph\">{\"@context\":\"https:\/\/schema.org\",\"@graph\":[{\"@type\":\"WebPage\",\"@id\":\"https:\/\/www.outdoors.ee\/et\/toode\/puksid-woodsman-pants\/\",\"url\":\"https:\/\/www.outdoors.ee\/et\/toode\/puksid-woodsman-pants\/\",\"name\":\"Helikon-Tex\u00ae matkap\u00fcksid WOODSMAN Pants - Outdoors\",\"isPartOf\":{\"@id\":\"https:\/\/www.outdoors.ee\/#website\"},\"primaryImageOfPage\":{\"@id\":\"https:\/\/www.outdoors.ee\/et\/toode\/puksid-woodsman-pants\/#primaryimage\"},\"image\":{\"@id\":\"https:\/\/www.outdoors.ee\/et\/toode\/puksid-woodsman-pants\/#primaryimage\"},\"thumbnailUrl\":\"https:\/\/www.outdoors.ee\/wp-content\/uploads\/2022\/12\/Helikon-Tex\u00ae-Woodsman-Pants-Taiga-Green.jpg\",\"datePublished\":\"2022-12-22T12:09:35+00:00\",\"dateModified\":\"2025-08-26T12:30:38+00:00\",\"breadcrumb\":{\"@id\":\"https:\/\/www.outdoors.ee\/et\/toode\/puksid-woodsman-pants\/#breadcrumb\"},\"inLanguage\":\"et\",\"potentialAction\":[{\"@type\":\"ReadAction\",\"target\":[\"https:\/\/www.outdoors.ee\/et\/toode\/puksid-woodsman-pants\/\"]}]},{\"@type\":\"ImageObject\",\"inLanguage\":\"et\",\"@id\":\"https:\/\/www.outdoors.ee\/et\/toode\/puksid-woodsman-pants\/#primaryimage\",\"url\":\"https:\/\/www.outdoors.ee\/wp-content\/uploads\/2022\/12\/Helikon-Tex\u00ae-Woodsman-Pants-Taiga-Green.jpg\",\"contentUrl\":\"https:\/\/www.outdoors.ee\/wp-content\/uploads\/2022\/12\/Helikon-Tex\u00ae-Woodsman-Pants-Taiga-Green.jpg\",\"width\":1500,\"height\":1500},{\"@type\":\"BreadcrumbList\",\"@id\":\"https:\/\/www.outdoors.ee\/et\/toode\/puksid-woodsman-pants\/#breadcrumb\",\"itemListElement\":[{\"@type\":\"ListItem\",\"position\":1,\"name\":\"Home\",\"item\":\"https:\/\/www.outdoors.ee\/et\/\"},{\"@type\":\"ListItem\",\"position\":2,\"name\":\"Tooted\",\"item\":\"https:\/\/www.outdoors.ee\/products\/\"},{\"@type\":\"ListItem\",\"position\":3,\"name\":\"Helikon-Tex\u00ae matkap\u00fcksid WOODSMAN Pants\"}]},{\"@type\":\"WebSite\",\"@id\":\"https:\/\/www.outdoors.ee\/#website\",\"url\":\"https:\/\/www.outdoors.ee\/\",\"name\":\"Outdoors\",\"description\":\"Genuine military surplus and not only!\",\"potentialAction\":[{\"@type\":\"SearchAction\",\"target\":{\"@type\":\"EntryPoint\",\"urlTemplate\":\"https:\/\/www.outdoors.ee\/?s={search_term_string}\"},\"query-input\":{\"@type\":\"PropertyValueSpecification\",\"valueRequired\":true,\"valueName\":\"search_term_string\"}}],\"inLanguage\":\"et\"}]}<\/script>\n<!-- \/ Yoast SEO plugin. -->","yoast_head_json":{"title":"Helikon-Tex\u00ae matkap\u00fcksid WOODSMAN Pants - Outdoors","robots":{"index":"index","follow":"follow","max-snippet":"max-snippet:-1","max-image-preview":"max-image-preview:large","max-video-preview":"max-video-preview:-1"},"canonical":"https:\/\/www.outdoors.ee\/et\/toode\/puksid-woodsman-pants\/","og_locale":"et_EE","og_type":"article","og_title":"Helikon-Tex\u00ae matkap\u00fcksid WOODSMAN Pants - Outdoors","og_description":"Omadused: toodetud DuraCanvas\u00ae kangast klassikalised taskud tugevdatud \u00e4\u00e4rtega k\u00fcljetaskud noale vmt varustusele p\u00f5lvetugevdused taskud madala profiiliga p\u00f5lvekaitsmetele t\u00e4iendavad aasad varustuse","og_url":"https:\/\/www.outdoors.ee\/et\/toode\/puksid-woodsman-pants\/","og_site_name":"Outdoors","article_modified_time":"2025-08-26T12:30:38+00:00","og_image":[{"width":1500,"height":1500,"url":"https:\/\/www.outdoors.ee\/wp-content\/uploads\/2022\/12\/Helikon-Tex\u00ae-Woodsman-Pants-Taiga-Green.jpg","type":"image\/jpeg"}],"twitter_card":"summary_large_image","twitter_misc":{"Est. reading time":"1 minut"},"schema":{"@context":"https:\/\/schema.org","@graph":[{"@type":"WebPage","@id":"https:\/\/www.outdoors.ee\/et\/toode\/puksid-woodsman-pants\/","url":"https:\/\/www.outdoors.ee\/et\/toode\/puksid-woodsman-pants\/","name":"Helikon-Tex\u00ae matkap\u00fcksid WOODSMAN Pants - Outdoors","isPartOf":{"@id":"https:\/\/www.outdoors.ee\/#website"},"primaryImageOfPage":{"@id":"https:\/\/www.outdoors.ee\/et\/toode\/puksid-woodsman-pants\/#primaryimage"},"image":{"@id":"https:\/\/www.outdoors.ee\/et\/toode\/puksid-woodsman-pants\/#primaryimage"},"thumbnailUrl":"https:\/\/www.outdoors.ee\/wp-content\/uploads\/2022\/12\/Helikon-Tex\u00ae-Woodsman-Pants-Taiga-Green.jpg","datePublished":"2022-12-22T12:09:35+00:00","dateModified":"2025-08-26T12:30:38+00:00","breadcrumb":{"@id":"https:\/\/www.outdoors.ee\/et\/toode\/puksid-woodsman-pants\/#breadcrumb"},"inLanguage":"et","potentialAction":[{"@type":"ReadAction","target":["https:\/\/www.outdoors.ee\/et\/toode\/puksid-woodsman-pants\/"]}]},{"@type":"ImageObject","inLanguage":"et","@id":"https:\/\/www.outdoors.ee\/et\/toode\/puksid-woodsman-pants\/#primaryimage","url":"https:\/\/www.outdoors.ee\/wp-content\/uploads\/2022\/12\/Helikon-Tex\u00ae-Woodsman-Pants-Taiga-Green.jpg","contentUrl":"https:\/\/www.outdoors.ee\/wp-content\/uploads\/2022\/12\/Helikon-Tex\u00ae-Woodsman-Pants-Taiga-Green.jpg","width":1500,"height":1500},{"@type":"BreadcrumbList","@id":"https:\/\/www.outdoors.ee\/et\/toode\/puksid-woodsman-pants\/#breadcrumb","itemListElement":[{"@type":"ListItem","position":1,"name":"Home","item":"https:\/\/www.outdoors.ee\/et\/"},{"@type":"ListItem","position":2,"name":"Tooted","item":"https:\/\/www.outdoors.ee\/products\/"},{"@type":"ListItem","position":3,"name":"Helikon-Tex\u00ae matkap\u00fcksid WOODSMAN Pants"}]},{"@type":"WebSite","@id":"https:\/\/www.outdoors.ee\/#website","url":"https:\/\/www.outdoors.ee\/","name":"Outdoors","description":"Genuine military surplus and not only!","potentialAction":[{"@type":"SearchAction","target":{"@type":"EntryPoint","urlTemplate":"https:\/\/www.outdoors.ee\/?s={search_term_string}"},"query-input":{"@type":"PropertyValueSpecification","valueRequired":true,"valueName":"search_term_string"}}],"inLanguage":"et"}]}},"_links":{"self":[{"href":"https:\/\/www.outdoors.ee\/et\/wp-json\/wp\/v2\/product\/76786","targetHints":{"allow":["GET"]}}],"collection":[{"href":"https:\/\/www.outdoors.ee\/et\/wp-json\/wp\/v2\/product"}],"about":[{"href":"https:\/\/www.outdoors.ee\/et\/wp-json\/wp\/v2\/types\/product"}],"wp:featuredmedia":[{"embeddable":true,"href":"https:\/\/www.outdoors.ee\/et\/wp-json\/wp\/v2\/media\/102328"}],"wp:attachment":[{"href":"https:\/\/www.outdoors.ee\/et\/wp-json\/wp\/v2\/media?parent=76786"}],"wp:term":[{"taxonomy":"product_brand","embeddable":true,"href":"https:\/\/www.outdoors.ee\/et\/wp-json\/wp\/v2\/product_brand?post=76786"},{"taxonomy":"product_cat","embeddable":true,"href":"https:\/\/www.outdoors.ee\/et\/wp-json\/wp\/v2\/product_cat?post=76786"},{"taxonomy":"product_tag","embeddable":true,"href":"https:\/\/www.outdoors.ee\/et\/wp-json\/wp\/v2\/product_tag?post=76786"}],"curies":[{"name":"wp","href":"https:\/\/api.w.org\/{rel}","templated":true}]}}