{"id":76619,"date":"2022-12-21T21:07:35","date_gmt":"2022-12-21T19:07:35","guid":{"rendered":"https:\/\/www.outdoors.ee\/?post_type=product&#038;p=76619"},"modified":"2025-08-30T00:24:43","modified_gmt":"2025-08-29T21:24:43","slug":"taktikalised-puksid-outdoor-tactical-pants-otp-versastretch","status":"publish","type":"product","link":"https:\/\/www.outdoors.ee\/et\/toode\/taktikalised-puksid-outdoor-tactical-pants-otp-versastretch\/","title":{"rendered":"Helikon-Tex\u00ae taktikalised p\u00fcksid OTP Pants &#8211; VersaStretch\u00ae"},"content":{"rendered":"<p>Need p\u00fcksid on s\u00e4ilitanud oma eelk\u00e4ija (Urban Tactical Pants\u00ae) funktsionaalsuse, kuid m\u00f5ningaid detaile kohandati maastikule paremini sobivamateks. Kangas on kerge, veniv ning v\u00e4ga hingav. Pakub kaitse tuule ning kerge vihma eest, kuivab kiiresti. L\u00f5ige ja taskute paigutus (neid on kokku 10) tagavad diskreetse tsiviilv\u00e4ljan\u00e4gemise ning ei piira liikumisvabadust. Teksap\u00fckstega sarnane l\u00f5ige takistab alla vajumist.<\/p>\n<p><strong>Omadused:<\/strong><\/p>\n<ul>\n<li>pingutusn\u00f6\u00f6ri kanalid alumistes \u00e4\u00e4rtes<\/li>\n<li>YKK\u00ae t\u00f5mblukuga eest<\/li>\n<li>2 YKK\u00ae t\u00f5mblukkudega taskut<\/li>\n<li>venivad pingutusn\u00f6\u00f6rid reietaskute sees esemete kinnitamiseks<\/li>\n<li>2 takjapaelaga suletavat salvetaskut ees<\/li>\n<li>teksap\u00fckstega sarnane l\u00f5ige takistab alla vajumist<\/li>\n<li>anatoomiliselt kujundatud, tugevdatud p\u00f5lvepiirkond p\u00f5lvekaitsme (Neoprene Low Profile Protection Pads) taskuga<\/li>\n<li>veniv v\u00f6\u00f6koht takjapaela kinnitusega<\/li>\n<li>2 aasa karabiini vmt kinnitamiseks<\/li>\n<li>2 klassikalist taskut ees tugevdatud \u00e4\u00e4rtega<\/li>\n<li>2 tagataskut<\/li>\n<li>2 kitsamat taskut tagataskute sees<\/li>\n<li>4 suunas veniv materjal: 93% nailon, 7% elastaan; 200g\/m2<\/li>\n<li>kaal 503g<\/li>\n<\/ul>\n<p><b>Seisukord: <\/b>uus<\/p>\n","protected":false},"excerpt":{"rendered":"<p>Need p\u00fcksid on s\u00e4ilitanud oma eelk\u00e4ija (Urban Tactical Pants\u00ae) funktsionaalsuse, kuid m\u00f5ningaid detaile kohandati maastikule paremini sobivamateks. Kangas on kerge,<\/p>\n","protected":false},"featured_media":102390,"template":"","meta":[],"product_brand":[],"product_cat":[111],"product_tag":[],"class_list":{"0":"post-76619","1":"product","2":"type-product","3":"status-publish","4":"has-post-thumbnail","6":"product_cat-puksid","7":"pa_brand-helikon-tex","8":"pa_color-adaptive-green-2","9":"pa_color-black-2","10":"pa_color-khaki-2","11":"pa_color-mud-brown-2","12":"pa_color-multicam-2","13":"pa_color-olive-drab-2","14":"pa_color-olive-green-2","15":"pa_color-pencott-wildwood-2","16":"pa_color-shadow-grey-2","17":"pa_color-taiga-green-2","18":"pa_size-large-long-34-34-2","19":"pa_size-large-regular-34-32-2","20":"pa_size-medium-long-32-34-2","21":"pa_size-medium-regular-32-32-2","22":"pa_size-xlarge-long-36-34-2","23":"pa_size-xlarge-regular-36-32-2","25":"first","26":"instock","27":"taxable","28":"shipping-taxable","29":"purchasable","30":"product-type-variable"},"yoast_head":"<!-- This site is optimized with the Yoast SEO plugin v27.2 - https:\/\/yoast.com\/product\/yoast-seo-wordpress\/ -->\n<title>Helikon-Tex\u00ae taktikalised p\u00fcksid OTP Pants - VersaStretch\u00ae - Outdoors<\/title>\n<meta name=\"robots\" content=\"index, follow, max-snippet:-1, max-image-preview:large, max-video-preview:-1\" \/>\n<link rel=\"canonical\" href=\"https:\/\/www.outdoors.ee\/et\/toode\/taktikalised-puksid-outdoor-tactical-pants-otp-versastretch\/\" \/>\n<meta property=\"og:locale\" content=\"et_EE\" \/>\n<meta property=\"og:type\" content=\"article\" \/>\n<meta property=\"og:title\" content=\"Helikon-Tex\u00ae taktikalised p\u00fcksid OTP Pants - VersaStretch\u00ae - Outdoors\" \/>\n<meta property=\"og:description\" content=\"Need p\u00fcksid on s\u00e4ilitanud oma eelk\u00e4ija (Urban Tactical Pants\u00ae) funktsionaalsuse, kuid m\u00f5ningaid detaile kohandati maastikule paremini sobivamateks. Kangas on kerge,\" \/>\n<meta property=\"og:url\" content=\"https:\/\/www.outdoors.ee\/et\/toode\/taktikalised-puksid-outdoor-tactical-pants-otp-versastretch\/\" \/>\n<meta property=\"og:site_name\" content=\"Outdoors\" \/>\n<meta property=\"article:modified_time\" content=\"2025-08-29T21:24:43+00:00\" \/>\n<meta property=\"og:image\" content=\"https:\/\/www.outdoors.ee\/wp-content\/uploads\/2022\/12\/Helikon-Tex\u00ae-Outdoor-Tactical-Pants-VersaStretch\u00ae-Coyote.jpg\" \/>\n\t<meta property=\"og:image:width\" content=\"1500\" \/>\n\t<meta property=\"og:image:height\" content=\"1500\" \/>\n\t<meta property=\"og:image:type\" content=\"image\/jpeg\" \/>\n<meta name=\"twitter:card\" content=\"summary_large_image\" \/>\n<meta name=\"twitter:label1\" content=\"Est. reading time\" \/>\n\t<meta name=\"twitter:data1\" content=\"1 minut\" \/>\n<script type=\"application\/ld+json\" class=\"yoast-schema-graph\">{\"@context\":\"https:\/\/schema.org\",\"@graph\":[{\"@type\":\"WebPage\",\"@id\":\"https:\/\/www.outdoors.ee\/et\/toode\/taktikalised-puksid-outdoor-tactical-pants-otp-versastretch\/\",\"url\":\"https:\/\/www.outdoors.ee\/et\/toode\/taktikalised-puksid-outdoor-tactical-pants-otp-versastretch\/\",\"name\":\"Helikon-Tex\u00ae taktikalised p\u00fcksid OTP Pants - VersaStretch\u00ae - Outdoors\",\"isPartOf\":{\"@id\":\"https:\/\/www.outdoors.ee\/#website\"},\"primaryImageOfPage\":{\"@id\":\"https:\/\/www.outdoors.ee\/et\/toode\/taktikalised-puksid-outdoor-tactical-pants-otp-versastretch\/#primaryimage\"},\"image\":{\"@id\":\"https:\/\/www.outdoors.ee\/et\/toode\/taktikalised-puksid-outdoor-tactical-pants-otp-versastretch\/#primaryimage\"},\"thumbnailUrl\":\"https:\/\/www.outdoors.ee\/wp-content\/uploads\/2022\/12\/Helikon-Tex\u00ae-Outdoor-Tactical-Pants-VersaStretch\u00ae-Coyote.jpg\",\"datePublished\":\"2022-12-21T19:07:35+00:00\",\"dateModified\":\"2025-08-29T21:24:43+00:00\",\"breadcrumb\":{\"@id\":\"https:\/\/www.outdoors.ee\/et\/toode\/taktikalised-puksid-outdoor-tactical-pants-otp-versastretch\/#breadcrumb\"},\"inLanguage\":\"et\",\"potentialAction\":[{\"@type\":\"ReadAction\",\"target\":[\"https:\/\/www.outdoors.ee\/et\/toode\/taktikalised-puksid-outdoor-tactical-pants-otp-versastretch\/\"]}]},{\"@type\":\"ImageObject\",\"inLanguage\":\"et\",\"@id\":\"https:\/\/www.outdoors.ee\/et\/toode\/taktikalised-puksid-outdoor-tactical-pants-otp-versastretch\/#primaryimage\",\"url\":\"https:\/\/www.outdoors.ee\/wp-content\/uploads\/2022\/12\/Helikon-Tex\u00ae-Outdoor-Tactical-Pants-VersaStretch\u00ae-Coyote.jpg\",\"contentUrl\":\"https:\/\/www.outdoors.ee\/wp-content\/uploads\/2022\/12\/Helikon-Tex\u00ae-Outdoor-Tactical-Pants-VersaStretch\u00ae-Coyote.jpg\",\"width\":1500,\"height\":1500},{\"@type\":\"BreadcrumbList\",\"@id\":\"https:\/\/www.outdoors.ee\/et\/toode\/taktikalised-puksid-outdoor-tactical-pants-otp-versastretch\/#breadcrumb\",\"itemListElement\":[{\"@type\":\"ListItem\",\"position\":1,\"name\":\"Home\",\"item\":\"https:\/\/www.outdoors.ee\/et\/\"},{\"@type\":\"ListItem\",\"position\":2,\"name\":\"Tooted\",\"item\":\"https:\/\/www.outdoors.ee\/products\/\"},{\"@type\":\"ListItem\",\"position\":3,\"name\":\"Helikon-Tex\u00ae taktikalised p\u00fcksid OTP Pants &#8211; VersaStretch\u00ae\"}]},{\"@type\":\"WebSite\",\"@id\":\"https:\/\/www.outdoors.ee\/#website\",\"url\":\"https:\/\/www.outdoors.ee\/\",\"name\":\"Outdoors\",\"description\":\"Genuine military surplus and not only!\",\"potentialAction\":[{\"@type\":\"SearchAction\",\"target\":{\"@type\":\"EntryPoint\",\"urlTemplate\":\"https:\/\/www.outdoors.ee\/?s={search_term_string}\"},\"query-input\":{\"@type\":\"PropertyValueSpecification\",\"valueRequired\":true,\"valueName\":\"search_term_string\"}}],\"inLanguage\":\"et\"}]}<\/script>\n<!-- \/ Yoast SEO plugin. -->","yoast_head_json":{"title":"Helikon-Tex\u00ae taktikalised p\u00fcksid OTP Pants - VersaStretch\u00ae - Outdoors","robots":{"index":"index","follow":"follow","max-snippet":"max-snippet:-1","max-image-preview":"max-image-preview:large","max-video-preview":"max-video-preview:-1"},"canonical":"https:\/\/www.outdoors.ee\/et\/toode\/taktikalised-puksid-outdoor-tactical-pants-otp-versastretch\/","og_locale":"et_EE","og_type":"article","og_title":"Helikon-Tex\u00ae taktikalised p\u00fcksid OTP Pants - VersaStretch\u00ae - Outdoors","og_description":"Need p\u00fcksid on s\u00e4ilitanud oma eelk\u00e4ija (Urban Tactical Pants\u00ae) funktsionaalsuse, kuid m\u00f5ningaid detaile kohandati maastikule paremini sobivamateks. Kangas on kerge,","og_url":"https:\/\/www.outdoors.ee\/et\/toode\/taktikalised-puksid-outdoor-tactical-pants-otp-versastretch\/","og_site_name":"Outdoors","article_modified_time":"2025-08-29T21:24:43+00:00","og_image":[{"width":1500,"height":1500,"url":"https:\/\/www.outdoors.ee\/wp-content\/uploads\/2022\/12\/Helikon-Tex\u00ae-Outdoor-Tactical-Pants-VersaStretch\u00ae-Coyote.jpg","type":"image\/jpeg"}],"twitter_card":"summary_large_image","twitter_misc":{"Est. reading time":"1 minut"},"schema":{"@context":"https:\/\/schema.org","@graph":[{"@type":"WebPage","@id":"https:\/\/www.outdoors.ee\/et\/toode\/taktikalised-puksid-outdoor-tactical-pants-otp-versastretch\/","url":"https:\/\/www.outdoors.ee\/et\/toode\/taktikalised-puksid-outdoor-tactical-pants-otp-versastretch\/","name":"Helikon-Tex\u00ae taktikalised p\u00fcksid OTP Pants - VersaStretch\u00ae - Outdoors","isPartOf":{"@id":"https:\/\/www.outdoors.ee\/#website"},"primaryImageOfPage":{"@id":"https:\/\/www.outdoors.ee\/et\/toode\/taktikalised-puksid-outdoor-tactical-pants-otp-versastretch\/#primaryimage"},"image":{"@id":"https:\/\/www.outdoors.ee\/et\/toode\/taktikalised-puksid-outdoor-tactical-pants-otp-versastretch\/#primaryimage"},"thumbnailUrl":"https:\/\/www.outdoors.ee\/wp-content\/uploads\/2022\/12\/Helikon-Tex\u00ae-Outdoor-Tactical-Pants-VersaStretch\u00ae-Coyote.jpg","datePublished":"2022-12-21T19:07:35+00:00","dateModified":"2025-08-29T21:24:43+00:00","breadcrumb":{"@id":"https:\/\/www.outdoors.ee\/et\/toode\/taktikalised-puksid-outdoor-tactical-pants-otp-versastretch\/#breadcrumb"},"inLanguage":"et","potentialAction":[{"@type":"ReadAction","target":["https:\/\/www.outdoors.ee\/et\/toode\/taktikalised-puksid-outdoor-tactical-pants-otp-versastretch\/"]}]},{"@type":"ImageObject","inLanguage":"et","@id":"https:\/\/www.outdoors.ee\/et\/toode\/taktikalised-puksid-outdoor-tactical-pants-otp-versastretch\/#primaryimage","url":"https:\/\/www.outdoors.ee\/wp-content\/uploads\/2022\/12\/Helikon-Tex\u00ae-Outdoor-Tactical-Pants-VersaStretch\u00ae-Coyote.jpg","contentUrl":"https:\/\/www.outdoors.ee\/wp-content\/uploads\/2022\/12\/Helikon-Tex\u00ae-Outdoor-Tactical-Pants-VersaStretch\u00ae-Coyote.jpg","width":1500,"height":1500},{"@type":"BreadcrumbList","@id":"https:\/\/www.outdoors.ee\/et\/toode\/taktikalised-puksid-outdoor-tactical-pants-otp-versastretch\/#breadcrumb","itemListElement":[{"@type":"ListItem","position":1,"name":"Home","item":"https:\/\/www.outdoors.ee\/et\/"},{"@type":"ListItem","position":2,"name":"Tooted","item":"https:\/\/www.outdoors.ee\/products\/"},{"@type":"ListItem","position":3,"name":"Helikon-Tex\u00ae taktikalised p\u00fcksid OTP Pants &#8211; VersaStretch\u00ae"}]},{"@type":"WebSite","@id":"https:\/\/www.outdoors.ee\/#website","url":"https:\/\/www.outdoors.ee\/","name":"Outdoors","description":"Genuine military surplus and not only!","potentialAction":[{"@type":"SearchAction","target":{"@type":"EntryPoint","urlTemplate":"https:\/\/www.outdoors.ee\/?s={search_term_string}"},"query-input":{"@type":"PropertyValueSpecification","valueRequired":true,"valueName":"search_term_string"}}],"inLanguage":"et"}]}},"_links":{"self":[{"href":"https:\/\/www.outdoors.ee\/et\/wp-json\/wp\/v2\/product\/76619","targetHints":{"allow":["GET"]}}],"collection":[{"href":"https:\/\/www.outdoors.ee\/et\/wp-json\/wp\/v2\/product"}],"about":[{"href":"https:\/\/www.outdoors.ee\/et\/wp-json\/wp\/v2\/types\/product"}],"wp:featuredmedia":[{"embeddable":true,"href":"https:\/\/www.outdoors.ee\/et\/wp-json\/wp\/v2\/media\/102390"}],"wp:attachment":[{"href":"https:\/\/www.outdoors.ee\/et\/wp-json\/wp\/v2\/media?parent=76619"}],"wp:term":[{"taxonomy":"product_brand","embeddable":true,"href":"https:\/\/www.outdoors.ee\/et\/wp-json\/wp\/v2\/product_brand?post=76619"},{"taxonomy":"product_cat","embeddable":true,"href":"https:\/\/www.outdoors.ee\/et\/wp-json\/wp\/v2\/product_cat?post=76619"},{"taxonomy":"product_tag","embeddable":true,"href":"https:\/\/www.outdoors.ee\/et\/wp-json\/wp\/v2\/product_tag?post=76619"}],"curies":[{"name":"wp","href":"https:\/\/api.w.org\/{rel}","templated":true}]}}