{"id":76344,"date":"2022-12-20T09:39:40","date_gmt":"2022-12-20T07:39:40","guid":{"rendered":"https:\/\/www.outdoors.ee\/?post_type=product&#038;p=76344"},"modified":"2025-09-01T11:38:27","modified_gmt":"2025-09-01T08:38:27","slug":"valijope-covert-m-65-jacket","status":"publish","type":"product","link":"https:\/\/www.outdoors.ee\/et\/toode\/valijope-covert-m-65-jacket\/","title":{"rendered":"Helikon-Tex\u00ae v\u00e4lijope M65 Covert Jacket"},"content":{"rendered":"<p>Covert M65 Jacket on kaasaaegne v\u00e4lijope, mis p\u00f5hineb ikoonilisel M65 v\u00e4lijope mudelil. Jope on varustatud suure hulgaga funktsionaalseid taskuid s\u00e4ilitades samal ajal diskreetse v\u00e4limuse. Vastupidav DuraCanvas\u00ae kangas teeb selle mugavaks ning praktiliseks ka igap\u00e4evases kasutuses s\u00fcgis-talve perioodil, pakkudes kaitset tuule ning kerge vihma vastu. Jope sisaldab minimalistlikku v\u00f6\u00f6kotti, mis kinnitub jope k\u00fclge sisetaskuna t\u00f5mbluku abil.<\/p>\n<p><strong>Omadused:<\/strong><\/p>\n<ul>\n<li>t\u00e4ispikkuses t\u00f5mbluku ning tormklapiga eest suletav<\/li>\n<li>t\u00f5mbluku abil kinnituv sisetasku, mida saab kasutada v\u00f6\u00f6kotina<\/li>\n<li>sisemised salvetaskud<\/li>\n<li>4 suurt v\u00e4limist taskut<\/li>\n<li>v\u00e4ike tasku vasakul k\u00e4isel<\/li>\n<li>t\u00f5mblukuga rinnatasku tormklapi all<\/li>\n<li>kraesse kokkupandav, pingutusn\u00f6\u00f6riga kapuuts<\/li>\n<li>tugevdused k\u00fc\u00fcnarnukkide piirkonnas<\/li>\n<li>&#8220;Kadana&#8221; t\u00fc\u00fcpi n\u00f6\u00f6bid<\/li>\n<li>vastupidav DuraCanvas\u00ae kangas<\/li>\n<li>materjal: Main fabric: 65% pol\u00fcester, 33% puuvill, 2% elastaan. Mesh &amp; inserts: 100% pol\u00fcester. Lining: 65% pol\u00fcester, 35% puuvill. Insert: 93% nailon, 7% elastaan.<\/li>\n<li>kaal 1346g<\/li>\n<\/ul>\n<p><strong>Seisukord:<\/strong> uus<\/p>\n","protected":false},"excerpt":{"rendered":"<p>Covert M65 Jacket on kaasaaegne v\u00e4lijope, mis p\u00f5hineb ikoonilisel M65 v\u00e4lijope mudelil. Jope on varustatud suure hulgaga funktsionaalseid taskuid s\u00e4ilitades<\/p>\n","protected":false},"featured_media":102225,"template":"","meta":[],"product_brand":[],"product_cat":[101],"product_tag":[],"class_list":{"0":"post-76344","1":"product","2":"type-product","3":"status-publish","4":"has-post-thumbnail","6":"product_cat-joped-parkad","7":"pa_brand-helikon-tex","8":"pa_color-ash-grey-2","9":"pa_color-black-2","10":"pa_color-taiga-green-2","11":"pa_color-taiga-green-black-2","12":"pa_size-l-2","13":"pa_size-m-2","14":"pa_size-xl-2","16":"first","17":"instock","18":"taxable","19":"shipping-taxable","20":"purchasable","21":"product-type-variable"},"yoast_head":"<!-- This site is optimized with the Yoast SEO plugin v27.2 - https:\/\/yoast.com\/product\/yoast-seo-wordpress\/ -->\n<title>Helikon-Tex\u00ae v\u00e4lijope M65 Covert Jacket - Outdoors<\/title>\n<meta name=\"robots\" content=\"index, follow, max-snippet:-1, max-image-preview:large, max-video-preview:-1\" \/>\n<link rel=\"canonical\" href=\"https:\/\/www.outdoors.ee\/et\/toode\/valijope-covert-m-65-jacket\/\" \/>\n<meta property=\"og:locale\" content=\"et_EE\" \/>\n<meta property=\"og:type\" content=\"article\" \/>\n<meta property=\"og:title\" content=\"Helikon-Tex\u00ae v\u00e4lijope M65 Covert Jacket - Outdoors\" \/>\n<meta property=\"og:description\" content=\"Covert M65 Jacket on kaasaaegne v\u00e4lijope, mis p\u00f5hineb ikoonilisel M65 v\u00e4lijope mudelil. Jope on varustatud suure hulgaga funktsionaalseid taskuid s\u00e4ilitades\" \/>\n<meta property=\"og:url\" content=\"https:\/\/www.outdoors.ee\/et\/toode\/valijope-covert-m-65-jacket\/\" \/>\n<meta property=\"og:site_name\" content=\"Outdoors\" \/>\n<meta property=\"article:modified_time\" content=\"2025-09-01T08:38:27+00:00\" \/>\n<meta property=\"og:image\" content=\"https:\/\/www.outdoors.ee\/wp-content\/uploads\/2022\/12\/Helikon-Tex\u00ae-Covert-M65-Jacket-Taiga-Green.jpg\" \/>\n\t<meta property=\"og:image:width\" content=\"1500\" \/>\n\t<meta property=\"og:image:height\" content=\"1500\" \/>\n\t<meta property=\"og:image:type\" content=\"image\/jpeg\" \/>\n<meta name=\"twitter:card\" content=\"summary_large_image\" \/>\n<meta name=\"twitter:label1\" content=\"Est. reading time\" \/>\n\t<meta name=\"twitter:data1\" content=\"1 minut\" \/>\n<script type=\"application\/ld+json\" class=\"yoast-schema-graph\">{\"@context\":\"https:\/\/schema.org\",\"@graph\":[{\"@type\":\"WebPage\",\"@id\":\"https:\/\/www.outdoors.ee\/et\/toode\/valijope-covert-m-65-jacket\/\",\"url\":\"https:\/\/www.outdoors.ee\/et\/toode\/valijope-covert-m-65-jacket\/\",\"name\":\"Helikon-Tex\u00ae v\u00e4lijope M65 Covert Jacket - Outdoors\",\"isPartOf\":{\"@id\":\"https:\/\/www.outdoors.ee\/#website\"},\"primaryImageOfPage\":{\"@id\":\"https:\/\/www.outdoors.ee\/et\/toode\/valijope-covert-m-65-jacket\/#primaryimage\"},\"image\":{\"@id\":\"https:\/\/www.outdoors.ee\/et\/toode\/valijope-covert-m-65-jacket\/#primaryimage\"},\"thumbnailUrl\":\"https:\/\/www.outdoors.ee\/wp-content\/uploads\/2022\/12\/Helikon-Tex\u00ae-Covert-M65-Jacket-Taiga-Green.jpg\",\"datePublished\":\"2022-12-20T07:39:40+00:00\",\"dateModified\":\"2025-09-01T08:38:27+00:00\",\"breadcrumb\":{\"@id\":\"https:\/\/www.outdoors.ee\/et\/toode\/valijope-covert-m-65-jacket\/#breadcrumb\"},\"inLanguage\":\"et\",\"potentialAction\":[{\"@type\":\"ReadAction\",\"target\":[\"https:\/\/www.outdoors.ee\/et\/toode\/valijope-covert-m-65-jacket\/\"]}]},{\"@type\":\"ImageObject\",\"inLanguage\":\"et\",\"@id\":\"https:\/\/www.outdoors.ee\/et\/toode\/valijope-covert-m-65-jacket\/#primaryimage\",\"url\":\"https:\/\/www.outdoors.ee\/wp-content\/uploads\/2022\/12\/Helikon-Tex\u00ae-Covert-M65-Jacket-Taiga-Green.jpg\",\"contentUrl\":\"https:\/\/www.outdoors.ee\/wp-content\/uploads\/2022\/12\/Helikon-Tex\u00ae-Covert-M65-Jacket-Taiga-Green.jpg\",\"width\":1500,\"height\":1500},{\"@type\":\"BreadcrumbList\",\"@id\":\"https:\/\/www.outdoors.ee\/et\/toode\/valijope-covert-m-65-jacket\/#breadcrumb\",\"itemListElement\":[{\"@type\":\"ListItem\",\"position\":1,\"name\":\"Home\",\"item\":\"https:\/\/www.outdoors.ee\/et\/\"},{\"@type\":\"ListItem\",\"position\":2,\"name\":\"Tooted\",\"item\":\"https:\/\/www.outdoors.ee\/products\/\"},{\"@type\":\"ListItem\",\"position\":3,\"name\":\"Helikon-Tex\u00ae v\u00e4lijope M65 Covert Jacket\"}]},{\"@type\":\"WebSite\",\"@id\":\"https:\/\/www.outdoors.ee\/#website\",\"url\":\"https:\/\/www.outdoors.ee\/\",\"name\":\"Outdoors\",\"description\":\"Genuine military surplus and not only!\",\"potentialAction\":[{\"@type\":\"SearchAction\",\"target\":{\"@type\":\"EntryPoint\",\"urlTemplate\":\"https:\/\/www.outdoors.ee\/?s={search_term_string}\"},\"query-input\":{\"@type\":\"PropertyValueSpecification\",\"valueRequired\":true,\"valueName\":\"search_term_string\"}}],\"inLanguage\":\"et\"}]}<\/script>\n<!-- \/ Yoast SEO plugin. -->","yoast_head_json":{"title":"Helikon-Tex\u00ae v\u00e4lijope M65 Covert Jacket - Outdoors","robots":{"index":"index","follow":"follow","max-snippet":"max-snippet:-1","max-image-preview":"max-image-preview:large","max-video-preview":"max-video-preview:-1"},"canonical":"https:\/\/www.outdoors.ee\/et\/toode\/valijope-covert-m-65-jacket\/","og_locale":"et_EE","og_type":"article","og_title":"Helikon-Tex\u00ae v\u00e4lijope M65 Covert Jacket - Outdoors","og_description":"Covert M65 Jacket on kaasaaegne v\u00e4lijope, mis p\u00f5hineb ikoonilisel M65 v\u00e4lijope mudelil. Jope on varustatud suure hulgaga funktsionaalseid taskuid s\u00e4ilitades","og_url":"https:\/\/www.outdoors.ee\/et\/toode\/valijope-covert-m-65-jacket\/","og_site_name":"Outdoors","article_modified_time":"2025-09-01T08:38:27+00:00","og_image":[{"width":1500,"height":1500,"url":"https:\/\/www.outdoors.ee\/wp-content\/uploads\/2022\/12\/Helikon-Tex\u00ae-Covert-M65-Jacket-Taiga-Green.jpg","type":"image\/jpeg"}],"twitter_card":"summary_large_image","twitter_misc":{"Est. reading time":"1 minut"},"schema":{"@context":"https:\/\/schema.org","@graph":[{"@type":"WebPage","@id":"https:\/\/www.outdoors.ee\/et\/toode\/valijope-covert-m-65-jacket\/","url":"https:\/\/www.outdoors.ee\/et\/toode\/valijope-covert-m-65-jacket\/","name":"Helikon-Tex\u00ae v\u00e4lijope M65 Covert Jacket - Outdoors","isPartOf":{"@id":"https:\/\/www.outdoors.ee\/#website"},"primaryImageOfPage":{"@id":"https:\/\/www.outdoors.ee\/et\/toode\/valijope-covert-m-65-jacket\/#primaryimage"},"image":{"@id":"https:\/\/www.outdoors.ee\/et\/toode\/valijope-covert-m-65-jacket\/#primaryimage"},"thumbnailUrl":"https:\/\/www.outdoors.ee\/wp-content\/uploads\/2022\/12\/Helikon-Tex\u00ae-Covert-M65-Jacket-Taiga-Green.jpg","datePublished":"2022-12-20T07:39:40+00:00","dateModified":"2025-09-01T08:38:27+00:00","breadcrumb":{"@id":"https:\/\/www.outdoors.ee\/et\/toode\/valijope-covert-m-65-jacket\/#breadcrumb"},"inLanguage":"et","potentialAction":[{"@type":"ReadAction","target":["https:\/\/www.outdoors.ee\/et\/toode\/valijope-covert-m-65-jacket\/"]}]},{"@type":"ImageObject","inLanguage":"et","@id":"https:\/\/www.outdoors.ee\/et\/toode\/valijope-covert-m-65-jacket\/#primaryimage","url":"https:\/\/www.outdoors.ee\/wp-content\/uploads\/2022\/12\/Helikon-Tex\u00ae-Covert-M65-Jacket-Taiga-Green.jpg","contentUrl":"https:\/\/www.outdoors.ee\/wp-content\/uploads\/2022\/12\/Helikon-Tex\u00ae-Covert-M65-Jacket-Taiga-Green.jpg","width":1500,"height":1500},{"@type":"BreadcrumbList","@id":"https:\/\/www.outdoors.ee\/et\/toode\/valijope-covert-m-65-jacket\/#breadcrumb","itemListElement":[{"@type":"ListItem","position":1,"name":"Home","item":"https:\/\/www.outdoors.ee\/et\/"},{"@type":"ListItem","position":2,"name":"Tooted","item":"https:\/\/www.outdoors.ee\/products\/"},{"@type":"ListItem","position":3,"name":"Helikon-Tex\u00ae v\u00e4lijope M65 Covert Jacket"}]},{"@type":"WebSite","@id":"https:\/\/www.outdoors.ee\/#website","url":"https:\/\/www.outdoors.ee\/","name":"Outdoors","description":"Genuine military surplus and not only!","potentialAction":[{"@type":"SearchAction","target":{"@type":"EntryPoint","urlTemplate":"https:\/\/www.outdoors.ee\/?s={search_term_string}"},"query-input":{"@type":"PropertyValueSpecification","valueRequired":true,"valueName":"search_term_string"}}],"inLanguage":"et"}]}},"_links":{"self":[{"href":"https:\/\/www.outdoors.ee\/et\/wp-json\/wp\/v2\/product\/76344","targetHints":{"allow":["GET"]}}],"collection":[{"href":"https:\/\/www.outdoors.ee\/et\/wp-json\/wp\/v2\/product"}],"about":[{"href":"https:\/\/www.outdoors.ee\/et\/wp-json\/wp\/v2\/types\/product"}],"wp:featuredmedia":[{"embeddable":true,"href":"https:\/\/www.outdoors.ee\/et\/wp-json\/wp\/v2\/media\/102225"}],"wp:attachment":[{"href":"https:\/\/www.outdoors.ee\/et\/wp-json\/wp\/v2\/media?parent=76344"}],"wp:term":[{"taxonomy":"product_brand","embeddable":true,"href":"https:\/\/www.outdoors.ee\/et\/wp-json\/wp\/v2\/product_brand?post=76344"},{"taxonomy":"product_cat","embeddable":true,"href":"https:\/\/www.outdoors.ee\/et\/wp-json\/wp\/v2\/product_cat?post=76344"},{"taxonomy":"product_tag","embeddable":true,"href":"https:\/\/www.outdoors.ee\/et\/wp-json\/wp\/v2\/product_tag?post=76344"}],"curies":[{"name":"wp","href":"https:\/\/api.w.org\/{rel}","templated":true}]}}