{"id":76238,"date":"2022-12-19T14:03:22","date_gmt":"2022-12-19T12:03:22","guid":{"rendered":"https:\/\/www.outdoors.ee\/?post_type=product&#038;p=76238"},"modified":"2025-09-21T09:42:09","modified_gmt":"2025-09-21T06:42:09","slug":"fliisjope-liberty-jacket-double-fleece","status":"publish","type":"product","link":"https:\/\/www.outdoors.ee\/et\/toode\/fliisjope-liberty-jacket-double-fleece\/","title":{"rendered":"Helikon-Tex\u00ae fliisjope Liberty Jacket &#8211; Double Fleece"},"content":{"rendered":"<p>Vastupidav fliisjope k\u00fclma ilmastiku tingimustesse.<\/p>\n<p><strong>Omadused:<\/strong><\/p>\n<ul>\n<li>k\u00f5rge soojaisolatsiooniga fliisjope<\/li>\n<li>kantav nii sooja vahekihina kui eraldi jopena<\/li>\n<li>p\u00fcstkrae pingutusn\u00f6\u00f6riga<\/li>\n<li>kaenlaalune ventilatisoon t\u00f5mblukkude n\u00e4ol<\/li>\n<li>t\u00f5mblukuga taskud k\u00e4istel<\/li>\n<li>t\u00e4ispikkuses kahesuunaline t\u00f5mblukk sisemise tormklapiga<\/li>\n<li>t\u00f5mblukuga taskud rinnal<\/li>\n<li>2 t\u00f5mblukkudega k\u00e4etaskut<\/li>\n<li>v\u00e4ike tasku t\u00f5mblukuga vasakul k\u00e4isel<\/li>\n<li>tagumine \u201ctunnel-tasku\u201d t\u00f5mblukuga kummaski otsas<\/li>\n<li>tugevdused \u00f5lgade ning k\u00fc\u00fcnarnukkide piirkondades<\/li>\n<li>takjapaela abil reguleeritav manseti laius<\/li>\n<li>alumise \u00e4\u00e4re pingutusn\u00f6\u00f6r<\/li>\n<li>sirge l\u00f5ige<\/li>\n<li>materjal: 100% pol\u00fcester, 390g\/m2<\/li>\n<li>kaal 1165g<\/li>\n<\/ul>\n<p><strong>Seisukord:<\/strong>\u00a0uus<\/p>\n","protected":false},"excerpt":{"rendered":"<p>Vastupidav fliisjope k\u00fclma ilmastiku tingimustesse. Omadused: k\u00f5rge soojaisolatsiooniga fliisjope kantav nii sooja vahekihina kui eraldi jopena p\u00fcstkrae pingutusn\u00f6\u00f6riga kaenlaalune ventilatisoon<\/p>\n","protected":false},"featured_media":76215,"template":"","meta":[],"product_brand":[],"product_cat":[101],"product_tag":[],"class_list":{"0":"post-76238","1":"product","2":"type-product","3":"status-publish","4":"has-post-thumbnail","6":"product_cat-joped-parkad","7":"pa_brand-helikon-tex","8":"pa_color-black-2","9":"pa_color-coyote-2","10":"pa_color-jungle-green-2","11":"pa_color-olive-black-2","12":"pa_color-shadow-grey-2","13":"pa_size-l-2","14":"pa_size-m-2","15":"pa_size-s-2","16":"pa_size-xl-2","18":"first","19":"instock","20":"taxable","21":"shipping-taxable","22":"purchasable","23":"product-type-variable"},"yoast_head":"<!-- This site is optimized with the Yoast SEO plugin v27.2 - https:\/\/yoast.com\/product\/yoast-seo-wordpress\/ -->\n<title>Helikon-Tex\u00ae fliisjope Liberty Jacket - Double Fleece - Outdoors<\/title>\n<meta name=\"robots\" content=\"index, follow, max-snippet:-1, max-image-preview:large, max-video-preview:-1\" \/>\n<link rel=\"canonical\" href=\"https:\/\/www.outdoors.ee\/et\/toode\/fliisjope-liberty-jacket-double-fleece\/\" \/>\n<meta property=\"og:locale\" content=\"et_EE\" \/>\n<meta property=\"og:type\" content=\"article\" \/>\n<meta property=\"og:title\" content=\"Helikon-Tex\u00ae fliisjope Liberty Jacket - Double Fleece - Outdoors\" \/>\n<meta property=\"og:description\" content=\"Vastupidav fliisjope k\u00fclma ilmastiku tingimustesse. Omadused: k\u00f5rge soojaisolatsiooniga fliisjope kantav nii sooja vahekihina kui eraldi jopena p\u00fcstkrae pingutusn\u00f6\u00f6riga kaenlaalune ventilatisoon\" \/>\n<meta property=\"og:url\" content=\"https:\/\/www.outdoors.ee\/et\/toode\/fliisjope-liberty-jacket-double-fleece\/\" \/>\n<meta property=\"og:site_name\" content=\"Outdoors\" \/>\n<meta property=\"article:modified_time\" content=\"2025-09-21T06:42:09+00:00\" \/>\n<meta property=\"og:image\" content=\"https:\/\/www.outdoors.ee\/wp-content\/uploads\/2022\/12\/Helikon-Tex\u00ae-Liberty-Jacket-Double-Fleece-2.jpeg\" \/>\n\t<meta property=\"og:image:width\" content=\"1500\" \/>\n\t<meta property=\"og:image:height\" content=\"1500\" \/>\n\t<meta property=\"og:image:type\" content=\"image\/jpeg\" \/>\n<meta name=\"twitter:card\" content=\"summary_large_image\" \/>\n<meta name=\"twitter:label1\" content=\"Est. reading time\" \/>\n\t<meta name=\"twitter:data1\" content=\"1 minut\" \/>\n<script type=\"application\/ld+json\" class=\"yoast-schema-graph\">{\"@context\":\"https:\/\/schema.org\",\"@graph\":[{\"@type\":\"WebPage\",\"@id\":\"https:\/\/www.outdoors.ee\/et\/toode\/fliisjope-liberty-jacket-double-fleece\/\",\"url\":\"https:\/\/www.outdoors.ee\/et\/toode\/fliisjope-liberty-jacket-double-fleece\/\",\"name\":\"Helikon-Tex\u00ae fliisjope Liberty Jacket - Double Fleece - Outdoors\",\"isPartOf\":{\"@id\":\"https:\/\/www.outdoors.ee\/#website\"},\"primaryImageOfPage\":{\"@id\":\"https:\/\/www.outdoors.ee\/et\/toode\/fliisjope-liberty-jacket-double-fleece\/#primaryimage\"},\"image\":{\"@id\":\"https:\/\/www.outdoors.ee\/et\/toode\/fliisjope-liberty-jacket-double-fleece\/#primaryimage\"},\"thumbnailUrl\":\"https:\/\/www.outdoors.ee\/wp-content\/uploads\/2022\/12\/Helikon-Tex\u00ae-Liberty-Jacket-Double-Fleece-2.jpeg\",\"datePublished\":\"2022-12-19T12:03:22+00:00\",\"dateModified\":\"2025-09-21T06:42:09+00:00\",\"breadcrumb\":{\"@id\":\"https:\/\/www.outdoors.ee\/et\/toode\/fliisjope-liberty-jacket-double-fleece\/#breadcrumb\"},\"inLanguage\":\"et\",\"potentialAction\":[{\"@type\":\"ReadAction\",\"target\":[\"https:\/\/www.outdoors.ee\/et\/toode\/fliisjope-liberty-jacket-double-fleece\/\"]}]},{\"@type\":\"ImageObject\",\"inLanguage\":\"et\",\"@id\":\"https:\/\/www.outdoors.ee\/et\/toode\/fliisjope-liberty-jacket-double-fleece\/#primaryimage\",\"url\":\"https:\/\/www.outdoors.ee\/wp-content\/uploads\/2022\/12\/Helikon-Tex\u00ae-Liberty-Jacket-Double-Fleece-2.jpeg\",\"contentUrl\":\"https:\/\/www.outdoors.ee\/wp-content\/uploads\/2022\/12\/Helikon-Tex\u00ae-Liberty-Jacket-Double-Fleece-2.jpeg\",\"width\":1500,\"height\":1500},{\"@type\":\"BreadcrumbList\",\"@id\":\"https:\/\/www.outdoors.ee\/et\/toode\/fliisjope-liberty-jacket-double-fleece\/#breadcrumb\",\"itemListElement\":[{\"@type\":\"ListItem\",\"position\":1,\"name\":\"Home\",\"item\":\"https:\/\/www.outdoors.ee\/et\/\"},{\"@type\":\"ListItem\",\"position\":2,\"name\":\"Tooted\",\"item\":\"https:\/\/www.outdoors.ee\/products\/\"},{\"@type\":\"ListItem\",\"position\":3,\"name\":\"Helikon-Tex\u00ae fliisjope Liberty Jacket &#8211; Double Fleece\"}]},{\"@type\":\"WebSite\",\"@id\":\"https:\/\/www.outdoors.ee\/#website\",\"url\":\"https:\/\/www.outdoors.ee\/\",\"name\":\"Outdoors\",\"description\":\"Genuine military surplus and not only!\",\"potentialAction\":[{\"@type\":\"SearchAction\",\"target\":{\"@type\":\"EntryPoint\",\"urlTemplate\":\"https:\/\/www.outdoors.ee\/?s={search_term_string}\"},\"query-input\":{\"@type\":\"PropertyValueSpecification\",\"valueRequired\":true,\"valueName\":\"search_term_string\"}}],\"inLanguage\":\"et\"}]}<\/script>\n<!-- \/ Yoast SEO plugin. -->","yoast_head_json":{"title":"Helikon-Tex\u00ae fliisjope Liberty Jacket - Double Fleece - Outdoors","robots":{"index":"index","follow":"follow","max-snippet":"max-snippet:-1","max-image-preview":"max-image-preview:large","max-video-preview":"max-video-preview:-1"},"canonical":"https:\/\/www.outdoors.ee\/et\/toode\/fliisjope-liberty-jacket-double-fleece\/","og_locale":"et_EE","og_type":"article","og_title":"Helikon-Tex\u00ae fliisjope Liberty Jacket - Double Fleece - Outdoors","og_description":"Vastupidav fliisjope k\u00fclma ilmastiku tingimustesse. Omadused: k\u00f5rge soojaisolatsiooniga fliisjope kantav nii sooja vahekihina kui eraldi jopena p\u00fcstkrae pingutusn\u00f6\u00f6riga kaenlaalune ventilatisoon","og_url":"https:\/\/www.outdoors.ee\/et\/toode\/fliisjope-liberty-jacket-double-fleece\/","og_site_name":"Outdoors","article_modified_time":"2025-09-21T06:42:09+00:00","og_image":[{"width":1500,"height":1500,"url":"https:\/\/www.outdoors.ee\/wp-content\/uploads\/2022\/12\/Helikon-Tex\u00ae-Liberty-Jacket-Double-Fleece-2.jpeg","type":"image\/jpeg"}],"twitter_card":"summary_large_image","twitter_misc":{"Est. reading time":"1 minut"},"schema":{"@context":"https:\/\/schema.org","@graph":[{"@type":"WebPage","@id":"https:\/\/www.outdoors.ee\/et\/toode\/fliisjope-liberty-jacket-double-fleece\/","url":"https:\/\/www.outdoors.ee\/et\/toode\/fliisjope-liberty-jacket-double-fleece\/","name":"Helikon-Tex\u00ae fliisjope Liberty Jacket - Double Fleece - Outdoors","isPartOf":{"@id":"https:\/\/www.outdoors.ee\/#website"},"primaryImageOfPage":{"@id":"https:\/\/www.outdoors.ee\/et\/toode\/fliisjope-liberty-jacket-double-fleece\/#primaryimage"},"image":{"@id":"https:\/\/www.outdoors.ee\/et\/toode\/fliisjope-liberty-jacket-double-fleece\/#primaryimage"},"thumbnailUrl":"https:\/\/www.outdoors.ee\/wp-content\/uploads\/2022\/12\/Helikon-Tex\u00ae-Liberty-Jacket-Double-Fleece-2.jpeg","datePublished":"2022-12-19T12:03:22+00:00","dateModified":"2025-09-21T06:42:09+00:00","breadcrumb":{"@id":"https:\/\/www.outdoors.ee\/et\/toode\/fliisjope-liberty-jacket-double-fleece\/#breadcrumb"},"inLanguage":"et","potentialAction":[{"@type":"ReadAction","target":["https:\/\/www.outdoors.ee\/et\/toode\/fliisjope-liberty-jacket-double-fleece\/"]}]},{"@type":"ImageObject","inLanguage":"et","@id":"https:\/\/www.outdoors.ee\/et\/toode\/fliisjope-liberty-jacket-double-fleece\/#primaryimage","url":"https:\/\/www.outdoors.ee\/wp-content\/uploads\/2022\/12\/Helikon-Tex\u00ae-Liberty-Jacket-Double-Fleece-2.jpeg","contentUrl":"https:\/\/www.outdoors.ee\/wp-content\/uploads\/2022\/12\/Helikon-Tex\u00ae-Liberty-Jacket-Double-Fleece-2.jpeg","width":1500,"height":1500},{"@type":"BreadcrumbList","@id":"https:\/\/www.outdoors.ee\/et\/toode\/fliisjope-liberty-jacket-double-fleece\/#breadcrumb","itemListElement":[{"@type":"ListItem","position":1,"name":"Home","item":"https:\/\/www.outdoors.ee\/et\/"},{"@type":"ListItem","position":2,"name":"Tooted","item":"https:\/\/www.outdoors.ee\/products\/"},{"@type":"ListItem","position":3,"name":"Helikon-Tex\u00ae fliisjope Liberty Jacket &#8211; Double Fleece"}]},{"@type":"WebSite","@id":"https:\/\/www.outdoors.ee\/#website","url":"https:\/\/www.outdoors.ee\/","name":"Outdoors","description":"Genuine military surplus and not only!","potentialAction":[{"@type":"SearchAction","target":{"@type":"EntryPoint","urlTemplate":"https:\/\/www.outdoors.ee\/?s={search_term_string}"},"query-input":{"@type":"PropertyValueSpecification","valueRequired":true,"valueName":"search_term_string"}}],"inLanguage":"et"}]}},"_links":{"self":[{"href":"https:\/\/www.outdoors.ee\/et\/wp-json\/wp\/v2\/product\/76238","targetHints":{"allow":["GET"]}}],"collection":[{"href":"https:\/\/www.outdoors.ee\/et\/wp-json\/wp\/v2\/product"}],"about":[{"href":"https:\/\/www.outdoors.ee\/et\/wp-json\/wp\/v2\/types\/product"}],"wp:featuredmedia":[{"embeddable":true,"href":"https:\/\/www.outdoors.ee\/et\/wp-json\/wp\/v2\/media\/76215"}],"wp:attachment":[{"href":"https:\/\/www.outdoors.ee\/et\/wp-json\/wp\/v2\/media?parent=76238"}],"wp:term":[{"taxonomy":"product_brand","embeddable":true,"href":"https:\/\/www.outdoors.ee\/et\/wp-json\/wp\/v2\/product_brand?post=76238"},{"taxonomy":"product_cat","embeddable":true,"href":"https:\/\/www.outdoors.ee\/et\/wp-json\/wp\/v2\/product_cat?post=76238"},{"taxonomy":"product_tag","embeddable":true,"href":"https:\/\/www.outdoors.ee\/et\/wp-json\/wp\/v2\/product_tag?post=76238"}],"curies":[{"name":"wp","href":"https:\/\/api.w.org\/{rel}","templated":true}]}}