{"id":74829,"date":"2022-10-28T15:34:39","date_gmt":"2022-10-28T12:34:39","guid":{"rendered":"https:\/\/www.outdoors.ee\/?post_type=product&#038;p=74829"},"modified":"2026-03-13T01:30:36","modified_gmt":"2026-03-12T23:30:36","slug":"lowa-elite-evo-gtx-bw-saapad","status":"publish","type":"product","link":"https:\/\/www.outdoors.ee\/et\/toode\/lowa-elite-evo-gtx-bw-saapad\/","title":{"rendered":"Lowa\u00ae Elite Evo GTX BW saapad"},"content":{"rendered":"<p>Bundeswehr\u00b4i originaalmudel, Lowa Elite EVO GTX \u00fchendab endas t\u00e4iusliku mugavuse erakordse funktsionaalusega.<\/p>\n<p><strong>Omadused:<\/strong><\/p>\n<ul>\n<li>v\u00e4listald: LOWA\u00ae Natural Rubber Outsole libisemisvastane, antistaatiline, hea soojusisolatsiooniga, \u00f5li- ja k\u00fctusekindel. Selgelt eristuva nina- ning kannaprofiiliga ebatasasel \/ m\u00e4gisel maastikul liikumiseks<\/li>\n<li>vahetald: patenteeritud PU struktuuriga<\/li>\n<li>sisetald: Climate Control Footbed<\/li>\n<li>pealne: 2mm seemisnahk ja Cordura\u00ae<\/li>\n<li>kahetsooniline, kinnise r\u00f5ngaga paelas\u00fcsteem<\/li>\n<li>Gore-Tex\u00ae membraaniga veekindel ning hingav sisevooder<\/li>\n<li>keskmise j\u00e4ikusega mudel<\/li>\n<li>kaal 1540g\/paar (UK8\/EU42)<\/li>\n<\/ul>\n<p><strong>Seisukord:<\/strong><\/p>\n<ul>\n<li>uued (ilma originaalkarbita, v\u00f5ivad sisaldada ladustamise j\u00e4lgi)<\/li>\n<li>uuev\u00e4\u00e4rsed (sisaldavad minimaalseid kulumisj\u00e4lgi)<\/li>\n<li>kasutatud, Grade 1 (sisaldavad m\u00f5\u00f5dukaid kulumisj\u00e4lgi, v\u00f5ivad sisaldada v\u00e4iksemaid vigastusi, sisetallad v\u00f5ivad olla eemaldatud)<\/li>\n<li>kasutatud, Grade 2 (sisaldavad s\u00fcgavamaid kulumisj\u00e4lgi, v\u00f5ivad sisaldada v\u00e4iksemaid vigastusi, sisetallad v\u00f5ivad olla eemaldatud)<\/li>\n<\/ul>\n","protected":false},"excerpt":{"rendered":"<p>Lowa\u00ae Elite Evo Gore-Tex\u00ae Bundeswehr saapad, tumepruun<\/p>\n","protected":false},"featured_media":74770,"template":"","meta":[],"product_brand":[],"product_cat":[70],"product_tag":[],"class_list":{"0":"post-74829","1":"product","2":"type-product","3":"status-publish","4":"has-post-thumbnail","6":"product_cat-jalanoud","7":"pa_brand-german-military-surplus","8":"pa_brand-lowa-2","9":"pa_condition-kasutatud-grade-1","10":"pa_condition-kasutatud-grade-2","11":"pa_condition-uuevaarne","12":"pa_condition-uus","13":"pa_size-uk105-us115-eu45-2","14":"pa_size-uk10-us11-eu445-2","15":"pa_size-uk115-us125-eu465-2","16":"pa_size-uk11-us12-eu46-2","17":"pa_size-uk125-us135-eu48-2","18":"pa_size-uk12-us13-eu47-3","19":"pa_size-uk135-us145-eu49-2","20":"pa_size-uk13-us14-eu485-2","21":"pa_size-uk14-us15-eu495-2","22":"pa_size-uk65-us75-eu40-2-2","23":"pa_size-uk6-us7-eu395-2","24":"pa_size-uk75-us85-eu415-3","25":"pa_size-uk7-us8-eu41-2","26":"pa_size-uk85-us95-eu425-3","27":"pa_size-uk8-us9-eu42-3","28":"pa_size-uk95-us105-eu44-2","29":"pa_size-uk9-us10-eu435-2","31":"first","32":"instock","33":"taxable","34":"shipping-taxable","35":"purchasable","36":"product-type-variable"},"yoast_head":"<!-- This site is optimized with the Yoast SEO plugin v27.2 - https:\/\/yoast.com\/product\/yoast-seo-wordpress\/ -->\n<title>Lowa\u00ae Elite Evo GTX BW saapad - Outdoors<\/title>\n<meta name=\"robots\" content=\"index, follow, max-snippet:-1, max-image-preview:large, max-video-preview:-1\" \/>\n<link rel=\"canonical\" href=\"https:\/\/www.outdoors.ee\/et\/toode\/lowa-elite-evo-gtx-bw-saapad\/\" \/>\n<meta property=\"og:locale\" content=\"et_EE\" \/>\n<meta property=\"og:type\" content=\"article\" \/>\n<meta property=\"og:title\" content=\"Lowa\u00ae Elite Evo GTX BW saapad - Outdoors\" \/>\n<meta property=\"og:description\" content=\"Lowa\u00ae Elite Evo Gore-Tex\u00ae Bundeswehr saapad, tumepruun\" \/>\n<meta property=\"og:url\" content=\"https:\/\/www.outdoors.ee\/et\/toode\/lowa-elite-evo-gtx-bw-saapad\/\" \/>\n<meta property=\"og:site_name\" content=\"Outdoors\" \/>\n<meta property=\"article:modified_time\" content=\"2026-03-12T23:30:36+00:00\" \/>\n<meta property=\"og:image\" content=\"https:\/\/www.outdoors.ee\/wp-content\/uploads\/2022\/10\/0887-LOWA-Elite-Evo-GTX-BW-Boots-1.jpg\" \/>\n\t<meta property=\"og:image:width\" content=\"500\" \/>\n\t<meta property=\"og:image:height\" content=\"500\" \/>\n\t<meta property=\"og:image:type\" content=\"image\/jpeg\" \/>\n<meta name=\"twitter:card\" content=\"summary_large_image\" \/>\n<meta name=\"twitter:label1\" content=\"Est. reading time\" \/>\n\t<meta name=\"twitter:data1\" content=\"1 minut\" \/>\n<script type=\"application\/ld+json\" class=\"yoast-schema-graph\">{\"@context\":\"https:\/\/schema.org\",\"@graph\":[{\"@type\":\"WebPage\",\"@id\":\"https:\/\/www.outdoors.ee\/et\/toode\/lowa-elite-evo-gtx-bw-saapad\/\",\"url\":\"https:\/\/www.outdoors.ee\/et\/toode\/lowa-elite-evo-gtx-bw-saapad\/\",\"name\":\"Lowa\u00ae Elite Evo GTX BW saapad - Outdoors\",\"isPartOf\":{\"@id\":\"https:\/\/www.outdoors.ee\/#website\"},\"primaryImageOfPage\":{\"@id\":\"https:\/\/www.outdoors.ee\/et\/toode\/lowa-elite-evo-gtx-bw-saapad\/#primaryimage\"},\"image\":{\"@id\":\"https:\/\/www.outdoors.ee\/et\/toode\/lowa-elite-evo-gtx-bw-saapad\/#primaryimage\"},\"thumbnailUrl\":\"https:\/\/www.outdoors.ee\/wp-content\/uploads\/2022\/10\/0887-LOWA-Elite-Evo-GTX-BW-Boots-1.jpg\",\"datePublished\":\"2022-10-28T12:34:39+00:00\",\"dateModified\":\"2026-03-12T23:30:36+00:00\",\"breadcrumb\":{\"@id\":\"https:\/\/www.outdoors.ee\/et\/toode\/lowa-elite-evo-gtx-bw-saapad\/#breadcrumb\"},\"inLanguage\":\"et\",\"potentialAction\":[{\"@type\":\"ReadAction\",\"target\":[\"https:\/\/www.outdoors.ee\/et\/toode\/lowa-elite-evo-gtx-bw-saapad\/\"]}]},{\"@type\":\"ImageObject\",\"inLanguage\":\"et\",\"@id\":\"https:\/\/www.outdoors.ee\/et\/toode\/lowa-elite-evo-gtx-bw-saapad\/#primaryimage\",\"url\":\"https:\/\/www.outdoors.ee\/wp-content\/uploads\/2022\/10\/0887-LOWA-Elite-Evo-GTX-BW-Boots-1.jpg\",\"contentUrl\":\"https:\/\/www.outdoors.ee\/wp-content\/uploads\/2022\/10\/0887-LOWA-Elite-Evo-GTX-BW-Boots-1.jpg\",\"width\":500,\"height\":500},{\"@type\":\"BreadcrumbList\",\"@id\":\"https:\/\/www.outdoors.ee\/et\/toode\/lowa-elite-evo-gtx-bw-saapad\/#breadcrumb\",\"itemListElement\":[{\"@type\":\"ListItem\",\"position\":1,\"name\":\"Home\",\"item\":\"https:\/\/www.outdoors.ee\/et\/\"},{\"@type\":\"ListItem\",\"position\":2,\"name\":\"Tooted\",\"item\":\"https:\/\/www.outdoors.ee\/products\/\"},{\"@type\":\"ListItem\",\"position\":3,\"name\":\"Lowa\u00ae Elite Evo GTX BW saapad\"}]},{\"@type\":\"WebSite\",\"@id\":\"https:\/\/www.outdoors.ee\/#website\",\"url\":\"https:\/\/www.outdoors.ee\/\",\"name\":\"Outdoors\",\"description\":\"Genuine military surplus and not only!\",\"potentialAction\":[{\"@type\":\"SearchAction\",\"target\":{\"@type\":\"EntryPoint\",\"urlTemplate\":\"https:\/\/www.outdoors.ee\/?s={search_term_string}\"},\"query-input\":{\"@type\":\"PropertyValueSpecification\",\"valueRequired\":true,\"valueName\":\"search_term_string\"}}],\"inLanguage\":\"et\"}]}<\/script>\n<!-- \/ Yoast SEO plugin. -->","yoast_head_json":{"title":"Lowa\u00ae Elite Evo GTX BW saapad - Outdoors","robots":{"index":"index","follow":"follow","max-snippet":"max-snippet:-1","max-image-preview":"max-image-preview:large","max-video-preview":"max-video-preview:-1"},"canonical":"https:\/\/www.outdoors.ee\/et\/toode\/lowa-elite-evo-gtx-bw-saapad\/","og_locale":"et_EE","og_type":"article","og_title":"Lowa\u00ae Elite Evo GTX BW saapad - Outdoors","og_description":"Lowa\u00ae Elite Evo Gore-Tex\u00ae Bundeswehr saapad, tumepruun","og_url":"https:\/\/www.outdoors.ee\/et\/toode\/lowa-elite-evo-gtx-bw-saapad\/","og_site_name":"Outdoors","article_modified_time":"2026-03-12T23:30:36+00:00","og_image":[{"width":500,"height":500,"url":"https:\/\/www.outdoors.ee\/wp-content\/uploads\/2022\/10\/0887-LOWA-Elite-Evo-GTX-BW-Boots-1.jpg","type":"image\/jpeg"}],"twitter_card":"summary_large_image","twitter_misc":{"Est. reading time":"1 minut"},"schema":{"@context":"https:\/\/schema.org","@graph":[{"@type":"WebPage","@id":"https:\/\/www.outdoors.ee\/et\/toode\/lowa-elite-evo-gtx-bw-saapad\/","url":"https:\/\/www.outdoors.ee\/et\/toode\/lowa-elite-evo-gtx-bw-saapad\/","name":"Lowa\u00ae Elite Evo GTX BW saapad - Outdoors","isPartOf":{"@id":"https:\/\/www.outdoors.ee\/#website"},"primaryImageOfPage":{"@id":"https:\/\/www.outdoors.ee\/et\/toode\/lowa-elite-evo-gtx-bw-saapad\/#primaryimage"},"image":{"@id":"https:\/\/www.outdoors.ee\/et\/toode\/lowa-elite-evo-gtx-bw-saapad\/#primaryimage"},"thumbnailUrl":"https:\/\/www.outdoors.ee\/wp-content\/uploads\/2022\/10\/0887-LOWA-Elite-Evo-GTX-BW-Boots-1.jpg","datePublished":"2022-10-28T12:34:39+00:00","dateModified":"2026-03-12T23:30:36+00:00","breadcrumb":{"@id":"https:\/\/www.outdoors.ee\/et\/toode\/lowa-elite-evo-gtx-bw-saapad\/#breadcrumb"},"inLanguage":"et","potentialAction":[{"@type":"ReadAction","target":["https:\/\/www.outdoors.ee\/et\/toode\/lowa-elite-evo-gtx-bw-saapad\/"]}]},{"@type":"ImageObject","inLanguage":"et","@id":"https:\/\/www.outdoors.ee\/et\/toode\/lowa-elite-evo-gtx-bw-saapad\/#primaryimage","url":"https:\/\/www.outdoors.ee\/wp-content\/uploads\/2022\/10\/0887-LOWA-Elite-Evo-GTX-BW-Boots-1.jpg","contentUrl":"https:\/\/www.outdoors.ee\/wp-content\/uploads\/2022\/10\/0887-LOWA-Elite-Evo-GTX-BW-Boots-1.jpg","width":500,"height":500},{"@type":"BreadcrumbList","@id":"https:\/\/www.outdoors.ee\/et\/toode\/lowa-elite-evo-gtx-bw-saapad\/#breadcrumb","itemListElement":[{"@type":"ListItem","position":1,"name":"Home","item":"https:\/\/www.outdoors.ee\/et\/"},{"@type":"ListItem","position":2,"name":"Tooted","item":"https:\/\/www.outdoors.ee\/products\/"},{"@type":"ListItem","position":3,"name":"Lowa\u00ae Elite Evo GTX BW saapad"}]},{"@type":"WebSite","@id":"https:\/\/www.outdoors.ee\/#website","url":"https:\/\/www.outdoors.ee\/","name":"Outdoors","description":"Genuine military surplus and not only!","potentialAction":[{"@type":"SearchAction","target":{"@type":"EntryPoint","urlTemplate":"https:\/\/www.outdoors.ee\/?s={search_term_string}"},"query-input":{"@type":"PropertyValueSpecification","valueRequired":true,"valueName":"search_term_string"}}],"inLanguage":"et"}]}},"_links":{"self":[{"href":"https:\/\/www.outdoors.ee\/et\/wp-json\/wp\/v2\/product\/74829","targetHints":{"allow":["GET"]}}],"collection":[{"href":"https:\/\/www.outdoors.ee\/et\/wp-json\/wp\/v2\/product"}],"about":[{"href":"https:\/\/www.outdoors.ee\/et\/wp-json\/wp\/v2\/types\/product"}],"wp:featuredmedia":[{"embeddable":true,"href":"https:\/\/www.outdoors.ee\/et\/wp-json\/wp\/v2\/media\/74770"}],"wp:attachment":[{"href":"https:\/\/www.outdoors.ee\/et\/wp-json\/wp\/v2\/media?parent=74829"}],"wp:term":[{"taxonomy":"product_brand","embeddable":true,"href":"https:\/\/www.outdoors.ee\/et\/wp-json\/wp\/v2\/product_brand?post=74829"},{"taxonomy":"product_cat","embeddable":true,"href":"https:\/\/www.outdoors.ee\/et\/wp-json\/wp\/v2\/product_cat?post=74829"},{"taxonomy":"product_tag","embeddable":true,"href":"https:\/\/www.outdoors.ee\/et\/wp-json\/wp\/v2\/product_tag?post=74829"}],"curies":[{"name":"wp","href":"https:\/\/api.w.org\/{rel}","templated":true}]}}