{"id":74714,"date":"2022-10-26T14:47:25","date_gmt":"2022-10-26T11:47:27","guid":{"rendered":"https:\/\/www.outdoors.ee\/?post_type=product&#038;p=74714"},"modified":"2024-07-07T00:28:12","modified_gmt":"2024-07-06T21:28:12","slug":"briti-armee-soojapesu-sark-fr-desert-2","status":"publish","type":"product","link":"https:\/\/www.outdoors.ee\/et\/toode\/briti-armee-soojapesu-sark-fr-desert-2\/","title":{"rendered":"Briti Armee soojapesu s\u00e4rk FR Desert"},"content":{"rendered":"<p style=\"text-align: justify;\"><strong>Omadused<\/strong>:<\/p>\n<ul>\n<li>Briti s\u00f5jav\u00e4e originaal<\/li>\n<li>pikad k\u00e4ised<\/li>\n<li>k\u00f5rge t\u00f5mblukuga kaelus<\/li>\n<li>pikem tagaosa<\/li>\n<li>venivad, p\u00f6idlaavaga mansetid<\/li>\n<li>raskelts\u00fcttiv, termostabiilne aluskiht<\/li>\n<li>kiri sildil: Undershirt Thermal FR Desert<\/li>\n<\/ul>\n<p><b style=\"text-align: justify;\">Suurus <\/b><span style=\"text-align: justify;\">(pikkus\/rinna\u00fcmberm\u00f5\u00f5t, cm): S (160\/80), M (170\/90), L (180\/100), XL (190\/110)<\/span><\/p>\n<p style=\"text-align: justify;\"><strong>Seisukord:<\/strong>\u00a0uus<\/p>\n","protected":false},"excerpt":{"rendered":"<p>Briti Armee raskelts\u00fcttiv soojapesu s\u00e4rk, bee\u017e<\/p>\n","protected":false},"featured_media":74742,"template":"","meta":[],"product_brand":[],"product_cat":[129],"product_tag":[],"class_list":{"0":"post-74714","1":"product","2":"type-product","3":"status-publish","4":"has-post-thumbnail","6":"product_cat-soe-pesu-aluskiht","7":"pa_brand-british-military-surplus","8":"pa_size-l-2","9":"pa_size-m-2","10":"pa_size-s-2","11":"pa_size-xl-2","13":"first","14":"instock","15":"taxable","16":"shipping-taxable","17":"purchasable","18":"product-type-variable"},"yoast_head":"<!-- This site is optimized with the Yoast SEO plugin v27.2 - https:\/\/yoast.com\/product\/yoast-seo-wordpress\/ -->\n<title>Briti Armee soojapesu s\u00e4rk FR Desert - outdoors.ee<\/title>\n<meta name=\"description\" content=\"Omadused: Briti s\u00f5jav\u00e4e originaal pikkad k\u00e4ised \u00fcmar kaelus venivad mansetid raskelts\u00fcttiv, termostabiilne aluskiht kiri sildil: Vest FR Desert Materjal:\u00a050% pol\u00fcamiid 50% viskoos v\u00f5i 50% kermel 50% viskoos Kaal: ca 300g Suurus\u00a0(R\u00dc): M (38in\/96cm), L (42in\/107cm), XL (44in\/112cm), XXL (46in\/117cm), XXXL (48in\/122cm) Seisukord:\u00a0uus\" \/>\n<meta name=\"robots\" content=\"index, follow, max-snippet:-1, max-image-preview:large, max-video-preview:-1\" \/>\n<link rel=\"canonical\" href=\"https:\/\/www.outdoors.ee\/et\/toode\/briti-armee-soojapesu-sark-fr-desert-2\/\" \/>\n<meta property=\"og:locale\" content=\"et_EE\" \/>\n<meta property=\"og:type\" content=\"article\" \/>\n<meta property=\"og:title\" content=\"Briti Armee soojapesu s\u00e4rk FR Desert\" \/>\n<meta property=\"og:description\" content=\"Omadused: Briti s\u00f5jav\u00e4e originaal pikkad k\u00e4ised \u00fcmar kaelus venivad mansetid raskelts\u00fcttiv, termostabiilne aluskiht kiri sildil: Vest FR Desert Materjal:\u00a050% pol\u00fcamiid 50% viskoos v\u00f5i 50% kermel 50% viskoos Kaal: ca 300g Suurus\u00a0(R\u00dc): M (38in\/96cm), L (42in\/107cm), XL (44in\/112cm), XXL (46in\/117cm), XXXL (48in\/122cm) Seisukord:\u00a0uus\" \/>\n<meta property=\"og:url\" content=\"https:\/\/www.outdoors.ee\/et\/toode\/briti-armee-soojapesu-sark-fr-desert-2\/\" \/>\n<meta property=\"og:site_name\" content=\"Outdoors\" \/>\n<meta property=\"article:modified_time\" content=\"2024-07-06T21:28:12+00:00\" \/>\n<meta property=\"og:image\" content=\"https:\/\/www.outdoors.ee\/wp-content\/uploads\/2022\/10\/1283-British-Army-Thermal-Undershirt-FR-Desert-2.jpg\" \/>\n\t<meta property=\"og:image:width\" content=\"1119\" \/>\n\t<meta property=\"og:image:height\" content=\"1336\" \/>\n\t<meta property=\"og:image:type\" content=\"image\/jpeg\" \/>\n<meta name=\"twitter:card\" content=\"summary_large_image\" \/>\n<meta name=\"twitter:title\" content=\"Briti Armee soojapesu s\u00e4rk FR Desert\" \/>\n<meta name=\"twitter:label1\" content=\"Est. reading time\" \/>\n\t<meta name=\"twitter:data1\" content=\"1 minut\" \/>\n<script type=\"application\/ld+json\" class=\"yoast-schema-graph\">{\"@context\":\"https:\/\/schema.org\",\"@graph\":[{\"@type\":\"WebPage\",\"@id\":\"https:\/\/www.outdoors.ee\/et\/toode\/briti-armee-soojapesu-sark-fr-desert-2\/\",\"url\":\"https:\/\/www.outdoors.ee\/et\/toode\/briti-armee-soojapesu-sark-fr-desert-2\/\",\"name\":\"Briti Armee soojapesu s\u00e4rk FR Desert - outdoors.ee\",\"isPartOf\":{\"@id\":\"https:\/\/www.outdoors.ee\/#website\"},\"primaryImageOfPage\":{\"@id\":\"https:\/\/www.outdoors.ee\/et\/toode\/briti-armee-soojapesu-sark-fr-desert-2\/#primaryimage\"},\"image\":{\"@id\":\"https:\/\/www.outdoors.ee\/et\/toode\/briti-armee-soojapesu-sark-fr-desert-2\/#primaryimage\"},\"thumbnailUrl\":\"https:\/\/www.outdoors.ee\/wp-content\/uploads\/2022\/10\/1283-British-Army-Thermal-Undershirt-FR-Desert-2.jpg\",\"datePublished\":\"2022-10-26T11:47:27+00:00\",\"dateModified\":\"2024-07-06T21:28:12+00:00\",\"description\":\"Omadused: Briti s\u00f5jav\u00e4e originaal pikkad k\u00e4ised \u00fcmar kaelus venivad mansetid raskelts\u00fcttiv, termostabiilne aluskiht kiri sildil: Vest FR Desert Materjal:\u00a050% pol\u00fcamiid 50% viskoos v\u00f5i 50% kermel 50% viskoos Kaal: ca 300g Suurus\u00a0(R\u00dc): M (38in\/96cm), L (42in\/107cm), XL (44in\/112cm), XXL (46in\/117cm), XXXL (48in\/122cm) Seisukord:\u00a0uus\",\"breadcrumb\":{\"@id\":\"https:\/\/www.outdoors.ee\/et\/toode\/briti-armee-soojapesu-sark-fr-desert-2\/#breadcrumb\"},\"inLanguage\":\"et\",\"potentialAction\":[{\"@type\":\"ReadAction\",\"target\":[\"https:\/\/www.outdoors.ee\/et\/toode\/briti-armee-soojapesu-sark-fr-desert-2\/\"]}]},{\"@type\":\"ImageObject\",\"inLanguage\":\"et\",\"@id\":\"https:\/\/www.outdoors.ee\/et\/toode\/briti-armee-soojapesu-sark-fr-desert-2\/#primaryimage\",\"url\":\"https:\/\/www.outdoors.ee\/wp-content\/uploads\/2022\/10\/1283-British-Army-Thermal-Undershirt-FR-Desert-2.jpg\",\"contentUrl\":\"https:\/\/www.outdoors.ee\/wp-content\/uploads\/2022\/10\/1283-British-Army-Thermal-Undershirt-FR-Desert-2.jpg\",\"width\":1119,\"height\":1336},{\"@type\":\"BreadcrumbList\",\"@id\":\"https:\/\/www.outdoors.ee\/et\/toode\/briti-armee-soojapesu-sark-fr-desert-2\/#breadcrumb\",\"itemListElement\":[{\"@type\":\"ListItem\",\"position\":1,\"name\":\"Home\",\"item\":\"https:\/\/www.outdoors.ee\/et\/\"},{\"@type\":\"ListItem\",\"position\":2,\"name\":\"Tooted\",\"item\":\"https:\/\/www.outdoors.ee\/products\/\"},{\"@type\":\"ListItem\",\"position\":3,\"name\":\"Briti Armee soojapesu s\u00e4rk FR Desert\"}]},{\"@type\":\"WebSite\",\"@id\":\"https:\/\/www.outdoors.ee\/#website\",\"url\":\"https:\/\/www.outdoors.ee\/\",\"name\":\"Outdoors\",\"description\":\"Genuine military surplus and not only!\",\"potentialAction\":[{\"@type\":\"SearchAction\",\"target\":{\"@type\":\"EntryPoint\",\"urlTemplate\":\"https:\/\/www.outdoors.ee\/?s={search_term_string}\"},\"query-input\":{\"@type\":\"PropertyValueSpecification\",\"valueRequired\":true,\"valueName\":\"search_term_string\"}}],\"inLanguage\":\"et\"}]}<\/script>\n<!-- \/ Yoast SEO plugin. -->","yoast_head_json":{"title":"Briti Armee soojapesu s\u00e4rk FR Desert - outdoors.ee","description":"Omadused: Briti s\u00f5jav\u00e4e originaal pikkad k\u00e4ised \u00fcmar kaelus venivad mansetid raskelts\u00fcttiv, termostabiilne aluskiht kiri sildil: Vest FR Desert Materjal:\u00a050% pol\u00fcamiid 50% viskoos v\u00f5i 50% kermel 50% viskoos Kaal: ca 300g Suurus\u00a0(R\u00dc): M (38in\/96cm), L (42in\/107cm), XL (44in\/112cm), XXL (46in\/117cm), XXXL (48in\/122cm) Seisukord:\u00a0uus","robots":{"index":"index","follow":"follow","max-snippet":"max-snippet:-1","max-image-preview":"max-image-preview:large","max-video-preview":"max-video-preview:-1"},"canonical":"https:\/\/www.outdoors.ee\/et\/toode\/briti-armee-soojapesu-sark-fr-desert-2\/","og_locale":"et_EE","og_type":"article","og_title":"Briti Armee soojapesu s\u00e4rk FR Desert","og_description":"Omadused: Briti s\u00f5jav\u00e4e originaal pikkad k\u00e4ised \u00fcmar kaelus venivad mansetid raskelts\u00fcttiv, termostabiilne aluskiht kiri sildil: Vest FR Desert Materjal:\u00a050% pol\u00fcamiid 50% viskoos v\u00f5i 50% kermel 50% viskoos Kaal: ca 300g Suurus\u00a0(R\u00dc): M (38in\/96cm), L (42in\/107cm), XL (44in\/112cm), XXL (46in\/117cm), XXXL (48in\/122cm) Seisukord:\u00a0uus","og_url":"https:\/\/www.outdoors.ee\/et\/toode\/briti-armee-soojapesu-sark-fr-desert-2\/","og_site_name":"Outdoors","article_modified_time":"2024-07-06T21:28:12+00:00","og_image":[{"width":1119,"height":1336,"url":"https:\/\/www.outdoors.ee\/wp-content\/uploads\/2022\/10\/1283-British-Army-Thermal-Undershirt-FR-Desert-2.jpg","type":"image\/jpeg"}],"twitter_card":"summary_large_image","twitter_title":"Briti Armee soojapesu s\u00e4rk FR Desert","twitter_misc":{"Est. reading time":"1 minut"},"schema":{"@context":"https:\/\/schema.org","@graph":[{"@type":"WebPage","@id":"https:\/\/www.outdoors.ee\/et\/toode\/briti-armee-soojapesu-sark-fr-desert-2\/","url":"https:\/\/www.outdoors.ee\/et\/toode\/briti-armee-soojapesu-sark-fr-desert-2\/","name":"Briti Armee soojapesu s\u00e4rk FR Desert - outdoors.ee","isPartOf":{"@id":"https:\/\/www.outdoors.ee\/#website"},"primaryImageOfPage":{"@id":"https:\/\/www.outdoors.ee\/et\/toode\/briti-armee-soojapesu-sark-fr-desert-2\/#primaryimage"},"image":{"@id":"https:\/\/www.outdoors.ee\/et\/toode\/briti-armee-soojapesu-sark-fr-desert-2\/#primaryimage"},"thumbnailUrl":"https:\/\/www.outdoors.ee\/wp-content\/uploads\/2022\/10\/1283-British-Army-Thermal-Undershirt-FR-Desert-2.jpg","datePublished":"2022-10-26T11:47:27+00:00","dateModified":"2024-07-06T21:28:12+00:00","description":"Omadused: Briti s\u00f5jav\u00e4e originaal pikkad k\u00e4ised \u00fcmar kaelus venivad mansetid raskelts\u00fcttiv, termostabiilne aluskiht kiri sildil: Vest FR Desert Materjal:\u00a050% pol\u00fcamiid 50% viskoos v\u00f5i 50% kermel 50% viskoos Kaal: ca 300g Suurus\u00a0(R\u00dc): M (38in\/96cm), L (42in\/107cm), XL (44in\/112cm), XXL (46in\/117cm), XXXL (48in\/122cm) Seisukord:\u00a0uus","breadcrumb":{"@id":"https:\/\/www.outdoors.ee\/et\/toode\/briti-armee-soojapesu-sark-fr-desert-2\/#breadcrumb"},"inLanguage":"et","potentialAction":[{"@type":"ReadAction","target":["https:\/\/www.outdoors.ee\/et\/toode\/briti-armee-soojapesu-sark-fr-desert-2\/"]}]},{"@type":"ImageObject","inLanguage":"et","@id":"https:\/\/www.outdoors.ee\/et\/toode\/briti-armee-soojapesu-sark-fr-desert-2\/#primaryimage","url":"https:\/\/www.outdoors.ee\/wp-content\/uploads\/2022\/10\/1283-British-Army-Thermal-Undershirt-FR-Desert-2.jpg","contentUrl":"https:\/\/www.outdoors.ee\/wp-content\/uploads\/2022\/10\/1283-British-Army-Thermal-Undershirt-FR-Desert-2.jpg","width":1119,"height":1336},{"@type":"BreadcrumbList","@id":"https:\/\/www.outdoors.ee\/et\/toode\/briti-armee-soojapesu-sark-fr-desert-2\/#breadcrumb","itemListElement":[{"@type":"ListItem","position":1,"name":"Home","item":"https:\/\/www.outdoors.ee\/et\/"},{"@type":"ListItem","position":2,"name":"Tooted","item":"https:\/\/www.outdoors.ee\/products\/"},{"@type":"ListItem","position":3,"name":"Briti Armee soojapesu s\u00e4rk FR Desert"}]},{"@type":"WebSite","@id":"https:\/\/www.outdoors.ee\/#website","url":"https:\/\/www.outdoors.ee\/","name":"Outdoors","description":"Genuine military surplus and not only!","potentialAction":[{"@type":"SearchAction","target":{"@type":"EntryPoint","urlTemplate":"https:\/\/www.outdoors.ee\/?s={search_term_string}"},"query-input":{"@type":"PropertyValueSpecification","valueRequired":true,"valueName":"search_term_string"}}],"inLanguage":"et"}]}},"_links":{"self":[{"href":"https:\/\/www.outdoors.ee\/et\/wp-json\/wp\/v2\/product\/74714","targetHints":{"allow":["GET"]}}],"collection":[{"href":"https:\/\/www.outdoors.ee\/et\/wp-json\/wp\/v2\/product"}],"about":[{"href":"https:\/\/www.outdoors.ee\/et\/wp-json\/wp\/v2\/types\/product"}],"wp:featuredmedia":[{"embeddable":true,"href":"https:\/\/www.outdoors.ee\/et\/wp-json\/wp\/v2\/media\/74742"}],"wp:attachment":[{"href":"https:\/\/www.outdoors.ee\/et\/wp-json\/wp\/v2\/media?parent=74714"}],"wp:term":[{"taxonomy":"product_brand","embeddable":true,"href":"https:\/\/www.outdoors.ee\/et\/wp-json\/wp\/v2\/product_brand?post=74714"},{"taxonomy":"product_cat","embeddable":true,"href":"https:\/\/www.outdoors.ee\/et\/wp-json\/wp\/v2\/product_cat?post=74714"},{"taxonomy":"product_tag","embeddable":true,"href":"https:\/\/www.outdoors.ee\/et\/wp-json\/wp\/v2\/product_tag?post=74714"}],"curies":[{"name":"wp","href":"https:\/\/api.w.org\/{rel}","templated":true}]}}