{"id":74403,"date":"2022-10-19T14:45:02","date_gmt":"2022-10-19T11:45:04","guid":{"rendered":"https:\/\/www.outdoors.ee\/?post_type=product&#038;p=74403"},"modified":"2025-07-25T16:30:48","modified_gmt":"2025-07-25T13:30:48","slug":"briti-armee-plaadikandja-vest-civilian-osprey-mk-4a-blue","status":"publish","type":"product","link":"https:\/\/www.outdoors.ee\/et\/toode\/briti-armee-plaadikandja-vest-civilian-osprey-mk-4a-blue\/","title":{"rendered":"Briti Armee plaadikandja vest Civilian Osprey MK 4A Blue"},"content":{"rendered":"<p>Briti s\u00f5jav\u00e4e originaal tsiviilisiku plaadikandja MK 4A.<\/p>\n<p>NB! M\u00fc\u00fcgil ILMA KAITSEPLAATIDETA.<\/p>\n<p><strong>Sisaldab<\/strong>:<\/p>\n<ul>\n<li>Body Armour Cover Front x1\u00a0 &amp; Back x1<\/li>\n<li>Brassards, Pair Left &amp; Right with elastic fittings x 1<\/li>\n<li>OPS Panel x 1<\/li>\n<li>Side Plate Pockets x 2<\/li>\n<li>Blanking Panels x 2<\/li>\n<li>Waistband Set x 1<\/li>\n<li>Shoulder Guards, Pair Left &amp; Right x 1<\/li>\n<li>Half Collar Left &amp; Right x 1<\/li>\n<li>Full Collar Left &amp; Right x 1<\/li>\n<li>Ancillaries Set x 1<\/li>\n<li>Front Plate Cover x 1<\/li>\n<li>Back Plate Cover x 1<\/li>\n<li>First Aid Pouch x 1<\/li>\n<li>Utility Pouch x 1<\/li>\n<\/ul>\n<p>Suurus rippmen\u00fc\u00fcs, cm: pikkus \/ rinna\u00fcmberm\u00f5\u00f5t<\/p>\n<p><strong>Seisukord<\/strong>: uus (t\u00e4iskomplektne, originaalpakendis)<\/p>\n","protected":false},"excerpt":{"rendered":"<p>Briti Armee plaadikandja vest Civilian Osprey MK 4A, sinine<\/p>\n","protected":false},"featured_media":74422,"template":"","meta":[],"product_brand":[],"product_cat":[149],"product_tag":[],"class_list":{"0":"post-74403","1":"product","2":"type-product","3":"status-publish","4":"has-post-thumbnail","6":"product_cat-taktikaline-varustus","7":"pa_brand-british-military-surplus","8":"pa_size-170-112-2","9":"pa_size-180-104-2","10":"pa_size-190-108-2","11":"pa_size-190-120-2","12":"pa_size-200-124-2","14":"first","15":"instock","16":"taxable","17":"shipping-taxable","18":"purchasable","19":"product-type-variable"},"yoast_head":"<!-- This site is optimized with the Yoast SEO plugin v27.2 - https:\/\/yoast.com\/product\/yoast-seo-wordpress\/ -->\n<title>Briti Armee plaadikandja vest Osprey MK IVA, MTP - outdoors.ee<\/title>\n<meta name=\"description\" content=\"Originaalne, kaasaaegne Briti plaadikandja MK IVA\u00a0 MTP (Multi-Terrain Pattern) kamuflaa\u017eis. M\u00fc\u00fcgil ILMA KAITSEPLAATIDETA. Koosneb: Body Armour Cover Front &amp; Back Brassards, Pair Left &amp; Right with elastic fittings x 1 OPS Panel x 1 Side Plate Pockets x 2 Blanking Panels x 2 Waistband Set x 1 Shoulder Guards, Pair Left &amp; Right x 1 Half Collar Left &amp; Right x 1 Full Collar Left &amp; Right x 1 Ancillaries Set x 1 Front Plate Cover x 1 Back Plate Cover x 1 Sisaldab taskuid: Commanders Pouch x 1 Water Bottle Pouch x 1 LMG 100 Round Pouch x 1 UGL 8 Round Pouch x 1 Utility Pouch x 1 SA80 2 Mag Ammo pouch x 4 SA80 Single Mag Ammo Pouch x 3 SA80 Single Mag Ammo Pouch Elastic Securing x 3 Sharpshooter Ammo Pouch x 1 AP Granade Pouch x 2 Smoke Granade Pouch x 2 First Aid Pouch x 1 9mm Pistol Ammo Pouch x 2 Seisukord: uus\" \/>\n<meta name=\"robots\" content=\"index, follow, max-snippet:-1, max-image-preview:large, max-video-preview:-1\" \/>\n<link rel=\"canonical\" href=\"https:\/\/www.outdoors.ee\/et\/toode\/briti-armee-plaadikandja-vest-civilian-osprey-mk-4a-blue\/\" \/>\n<meta property=\"og:locale\" content=\"et_EE\" \/>\n<meta property=\"og:type\" content=\"article\" \/>\n<meta property=\"og:title\" content=\"Briti Armee plaadikandja vest Osprey MK IVA, MTP\" \/>\n<meta property=\"og:description\" content=\"Originaalne, kaasaaegne Briti plaadikandja MK IVA\u00a0 MTP (Multi-Terrain Pattern) kamuflaa\u017eis. M\u00fc\u00fcgil ILMA KAITSEPLAATIDETA. Koosneb: Body Armour Cover Front &amp; Back Brassards, Pair Left &amp; Right with elastic fittings x 1 OPS Panel x 1 Side Plate Pockets x 2 Blanking Panels x 2 Waistband Set x 1 Shoulder Guards, Pair Left &amp; Right x 1 Half Collar Left &amp; Right x 1 Full Collar Left &amp; Right x 1 Ancillaries Set x 1 Front Plate Cover x 1 Back Plate Cover x 1 Sisaldab taskuid: Commanders Pouch x 1 Water Bottle Pouch x 1 LMG 100 Round Pouch x 1 UGL 8 Round Pouch x 1 Utility Pouch x 1 SA80 2 Mag Ammo pouch x 4 SA80 Single Mag Ammo Pouch x 3 SA80 Single Mag Ammo Pouch Elastic Securing x 3 Sharpshooter Ammo Pouch x 1 AP Granade Pouch x 2 Smoke Granade Pouch x 2 First Aid Pouch x 1 9mm Pistol Ammo Pouch x 2 Seisukord: uus\" \/>\n<meta property=\"og:url\" content=\"https:\/\/www.outdoors.ee\/et\/toode\/briti-armee-plaadikandja-vest-civilian-osprey-mk-4a-blue\/\" \/>\n<meta property=\"og:site_name\" content=\"Outdoors\" \/>\n<meta property=\"article:modified_time\" content=\"2025-07-25T13:30:48+00:00\" \/>\n<meta property=\"og:image\" content=\"https:\/\/www.outdoors.ee\/wp-content\/uploads\/2022\/10\/1134-British-Army-Osprey-MK-4A-Civilian-Body-Armour-Cover-Blue-1.jpg\" \/>\n\t<meta property=\"og:image:width\" content=\"1200\" \/>\n\t<meta property=\"og:image:height\" content=\"1600\" \/>\n\t<meta property=\"og:image:type\" content=\"image\/jpeg\" \/>\n<meta name=\"twitter:card\" content=\"summary_large_image\" \/>\n<meta name=\"twitter:title\" content=\"Briti Armee plaadikandja vest Osprey MK IVA, MTP\" \/>\n<meta name=\"twitter:label1\" content=\"Est. reading time\" \/>\n\t<meta name=\"twitter:data1\" content=\"1 minut\" \/>\n<script type=\"application\/ld+json\" class=\"yoast-schema-graph\">{\"@context\":\"https:\/\/schema.org\",\"@graph\":[{\"@type\":\"WebPage\",\"@id\":\"https:\/\/www.outdoors.ee\/et\/toode\/briti-armee-plaadikandja-vest-civilian-osprey-mk-4a-blue\/\",\"url\":\"https:\/\/www.outdoors.ee\/et\/toode\/briti-armee-plaadikandja-vest-civilian-osprey-mk-4a-blue\/\",\"name\":\"Briti Armee plaadikandja vest Osprey MK IVA, MTP - outdoors.ee\",\"isPartOf\":{\"@id\":\"https:\/\/www.outdoors.ee\/#website\"},\"primaryImageOfPage\":{\"@id\":\"https:\/\/www.outdoors.ee\/et\/toode\/briti-armee-plaadikandja-vest-civilian-osprey-mk-4a-blue\/#primaryimage\"},\"image\":{\"@id\":\"https:\/\/www.outdoors.ee\/et\/toode\/briti-armee-plaadikandja-vest-civilian-osprey-mk-4a-blue\/#primaryimage\"},\"thumbnailUrl\":\"https:\/\/www.outdoors.ee\/wp-content\/uploads\/2022\/10\/1134-British-Army-Osprey-MK-4A-Civilian-Body-Armour-Cover-Blue-1.jpg\",\"datePublished\":\"2022-10-19T11:45:04+00:00\",\"dateModified\":\"2025-07-25T13:30:48+00:00\",\"description\":\"Originaalne, kaasaaegne Briti plaadikandja MK IVA\u00a0 MTP (Multi-Terrain Pattern) kamuflaa\u017eis. M\u00fc\u00fcgil ILMA KAITSEPLAATIDETA. Koosneb: Body Armour Cover Front & Back Brassards, Pair Left & Right with elastic fittings x 1 OPS Panel x 1 Side Plate Pockets x 2 Blanking Panels x 2 Waistband Set x 1 Shoulder Guards, Pair Left & Right x 1 Half Collar Left & Right x 1 Full Collar Left & Right x 1 Ancillaries Set x 1 Front Plate Cover x 1 Back Plate Cover x 1 Sisaldab taskuid: Commanders Pouch x 1 Water Bottle Pouch x 1 LMG 100 Round Pouch x 1 UGL 8 Round Pouch x 1 Utility Pouch x 1 SA80 2 Mag Ammo pouch x 4 SA80 Single Mag Ammo Pouch x 3 SA80 Single Mag Ammo Pouch Elastic Securing x 3 Sharpshooter Ammo Pouch x 1 AP Granade Pouch x 2 Smoke Granade Pouch x 2 First Aid Pouch x 1 9mm Pistol Ammo Pouch x 2 Seisukord: uus\",\"breadcrumb\":{\"@id\":\"https:\/\/www.outdoors.ee\/et\/toode\/briti-armee-plaadikandja-vest-civilian-osprey-mk-4a-blue\/#breadcrumb\"},\"inLanguage\":\"et\",\"potentialAction\":[{\"@type\":\"ReadAction\",\"target\":[\"https:\/\/www.outdoors.ee\/et\/toode\/briti-armee-plaadikandja-vest-civilian-osprey-mk-4a-blue\/\"]}]},{\"@type\":\"ImageObject\",\"inLanguage\":\"et\",\"@id\":\"https:\/\/www.outdoors.ee\/et\/toode\/briti-armee-plaadikandja-vest-civilian-osprey-mk-4a-blue\/#primaryimage\",\"url\":\"https:\/\/www.outdoors.ee\/wp-content\/uploads\/2022\/10\/1134-British-Army-Osprey-MK-4A-Civilian-Body-Armour-Cover-Blue-1.jpg\",\"contentUrl\":\"https:\/\/www.outdoors.ee\/wp-content\/uploads\/2022\/10\/1134-British-Army-Osprey-MK-4A-Civilian-Body-Armour-Cover-Blue-1.jpg\",\"width\":1200,\"height\":1600},{\"@type\":\"BreadcrumbList\",\"@id\":\"https:\/\/www.outdoors.ee\/et\/toode\/briti-armee-plaadikandja-vest-civilian-osprey-mk-4a-blue\/#breadcrumb\",\"itemListElement\":[{\"@type\":\"ListItem\",\"position\":1,\"name\":\"Home\",\"item\":\"https:\/\/www.outdoors.ee\/et\/\"},{\"@type\":\"ListItem\",\"position\":2,\"name\":\"Tooted\",\"item\":\"https:\/\/www.outdoors.ee\/products\/\"},{\"@type\":\"ListItem\",\"position\":3,\"name\":\"Briti Armee plaadikandja vest Civilian Osprey MK 4A Blue\"}]},{\"@type\":\"WebSite\",\"@id\":\"https:\/\/www.outdoors.ee\/#website\",\"url\":\"https:\/\/www.outdoors.ee\/\",\"name\":\"Outdoors\",\"description\":\"Genuine military surplus and not only!\",\"potentialAction\":[{\"@type\":\"SearchAction\",\"target\":{\"@type\":\"EntryPoint\",\"urlTemplate\":\"https:\/\/www.outdoors.ee\/?s={search_term_string}\"},\"query-input\":{\"@type\":\"PropertyValueSpecification\",\"valueRequired\":true,\"valueName\":\"search_term_string\"}}],\"inLanguage\":\"et\"}]}<\/script>\n<!-- \/ Yoast SEO plugin. -->","yoast_head_json":{"title":"Briti Armee plaadikandja vest Osprey MK IVA, MTP - outdoors.ee","description":"Originaalne, kaasaaegne Briti plaadikandja MK IVA\u00a0 MTP (Multi-Terrain Pattern) kamuflaa\u017eis. M\u00fc\u00fcgil ILMA KAITSEPLAATIDETA. Koosneb: Body Armour Cover Front & Back Brassards, Pair Left & Right with elastic fittings x 1 OPS Panel x 1 Side Plate Pockets x 2 Blanking Panels x 2 Waistband Set x 1 Shoulder Guards, Pair Left & Right x 1 Half Collar Left & Right x 1 Full Collar Left & Right x 1 Ancillaries Set x 1 Front Plate Cover x 1 Back Plate Cover x 1 Sisaldab taskuid: Commanders Pouch x 1 Water Bottle Pouch x 1 LMG 100 Round Pouch x 1 UGL 8 Round Pouch x 1 Utility Pouch x 1 SA80 2 Mag Ammo pouch x 4 SA80 Single Mag Ammo Pouch x 3 SA80 Single Mag Ammo Pouch Elastic Securing x 3 Sharpshooter Ammo Pouch x 1 AP Granade Pouch x 2 Smoke Granade Pouch x 2 First Aid Pouch x 1 9mm Pistol Ammo Pouch x 2 Seisukord: uus","robots":{"index":"index","follow":"follow","max-snippet":"max-snippet:-1","max-image-preview":"max-image-preview:large","max-video-preview":"max-video-preview:-1"},"canonical":"https:\/\/www.outdoors.ee\/et\/toode\/briti-armee-plaadikandja-vest-civilian-osprey-mk-4a-blue\/","og_locale":"et_EE","og_type":"article","og_title":"Briti Armee plaadikandja vest Osprey MK IVA, MTP","og_description":"Originaalne, kaasaaegne Briti plaadikandja MK IVA\u00a0 MTP (Multi-Terrain Pattern) kamuflaa\u017eis. M\u00fc\u00fcgil ILMA KAITSEPLAATIDETA. Koosneb: Body Armour Cover Front & Back Brassards, Pair Left & Right with elastic fittings x 1 OPS Panel x 1 Side Plate Pockets x 2 Blanking Panels x 2 Waistband Set x 1 Shoulder Guards, Pair Left & Right x 1 Half Collar Left & Right x 1 Full Collar Left & Right x 1 Ancillaries Set x 1 Front Plate Cover x 1 Back Plate Cover x 1 Sisaldab taskuid: Commanders Pouch x 1 Water Bottle Pouch x 1 LMG 100 Round Pouch x 1 UGL 8 Round Pouch x 1 Utility Pouch x 1 SA80 2 Mag Ammo pouch x 4 SA80 Single Mag Ammo Pouch x 3 SA80 Single Mag Ammo Pouch Elastic Securing x 3 Sharpshooter Ammo Pouch x 1 AP Granade Pouch x 2 Smoke Granade Pouch x 2 First Aid Pouch x 1 9mm Pistol Ammo Pouch x 2 Seisukord: uus","og_url":"https:\/\/www.outdoors.ee\/et\/toode\/briti-armee-plaadikandja-vest-civilian-osprey-mk-4a-blue\/","og_site_name":"Outdoors","article_modified_time":"2025-07-25T13:30:48+00:00","og_image":[{"width":1200,"height":1600,"url":"https:\/\/www.outdoors.ee\/wp-content\/uploads\/2022\/10\/1134-British-Army-Osprey-MK-4A-Civilian-Body-Armour-Cover-Blue-1.jpg","type":"image\/jpeg"}],"twitter_card":"summary_large_image","twitter_title":"Briti Armee plaadikandja vest Osprey MK IVA, MTP","twitter_misc":{"Est. reading time":"1 minut"},"schema":{"@context":"https:\/\/schema.org","@graph":[{"@type":"WebPage","@id":"https:\/\/www.outdoors.ee\/et\/toode\/briti-armee-plaadikandja-vest-civilian-osprey-mk-4a-blue\/","url":"https:\/\/www.outdoors.ee\/et\/toode\/briti-armee-plaadikandja-vest-civilian-osprey-mk-4a-blue\/","name":"Briti Armee plaadikandja vest Osprey MK IVA, MTP - outdoors.ee","isPartOf":{"@id":"https:\/\/www.outdoors.ee\/#website"},"primaryImageOfPage":{"@id":"https:\/\/www.outdoors.ee\/et\/toode\/briti-armee-plaadikandja-vest-civilian-osprey-mk-4a-blue\/#primaryimage"},"image":{"@id":"https:\/\/www.outdoors.ee\/et\/toode\/briti-armee-plaadikandja-vest-civilian-osprey-mk-4a-blue\/#primaryimage"},"thumbnailUrl":"https:\/\/www.outdoors.ee\/wp-content\/uploads\/2022\/10\/1134-British-Army-Osprey-MK-4A-Civilian-Body-Armour-Cover-Blue-1.jpg","datePublished":"2022-10-19T11:45:04+00:00","dateModified":"2025-07-25T13:30:48+00:00","description":"Originaalne, kaasaaegne Briti plaadikandja MK IVA\u00a0 MTP (Multi-Terrain Pattern) kamuflaa\u017eis. M\u00fc\u00fcgil ILMA KAITSEPLAATIDETA. Koosneb: Body Armour Cover Front & Back Brassards, Pair Left & Right with elastic fittings x 1 OPS Panel x 1 Side Plate Pockets x 2 Blanking Panels x 2 Waistband Set x 1 Shoulder Guards, Pair Left & Right x 1 Half Collar Left & Right x 1 Full Collar Left & Right x 1 Ancillaries Set x 1 Front Plate Cover x 1 Back Plate Cover x 1 Sisaldab taskuid: Commanders Pouch x 1 Water Bottle Pouch x 1 LMG 100 Round Pouch x 1 UGL 8 Round Pouch x 1 Utility Pouch x 1 SA80 2 Mag Ammo pouch x 4 SA80 Single Mag Ammo Pouch x 3 SA80 Single Mag Ammo Pouch Elastic Securing x 3 Sharpshooter Ammo Pouch x 1 AP Granade Pouch x 2 Smoke Granade Pouch x 2 First Aid Pouch x 1 9mm Pistol Ammo Pouch x 2 Seisukord: uus","breadcrumb":{"@id":"https:\/\/www.outdoors.ee\/et\/toode\/briti-armee-plaadikandja-vest-civilian-osprey-mk-4a-blue\/#breadcrumb"},"inLanguage":"et","potentialAction":[{"@type":"ReadAction","target":["https:\/\/www.outdoors.ee\/et\/toode\/briti-armee-plaadikandja-vest-civilian-osprey-mk-4a-blue\/"]}]},{"@type":"ImageObject","inLanguage":"et","@id":"https:\/\/www.outdoors.ee\/et\/toode\/briti-armee-plaadikandja-vest-civilian-osprey-mk-4a-blue\/#primaryimage","url":"https:\/\/www.outdoors.ee\/wp-content\/uploads\/2022\/10\/1134-British-Army-Osprey-MK-4A-Civilian-Body-Armour-Cover-Blue-1.jpg","contentUrl":"https:\/\/www.outdoors.ee\/wp-content\/uploads\/2022\/10\/1134-British-Army-Osprey-MK-4A-Civilian-Body-Armour-Cover-Blue-1.jpg","width":1200,"height":1600},{"@type":"BreadcrumbList","@id":"https:\/\/www.outdoors.ee\/et\/toode\/briti-armee-plaadikandja-vest-civilian-osprey-mk-4a-blue\/#breadcrumb","itemListElement":[{"@type":"ListItem","position":1,"name":"Home","item":"https:\/\/www.outdoors.ee\/et\/"},{"@type":"ListItem","position":2,"name":"Tooted","item":"https:\/\/www.outdoors.ee\/products\/"},{"@type":"ListItem","position":3,"name":"Briti Armee plaadikandja vest Civilian Osprey MK 4A Blue"}]},{"@type":"WebSite","@id":"https:\/\/www.outdoors.ee\/#website","url":"https:\/\/www.outdoors.ee\/","name":"Outdoors","description":"Genuine military surplus and not only!","potentialAction":[{"@type":"SearchAction","target":{"@type":"EntryPoint","urlTemplate":"https:\/\/www.outdoors.ee\/?s={search_term_string}"},"query-input":{"@type":"PropertyValueSpecification","valueRequired":true,"valueName":"search_term_string"}}],"inLanguage":"et"}]}},"_links":{"self":[{"href":"https:\/\/www.outdoors.ee\/et\/wp-json\/wp\/v2\/product\/74403","targetHints":{"allow":["GET"]}}],"collection":[{"href":"https:\/\/www.outdoors.ee\/et\/wp-json\/wp\/v2\/product"}],"about":[{"href":"https:\/\/www.outdoors.ee\/et\/wp-json\/wp\/v2\/types\/product"}],"wp:featuredmedia":[{"embeddable":true,"href":"https:\/\/www.outdoors.ee\/et\/wp-json\/wp\/v2\/media\/74422"}],"wp:attachment":[{"href":"https:\/\/www.outdoors.ee\/et\/wp-json\/wp\/v2\/media?parent=74403"}],"wp:term":[{"taxonomy":"product_brand","embeddable":true,"href":"https:\/\/www.outdoors.ee\/et\/wp-json\/wp\/v2\/product_brand?post=74403"},{"taxonomy":"product_cat","embeddable":true,"href":"https:\/\/www.outdoors.ee\/et\/wp-json\/wp\/v2\/product_cat?post=74403"},{"taxonomy":"product_tag","embeddable":true,"href":"https:\/\/www.outdoors.ee\/et\/wp-json\/wp\/v2\/product_tag?post=74403"}],"curies":[{"name":"wp","href":"https:\/\/api.w.org\/{rel}","templated":true}]}}