{"id":74171,"date":"2022-10-27T18:09:52","date_gmt":"2022-10-27T15:09:52","guid":{"rendered":"https:\/\/www.outdoors.ee\/?post_type=product&#038;p=74171"},"modified":"2026-03-25T10:59:24","modified_gmt":"2026-03-25T08:59:24","slug":"double-two-coolmax-pika-varrukaga-sark","status":"publish","type":"product","link":"https:\/\/www.outdoors.ee\/et\/toode\/double-two-coolmax-pika-varrukaga-sark\/","title":{"rendered":"Double Two CoolMax\u00ae pika varrukaga s\u00e4rk"},"content":{"rendered":"<p>Briti Politsei originaals\u00e4rk Briti tootjalt The Wakefield Shirt Co. Kantav nii eraldi s\u00e4rgina sooja ilmaga kui soojapesu s\u00e4rgina k\u00fclma ilma tingimustes.<\/p>\n<p><strong>Omadused:<\/strong><\/p>\n<ul>\n<li>toodetud kasutades\u00a0CoolMax<b>\u00ae <\/b>tehnologiat, mis viib niiskuse kehalt eemale<\/li>\n<li>YKK<b>\u00ae\u00a0<\/b>t\u00f5mblukuga kaelus, l\u00f5uakaitse<\/li>\n<li>n\u00f6\u00f6biga pagunialused k\u00e4istel<\/li>\n<li>venivad mansetid<\/li>\n<li>materjal 100% pol\u00fcester<\/li>\n<\/ul>\n<p><strong>Suurus<\/strong> (R\u00dc): <strong>S<\/strong> (86-92cm\/34-36in), <strong>M<\/strong> (96-102cm\/38-40in), <strong>L<\/strong> (106-112cm\/42-44in), <strong>XL<\/strong> (116-122cm\/46-48in), <strong>2XL<\/strong> (127-142cm\/50-52in), <strong>3XL<\/strong> (137-142cm\/54-56in), <strong>4XL<\/strong> (147-152cm\/58-60in)<\/p>\n<p><strong>Seisukord:<\/strong> uus (enamasti originaalpakendis)<\/p>\n","protected":false},"excerpt":{"rendered":"<p>Briti Politsei Double Two CoolMax\u00ae pika varrukaga s\u00e4rk, must<\/p>\n","protected":false},"featured_media":93348,"template":"","meta":[],"product_brand":[],"product_cat":[129],"product_tag":[],"class_list":{"0":"post-74171","1":"product","2":"type-product","3":"status-publish","4":"has-post-thumbnail","6":"product_cat-soe-pesu-aluskiht","7":"pa_brand-british-military-surplus","8":"pa_size-2xl-3","9":"pa_size-3xl-2","10":"pa_size-4xl-2","11":"pa_size-l-2","12":"pa_size-l-x-10tk","13":"pa_size-m-2","14":"pa_size-m-x-10tk","15":"pa_size-s-2","16":"pa_size-xl-2","18":"first","19":"instock","20":"taxable","21":"shipping-taxable","22":"purchasable","23":"product-type-variable"},"yoast_head":"<!-- This site is optimized with the Yoast SEO plugin v27.2 - https:\/\/yoast.com\/product\/yoast-seo-wordpress\/ -->\n<title>Double Two CoolMax\u00ae pika varrukaga s\u00e4rk - Outdoors<\/title>\n<meta name=\"robots\" content=\"index, follow, max-snippet:-1, max-image-preview:large, max-video-preview:-1\" \/>\n<link rel=\"canonical\" href=\"https:\/\/www.outdoors.ee\/et\/toode\/double-two-coolmax-pika-varrukaga-sark\/\" \/>\n<meta property=\"og:locale\" content=\"et_EE\" \/>\n<meta property=\"og:type\" content=\"article\" \/>\n<meta property=\"og:title\" content=\"Double Two CoolMax\u00ae pika varrukaga s\u00e4rk - Outdoors\" \/>\n<meta property=\"og:description\" content=\"Briti Politsei Double Two CoolMax\u00ae pika varrukaga s\u00e4rk, must\" \/>\n<meta property=\"og:url\" content=\"https:\/\/www.outdoors.ee\/et\/toode\/double-two-coolmax-pika-varrukaga-sark\/\" \/>\n<meta property=\"og:site_name\" content=\"Outdoors\" \/>\n<meta property=\"article:modified_time\" content=\"2026-03-25T08:59:24+00:00\" \/>\n<meta property=\"og:image\" content=\"https:\/\/www.outdoors.ee\/wp-content\/uploads\/2022\/10\/0315-Double-Two-CoolMax\u00ae-Long-Sleeve-Shirt.png\" \/>\n\t<meta property=\"og:image:width\" content=\"1100\" \/>\n\t<meta property=\"og:image:height\" content=\"1230\" \/>\n\t<meta property=\"og:image:type\" content=\"image\/png\" \/>\n<meta name=\"twitter:card\" content=\"summary_large_image\" \/>\n<meta name=\"twitter:label1\" content=\"Est. reading time\" \/>\n\t<meta name=\"twitter:data1\" content=\"1 minut\" \/>\n<script type=\"application\/ld+json\" class=\"yoast-schema-graph\">{\"@context\":\"https:\/\/schema.org\",\"@graph\":[{\"@type\":\"WebPage\",\"@id\":\"https:\/\/www.outdoors.ee\/et\/toode\/double-two-coolmax-pika-varrukaga-sark\/\",\"url\":\"https:\/\/www.outdoors.ee\/et\/toode\/double-two-coolmax-pika-varrukaga-sark\/\",\"name\":\"Double Two CoolMax\u00ae pika varrukaga s\u00e4rk - Outdoors\",\"isPartOf\":{\"@id\":\"https:\/\/www.outdoors.ee\/#website\"},\"primaryImageOfPage\":{\"@id\":\"https:\/\/www.outdoors.ee\/et\/toode\/double-two-coolmax-pika-varrukaga-sark\/#primaryimage\"},\"image\":{\"@id\":\"https:\/\/www.outdoors.ee\/et\/toode\/double-two-coolmax-pika-varrukaga-sark\/#primaryimage\"},\"thumbnailUrl\":\"https:\/\/www.outdoors.ee\/wp-content\/uploads\/2022\/10\/0315-Double-Two-CoolMax\u00ae-Long-Sleeve-Shirt.png\",\"datePublished\":\"2022-10-27T15:09:52+00:00\",\"dateModified\":\"2026-03-25T08:59:24+00:00\",\"breadcrumb\":{\"@id\":\"https:\/\/www.outdoors.ee\/et\/toode\/double-two-coolmax-pika-varrukaga-sark\/#breadcrumb\"},\"inLanguage\":\"et\",\"potentialAction\":[{\"@type\":\"ReadAction\",\"target\":[\"https:\/\/www.outdoors.ee\/et\/toode\/double-two-coolmax-pika-varrukaga-sark\/\"]}]},{\"@type\":\"ImageObject\",\"inLanguage\":\"et\",\"@id\":\"https:\/\/www.outdoors.ee\/et\/toode\/double-two-coolmax-pika-varrukaga-sark\/#primaryimage\",\"url\":\"https:\/\/www.outdoors.ee\/wp-content\/uploads\/2022\/10\/0315-Double-Two-CoolMax\u00ae-Long-Sleeve-Shirt.png\",\"contentUrl\":\"https:\/\/www.outdoors.ee\/wp-content\/uploads\/2022\/10\/0315-Double-Two-CoolMax\u00ae-Long-Sleeve-Shirt.png\",\"width\":1100,\"height\":1230},{\"@type\":\"BreadcrumbList\",\"@id\":\"https:\/\/www.outdoors.ee\/et\/toode\/double-two-coolmax-pika-varrukaga-sark\/#breadcrumb\",\"itemListElement\":[{\"@type\":\"ListItem\",\"position\":1,\"name\":\"Home\",\"item\":\"https:\/\/www.outdoors.ee\/et\/\"},{\"@type\":\"ListItem\",\"position\":2,\"name\":\"Tooted\",\"item\":\"https:\/\/www.outdoors.ee\/products\/\"},{\"@type\":\"ListItem\",\"position\":3,\"name\":\"Double Two CoolMax\u00ae pika varrukaga s\u00e4rk\"}]},{\"@type\":\"WebSite\",\"@id\":\"https:\/\/www.outdoors.ee\/#website\",\"url\":\"https:\/\/www.outdoors.ee\/\",\"name\":\"Outdoors\",\"description\":\"Genuine military surplus and not only!\",\"potentialAction\":[{\"@type\":\"SearchAction\",\"target\":{\"@type\":\"EntryPoint\",\"urlTemplate\":\"https:\/\/www.outdoors.ee\/?s={search_term_string}\"},\"query-input\":{\"@type\":\"PropertyValueSpecification\",\"valueRequired\":true,\"valueName\":\"search_term_string\"}}],\"inLanguage\":\"et\"}]}<\/script>\n<!-- \/ Yoast SEO plugin. -->","yoast_head_json":{"title":"Double Two CoolMax\u00ae pika varrukaga s\u00e4rk - Outdoors","robots":{"index":"index","follow":"follow","max-snippet":"max-snippet:-1","max-image-preview":"max-image-preview:large","max-video-preview":"max-video-preview:-1"},"canonical":"https:\/\/www.outdoors.ee\/et\/toode\/double-two-coolmax-pika-varrukaga-sark\/","og_locale":"et_EE","og_type":"article","og_title":"Double Two CoolMax\u00ae pika varrukaga s\u00e4rk - Outdoors","og_description":"Briti Politsei Double Two CoolMax\u00ae pika varrukaga s\u00e4rk, must","og_url":"https:\/\/www.outdoors.ee\/et\/toode\/double-two-coolmax-pika-varrukaga-sark\/","og_site_name":"Outdoors","article_modified_time":"2026-03-25T08:59:24+00:00","og_image":[{"width":1100,"height":1230,"url":"https:\/\/www.outdoors.ee\/wp-content\/uploads\/2022\/10\/0315-Double-Two-CoolMax\u00ae-Long-Sleeve-Shirt.png","type":"image\/png"}],"twitter_card":"summary_large_image","twitter_misc":{"Est. reading time":"1 minut"},"schema":{"@context":"https:\/\/schema.org","@graph":[{"@type":"WebPage","@id":"https:\/\/www.outdoors.ee\/et\/toode\/double-two-coolmax-pika-varrukaga-sark\/","url":"https:\/\/www.outdoors.ee\/et\/toode\/double-two-coolmax-pika-varrukaga-sark\/","name":"Double Two CoolMax\u00ae pika varrukaga s\u00e4rk - Outdoors","isPartOf":{"@id":"https:\/\/www.outdoors.ee\/#website"},"primaryImageOfPage":{"@id":"https:\/\/www.outdoors.ee\/et\/toode\/double-two-coolmax-pika-varrukaga-sark\/#primaryimage"},"image":{"@id":"https:\/\/www.outdoors.ee\/et\/toode\/double-two-coolmax-pika-varrukaga-sark\/#primaryimage"},"thumbnailUrl":"https:\/\/www.outdoors.ee\/wp-content\/uploads\/2022\/10\/0315-Double-Two-CoolMax\u00ae-Long-Sleeve-Shirt.png","datePublished":"2022-10-27T15:09:52+00:00","dateModified":"2026-03-25T08:59:24+00:00","breadcrumb":{"@id":"https:\/\/www.outdoors.ee\/et\/toode\/double-two-coolmax-pika-varrukaga-sark\/#breadcrumb"},"inLanguage":"et","potentialAction":[{"@type":"ReadAction","target":["https:\/\/www.outdoors.ee\/et\/toode\/double-two-coolmax-pika-varrukaga-sark\/"]}]},{"@type":"ImageObject","inLanguage":"et","@id":"https:\/\/www.outdoors.ee\/et\/toode\/double-two-coolmax-pika-varrukaga-sark\/#primaryimage","url":"https:\/\/www.outdoors.ee\/wp-content\/uploads\/2022\/10\/0315-Double-Two-CoolMax\u00ae-Long-Sleeve-Shirt.png","contentUrl":"https:\/\/www.outdoors.ee\/wp-content\/uploads\/2022\/10\/0315-Double-Two-CoolMax\u00ae-Long-Sleeve-Shirt.png","width":1100,"height":1230},{"@type":"BreadcrumbList","@id":"https:\/\/www.outdoors.ee\/et\/toode\/double-two-coolmax-pika-varrukaga-sark\/#breadcrumb","itemListElement":[{"@type":"ListItem","position":1,"name":"Home","item":"https:\/\/www.outdoors.ee\/et\/"},{"@type":"ListItem","position":2,"name":"Tooted","item":"https:\/\/www.outdoors.ee\/products\/"},{"@type":"ListItem","position":3,"name":"Double Two CoolMax\u00ae pika varrukaga s\u00e4rk"}]},{"@type":"WebSite","@id":"https:\/\/www.outdoors.ee\/#website","url":"https:\/\/www.outdoors.ee\/","name":"Outdoors","description":"Genuine military surplus and not only!","potentialAction":[{"@type":"SearchAction","target":{"@type":"EntryPoint","urlTemplate":"https:\/\/www.outdoors.ee\/?s={search_term_string}"},"query-input":{"@type":"PropertyValueSpecification","valueRequired":true,"valueName":"search_term_string"}}],"inLanguage":"et"}]}},"_links":{"self":[{"href":"https:\/\/www.outdoors.ee\/et\/wp-json\/wp\/v2\/product\/74171","targetHints":{"allow":["GET"]}}],"collection":[{"href":"https:\/\/www.outdoors.ee\/et\/wp-json\/wp\/v2\/product"}],"about":[{"href":"https:\/\/www.outdoors.ee\/et\/wp-json\/wp\/v2\/types\/product"}],"wp:featuredmedia":[{"embeddable":true,"href":"https:\/\/www.outdoors.ee\/et\/wp-json\/wp\/v2\/media\/93348"}],"wp:attachment":[{"href":"https:\/\/www.outdoors.ee\/et\/wp-json\/wp\/v2\/media?parent=74171"}],"wp:term":[{"taxonomy":"product_brand","embeddable":true,"href":"https:\/\/www.outdoors.ee\/et\/wp-json\/wp\/v2\/product_brand?post=74171"},{"taxonomy":"product_cat","embeddable":true,"href":"https:\/\/www.outdoors.ee\/et\/wp-json\/wp\/v2\/product_cat?post=74171"},{"taxonomy":"product_tag","embeddable":true,"href":"https:\/\/www.outdoors.ee\/et\/wp-json\/wp\/v2\/product_tag?post=74171"}],"curies":[{"name":"wp","href":"https:\/\/api.w.org\/{rel}","templated":true}]}}