{"id":74065,"date":"2022-10-04T15:31:40","date_gmt":"2022-10-04T12:31:40","guid":{"rendered":"https:\/\/www.outdoors.ee\/?post_type=product&#038;p=74065"},"modified":"2025-12-24T03:01:04","modified_gmt":"2025-12-24T01:01:04","slug":"seljakott-summit-backpack","status":"publish","type":"product","link":"https:\/\/www.outdoors.ee\/et\/toode\/seljakott-summit-backpack\/","title":{"rendered":"Helikon-Tex\u00ae seljakott SUMMIT Backpack"},"content":{"rendered":"<p>Lahendus k\u00f5ikidele kaasaaegse matkaja vajadustele. Summit seljakott on toodetud kergetest ning vastupidavatest materjalidest, ning sellelt on eemaldatud k\u00f5ik mittevajalikud detailid, mis oleks seljakoti raskemaks teinud. Ruumikas peasahtel kahe ligip\u00e4\u00e4su v\u00f5imalusega: rullitava \u00fclemise osa kaudu v\u00f5i esipaneelil asuva vertikaalse t\u00f5mbluku abil. Suur nn &#8220;koprasaba&#8221; tasku esipaneelil mahutab vajadusel kiivri v\u00f5i suurema talvejope. Pehmendatud, ergonoomiline puusav\u00f6\u00f6 sisaldab kahte v\u00e4ikest t\u00f5mblukuga taskut.<\/p>\n<p><strong>Omadused:<\/strong><\/p>\n<ul>\n<li>toodetud kergest Cordura\u00ae materjalist<\/li>\n<li>ergonoomiliselt kujundatud, pehmendatud \u00f5larihmad ning puusav\u00f6\u00f6<\/li>\n<li>veniv rinnarihm<\/li>\n<li>WooJin\u00ae klambrid<\/li>\n<li>rullitava sulgemisega \u00fcleval<\/li>\n<li>ligip\u00e4\u00e4s peasahtlisse esipaneelil asetseva vertikaalse t\u00f5mbluku abil<\/li>\n<li>v\u00f5rkk\u00fcljetaskud<\/li>\n<li>suur v\u00f5rk tasku esipaneelil<\/li>\n<li>v\u00e4iksemad t\u00f5mblukuga taskud puusav\u00f6\u00f6l<\/li>\n<li>MOLLE Lite kinnituskohad k\u00fclgedel<\/li>\n<li>YKK\u00ae t\u00f5mblukud<\/li>\n<li>maht 40L<\/li>\n<li>kaal 1232g<\/li>\n<li>m\u00f5\u00f5dud: 55 x 31 x 20 cm \/ 21.7 x 12.2 x 7.9 in<\/li>\n<li>materjal: 100% nailon<\/li>\n<\/ul>\n<p><strong>Seisukord:<\/strong> uus<\/p>\n","protected":false},"excerpt":{"rendered":"<p>Lahendus k\u00f5ikidele kaasaaegse matkaja vajadustele. Summit seljakott on toodetud kergetest ning vastupidavatest materjalidest, ning sellelt on eemaldatud k\u00f5ik mittevajalikud detailid,<\/p>\n","protected":false},"featured_media":74055,"template":"","meta":[],"product_brand":[],"product_cat":[3539],"product_tag":[],"class_list":{"0":"post-74065","1":"product","2":"type-product","3":"status-publish","4":"has-post-thumbnail","6":"product_cat-seljakotid","7":"pa_brand-helikon-tex","8":"pa_color-adaptive-green-2","9":"pa_color-black-2","10":"pa_color-coyote-2","11":"pa_color-olive-green-2","12":"pa_color-shadow-grey-2","13":"pa_color-sinine-2","15":"first","16":"instock","17":"taxable","18":"shipping-taxable","19":"purchasable","20":"product-type-variable"},"yoast_head":"<!-- This site is optimized with the Yoast SEO plugin v27.2 - https:\/\/yoast.com\/product\/yoast-seo-wordpress\/ -->\n<title>Helikon-Tex\u00ae seljakott SUMMIT Backpack - Outdoors<\/title>\n<meta name=\"robots\" content=\"index, follow, max-snippet:-1, max-image-preview:large, max-video-preview:-1\" \/>\n<link rel=\"canonical\" href=\"https:\/\/www.outdoors.ee\/et\/toode\/seljakott-summit-backpack\/\" \/>\n<meta property=\"og:locale\" content=\"et_EE\" \/>\n<meta property=\"og:type\" content=\"article\" \/>\n<meta property=\"og:title\" content=\"Helikon-Tex\u00ae seljakott SUMMIT Backpack - Outdoors\" \/>\n<meta property=\"og:description\" content=\"Lahendus k\u00f5ikidele kaasaaegse matkaja vajadustele. Summit seljakott on toodetud kergetest ning vastupidavatest materjalidest, ning sellelt on eemaldatud k\u00f5ik mittevajalikud detailid,\" \/>\n<meta property=\"og:url\" content=\"https:\/\/www.outdoors.ee\/et\/toode\/seljakott-summit-backpack\/\" \/>\n<meta property=\"og:site_name\" content=\"Outdoors\" \/>\n<meta property=\"article:modified_time\" content=\"2025-12-24T01:01:04+00:00\" \/>\n<meta property=\"og:image\" content=\"https:\/\/www.outdoors.ee\/wp-content\/uploads\/2022\/10\/Helikon-Tex\u00ae-SUMMIT-Backpack\u00ae-1.jpg\" \/>\n\t<meta property=\"og:image:width\" content=\"1500\" \/>\n\t<meta property=\"og:image:height\" content=\"1500\" \/>\n\t<meta property=\"og:image:type\" content=\"image\/jpeg\" \/>\n<meta name=\"twitter:card\" content=\"summary_large_image\" \/>\n<meta name=\"twitter:label1\" content=\"Est. reading time\" \/>\n\t<meta name=\"twitter:data1\" content=\"1 minut\" \/>\n<script type=\"application\/ld+json\" class=\"yoast-schema-graph\">{\"@context\":\"https:\/\/schema.org\",\"@graph\":[{\"@type\":\"WebPage\",\"@id\":\"https:\/\/www.outdoors.ee\/et\/toode\/seljakott-summit-backpack\/\",\"url\":\"https:\/\/www.outdoors.ee\/et\/toode\/seljakott-summit-backpack\/\",\"name\":\"Helikon-Tex\u00ae seljakott SUMMIT Backpack - Outdoors\",\"isPartOf\":{\"@id\":\"https:\/\/www.outdoors.ee\/#website\"},\"primaryImageOfPage\":{\"@id\":\"https:\/\/www.outdoors.ee\/et\/toode\/seljakott-summit-backpack\/#primaryimage\"},\"image\":{\"@id\":\"https:\/\/www.outdoors.ee\/et\/toode\/seljakott-summit-backpack\/#primaryimage\"},\"thumbnailUrl\":\"https:\/\/www.outdoors.ee\/wp-content\/uploads\/2022\/10\/Helikon-Tex\u00ae-SUMMIT-Backpack\u00ae-1.jpg\",\"datePublished\":\"2022-10-04T12:31:40+00:00\",\"dateModified\":\"2025-12-24T01:01:04+00:00\",\"breadcrumb\":{\"@id\":\"https:\/\/www.outdoors.ee\/et\/toode\/seljakott-summit-backpack\/#breadcrumb\"},\"inLanguage\":\"et\",\"potentialAction\":[{\"@type\":\"ReadAction\",\"target\":[\"https:\/\/www.outdoors.ee\/et\/toode\/seljakott-summit-backpack\/\"]}]},{\"@type\":\"ImageObject\",\"inLanguage\":\"et\",\"@id\":\"https:\/\/www.outdoors.ee\/et\/toode\/seljakott-summit-backpack\/#primaryimage\",\"url\":\"https:\/\/www.outdoors.ee\/wp-content\/uploads\/2022\/10\/Helikon-Tex\u00ae-SUMMIT-Backpack\u00ae-1.jpg\",\"contentUrl\":\"https:\/\/www.outdoors.ee\/wp-content\/uploads\/2022\/10\/Helikon-Tex\u00ae-SUMMIT-Backpack\u00ae-1.jpg\",\"width\":1500,\"height\":1500},{\"@type\":\"BreadcrumbList\",\"@id\":\"https:\/\/www.outdoors.ee\/et\/toode\/seljakott-summit-backpack\/#breadcrumb\",\"itemListElement\":[{\"@type\":\"ListItem\",\"position\":1,\"name\":\"Home\",\"item\":\"https:\/\/www.outdoors.ee\/et\/\"},{\"@type\":\"ListItem\",\"position\":2,\"name\":\"Tooted\",\"item\":\"https:\/\/www.outdoors.ee\/products\/\"},{\"@type\":\"ListItem\",\"position\":3,\"name\":\"Helikon-Tex\u00ae seljakott SUMMIT Backpack\"}]},{\"@type\":\"WebSite\",\"@id\":\"https:\/\/www.outdoors.ee\/#website\",\"url\":\"https:\/\/www.outdoors.ee\/\",\"name\":\"Outdoors\",\"description\":\"Genuine military surplus and not only!\",\"potentialAction\":[{\"@type\":\"SearchAction\",\"target\":{\"@type\":\"EntryPoint\",\"urlTemplate\":\"https:\/\/www.outdoors.ee\/?s={search_term_string}\"},\"query-input\":{\"@type\":\"PropertyValueSpecification\",\"valueRequired\":true,\"valueName\":\"search_term_string\"}}],\"inLanguage\":\"et\"}]}<\/script>\n<!-- \/ Yoast SEO plugin. -->","yoast_head_json":{"title":"Helikon-Tex\u00ae seljakott SUMMIT Backpack - Outdoors","robots":{"index":"index","follow":"follow","max-snippet":"max-snippet:-1","max-image-preview":"max-image-preview:large","max-video-preview":"max-video-preview:-1"},"canonical":"https:\/\/www.outdoors.ee\/et\/toode\/seljakott-summit-backpack\/","og_locale":"et_EE","og_type":"article","og_title":"Helikon-Tex\u00ae seljakott SUMMIT Backpack - Outdoors","og_description":"Lahendus k\u00f5ikidele kaasaaegse matkaja vajadustele. Summit seljakott on toodetud kergetest ning vastupidavatest materjalidest, ning sellelt on eemaldatud k\u00f5ik mittevajalikud detailid,","og_url":"https:\/\/www.outdoors.ee\/et\/toode\/seljakott-summit-backpack\/","og_site_name":"Outdoors","article_modified_time":"2025-12-24T01:01:04+00:00","og_image":[{"width":1500,"height":1500,"url":"https:\/\/www.outdoors.ee\/wp-content\/uploads\/2022\/10\/Helikon-Tex\u00ae-SUMMIT-Backpack\u00ae-1.jpg","type":"image\/jpeg"}],"twitter_card":"summary_large_image","twitter_misc":{"Est. reading time":"1 minut"},"schema":{"@context":"https:\/\/schema.org","@graph":[{"@type":"WebPage","@id":"https:\/\/www.outdoors.ee\/et\/toode\/seljakott-summit-backpack\/","url":"https:\/\/www.outdoors.ee\/et\/toode\/seljakott-summit-backpack\/","name":"Helikon-Tex\u00ae seljakott SUMMIT Backpack - Outdoors","isPartOf":{"@id":"https:\/\/www.outdoors.ee\/#website"},"primaryImageOfPage":{"@id":"https:\/\/www.outdoors.ee\/et\/toode\/seljakott-summit-backpack\/#primaryimage"},"image":{"@id":"https:\/\/www.outdoors.ee\/et\/toode\/seljakott-summit-backpack\/#primaryimage"},"thumbnailUrl":"https:\/\/www.outdoors.ee\/wp-content\/uploads\/2022\/10\/Helikon-Tex\u00ae-SUMMIT-Backpack\u00ae-1.jpg","datePublished":"2022-10-04T12:31:40+00:00","dateModified":"2025-12-24T01:01:04+00:00","breadcrumb":{"@id":"https:\/\/www.outdoors.ee\/et\/toode\/seljakott-summit-backpack\/#breadcrumb"},"inLanguage":"et","potentialAction":[{"@type":"ReadAction","target":["https:\/\/www.outdoors.ee\/et\/toode\/seljakott-summit-backpack\/"]}]},{"@type":"ImageObject","inLanguage":"et","@id":"https:\/\/www.outdoors.ee\/et\/toode\/seljakott-summit-backpack\/#primaryimage","url":"https:\/\/www.outdoors.ee\/wp-content\/uploads\/2022\/10\/Helikon-Tex\u00ae-SUMMIT-Backpack\u00ae-1.jpg","contentUrl":"https:\/\/www.outdoors.ee\/wp-content\/uploads\/2022\/10\/Helikon-Tex\u00ae-SUMMIT-Backpack\u00ae-1.jpg","width":1500,"height":1500},{"@type":"BreadcrumbList","@id":"https:\/\/www.outdoors.ee\/et\/toode\/seljakott-summit-backpack\/#breadcrumb","itemListElement":[{"@type":"ListItem","position":1,"name":"Home","item":"https:\/\/www.outdoors.ee\/et\/"},{"@type":"ListItem","position":2,"name":"Tooted","item":"https:\/\/www.outdoors.ee\/products\/"},{"@type":"ListItem","position":3,"name":"Helikon-Tex\u00ae seljakott SUMMIT Backpack"}]},{"@type":"WebSite","@id":"https:\/\/www.outdoors.ee\/#website","url":"https:\/\/www.outdoors.ee\/","name":"Outdoors","description":"Genuine military surplus and not only!","potentialAction":[{"@type":"SearchAction","target":{"@type":"EntryPoint","urlTemplate":"https:\/\/www.outdoors.ee\/?s={search_term_string}"},"query-input":{"@type":"PropertyValueSpecification","valueRequired":true,"valueName":"search_term_string"}}],"inLanguage":"et"}]}},"_links":{"self":[{"href":"https:\/\/www.outdoors.ee\/et\/wp-json\/wp\/v2\/product\/74065","targetHints":{"allow":["GET"]}}],"collection":[{"href":"https:\/\/www.outdoors.ee\/et\/wp-json\/wp\/v2\/product"}],"about":[{"href":"https:\/\/www.outdoors.ee\/et\/wp-json\/wp\/v2\/types\/product"}],"wp:featuredmedia":[{"embeddable":true,"href":"https:\/\/www.outdoors.ee\/et\/wp-json\/wp\/v2\/media\/74055"}],"wp:attachment":[{"href":"https:\/\/www.outdoors.ee\/et\/wp-json\/wp\/v2\/media?parent=74065"}],"wp:term":[{"taxonomy":"product_brand","embeddable":true,"href":"https:\/\/www.outdoors.ee\/et\/wp-json\/wp\/v2\/product_brand?post=74065"},{"taxonomy":"product_cat","embeddable":true,"href":"https:\/\/www.outdoors.ee\/et\/wp-json\/wp\/v2\/product_cat?post=74065"},{"taxonomy":"product_tag","embeddable":true,"href":"https:\/\/www.outdoors.ee\/et\/wp-json\/wp\/v2\/product_tag?post=74065"}],"curies":[{"name":"wp","href":"https:\/\/api.w.org\/{rel}","templated":true}]}}