{"id":73438,"date":"2022-09-30T10:55:08","date_gmt":"2022-09-30T07:55:08","guid":{"rendered":"https:\/\/www.outdoors.ee\/?post_type=product&#038;p=73438"},"modified":"2025-10-01T08:18:41","modified_gmt":"2025-10-01T05:18:41","slug":"termojope-wolfhound-jacket","status":"publish","type":"product","link":"https:\/\/www.outdoors.ee\/et\/toode\/termojope-wolfhound-jacket\/","title":{"rendered":"Helikon-Tex\u00ae termojope Wolfhound Jacket &#8211; Windpack\u00ae"},"content":{"rendered":"<p><strong>Soe ja kompaktne termojope<\/strong><\/p>\n<p>Kui kerge ning soe vahekiht on vajalik aga fliisist ei piisa, siis Wolfhound termojope on t\u00e4pselt see, mida vaja. See jope on m\u00f5eldud nn soojustuskihina, seda v\u00f5ib kanda nii eraldi kui ka pealiskihi all. Climashield\u00ae Apex\u2122 soojustus (sama mis Helikon-Tex\u00ae Level 7 jopel) hoiab sooja ka m\u00e4rjana ning kuivab kiiresti. Nailonist pealiskiht on hingav ning vastupidav rebenditele, pakub kaitset tuule ning kerge vihma eest. VersaStretch\u00ae paneelid kaenla all parandavad \u00f5huliikuvust. Samas materjalist on valmistatud ka mansetid soojuskao v\u00e4hendamise eesm\u00e4rgil. Wolfhound jope on kompaktselt kokkupakitav komplektis olevasse kompressioonkotti. Krae ning k\u00e4estaskud on fliisist sisevoodriga. Hea soojustus ning hingavus v\u00e4ikse kaalu ning kompaktsuse juures annavad hea eelduse jope aastaringseks kasutamiseks v\u00e4litingimustes.<\/p>\n<p><strong>Omadused:<\/strong><\/p>\n<ul>\n<li>Climashield\u00ae Apex\u2122 (67 g\/m2) soojustus<\/li>\n<li>kerge ja kompaktselt kokkupakitav<\/li>\n<li>\u00f5hukesest ning veidi venivast VersaStretch\u00ae kangast kaenaalused ning mansetid<\/li>\n<li>alumise \u00e4\u00e4re pingutusn\u00f6\u00f6r<\/li>\n<li>YKK\u00ae t\u00f5mblukud<\/li>\n<li>kompressioonkott komplektis<\/li>\n<li>t\u00e4ispikkuses t\u00f5mblukk sisemise klapiga<\/li>\n<li>takjapaneel vasakul k\u00e4isel<\/li>\n<li>2 t\u00f5mblukuga ning fliisist voodriga k\u00e4etaskut<\/li>\n<li>v\u00e4limine rinnatasku t\u00f5mblukuga<\/li>\n<li>t\u00f5mblukuga sisetasku<\/li>\n<li>fliisiga vooderdatud krae<\/li>\n<li>materjal. Pealismaterjal: 100% Windpack\u00ae nailon, 40g\/m2. Soojustus: 100% pol\u00fcester<\/li>\n<li>kaal 405g<\/li>\n<\/ul>\n<p><strong>Seisukord:<\/strong> uus<\/p>\n","protected":false},"excerpt":{"rendered":"<p>Soe ja kompaktne termojope Kui kerge ning soe vahekiht on vajalik aga fliisist ei piisa, siis Wolfhound termojope on t\u00e4pselt<\/p>\n","protected":false},"featured_media":102394,"template":"","meta":[],"product_brand":[],"product_cat":[101],"product_tag":[],"class_list":{"0":"post-73438","1":"product","2":"type-product","3":"status-publish","4":"has-post-thumbnail","6":"product_cat-joped-parkad","7":"pa_brand-helikon-tex","8":"pa_color-alpha-green-3","9":"pa_color-black-2","10":"pa_color-coyote-2","11":"pa_color-desert-night-camo-2","12":"pa_color-shadow-grey-2","13":"pa_color-taiga-green-2","14":"pa_size-l-2","15":"pa_size-m-2","16":"pa_size-xl-2","18":"first","19":"instock","20":"taxable","21":"shipping-taxable","22":"purchasable","23":"product-type-variable"},"yoast_head":"<!-- This site is optimized with the Yoast SEO plugin v27.2 - https:\/\/yoast.com\/product\/yoast-seo-wordpress\/ -->\n<title>Helikon-Tex\u00ae termojope Wolfhound Jacket - Windpack\u00ae - Outdoors<\/title>\n<meta name=\"robots\" content=\"index, follow, max-snippet:-1, max-image-preview:large, max-video-preview:-1\" \/>\n<link rel=\"canonical\" href=\"https:\/\/www.outdoors.ee\/et\/toode\/termojope-wolfhound-jacket\/\" \/>\n<meta property=\"og:locale\" content=\"et_EE\" \/>\n<meta property=\"og:type\" content=\"article\" \/>\n<meta property=\"og:title\" content=\"Helikon-Tex\u00ae termojope Wolfhound Jacket - Windpack\u00ae - Outdoors\" \/>\n<meta property=\"og:description\" content=\"Soe ja kompaktne termojope Kui kerge ning soe vahekiht on vajalik aga fliisist ei piisa, siis Wolfhound termojope on t\u00e4pselt\" \/>\n<meta property=\"og:url\" content=\"https:\/\/www.outdoors.ee\/et\/toode\/termojope-wolfhound-jacket\/\" \/>\n<meta property=\"og:site_name\" content=\"Outdoors\" \/>\n<meta property=\"article:modified_time\" content=\"2025-10-01T05:18:41+00:00\" \/>\n<meta property=\"og:image\" content=\"https:\/\/www.outdoors.ee\/wp-content\/uploads\/2022\/09\/Helikon-Tex\u00ae-Wolfhound-Jacket-Windpack\u00ae-Coyote.jpg\" \/>\n\t<meta property=\"og:image:width\" content=\"1500\" \/>\n\t<meta property=\"og:image:height\" content=\"1500\" \/>\n\t<meta property=\"og:image:type\" content=\"image\/jpeg\" \/>\n<meta name=\"twitter:card\" content=\"summary_large_image\" \/>\n<meta name=\"twitter:label1\" content=\"Est. reading time\" \/>\n\t<meta name=\"twitter:data1\" content=\"1 minut\" \/>\n<script type=\"application\/ld+json\" class=\"yoast-schema-graph\">{\"@context\":\"https:\/\/schema.org\",\"@graph\":[{\"@type\":\"WebPage\",\"@id\":\"https:\/\/www.outdoors.ee\/et\/toode\/termojope-wolfhound-jacket\/\",\"url\":\"https:\/\/www.outdoors.ee\/et\/toode\/termojope-wolfhound-jacket\/\",\"name\":\"Helikon-Tex\u00ae termojope Wolfhound Jacket - Windpack\u00ae - Outdoors\",\"isPartOf\":{\"@id\":\"https:\/\/www.outdoors.ee\/#website\"},\"primaryImageOfPage\":{\"@id\":\"https:\/\/www.outdoors.ee\/et\/toode\/termojope-wolfhound-jacket\/#primaryimage\"},\"image\":{\"@id\":\"https:\/\/www.outdoors.ee\/et\/toode\/termojope-wolfhound-jacket\/#primaryimage\"},\"thumbnailUrl\":\"https:\/\/www.outdoors.ee\/wp-content\/uploads\/2022\/09\/Helikon-Tex\u00ae-Wolfhound-Jacket-Windpack\u00ae-Coyote.jpg\",\"datePublished\":\"2022-09-30T07:55:08+00:00\",\"dateModified\":\"2025-10-01T05:18:41+00:00\",\"breadcrumb\":{\"@id\":\"https:\/\/www.outdoors.ee\/et\/toode\/termojope-wolfhound-jacket\/#breadcrumb\"},\"inLanguage\":\"et\",\"potentialAction\":[{\"@type\":\"ReadAction\",\"target\":[\"https:\/\/www.outdoors.ee\/et\/toode\/termojope-wolfhound-jacket\/\"]}]},{\"@type\":\"ImageObject\",\"inLanguage\":\"et\",\"@id\":\"https:\/\/www.outdoors.ee\/et\/toode\/termojope-wolfhound-jacket\/#primaryimage\",\"url\":\"https:\/\/www.outdoors.ee\/wp-content\/uploads\/2022\/09\/Helikon-Tex\u00ae-Wolfhound-Jacket-Windpack\u00ae-Coyote.jpg\",\"contentUrl\":\"https:\/\/www.outdoors.ee\/wp-content\/uploads\/2022\/09\/Helikon-Tex\u00ae-Wolfhound-Jacket-Windpack\u00ae-Coyote.jpg\",\"width\":1500,\"height\":1500},{\"@type\":\"BreadcrumbList\",\"@id\":\"https:\/\/www.outdoors.ee\/et\/toode\/termojope-wolfhound-jacket\/#breadcrumb\",\"itemListElement\":[{\"@type\":\"ListItem\",\"position\":1,\"name\":\"Home\",\"item\":\"https:\/\/www.outdoors.ee\/et\/\"},{\"@type\":\"ListItem\",\"position\":2,\"name\":\"Tooted\",\"item\":\"https:\/\/www.outdoors.ee\/products\/\"},{\"@type\":\"ListItem\",\"position\":3,\"name\":\"Helikon-Tex\u00ae termojope Wolfhound Jacket &#8211; Windpack\u00ae\"}]},{\"@type\":\"WebSite\",\"@id\":\"https:\/\/www.outdoors.ee\/#website\",\"url\":\"https:\/\/www.outdoors.ee\/\",\"name\":\"Outdoors\",\"description\":\"Genuine military surplus and not only!\",\"potentialAction\":[{\"@type\":\"SearchAction\",\"target\":{\"@type\":\"EntryPoint\",\"urlTemplate\":\"https:\/\/www.outdoors.ee\/?s={search_term_string}\"},\"query-input\":{\"@type\":\"PropertyValueSpecification\",\"valueRequired\":true,\"valueName\":\"search_term_string\"}}],\"inLanguage\":\"et\"}]}<\/script>\n<!-- \/ Yoast SEO plugin. -->","yoast_head_json":{"title":"Helikon-Tex\u00ae termojope Wolfhound Jacket - Windpack\u00ae - Outdoors","robots":{"index":"index","follow":"follow","max-snippet":"max-snippet:-1","max-image-preview":"max-image-preview:large","max-video-preview":"max-video-preview:-1"},"canonical":"https:\/\/www.outdoors.ee\/et\/toode\/termojope-wolfhound-jacket\/","og_locale":"et_EE","og_type":"article","og_title":"Helikon-Tex\u00ae termojope Wolfhound Jacket - Windpack\u00ae - Outdoors","og_description":"Soe ja kompaktne termojope Kui kerge ning soe vahekiht on vajalik aga fliisist ei piisa, siis Wolfhound termojope on t\u00e4pselt","og_url":"https:\/\/www.outdoors.ee\/et\/toode\/termojope-wolfhound-jacket\/","og_site_name":"Outdoors","article_modified_time":"2025-10-01T05:18:41+00:00","og_image":[{"width":1500,"height":1500,"url":"https:\/\/www.outdoors.ee\/wp-content\/uploads\/2022\/09\/Helikon-Tex\u00ae-Wolfhound-Jacket-Windpack\u00ae-Coyote.jpg","type":"image\/jpeg"}],"twitter_card":"summary_large_image","twitter_misc":{"Est. reading time":"1 minut"},"schema":{"@context":"https:\/\/schema.org","@graph":[{"@type":"WebPage","@id":"https:\/\/www.outdoors.ee\/et\/toode\/termojope-wolfhound-jacket\/","url":"https:\/\/www.outdoors.ee\/et\/toode\/termojope-wolfhound-jacket\/","name":"Helikon-Tex\u00ae termojope Wolfhound Jacket - Windpack\u00ae - Outdoors","isPartOf":{"@id":"https:\/\/www.outdoors.ee\/#website"},"primaryImageOfPage":{"@id":"https:\/\/www.outdoors.ee\/et\/toode\/termojope-wolfhound-jacket\/#primaryimage"},"image":{"@id":"https:\/\/www.outdoors.ee\/et\/toode\/termojope-wolfhound-jacket\/#primaryimage"},"thumbnailUrl":"https:\/\/www.outdoors.ee\/wp-content\/uploads\/2022\/09\/Helikon-Tex\u00ae-Wolfhound-Jacket-Windpack\u00ae-Coyote.jpg","datePublished":"2022-09-30T07:55:08+00:00","dateModified":"2025-10-01T05:18:41+00:00","breadcrumb":{"@id":"https:\/\/www.outdoors.ee\/et\/toode\/termojope-wolfhound-jacket\/#breadcrumb"},"inLanguage":"et","potentialAction":[{"@type":"ReadAction","target":["https:\/\/www.outdoors.ee\/et\/toode\/termojope-wolfhound-jacket\/"]}]},{"@type":"ImageObject","inLanguage":"et","@id":"https:\/\/www.outdoors.ee\/et\/toode\/termojope-wolfhound-jacket\/#primaryimage","url":"https:\/\/www.outdoors.ee\/wp-content\/uploads\/2022\/09\/Helikon-Tex\u00ae-Wolfhound-Jacket-Windpack\u00ae-Coyote.jpg","contentUrl":"https:\/\/www.outdoors.ee\/wp-content\/uploads\/2022\/09\/Helikon-Tex\u00ae-Wolfhound-Jacket-Windpack\u00ae-Coyote.jpg","width":1500,"height":1500},{"@type":"BreadcrumbList","@id":"https:\/\/www.outdoors.ee\/et\/toode\/termojope-wolfhound-jacket\/#breadcrumb","itemListElement":[{"@type":"ListItem","position":1,"name":"Home","item":"https:\/\/www.outdoors.ee\/et\/"},{"@type":"ListItem","position":2,"name":"Tooted","item":"https:\/\/www.outdoors.ee\/products\/"},{"@type":"ListItem","position":3,"name":"Helikon-Tex\u00ae termojope Wolfhound Jacket &#8211; Windpack\u00ae"}]},{"@type":"WebSite","@id":"https:\/\/www.outdoors.ee\/#website","url":"https:\/\/www.outdoors.ee\/","name":"Outdoors","description":"Genuine military surplus and not only!","potentialAction":[{"@type":"SearchAction","target":{"@type":"EntryPoint","urlTemplate":"https:\/\/www.outdoors.ee\/?s={search_term_string}"},"query-input":{"@type":"PropertyValueSpecification","valueRequired":true,"valueName":"search_term_string"}}],"inLanguage":"et"}]}},"_links":{"self":[{"href":"https:\/\/www.outdoors.ee\/et\/wp-json\/wp\/v2\/product\/73438","targetHints":{"allow":["GET"]}}],"collection":[{"href":"https:\/\/www.outdoors.ee\/et\/wp-json\/wp\/v2\/product"}],"about":[{"href":"https:\/\/www.outdoors.ee\/et\/wp-json\/wp\/v2\/types\/product"}],"wp:featuredmedia":[{"embeddable":true,"href":"https:\/\/www.outdoors.ee\/et\/wp-json\/wp\/v2\/media\/102394"}],"wp:attachment":[{"href":"https:\/\/www.outdoors.ee\/et\/wp-json\/wp\/v2\/media?parent=73438"}],"wp:term":[{"taxonomy":"product_brand","embeddable":true,"href":"https:\/\/www.outdoors.ee\/et\/wp-json\/wp\/v2\/product_brand?post=73438"},{"taxonomy":"product_cat","embeddable":true,"href":"https:\/\/www.outdoors.ee\/et\/wp-json\/wp\/v2\/product_cat?post=73438"},{"taxonomy":"product_tag","embeddable":true,"href":"https:\/\/www.outdoors.ee\/et\/wp-json\/wp\/v2\/product_tag?post=73438"}],"curies":[{"name":"wp","href":"https:\/\/api.w.org\/{rel}","templated":true}]}}